{"id":1018,"date":"2022-07-20T17:11:11","date_gmt":"2022-07-20T16:11:11","guid":{"rendered":"http:\/\/www.nordharzev.de\/?page_id=1018"},"modified":"2022-07-22T07:09:41","modified_gmt":"2022-07-22T06:09:41","slug":"zur-kartierexkursion-des-botanischen-ak-in-das-hasselquellgebiet-am-04-06-2022","status":"publish","type":"page","link":"https:\/\/www.nordharzev.de\/?page_id=1018","title":{"rendered":"Zur Kartierexkursion des Botanischen AK in das Hasselquellgebiet am 04.06.2022"},"content":{"rendered":"<p>Die Kartierexkursion am 04.06.2022 f\u00fchrte uns in die Gemarkung Stiege in das Quellgebiet der Hassel, einem gr\u00f6\u00dferen Zufluss der Rappbode. Die aktuelle Bestandsaufnahme soll als Erfolgskontrolle der Pflegema\u00dfnahmen der letzten Jahre durch den Landschaftspflegeverband Harz dienen. Die letzte Erfassung der Farn- und Bl\u00fctenpflanzen stammte aus dem Jahr 2010. Die Wiesen sind als Fl\u00e4chennaturdenkmal gesch\u00fctzt und Teil des FFH-Gebietes \u201cSelketal und Bergwiesen bei Stiege\u201c.<\/p>\n<p><center><img src=\"wp-content\/uploads\/2022\/07\/IMG-20220604-WA0033.jpg\" alt=\"\" width=\"600\" border=\"1\" \/><\/center>Urspr\u00fcnglich als Heuwiesen angelegt und zur Futtergewinnung f\u00fcr K\u00fche und Ziegen genutzt, haben die Wiesen im Laufe von Jahrhunderten so manchen Nutzungswandel \u00fcberstanden. Die besonderen Standortbedingungen, vor allem der hohe Grundwasserstand, lie\u00dfen in Kombination mit einer extensiven Nutzung Borstgrasrasen, Berg- und Feuchtwiesen sowie ausgedehnte S\u00fcmpfe entstehen. Seit 1990 wurde die landwirtschaftliche Nutzung aufgegeben. Heute erhalten Ma\u00dfnahmen der Landschaftspflege, die durch den Landschaftspflegeverband Harz e. V. organisiert und durchgef\u00fchrt werden, die wertvollen Lebensr\u00e4ume mit ihren seltenen und gef\u00e4hrdeten Arten.<\/p>\n<p><center><img src=\"wp-content\/uploads\/2022\/07\/IMG_20220604_105718366_HDR.jpg\" alt=\"\" width=\"600\" border=\"1\" \/><\/center>Die 16 Teilnehmer der Exkursion konnten bei optimalen Bedingungen die volle Sch\u00f6nheit der Wiesen erleben, genie\u00dfen und letztendlich auch dokumentieren. Zur Freude aller wurde die Artenliste lang und l\u00e4nger und einige Erg\u00e4nzungen seit der letzten Erfassung konnten hinzugef\u00fcgt werden. Eine Erfolgskontrolle im wahrsten Sinn des Wortes.<\/p>\n<p><center><img src=\"wp-content\/uploads\/2022\/07\/IMG-20220604-WA0054.jpg\" alt=\"\" width=\"600\" border=\"1\" \/><\/center><\/p>\n<p>Die Botanischen Errungenschaften der Kartierexkursion k\u00f6nnen in Form einer Artenliste heruntergeladen werden:<em><br \/>\n<\/em><br \/>\n<a href=\"http:\/\/www.nordharzev.de\/wp-content\/uploads\/2022\/07\/2022_06_04-BAK-Hasselquellgebiet-TG1.pdf\"rel=\"\">2022_06_04-BAK-Hasselquellgebiet-TG1<\/a><br \/>\n<a href=\"http:\/\/www.nordharzev.de\/wp-content\/uploads\/2022\/07\/2022_06_04-BAK-Hasselquellgebiet-TG2.pdf\"rel=\"\">2022_06_04-BAK-Hasselquellgebiet-TG2<\/a><\/p>\n<p>Text: Kerstin Rieche (<a href=\"https:\/\/www.lpv-harz.de\/news\/784\/62\/52\/kartierexkursion\">ausf\u00fchrlicher Bericht<\/a>)<br \/>\nFotos: <em>in Reihenfolge<\/em> Kerstin Rieche, Dorothee Wolf-Dolata, Katja Osterloh<br \/>\nBearbeitung Artenliste: Armin Hoch, Sylvia Lehnert<\/p>\n","protected":false},"excerpt":{"rendered":"<p>Die Kartierexkursion am 04.06.2022 f\u00fchrte uns in die Gemarkung Stiege in das Quellgebiet der Hassel, einem gr\u00f6\u00dferen Zufluss der Rappbode. Die aktuelle Bestandsaufnahme soll als Erfolgskontrolle der Pflegema\u00dfnahmen der letzten Jahre durch den Landschaftspflegeverband Harz dienen. Die letzte Erfassung der &hellip; <a href=\"https:\/\/www.nordharzev.de\/?page_id=1018\">Weiterlesen <span class=\"meta-nav\">&rarr;<\/span><\/a><\/p>\n","protected":false},"author":1,"featured_media":0,"parent":0,"menu_order":0,"comment_status":"closed","ping_status":"closed","template":"","meta":[],"_links":{"self":[{"href":"https:\/\/www.nordharzev.de\/index.php?rest_route=\/wp\/v2\/pages\/1018"}],"collection":[{"href":"https:\/\/www.nordharzev.de\/index.php?rest_route=\/wp\/v2\/pages"}],"about":[{"href":"https:\/\/www.nordharzev.de\/index.php?rest_route=\/wp\/v2\/types\/page"}],"author":[{"embeddable":true,"href":"https:\/\/www.nordharzev.de\/index.php?rest_route=\/wp\/v2\/users\/1"}],"replies":[{"embeddable":true,"href":"https:\/\/www.nordharzev.de\/index.php?rest_route=%2Fwp%2Fv2%2Fcomments&post=1018"}],"version-history":[{"count":14,"href":"https:\/\/www.nordharzev.de\/index.php?rest_route=\/wp\/v2\/pages\/1018\/revisions"}],"predecessor-version":[{"id":1161,"href":"https:\/\/www.nordharzev.de\/index.php?rest_route=\/wp\/v2\/pages\/1018\/revisions\/1161"}],"wp:attachment":[{"href":"https:\/\/www.nordharzev.de\/index.php?rest_route=%2Fwp%2Fv2%2Fmedia&parent=1018"}],"curies":[{"name":"wp","href":"https:\/\/api.w.org\/{rel}","templated":true}]}}