{"id":1047,"date":"2022-07-29T18:06:30","date_gmt":"2022-07-29T17:06:30","guid":{"rendered":"http:\/\/www.nordharzev.de\/?page_id=1047"},"modified":"2022-08-07T18:02:09","modified_gmt":"2022-08-07T17:02:09","slug":"zur-kartierexkursion-des-botanischen-ak-in-die-harslebener-berge-am-14-05-2022","status":"publish","type":"page","link":"https:\/\/www.nordharzev.de\/?page_id=1047","title":{"rendered":"Zur Kartierexkursion des Botanischen AK in die Harslebener Berge am 14.05.2022"},"content":{"rendered":"<p>Spricht man von den Naturschutz-Highlights in Sachsen-Anhalt, so stehen die Harslebener Berge &#8211; eine langgestreckte Schichtstufe aus Involutus-Sandstein, die mit dem Gro\u00dfen Thekenberg ihren h\u00f6chsten Punkt erreicht (205 m \u00fc. NN), fast immer mit an der Spitze. Das Naturschutzgebiet \u201eHarslebener Berge und Steinholz\u201c wurde 1967 ausgewiesen. Es ist seit 2003 als FFH-Gebiet \u201eHarslebener Berge und Steinholz nordwestlich Quedlinburg\u201c Teil des EU-weiten Schutzgebietssystems NATURA 2000.<\/p>\n<p><center><img src=\"wp-content\/uploads\/2022\/07\/AH-HarslebBerge5.jpg\" alt=\"\" width=\"600\" border=\"1\" \/><\/center><\/p>\n<p>Zu dieser ersten Kartierungsexkursion des Jahres hatten sich 15 Teilnehmer eingefunden. Treffpunkt war der Langensteiner Weg westlich der Stra\u00dfe von Westerhausen nach Harsleben, der hier auf einem kleinen H\u00f6henr\u00fccken aus einem lockeren Kalkstein verl\u00e4uft, die Bodenschicht ist sehr flachgr\u00fcndig. Dies f\u00fchrt dazu, dass die angrenzenden \u00c4cker regelrecht von Kalkscherben bedeckt sind, f\u00fcr die Landwirtschaft eine Herausforderung, aber ein Eldorado f\u00fcr Ackerwildkr\u00e4uter. Folgerichtig befinden sich s\u00fcdlich des Langensteiner Weges das fl\u00e4chenhafte Naturdenkmal \u201eAcker Helmstein links\u201c und etwas weiter westlich ein Schutzacker f\u00fcr Ackerwildkr\u00e4uter, der von der Agrargenossenschaft B\u00f6rnecke angepasst bewirtschaftet wird. Aber nicht die Segetalflora sollte heute im Fokus stehen, sondern der Weg f\u00fchrte uns nach Norden zum Gro\u00dfen Thekenberg. Hier war am Hangfu\u00df und Unterhang des Berges eine Kartierung s\u00e4mtlicher h\u00f6heren Pflanzen geplant, um angesichts des \u00fcberall zu verzeichnenden Landschaftswandels den Status quo zu diesem Zeitpunkt zu erfassen, aber auch eventuelle Ver\u00e4nderungen gegen\u00fcber der Erarbeitung des Managementplanes f\u00fcr das FFH-Gebiet aus dem Jahr 2013 zu dokumentieren. Gleichzeitig sollte damit eine Erfolgskontrolle der Fl\u00e4chen unter Ber\u00fccksichtigung von bereits umgesetzten Landschaftspflegearbeiten verbunden werden.<\/p>\n<p><center><img src=\"wp-content\/uploads\/2022\/07\/AH-HarslebBerge3.jpg\" alt=\"\" width=\"600\" border=\"1\" \/><\/center><\/p>\n<p>Hauptproblem f\u00fcr die Erhaltung der offenen Landschaften der Harslebener Berge ist die mangelhafte oder ganz fehlende Pflege, die nach mehreren Wechseln der Bewirtschafter (Schafhutung) nur noch sporadisch erfolgte. Um dies wenigstens etwas zu kompensieren, sind arbeitsintensive Pflegema\u00dfnahmen erforderlich: Angefangen \u00fcber die seit Jahrzehnten im Fr\u00fchjahr stattfindenden Arbeitseins\u00e4tze der ehrenamtlichen Natursch\u00fctzer aus dem Landkreis Harz und weiterer Helfer, \u00fcber Ma\u00dfnahmen des zweiten Arbeitsmarktes bis zu pers\u00f6nlichen Eins\u00e4tzen von Botanikern, in erster Linie unseres Vereinsfreundes Norbert Ru\u00dfwurm, der seit seinem Ausscheiden aus dem Erwerbsleben hier ungez\u00e4hlte Stunden mit dem Offenhalten von Standorten besonders wertvoller Arten verbringt. Seit 2021 gibt es eine Arbeitsma\u00dfnahme, und ebenfalls seit dem letzten Jahr erfolgt nach einer jahrelangen Durststrecke wieder eine Beweidung, mit deren Ergebnis die Botaniker recht zufrieden sind.<\/p>\n<p><center><img src=\"wp-content\/uploads\/2022\/07\/AH-gekieltes-Rapuenzchen.jpg\" alt=\"\" width=\"600\" border=\"1\" \/><\/center><\/p>\n<p>Highlights der Exkursion waren <em>Thesium linophyllum<\/em>,<em> Scabiosa canescens<\/em>, <em>Botrychium lunaria<\/em>, <em>Carex ericetorum<\/em>, <em>Stipa pennata <\/em>und <em>Polygala comosa<\/em>. Im Bild ist das Gekielte Rap\u00fcnzchen (<em>Valerianella carinata<\/em>) zu sehen.<\/p>\n<p>Die Botanischen Errungenschaften der Kartierexkursion k\u00f6nnen in Form einer Artenliste heruntergeladen werden:<em><br \/>\n<\/em><br \/>\n<a href=\"http:\/\/www.nordharzev.de\/wp-content\/uploads\/2022\/07\/2022_05_14-BAK-Harslebener_Berge.pdf\" rel=\"\">2022_05_14-BAK-Harslebener_Berge<\/a><\/p>\n<p>Text: Dr. Veronika Kartheuser<br \/>\nFotos: Armin Hoch<br \/>\nBearbeitung Artenliste: Armin Hoch, Sylvia Lehnert<\/p>\n","protected":false},"excerpt":{"rendered":"<p>Spricht man von den Naturschutz-Highlights in Sachsen-Anhalt, so stehen die Harslebener Berge &#8211; eine langgestreckte Schichtstufe aus Involutus-Sandstein, die mit dem Gro\u00dfen Thekenberg ihren h\u00f6chsten Punkt erreicht (205 m \u00fc. NN), fast immer mit an der Spitze. Das Naturschutzgebiet \u201eHarslebener &hellip; <a href=\"https:\/\/www.nordharzev.de\/?page_id=1047\">Weiterlesen <span class=\"meta-nav\">&rarr;<\/span><\/a><\/p>\n","protected":false},"author":1,"featured_media":0,"parent":0,"menu_order":0,"comment_status":"closed","ping_status":"closed","template":"","meta":[],"_links":{"self":[{"href":"https:\/\/www.nordharzev.de\/index.php?rest_route=\/wp\/v2\/pages\/1047"}],"collection":[{"href":"https:\/\/www.nordharzev.de\/index.php?rest_route=\/wp\/v2\/pages"}],"about":[{"href":"https:\/\/www.nordharzev.de\/index.php?rest_route=\/wp\/v2\/types\/page"}],"author":[{"embeddable":true,"href":"https:\/\/www.nordharzev.de\/index.php?rest_route=\/wp\/v2\/users\/1"}],"replies":[{"embeddable":true,"href":"https:\/\/www.nordharzev.de\/index.php?rest_route=%2Fwp%2Fv2%2Fcomments&post=1047"}],"version-history":[{"count":9,"href":"https:\/\/www.nordharzev.de\/index.php?rest_route=\/wp\/v2\/pages\/1047\/revisions"}],"predecessor-version":[{"id":1160,"href":"https:\/\/www.nordharzev.de\/index.php?rest_route=\/wp\/v2\/pages\/1047\/revisions\/1160"}],"wp:attachment":[{"href":"https:\/\/www.nordharzev.de\/index.php?rest_route=%2Fwp%2Fv2%2Fmedia&parent=1047"}],"curies":[{"name":"wp","href":"https:\/\/api.w.org\/{rel}","templated":true}]}}