{"id":1101,"date":"2022-08-14T16:57:17","date_gmt":"2022-08-14T15:57:17","guid":{"rendered":"http:\/\/www.nordharzev.de\/?page_id=1101"},"modified":"2024-01-21T15:43:25","modified_gmt":"2024-01-21T14:43:25","slug":"zur-kartierexkursion-des-botanischen-ak-im-einetal","status":"publish","type":"page","link":"https:\/\/www.nordharzev.de\/?page_id=1101","title":{"rendered":"Zur Kartierexkursion des Botanischen AK im Einetal am 09.07.2022"},"content":{"rendered":"<p>&#8230; s\u00fcd\u00f6stlich von Tilkerode (Messtischblatt MTB 4333\/44)<\/p>\n<p>Auf einer Rundwanderung durchs liebliche Einetal und die Tilker\u00f6der Berge wurde in ausgedehnten Wiesen, an Ackerr\u00e4ndern und kleinen Gew\u00e4ssern, in Ortschaften sowie Laub- und Mischw\u00e4ldern die Flora der Farn- und Bl\u00fctenpflanzen kartiert. Dieser am Rande unseres Arbeitsgebietes liegende Raum ist in der Vergangenheit im Rahmen von Exkursionen nur ungen\u00fcgend gew\u00fcrdigt worden.<br \/>Treffpunkt der 19 Teilnehmer war der Parkplatz am Spotplatz zwischen den Ortschaften Abberode und Tilkerode im Landkreis Mansfeld-S\u00fcdharz. Das Wetter konnte mit leichter Bew\u00f6lkung und angenehmen Sommertemperaturen nicht besser sein. Nur zum Abschluss der Exkursion gab es eine kleine Abk\u00fchlung durch einen Regenschauer.<\/p>\n<p>\u00a0<\/p>\n<center><img src=\"wp-content\/uploads\/2022\/08\/BAK-Einetal-bei-Tilkerode-09.07.2022-S.-Hoch-Handy-14.jpg\" alt=\"\" width=\"600\" border=\"1\" \/><\/center>\n<p>\u00a0<\/p>\n<center><img src=\"wp-content\/uploads\/2022\/08\/BAK-Einetal-bei-Tilkerode-09.07.2022-S.-Hoch-Handy-18.jpg\" alt=\"\" width=\"600\" border=\"1\" \/><\/center>\n<p>\u00a0<\/p>\n<p>Die Tour f\u00fchrte zun\u00e4chst auf der Verbindungsstra\u00dfe nach Ritzgerode hinab ins Tal der Eine. Schnell f\u00fcllte sich der Speicher des Diktierger\u00e4tes mit zahlreichen Pflanzenarten der Wald- und Wiesenr\u00e4nder. In den mageren Wiesenbereichen an der steilen B\u00f6schung der kleinen Stra\u00dfe fanden wir unter anderem Arznei-Thymian (<em>Thymus pulegioides<\/em>), Kleinen Wiesenknopf (<em>Sanguisorba minor<\/em>) und Karth\u00e4user-Nelke (<em>Dianthus carthusianorum<\/em>). Zwischen den Elternarten fand sich auch der Bastard aus St\u00e4ngelloser Kratzdistel (<em>Cirsium acaulon<\/em>) und Kohl-Kratzdistel (<em>Cirsium oleraceum<\/em>). Gew\u00f6hnliches Zittergras (<em>Briza media<\/em>) und H\u00fcgel-Meier (<em>Asperula cynanchica<\/em>) waren hier reichlich vertreten. Bemerkenswert war ein gro\u00dfes Vorkommen der Gelben Skabiose (<em>Scabiosa ochroleuca<\/em>). Die Pflanze w\u00e4chst hier an ihrer westlichen Verbreitungsgrenze im Inneren des Harzes.<\/p>\n<p>\u00a0<\/p>\n<center><img src=\"wp-content\/uploads\/2022\/08\/Gelbe-Skabiose-BAK-Einetal-bei-Tilkerode-09.07.2022-S.-Hoch-Handy-15a.jpg\" alt=\"\" width=\"600\" border=\"1\" \/><\/center>\n<p>\u00a0<\/p>\n<p>Nach anderthalb Stunden erreichten wir das Einetal. Das ca. 40 Kilometer lange Flie\u00dfgew\u00e4sser entspringt s\u00fcd\u00f6stlich von Harzgerode und m\u00fcndet bei Aschersleben in die Wipper. Der Fluss ist reguliert und die ausgedehnten Wiesen werden als Weiden und zur Heugewinnung genutzt. In malerischer Lage pr\u00e4gt die Unterm\u00fchle an dieser Stelle das Tal. Das historische Geb\u00e4ude ist bereits seit dem 11. Jahrhundert bekannt und ist als technisches Denkmal heute noch eine funktionsf\u00e4hige Wasserm\u00fchle.<br \/>In der N\u00e4he der Unterm\u00fchle fanden wir am Wiesensaum ein paar Pflanzen vom Guten Heinrich (<em>Chenopodium bonus-henricus<\/em>). Am Waldrand wurden offensichtlich \u00fcber l\u00e4ngere Zeitr\u00e4ume Gartenabf\u00e4lle beseitigt. Einige Arten aus den G\u00e4rten konnten sich hier etablieren. Dazu geh\u00f6rten Kreuzbl\u00e4ttrige Wolfsmilch (<em>Euphorbia lathyris<\/em>), Asiatische Kermesbeere (<em>Phytolacca esculenta<\/em>), Damaszener Schwarzk\u00fcmmel (<em>Nigella damaszena<\/em>) und Kartoffel (<em>Solanum tuberosum<\/em>). In unmittelbarer N\u00e4he wuchs hier auch Gew\u00f6hnlicher Seidelbast (<em>Daphne mezereum<\/em>).<br \/>Wir folgten dem Weg durchs Einetal nach Osten, der uns durch Wiesen und Laubw\u00e4lder f\u00fchrte.<br \/>An einer Wegb\u00f6schung entdeckten wir einen gr\u00f6\u00dferen Bestand der B\u00fcschel-Nelke (<em>Dianthus armeria<\/em>) und dazwischen Echtes Tausendg\u00fcldenkraut (<em>Centaurium erythraea<\/em>). An feuchten Stellen bl\u00fchte Sumpf-Schafgarbe (<em>Achillea ptarmica<\/em>). In den Hochstaudenfluren begann das Dr\u00fcsiges Springkraut (<em>Impatiens glandulifera<\/em>) zu bl\u00fchen, ein invasiver Neophyt, der sich auch im Einetal ausbreitet.<br \/>Wir nutzten einen kleinen Wiesenhang f\u00fcr eine kurze Rast, wurden hier aber immer wieder von Ameisen gest\u00f6rt. Nach der Pause entdeckten wir an einem Altarm der Eine die seltene S\u00fc\u00dfe Wolfsmilch (<em>Euphorbia dulcis<\/em>).<\/p>\n<p>\u00a0<\/p>\n<center><img src=\"wp-content\/uploads\/2022\/08\/S\u00fc\u00dfe-Wolfsmilch-BAK-Einetal-bei-Tilkerode-09.07.2022-S.-Hoch-Handy-24.jpg\" alt=\"\" width=\"600\" border=\"1\" \/><\/center>\n<p>\u00a0<\/p>\n<p>Da die Zeit schon deutlich vorangeschritten war, k\u00fcrzten wir die urspr\u00fcnglich vorgesehene Wanderung nun deutlich ab und stiegen auf einem steilen Waldweg auf den Tilker\u00f6der Berg hinauf.<br \/>Auf dem Kammweg durch Kahlschl\u00e4ge und Kulturen fanden wir Liegendes Hartheu (<em>Hypericum humifusum<\/em>) und Gold-Klee (<em>Trifolium aureum<\/em>). Die Hain-Brombeere (<em>Rubus nemorosus<\/em>) bildete hier gr\u00f6\u00dfere Best\u00e4nde.<br \/>Wieder im Tal botanisierten wir an einem kleinen Teich, der fr\u00fcher als Freibad diente. Hier bildeten Breitbl\u00e4ttriger Rohrkolben (<em>Typha ltifolia<\/em>), Blut-Weiderich (<em>Lythrum salicaria<\/em>), Glieder-Binse (<em>Juncus articulatus<\/em>), Gefalteter Schwaden (<em>Glyceria notata<\/em>) und Wasser-Minze (<em>Mentha aquatica<\/em>) ein dichtes Uferspalier. Auch die Blasen-Segge (<em>Carex vesicaria<\/em>) kam hier vor. Die Schwimmblattvegetation wurde vom Schwimmenden Laichkraut (<em>Potamogeton natans<\/em>) gepr\u00e4gt.<\/p>\n<p>\u00a0<\/p>\n<center><img src=\"wp-content\/uploads\/2022\/08\/BAK-Einetal-bei-Tilkerode-09.07.2022-S.-Hoch-Handy-25.jpg\" alt=\"\" width=\"600\" border=\"1\" \/><\/center>\n<p>\u00a0<\/p>\n<center><img src=\"wp-content\/uploads\/2022\/08\/BAK-Einetal-bei-Tilkerode-09.07.2022-S.-Hoch-Handy-19.jpg\" alt=\"\" width=\"600\" border=\"1\" \/><\/center>\n<p>\u00a0<\/p>\n<p>Unser Weg f\u00fchrte nun an einen Rapsacker mit gr\u00f6\u00dferen Best\u00e4nden der Roggen-Trespe (<em>Bromus secalinus<\/em>) und wenigen Exemplaren der Acker-Lichtnelke (<em>Silene noctiflora<\/em>). Am Ortsrand von Tilkerode erfreuten wir uns an ruderalen Wegb\u00f6schungen mit Gro\u00dfbl\u00fctige K\u00f6nigskerze (<em>Verbascum densiflorum<\/em>) und Windblumen-K\u00f6nigskerze (<em>Verbascum phlomoides<\/em>) mit ihren gro\u00dfen gelben Bl\u00fcten. In den Pflasterfugen des Ortes konnte wir dann noch Kleines Liebesgras (<em>Eragrostis minor<\/em>), Wei\u00dfe Fetthenne (<em>Sedum album<\/em>) und Aufrechtes Mastkraut (<em>Sagina micropetala<\/em>) in unserer Liste aufnehmen.<br \/>Im Ort \u00fcberraschte uns ein kleiner Regenschauer und wir fanden an der Hauptstra\u00dfe alle Schutz unter einer alten Linde, einem pr\u00e4chtigen Naturdenkmal. Mit Ansage konnten wir dann zum Abschluss der Kartierung am Parkplatz zwischen den Autos in Pflasterfugen noch wenige Pflanzen vom M\u00e4useschwanz-Federschwigel (<em>Vulpia myorus<\/em>) registrieren.<br \/>Es war Alles in Allem ein sch\u00f6ner Kartierungstag in einer sehr reizvollen und lieblichen Gegend mit einem Mosaik aus verschiedenen Lebensr\u00e4umen.<br \/>Auch das Kartierungsergebnis kann sich sehen lassen:<br \/>Wir konnten, inklusive weniger Sippen aus der Vorexkursion im Fr\u00fchjahr, insgesamt 363 Sippen nachweisen. Darunter befanden sich 35 gesch\u00fctzte und gef\u00e4hrdete Sippen. F\u00fcr den MTB-Quadrant konnten 44 Neufunde und 23 Wiederfunde nach 1991 erbracht werden. Wir konnten offensichtlich damit eine Kartierungsl\u00fccke f\u00fcllen.<\/p>\n<p>Die Botanischen Errungenschaften der Kartierexkursion k\u00f6nnen in Form einer Artenliste heruntergeladen werden:<em><br \/><\/em> <a href=\"http:\/\/www.nordharzev.de\/wp-content\/uploads\/2024\/01\/2022_07_09-BAK-Einetal.pdf\" target=\"_blank\" rel=\"noopener\">2022_07_09-BAK-Einetal<\/a><\/p>\n<p>Text: Armin Hoch<br \/>Fotos: Armin Hoch<br \/>Bearbeitung Artenliste: Dr. Hans-Ulrich Kison und Armin Hoch<\/p>\n\n","protected":false},"excerpt":{"rendered":"<p>&#8230; s\u00fcd\u00f6stlich von Tilkerode (Messtischblatt MTB 4333\/44) Auf einer Rundwanderung durchs liebliche Einetal und die Tilker\u00f6der Berge wurde in ausgedehnten Wiesen, an Ackerr\u00e4ndern und kleinen Gew\u00e4ssern, in Ortschaften sowie Laub- und Mischw\u00e4ldern die Flora der Farn- und Bl\u00fctenpflanzen kartiert. Dieser &hellip; <a href=\"https:\/\/www.nordharzev.de\/?page_id=1101\">Weiterlesen <span class=\"meta-nav\">&rarr;<\/span><\/a><\/p>\n","protected":false},"author":1,"featured_media":0,"parent":0,"menu_order":0,"comment_status":"closed","ping_status":"closed","template":"","meta":[],"_links":{"self":[{"href":"https:\/\/www.nordharzev.de\/index.php?rest_route=\/wp\/v2\/pages\/1101"}],"collection":[{"href":"https:\/\/www.nordharzev.de\/index.php?rest_route=\/wp\/v2\/pages"}],"about":[{"href":"https:\/\/www.nordharzev.de\/index.php?rest_route=\/wp\/v2\/types\/page"}],"author":[{"embeddable":true,"href":"https:\/\/www.nordharzev.de\/index.php?rest_route=\/wp\/v2\/users\/1"}],"replies":[{"embeddable":true,"href":"https:\/\/www.nordharzev.de\/index.php?rest_route=%2Fwp%2Fv2%2Fcomments&post=1101"}],"version-history":[{"count":11,"href":"https:\/\/www.nordharzev.de\/index.php?rest_route=\/wp\/v2\/pages\/1101\/revisions"}],"predecessor-version":[{"id":1432,"href":"https:\/\/www.nordharzev.de\/index.php?rest_route=\/wp\/v2\/pages\/1101\/revisions\/1432"}],"wp:attachment":[{"href":"https:\/\/www.nordharzev.de\/index.php?rest_route=%2Fwp%2Fv2%2Fmedia&parent=1101"}],"curies":[{"name":"wp","href":"https:\/\/api.w.org\/{rel}","templated":true}]}}