{"id":1184,"date":"2022-12-11T14:51:44","date_gmt":"2022-12-11T13:51:44","guid":{"rendered":"https:\/\/www.nordharzev.de\/?page_id=1184"},"modified":"2022-12-11T14:58:48","modified_gmt":"2022-12-11T13:58:48","slug":"kryptogamen-exkursion-des-botak-nordharz-e-v-in-den-klostergrund-beim-kloster-michaelstein-am-01-10-2022","status":"publish","type":"page","link":"https:\/\/www.nordharzev.de\/?page_id=1184","title":{"rendered":"Kryptogamen-Exkursion des BotAK Nordharz e.V. in den Klostergrund beim Kloster Michaelstein am 01.10.2022"},"content":{"rendered":"\n<p>Das Exkursionsgebiet liegt im Messtischblatt 4131 Quadrant 3 und schlie\u00dft westlich direkt an das Kloster Michaelstein an, wobei auch die kaskadenartig angelegten Fischteiche besucht wurden. <\/p>\n\n\n\n<p>Neun an Kryptogamen interessierte Vereinsmitglieder machten sich trotz regnerischen Wetters auf den Weg, der von Gisela Schaaf geplant wurde. Nach anf\u00e4nglichem Regen wurden die Exkursierenden dann doch noch mit einigen Sonnenstrahlen belohnt. Teamarbeit war w\u00e4hrend der Sichtung der Teichbodenflora n\u00f6tig, um alle Stiefel und Exkursionsteilnehmer wieder ans sichere Festland zu bringen.<\/p>\n\n\n\n<figure class=\"wp-block-image size-large is-resized\"><a href=\"https:\/\/www.nordharzev.de\/wp-content\/uploads\/2022\/12\/IMG_78654-Roehl-scaled.jpg\"><img loading=\"lazy\" src=\"https:\/\/www.nordharzev.de\/wp-content\/uploads\/2022\/12\/IMG_78654-Roehl-1024x709.jpg\" alt=\"\" class=\"wp-image-1185\" width=\"768\" height=\"532\" srcset=\"https:\/\/www.nordharzev.de\/wp-content\/uploads\/2022\/12\/IMG_78654-Roehl-1024x709.jpg 1024w, https:\/\/www.nordharzev.de\/wp-content\/uploads\/2022\/12\/IMG_78654-Roehl-300x208.jpg 300w, https:\/\/www.nordharzev.de\/wp-content\/uploads\/2022\/12\/IMG_78654-Roehl-768x532.jpg 768w, https:\/\/www.nordharzev.de\/wp-content\/uploads\/2022\/12\/IMG_78654-Roehl-1536x1063.jpg 1536w, https:\/\/www.nordharzev.de\/wp-content\/uploads\/2022\/12\/IMG_78654-Roehl-2048x1417.jpg 2048w\" sizes=\"(max-width: 768px) 100vw, 768px\" \/><\/a><\/figure>\n\n\n\n<p>Als Gartenfl\u00fcchtling wurde schon im Klosterbreich <em>Petrorhagia saxifraga<\/em> (L.) Link. <mark style=\"background-color:rgba(0, 0, 0, 0)\" class=\"has-inline-color has-vivid-cyan-blue-color\">(neu im MTBQ)<\/mark> festgestellt, die kurz zuvor auch im Stadtgebiet Wernigerode beobachtet wurde. In den Anpflanzungen war auch <em>Gypsophila elegans<\/em> M. Bieb. als Vergleich vertreten.<\/p>\n\n\n\n<p>Die Aufnahme der Teichbodenvegetation erbrachte u. a. den Nachweis von <em>Cyperus fuscus <\/em>L. <mark style=\"background-color:rgba(0, 0, 0, 0)\" class=\"has-inline-color has-vivid-cyan-blue-color\">(Wiederfund nach 1950)<\/mark>, die an den Oberharzer Teichen nicht so selten ist wie im Unterharz. Schon Wilhelm Schatz gibt die Art in seiner \u201eFlora von Halberstadt\u201c (1854) f\u00fcr Michaelstein an. Es lohnt sich also immer auch bei den Altvorderen nach Standorten zu suchen, die mit etwas Gl\u00fcck auch wieder best\u00e4tigt werden k\u00f6nnen. Folgende Arten des Teichbodens wurden notiert:<\/p>\n\n\n\n<ul><li><em>Alisma plantago-aquatica<\/em> L. s. str. <mark style=\"background-color:rgba(0, 0, 0, 0)\" class=\"has-inline-color has-vivid-cyan-blue-color\">(neu im MTBQ)<\/mark><\/li><li><em>Bidens frondosa<\/em> L. <mark style=\"background-color:rgba(0, 0, 0, 0)\" class=\"has-inline-color has-vivid-cyan-blue-color\">(neu im MTBQ)<\/mark><\/li><li><em>Carex pseudocyperus<\/em> L.<\/li><li><em>Chenopodium polyspermum<\/em> L.<\/li><li><em>Chenopodium rubrum<\/em> L. <mark style=\"background-color:rgba(0, 0, 0, 0)\" class=\"has-inline-color has-vivid-cyan-blue-color\">(Wiederfund nach 1991)<\/mark><\/li><li><em>Cyperus fuscus<\/em> L.<\/li><li><em>Equisetum fluviatile<\/em> L.<\/li><li><em>Gnaphalium uliginosum<\/em> L. <mark style=\"background-color:rgba(0, 0, 0, 0)\" class=\"has-inline-color has-vivid-cyan-blue-color\">(Wiederfund nach 1991)<\/mark><\/li><li><em>Myosotis nemorosa<\/em> Besser <mark style=\"background-color:rgba(0, 0, 0, 0)\" class=\"has-inline-color has-vivid-cyan-blue-color\">(neu im MTBQ)<\/mark><\/li><li><em>Oenanthe aquatica<\/em> agg.<\/li><li><em>Persicaria lapathifolia<\/em> (L.) Delarbre s. lat.<\/li><li><em>Ranunculus circinatus<\/em> Sibth. <mark style=\"background-color:rgba(0, 0, 0, 0)\" class=\"has-inline-color has-vivid-cyan-blue-color\">(Wiederfund nach 1950)<\/mark><\/li><li><em>Ranunculus sceleratus<\/em> L.<\/li><li><em>Rorippa palustris<\/em> (L.) Besser<\/li><li><em>Rumex maritimus<\/em> L. <mark style=\"background-color:rgba(0, 0, 0, 0)\" class=\"has-inline-color has-vivid-cyan-blue-color\">(neu im MTBQ)<\/mark><\/li><li><em>Stellaria aquatica<\/em> (L.) Scop.<\/li><li><em>Veronica beccabunga<\/em> L.<\/li><\/ul>\n\n\n\n<p>Der Wald im besuchten Klostergrund ist ein Laubmischwald aus Elementen der bachbegleitenden W\u00e4lder, der Buchenw\u00e4lder und ist gepr\u00e4gt durch ehemalige wegbegleitende Pflanzungen. Hier sind vor allem die sehr alten Exemplare von <em>Carpinus betulus<\/em> L. bemerkenswert, die als ehemalige Schneitelb\u00e4ume heute durchgewachsen und aufgrund des hohen Alters bevorzugter Kryptogamen-Lebensraum sind.<\/p>\n\n\n\n<ul><li>An Moosen wurden gefunden:<\/li><li><em>Anomodon attenuatus<\/em> (Hedw.) Huebener<\/li><li><em>Anomodon veticulosus<\/em> (Hedw.) Hook. &amp; Taylor<\/li><li><em>Atrichum undulatum<\/em> (Hedw.) P. Beauv.<\/li><li><em>Brachythecium rutabulum<\/em> (Hedw.) Schimp.<\/li><li><em>Bryum capillare<\/em> Hedw.<\/li><li><em>Ceratodon purpureus<\/em> (Hedw.) Brid.<\/li><li><em>Eurynchium striatum<\/em> (Hedw.) Schimp.<\/li><li><em>Fissidens bryoides<\/em> Hedw.<\/li><li><em>Fissidens taxifolius<\/em> Hedw<\/li><li><em>Frullania dilatata<\/em> (L.) Dumort.<\/li><li><em>Hypnum cupressiforme<\/em> Hedw. S. lat.<\/li><li><em>Hypnum cupressiforme<\/em> var. <em>filiforme<\/em> Brid.<\/li><li><em>Isothecium alopecuroides<\/em> (Dubois.) Isov.<\/li><li><em>Leptodyctium riparium<\/em> (Hedw.) Warnst.<\/li><li><em>Metzgeria furcata<\/em> (L.) Dumort.<\/li><li><em>Mnium hornum<\/em> Hedw.<\/li><li><em>Orthotrichium affine<\/em> Schrad. ex Brid.<\/li><li><em>Plagiomnium undulatum<\/em> (Hedw.) T. J. Kop.<\/li><li><em>Plagiothecium cavifolium<\/em> (Brid.) Z. Iwats.<\/li><li><em>Platydicta jungermannoides<\/em> (Brid.) H. A. Crum.<\/li><li><em>Polytrichiastrum formosum<\/em> (Hedw.) G. L. Sm.<\/li><li><em>Radula complanata<\/em> (L.) Dumort.<\/li><\/ul>\n\n\n\n<p>Bemerkenswerte Flechten an alten Hainbuchen und Eschen:<\/p>\n\n\n\n<ul><li><em>Anisomeridium polypori<\/em> (Ellis &amp; Everh.) M. E. Barr<\/li><li><em>Arthonia atra<\/em> (Pers.) A. Scheid.<\/li><li><em>Arthonia radiata<\/em> (Pers.) Ach.<\/li><li><em>Candelariella xanthostigma<\/em> (Ach.) Lettau<\/li><li><em>Graphis scripta<\/em> (L.) Ach.<\/li><li><em>Naevia dispersa<\/em> (Schrad.) Thiyagaraja (Syn. <em>Arthonia dispersa<\/em>)<\/li><li><em>Pertusaria leioplaca<\/em> (Ach.) DC.<\/li><li><em>Pseudoschismatomma rufescens<\/em> (Pers.) Ertz &amp; Tehler<\/li><li><em>Pyrenula nitida<\/em> (Weigel) Ach. <\/li><\/ul>\n\n\n\n<figure class=\"wp-block-image size-large is-resized\"><a href=\"https:\/\/www.nordharzev.de\/wp-content\/uploads\/2022\/12\/Arthonia-dispersa-und-Pyrenula-nitida-Klostergrund-2022-Roehl-scaled.jpg\"><img loading=\"lazy\" src=\"https:\/\/www.nordharzev.de\/wp-content\/uploads\/2022\/12\/Arthonia-dispersa-und-Pyrenula-nitida-Klostergrund-2022-Roehl-708x1024.jpg\" alt=\"\" class=\"wp-image-1186\" width=\"354\" height=\"512\" srcset=\"https:\/\/www.nordharzev.de\/wp-content\/uploads\/2022\/12\/Arthonia-dispersa-und-Pyrenula-nitida-Klostergrund-2022-Roehl-708x1024.jpg 708w, https:\/\/www.nordharzev.de\/wp-content\/uploads\/2022\/12\/Arthonia-dispersa-und-Pyrenula-nitida-Klostergrund-2022-Roehl-207x300.jpg 207w, https:\/\/www.nordharzev.de\/wp-content\/uploads\/2022\/12\/Arthonia-dispersa-und-Pyrenula-nitida-Klostergrund-2022-Roehl-768x1110.jpg 768w, https:\/\/www.nordharzev.de\/wp-content\/uploads\/2022\/12\/Arthonia-dispersa-und-Pyrenula-nitida-Klostergrund-2022-Roehl-1062x1536.jpg 1062w, https:\/\/www.nordharzev.de\/wp-content\/uploads\/2022\/12\/Arthonia-dispersa-und-Pyrenula-nitida-Klostergrund-2022-Roehl-1416x2048.jpg 1416w, https:\/\/www.nordharzev.de\/wp-content\/uploads\/2022\/12\/Arthonia-dispersa-und-Pyrenula-nitida-Klostergrund-2022-Roehl-scaled.jpg 1770w\" sizes=\"(max-width: 354px) 100vw, 354px\" \/><\/a><figcaption><em>Arthonia dispersa<\/em> (oben),<em> Pyrenula nitida<\/em> (mitte) und <em>Graphis scripta<\/em> (unten)<\/figcaption><\/figure>\n\n\n\n<p>Eine Reihe der festgestellten Kryptogamen sind typisch f\u00fcr \u201ehistorisch alte W\u00e4lder\u201c, die im gesamten Harz Seltenheitswert haben. Daneben wurden auch zahlreiche Gro\u00dfpilze beobachtet.<\/p>\n\n\n\n<figure class=\"wp-block-image size-large is-resized\"><a href=\"https:\/\/www.nordharzev.de\/wp-content\/uploads\/2022\/12\/IMG_7997-Roehl-scaled.jpg\"><img loading=\"lazy\" src=\"https:\/\/www.nordharzev.de\/wp-content\/uploads\/2022\/12\/IMG_7997-Roehl-1024x710.jpg\" alt=\"\" class=\"wp-image-1187\" width=\"768\" height=\"533\" srcset=\"https:\/\/www.nordharzev.de\/wp-content\/uploads\/2022\/12\/IMG_7997-Roehl-1024x710.jpg 1024w, https:\/\/www.nordharzev.de\/wp-content\/uploads\/2022\/12\/IMG_7997-Roehl-300x208.jpg 300w, https:\/\/www.nordharzev.de\/wp-content\/uploads\/2022\/12\/IMG_7997-Roehl-768x533.jpg 768w, https:\/\/www.nordharzev.de\/wp-content\/uploads\/2022\/12\/IMG_7997-Roehl-1536x1065.jpg 1536w, https:\/\/www.nordharzev.de\/wp-content\/uploads\/2022\/12\/IMG_7997-Roehl-2048x1420.jpg 2048w\" sizes=\"(max-width: 768px) 100vw, 768px\" \/><\/a><figcaption>Im Bild ist die Herbst-Lorchel zu sehen.<\/figcaption><\/figure>\n\n\n\n<p>Text: Dr. Hans-Ulrich Kison<br>Fotos: J\u00fcrgen Roehl<\/p>\n","protected":false},"excerpt":{"rendered":"<p>Das Exkursionsgebiet liegt im Messtischblatt 4131 Quadrant 3 und schlie\u00dft westlich direkt an das Kloster Michaelstein an, wobei auch die kaskadenartig angelegten Fischteiche besucht wurden. Neun an Kryptogamen interessierte Vereinsmitglieder machten sich trotz regnerischen Wetters auf den Weg, der von &hellip; <a href=\"https:\/\/www.nordharzev.de\/?page_id=1184\">Weiterlesen <span class=\"meta-nav\">&rarr;<\/span><\/a><\/p>\n","protected":false},"author":1,"featured_media":0,"parent":0,"menu_order":0,"comment_status":"closed","ping_status":"closed","template":"","meta":[],"_links":{"self":[{"href":"https:\/\/www.nordharzev.de\/index.php?rest_route=\/wp\/v2\/pages\/1184"}],"collection":[{"href":"https:\/\/www.nordharzev.de\/index.php?rest_route=\/wp\/v2\/pages"}],"about":[{"href":"https:\/\/www.nordharzev.de\/index.php?rest_route=\/wp\/v2\/types\/page"}],"author":[{"embeddable":true,"href":"https:\/\/www.nordharzev.de\/index.php?rest_route=\/wp\/v2\/users\/1"}],"replies":[{"embeddable":true,"href":"https:\/\/www.nordharzev.de\/index.php?rest_route=%2Fwp%2Fv2%2Fcomments&post=1184"}],"version-history":[{"count":2,"href":"https:\/\/www.nordharzev.de\/index.php?rest_route=\/wp\/v2\/pages\/1184\/revisions"}],"predecessor-version":[{"id":1195,"href":"https:\/\/www.nordharzev.de\/index.php?rest_route=\/wp\/v2\/pages\/1184\/revisions\/1195"}],"wp:attachment":[{"href":"https:\/\/www.nordharzev.de\/index.php?rest_route=%2Fwp%2Fv2%2Fmedia&parent=1184"}],"curies":[{"name":"wp","href":"https:\/\/api.w.org\/{rel}","templated":true}]}}