{"id":1197,"date":"2022-12-21T12:51:58","date_gmt":"2022-12-21T11:51:58","guid":{"rendered":"https:\/\/www.nordharzev.de\/?page_id=1197"},"modified":"2022-12-21T12:59:30","modified_gmt":"2022-12-21T11:59:30","slug":"arbeitseinsatz-nsg-steinholz-harslebener-berge-am-15-10-2022","status":"publish","type":"page","link":"https:\/\/www.nordharzev.de\/?page_id=1197","title":{"rendered":"Arbeitseinsatz NSG &#8218;Steinholz&#8217;\/ Harslebener Berge am 15.10.2022"},"content":{"rendered":"\n<p>Am 15. Oktober 2022 traf die Tatkraft zahlreicher Enthusiasten des Botanischen Arbeitskreises Nordharz e.V. auf eine pflegebed\u00fcrftige Fl\u00e4che im NSG Steinholz\/ Harslebener Berge. Es handelt sich um den Wuchsort von in guten Jahren mehr als 1.000 Waldhyazinthen (<em>Platanthera bifolia<\/em>). Die Orchideen sind in den letzten Jahren zunehmend von zahlreich aufkommenden Individuen der Zitterpappel, Birke und Wei\u00dfdorn bedr\u00e4ngt worden.<\/p>\n\n\n\n<div class=\"wp-container-1 wp-block-group\"><div class=\"wp-block-group__inner-container\">\n<figure class=\"wp-block-image size-large\"><a href=\"https:\/\/www.nordharzev.de\/wp-content\/uploads\/2022\/12\/IMG_20221015_095638566-scaled.jpg\"><img loading=\"lazy\" width=\"1024\" height=\"768\" src=\"https:\/\/www.nordharzev.de\/wp-content\/uploads\/2022\/12\/IMG_20221015_095638566-1024x768.jpg\" alt=\"\" class=\"wp-image-1202\" srcset=\"https:\/\/www.nordharzev.de\/wp-content\/uploads\/2022\/12\/IMG_20221015_095638566-1024x768.jpg 1024w, https:\/\/www.nordharzev.de\/wp-content\/uploads\/2022\/12\/IMG_20221015_095638566-300x225.jpg 300w, https:\/\/www.nordharzev.de\/wp-content\/uploads\/2022\/12\/IMG_20221015_095638566-768x576.jpg 768w, https:\/\/www.nordharzev.de\/wp-content\/uploads\/2022\/12\/IMG_20221015_095638566-1536x1152.jpg 1536w, https:\/\/www.nordharzev.de\/wp-content\/uploads\/2022\/12\/IMG_20221015_095638566-2048x1536.jpg 2048w\" sizes=\"(max-width: 1024px) 100vw, 1024px\" \/><\/a><figcaption><em>Im Bild ein Teil unserer Arbeitsfl\u00e4che vor Ma\u00dfnahmenantritt<\/em><\/figcaption><\/figure>\n<\/div><\/div>\n\n\n\n<p>So war es ein gutes St\u00fcck Arbeit, die vorgesehene Fl\u00e4che komplett zu entbuschen und zu ber\u00e4umen. Das dabei angefallene Astmaterial wurde an geeigneter Stelle vor Ort verbrannt, da in dem schwierigen Gel\u00e4nde eine Abfuhr nicht zu realisieren war.<\/p>\n\n\n\n<figure class=\"wp-block-image size-large\"><a href=\"https:\/\/www.nordharzev.de\/wp-content\/uploads\/2022\/12\/IMG_20221015_101550145_HDR-scaled.jpg\"><img loading=\"lazy\" width=\"1024\" height=\"768\" src=\"https:\/\/www.nordharzev.de\/wp-content\/uploads\/2022\/12\/IMG_20221015_101550145_HDR-1024x768.jpg\" alt=\"\" class=\"wp-image-1199\" srcset=\"https:\/\/www.nordharzev.de\/wp-content\/uploads\/2022\/12\/IMG_20221015_101550145_HDR-1024x768.jpg 1024w, https:\/\/www.nordharzev.de\/wp-content\/uploads\/2022\/12\/IMG_20221015_101550145_HDR-300x225.jpg 300w, https:\/\/www.nordharzev.de\/wp-content\/uploads\/2022\/12\/IMG_20221015_101550145_HDR-768x576.jpg 768w, https:\/\/www.nordharzev.de\/wp-content\/uploads\/2022\/12\/IMG_20221015_101550145_HDR-1536x1152.jpg 1536w, https:\/\/www.nordharzev.de\/wp-content\/uploads\/2022\/12\/IMG_20221015_101550145_HDR-2048x1536.jpg 2048w\" sizes=\"(max-width: 1024px) 100vw, 1024px\" \/><\/a><\/figure>\n\n\n\n<p>Die \u00dcberlegung des Arbeitskreises, neben der Besch\u00e4ftigung mit der heimischen Pflanzenwelt, deren Erfassung und Inventarisierung von Schutzgebieten auch mit Pflegearbeiten an Fundorten von seltenen und bedrohten heimischen Pflanzenarten einzugreifen, trieb an diesem Tag die Mitglieder unseres Vereins, unterst\u00fctzt durch Mitarbeiterinnen der Fachhochschule Bernburg und weiterer Freunde des Naturschutzes, hinaus.<\/p>\n\n\n\n<figure class=\"wp-block-image size-large\"><a href=\"https:\/\/www.nordharzev.de\/wp-content\/uploads\/2022\/12\/IMG_20221015_113225902-scaled.jpg\"><img loading=\"lazy\" width=\"1024\" height=\"768\" src=\"https:\/\/www.nordharzev.de\/wp-content\/uploads\/2022\/12\/IMG_20221015_113225902-1024x768.jpg\" alt=\"\" class=\"wp-image-1200\" srcset=\"https:\/\/www.nordharzev.de\/wp-content\/uploads\/2022\/12\/IMG_20221015_113225902-1024x768.jpg 1024w, https:\/\/www.nordharzev.de\/wp-content\/uploads\/2022\/12\/IMG_20221015_113225902-300x225.jpg 300w, https:\/\/www.nordharzev.de\/wp-content\/uploads\/2022\/12\/IMG_20221015_113225902-768x576.jpg 768w, https:\/\/www.nordharzev.de\/wp-content\/uploads\/2022\/12\/IMG_20221015_113225902-1536x1152.jpg 1536w, https:\/\/www.nordharzev.de\/wp-content\/uploads\/2022\/12\/IMG_20221015_113225902-2048x1536.jpg 2048w\" sizes=\"(max-width: 1024px) 100vw, 1024px\" \/><\/a><\/figure>\n\n\n\n<p><strong>Gedankt sei allen Beteiligten f\u00fcr die geleistete Arbeit.<\/strong> <\/p>\n\n\n\n<p>Bleibt zu hoffen, da\u00df die Orchideen, die in den letzten Jahren zus\u00e4tzlich unter der Trockenheit gelitten haben, uns wieder mit reicher Bl\u00fcte belohnen.<\/p>\n\n\n\n<figure class=\"wp-block-image size-large\"><a href=\"https:\/\/www.nordharzev.de\/wp-content\/uploads\/2022\/12\/IMG_20221017_151233256-scaled.jpg\"><img loading=\"lazy\" width=\"1024\" height=\"768\" src=\"https:\/\/www.nordharzev.de\/wp-content\/uploads\/2022\/12\/IMG_20221017_151233256-1024x768.jpg\" alt=\"\" class=\"wp-image-1201\" srcset=\"https:\/\/www.nordharzev.de\/wp-content\/uploads\/2022\/12\/IMG_20221017_151233256-1024x768.jpg 1024w, https:\/\/www.nordharzev.de\/wp-content\/uploads\/2022\/12\/IMG_20221017_151233256-300x225.jpg 300w, https:\/\/www.nordharzev.de\/wp-content\/uploads\/2022\/12\/IMG_20221017_151233256-768x576.jpg 768w, https:\/\/www.nordharzev.de\/wp-content\/uploads\/2022\/12\/IMG_20221017_151233256-1536x1152.jpg 1536w, https:\/\/www.nordharzev.de\/wp-content\/uploads\/2022\/12\/IMG_20221017_151233256-2048x1536.jpg 2048w\" sizes=\"(max-width: 1024px) 100vw, 1024px\" \/><\/a><figcaption><em>Ein tolles Ergebnis auf und f\u00fcr die Fl\u00e4che<\/em><\/figcaption><\/figure>\n\n\n\n<p>Text: Norbert Ru\u00dfwurm<br>Fotos: Dorothee Wolf-Dolata<\/p>\n","protected":false},"excerpt":{"rendered":"<p>Am 15. Oktober 2022 traf die Tatkraft zahlreicher Enthusiasten des Botanischen Arbeitskreises Nordharz e.V. auf eine pflegebed\u00fcrftige Fl\u00e4che im NSG Steinholz\/ Harslebener Berge. Es handelt sich um den Wuchsort von in guten Jahren mehr als 1.000 Waldhyazinthen (Platanthera bifolia). Die &hellip; <a href=\"https:\/\/www.nordharzev.de\/?page_id=1197\">Weiterlesen <span class=\"meta-nav\">&rarr;<\/span><\/a><\/p>\n","protected":false},"author":1,"featured_media":0,"parent":0,"menu_order":0,"comment_status":"closed","ping_status":"closed","template":"","meta":[],"_links":{"self":[{"href":"https:\/\/www.nordharzev.de\/index.php?rest_route=\/wp\/v2\/pages\/1197"}],"collection":[{"href":"https:\/\/www.nordharzev.de\/index.php?rest_route=\/wp\/v2\/pages"}],"about":[{"href":"https:\/\/www.nordharzev.de\/index.php?rest_route=\/wp\/v2\/types\/page"}],"author":[{"embeddable":true,"href":"https:\/\/www.nordharzev.de\/index.php?rest_route=\/wp\/v2\/users\/1"}],"replies":[{"embeddable":true,"href":"https:\/\/www.nordharzev.de\/index.php?rest_route=%2Fwp%2Fv2%2Fcomments&post=1197"}],"version-history":[{"count":7,"href":"https:\/\/www.nordharzev.de\/index.php?rest_route=\/wp\/v2\/pages\/1197\/revisions"}],"predecessor-version":[{"id":1213,"href":"https:\/\/www.nordharzev.de\/index.php?rest_route=\/wp\/v2\/pages\/1197\/revisions\/1213"}],"wp:attachment":[{"href":"https:\/\/www.nordharzev.de\/index.php?rest_route=%2Fwp%2Fv2%2Fmedia&parent=1197"}],"curies":[{"name":"wp","href":"https:\/\/api.w.org\/{rel}","templated":true}]}}