{"id":1242,"date":"2023-05-01T16:49:25","date_gmt":"2023-05-01T15:49:25","guid":{"rendered":"https:\/\/www.nordharzev.de\/?page_id=1242"},"modified":"2023-05-02T21:17:17","modified_gmt":"2023-05-02T20:17:17","slug":"kryptogamen-exkursion-zu-den-gegensteinen-und-in-den-zehling-bei-ballenstedt","status":"publish","type":"page","link":"https:\/\/www.nordharzev.de\/?page_id=1242","title":{"rendered":"Kryptogamen-Exkursion zu den Gegensteinen und in den Zehling bei Ballenstedt"},"content":{"rendered":"\n<p>Zur 11. Kryptogamenexkursion des Botanischen Arbeitskreises Nordharz e.V. fanden sich 19 Teilnehmerinnen und Teilnehmer ein. Anliegen der Exkursion waren eine aktuelle Erfassung von Moosen und eine Einf\u00fchrung zu den Flechten des Gebietes. <\/p>\n\n\n\n<figure class=\"wp-block-image size-large\"><a href=\"https:\/\/www.nordharzev.de\/wp-content\/uploads\/2023\/05\/IMG_20230422_094549032_HDR-scaled.jpg\"><img loading=\"lazy\" width=\"1024\" height=\"768\" src=\"https:\/\/www.nordharzev.de\/wp-content\/uploads\/2023\/05\/IMG_20230422_094549032_HDR-1024x768.jpg\" alt=\"\" class=\"wp-image-1273\" srcset=\"https:\/\/www.nordharzev.de\/wp-content\/uploads\/2023\/05\/IMG_20230422_094549032_HDR-1024x768.jpg 1024w, https:\/\/www.nordharzev.de\/wp-content\/uploads\/2023\/05\/IMG_20230422_094549032_HDR-300x225.jpg 300w, https:\/\/www.nordharzev.de\/wp-content\/uploads\/2023\/05\/IMG_20230422_094549032_HDR-768x576.jpg 768w, https:\/\/www.nordharzev.de\/wp-content\/uploads\/2023\/05\/IMG_20230422_094549032_HDR-1536x1152.jpg 1536w, https:\/\/www.nordharzev.de\/wp-content\/uploads\/2023\/05\/IMG_20230422_094549032_HDR-2048x1536.jpg 2048w\" sizes=\"(max-width: 1024px) 100vw, 1024px\" \/><\/a><\/figure>\n\n\n\n<p>Die Exkursion fand auf den Spuren von Hermann Zschacke statt, dem wir erste sichere floristische Daten zu Moosen und Flechten des Gebietes verdanken.<\/p>\n\n\n\n<figure class=\"wp-block-image size-full is-resized\"><a href=\"https:\/\/www.nordharzev.de\/wp-content\/uploads\/2023\/05\/grafik.png\"><img loading=\"lazy\" src=\"https:\/\/www.nordharzev.de\/wp-content\/uploads\/2023\/05\/grafik.png\" alt=\"\" class=\"wp-image-1247\" width=\"186\" height=\"266\" srcset=\"https:\/\/www.nordharzev.de\/wp-content\/uploads\/2023\/05\/grafik.png 230w, https:\/\/www.nordharzev.de\/wp-content\/uploads\/2023\/05\/grafik-210x300.png 210w\" sizes=\"(max-width: 186px) 100vw, 186px\" \/><\/a><figcaption><sup>Abbildung nach Mattick<\/sup><\/figcaption><\/figure>\n\n\n\n<p class=\"has-small-font-size\">Georg Hermann ZSCHACKE (1867 K\u00f6then \u2013 1937 Bernburg) Schulbesuch in K\u00f6then, ab 1882-1887 Lehrerseminar K\u00f6then und Abschluss als Volksschullehrer in Dessau. 1892 Angestelltenpr\u00fcfung als Mittelschullehrer in Magdeburg. 1887 erste Lehrerstelle in Zerbst, danach in Giersleben, ab 1892 Mittelschullehrer in Hecklingen. Seit 1898 h\u00f6here T\u00f6chterschule (sp\u00e4ter Lyzeum) in Bernburg. Kontakte zu ASCHERSON, WARNSTORF, LOESKE, SCHULZ u.a., 1898 Mitglied im Botanischen Verein der Provinz Brandenburg. 1909 Reise mit HERMANN in die Ost- und S\u00fcdkarpaten, 1912 nochmals allein in die S\u00fcdkarpaten. 1914 mit HERMANN und K\u00dcKENTHAL nach Korsika, dort bis 1916 interniert und dabei so schwer erkrankt, dass er sich davon nie mehr erholte. 1916 Internierung in Davos, hier Studium der Flechten. 1917 R\u00fcckkehr nach Deutschland und Verleihung des Verdienstordens f\u00fcr Wissenschaft und Kunst. Wegen schwerer Krankheit 1924 in den Ruhestand, aber weiterhin Arbeiten zur Lichenologie (insbesondere Gattung Verrucaria).<br>ZSCHACKE war in verschiedenen Orten um Bernburg-Sta\u00dffurt als Lehrer t\u00e4tig und auf all seinen Stationen auch botanisch aktiv. Bis er endlich in Bernburg dauerhaft sesshaft war, musste er infolge von Versetzungen mehrfach den Wohnort wechseln. In einer seiner Arbeiten nimmt er Bezug darauf, und l\u00e4sst durchblicken, dass dies auch belastend war: \u201eZum dritten Male in 12 Jahren, in welchen ich an der Erforschung der anhaltischen Flora th\u00e4tig bin, habe ich meinen Wohnsitz wechseln m\u00fcssen; gl\u00fccklicherweise bin ich immer in derselben Gegend geblieben: Giersleben, Hecklingen, Bernburg. Sie liegen nur wenige Stunden auseinander\u201c (ZSCHACKE 1899). Seine Beobachtungen aus den Jahren 1880-1886 aus der K\u00f6thener Gegend publizierte er nicht, da sie mit BENSEMANN (1908) \u00fcbereinstimmen. Wenngleich ZSCHACKE sehr bald begann, sich den Kryptogamen (Moose, Flechten) zuzuwenden, so sind die fr\u00fchen Publikationen zu den Phanerogamen lokalfloristisch von au\u00dferordentlicher Bedeutung, nicht nur wegen der Zuverl\u00e4ssigkeit seiner Bestimmungen. ZSCHACKE war sehr eng mit Friedrich HERMANN befreundet und unterhielt einen ebenfalls sehr engen Kontakt zu Richard MEI\u00dfNER und Wilhelm EBERT. Letzterer hat die Angaben ZSCHACKEs vollst\u00e4ndig in seine Flora von Bernburg (EBERT 1929) eingearbeitet.<\/p>\n\n\n\n<p class=\"has-small-font-size\"><strong>Wichtige Arbeiten Zschackes zu den Kryptogamen des Gebietes:<\/strong><\/p>\n\n\n\n<p class=\"has-small-font-size\">Flechten<br>Zschacke, H. (1909): Beitr\u00e4ge zu einer Flechtenflora des Harzes. Hedwigia 48: 21-44<br>Zschacke, H. (1922): Die Flechten des Harzes. Verh. Bot. Ver. Prov. Brandenburg 64: 103-108<br>Die weitgehend aktuelle Flechtenflora des Gebietes ist dargestellt: Kison, H.-U. (2004): Zur Flechtenflora des NSG \u201eGegensteine-Schierberg\u201c in Sachsen-Anhalt. Abh. Ber. Mus. Heineanum 6: 1-16<\/p>\n\n\n\n<p class=\"has-small-font-size\">Moose<br>Zschacke, H. (1903): Vorarbeiten zu einer Moosflora des Herzogthums Anhalt. In: Verh. Bot. Ver. Prov. Brandenburg<br>Die Moose des Harzvorlandes 45 (1903): 1-37<br>Die Moose des Nordostharzes 47 (1905): 223-316 (Nachtr\u00e4ge dazu 50 (1908): 164-176)<br>Die Moose des Tieflandes 53 (1912): 280-308<\/p>\n\n\n\n<p>Neben den Kryptogamen wurden anl\u00e4sslich der Exkursion auch bemerkenswerte Phanerogamen beobachtet. Unter den zahlreichen Geophytenarten des \u201eZehling\u201c ist die aktuelle Best\u00e4tigung von <em>Gagea minima<\/em> hervorzuheben. Die Art wurde mit zahlreich bl\u00fchenden Exemplaren angetroffen. Der Bl\u00fchaspekt der Trocken- und Halbtrockenrasen wurde von <em>Potentilla neumanniana<\/em> bestimmt. Als Besonderheit des Gebietes wurde neben <em>Scleranthus polycarpos<\/em> auch die sehr seltene Art <em>Scleranthus verticillatus <\/em>beobachtet. Im Gebiet des Botanischen Arbeitskreises hat sie hier ihren einzigen bekannten Fundort. F\u00fcnf Winterblattrosetten von <em>Ophrys apifera<\/em> konnten gez\u00e4hlt werden. Am Gro\u00dfen Gegenstein wurde ein gro\u00dfer Bestand von <em>Marrubium vulgare<\/em> gezeigt; diese Art befindet sich in ganz Europa heute im R\u00fcckgang. Wegen des optimalen Bl\u00fchzeitpunktes konnten die Unterschiede zwischen den <em>Stellaria<\/em>-Arten (<em>media, neglecta, pallida<\/em>) gut gesehen werden. <em>Carex praecox<\/em> bildete gro\u00dfe Herden, seltener dagegen war <em>Carex supina<\/em>.<\/p>\n\n\n\n<figure class=\"wp-block-image size-large\"><a href=\"https:\/\/www.nordharzev.de\/wp-content\/uploads\/2023\/05\/IMG_3536-scaled.jpg\"><img loading=\"lazy\" width=\"1024\" height=\"708\" src=\"https:\/\/www.nordharzev.de\/wp-content\/uploads\/2023\/05\/IMG_3536-1024x708.jpg\" alt=\"\" class=\"wp-image-1251\" srcset=\"https:\/\/www.nordharzev.de\/wp-content\/uploads\/2023\/05\/IMG_3536-1024x708.jpg 1024w, https:\/\/www.nordharzev.de\/wp-content\/uploads\/2023\/05\/IMG_3536-300x208.jpg 300w, https:\/\/www.nordharzev.de\/wp-content\/uploads\/2023\/05\/IMG_3536-768x531.jpg 768w, https:\/\/www.nordharzev.de\/wp-content\/uploads\/2023\/05\/IMG_3536-1536x1062.jpg 1536w, https:\/\/www.nordharzev.de\/wp-content\/uploads\/2023\/05\/IMG_3536-2048x1417.jpg 2048w\" sizes=\"(max-width: 1024px) 100vw, 1024px\" \/><\/a><\/figure>\n\n\n\n<figure class=\"wp-block-image size-large\"><a href=\"https:\/\/www.nordharzev.de\/wp-content\/uploads\/2023\/05\/IMG_3553-scaled.jpg\"><img loading=\"lazy\" width=\"1024\" height=\"710\" src=\"https:\/\/www.nordharzev.de\/wp-content\/uploads\/2023\/05\/IMG_3553-1024x710.jpg\" alt=\"\" class=\"wp-image-1254\" srcset=\"https:\/\/www.nordharzev.de\/wp-content\/uploads\/2023\/05\/IMG_3553-1024x710.jpg 1024w, https:\/\/www.nordharzev.de\/wp-content\/uploads\/2023\/05\/IMG_3553-300x208.jpg 300w, https:\/\/www.nordharzev.de\/wp-content\/uploads\/2023\/05\/IMG_3553-768x532.jpg 768w, https:\/\/www.nordharzev.de\/wp-content\/uploads\/2023\/05\/IMG_3553-1536x1065.jpg 1536w, https:\/\/www.nordharzev.de\/wp-content\/uploads\/2023\/05\/IMG_3553-2048x1420.jpg 2048w\" sizes=\"(max-width: 1024px) 100vw, 1024px\" \/><\/a><figcaption>Im Bild ist der Geophyt <em>Gagea minima<\/em> im &#8222;Zehling&#8220; zu erkennen.<\/figcaption><\/figure>\n\n\n\n<p>Auswahl beobachteter Flechten<\/p>\n\n\n\n<figure class=\"wp-block-table\"><table><tbody><tr><td><strong>Epiphyten<\/strong><\/td><td><\/td><\/tr><tr><td><em>Amandinea punctata<\/em><br><em>Lecanora persimilis<\/em><br><em>Parmelia saxatilis s. l.<\/em><br><em>Parmelia sulcata<\/em><br><em>Phaeophyscia nigricans<\/em><br><em>Phaeophyscia orbicularis<\/em><\/td><td><em>Physcia adscendens<\/em><br><em>Physcia tenella<\/em><br><em>Polycauliona candelaria<\/em><br><em>Polycauliona polycarpa<\/em><br><em>Xanthoria parietina<\/em><br><\/td><\/tr><\/tbody><\/table><\/figure>\n\n\n\n<p>Nahezu alle gezeigten Epipyten geh\u00f6ren in die Rubrik der nitrophilen Arten. Sie haben in den zur\u00fcckliegenden 30 Jahren beeindruckende Best\u00e4nde aufbauen k\u00f6nnen. Mit <em>Erythricium aurantiacum<\/em> und <em>Athelia arachnoidea<\/em> traten zwei lichenicole (flechtenbewohnende) Pilze auf, die die nitrophilen Best\u00e4nde wieder dezimieren.<\/p>\n\n\n\n<figure class=\"wp-block-table\"><table><tbody><tr><td><strong>Epilithische Arten<\/strong><\/td><td><\/td><\/tr><tr><td><em>Acarospora fuscata<\/em><br><em>Candelariella coralliza<\/em><br><em>Candelariella vitellina<\/em><br><em>Dimelaena oreina<\/em><br><em>Lecanora orosthea<\/em><br><em>Lecanora rupestris<\/em><\/td><td><em>Physcia caesia<\/em><br><em>Protoparmeliopsis muralis<\/em><br><em>Ramalina capitata<\/em><br><em>Umbilicaria hirsuta<\/em><br><em>Xanthoparmelia conspersa <\/em>(reich fruchtend)<br><em>Xanthoparmelia verruculifera<\/em><\/td><\/tr><\/tbody><\/table><\/figure>\n\n\n\n<p><\/p>\n\n\n\n<figure class=\"wp-block-image size-large\"><a href=\"https:\/\/www.nordharzev.de\/wp-content\/uploads\/2023\/05\/IMG_3571-1-scaled.jpg\"><img loading=\"lazy\" width=\"1024\" height=\"710\" src=\"https:\/\/www.nordharzev.de\/wp-content\/uploads\/2023\/05\/IMG_3571-1-1024x710.jpg\" alt=\"\" class=\"wp-image-1258\" srcset=\"https:\/\/www.nordharzev.de\/wp-content\/uploads\/2023\/05\/IMG_3571-1-1024x710.jpg 1024w, https:\/\/www.nordharzev.de\/wp-content\/uploads\/2023\/05\/IMG_3571-1-300x208.jpg 300w, https:\/\/www.nordharzev.de\/wp-content\/uploads\/2023\/05\/IMG_3571-1-768x532.jpg 768w, https:\/\/www.nordharzev.de\/wp-content\/uploads\/2023\/05\/IMG_3571-1-1536x1064.jpg 1536w, https:\/\/www.nordharzev.de\/wp-content\/uploads\/2023\/05\/IMG_3571-1-2048x1419.jpg 2048w\" sizes=\"(max-width: 1024px) 100vw, 1024px\" \/><\/a><\/figure>\n\n\n\n<p>Auswahl beobachteter Laubmoose<\/p>\n\n\n\n<figure class=\"wp-block-table\"><table><tbody><tr><td><strong>Laubmoose<\/strong><\/td><td><\/td><\/tr><tr><td><em>Aulacomnium androgynum<\/em><br><em>Barbula convoluta<\/em><br><em>Brachythecium glareosum<\/em><br><em>Brachythecium rutabulum<\/em><br><em>Bryum capillare<\/em><br><em>Campylopus flexuosus<\/em><br><em>Campylopus introflexus<\/em><br><em>Ceratodon purpureus<\/em><br><em>Dicranum scoparium<\/em><br><em>Didymodon vinealis<\/em><br><em>Encalypta vulgaris<\/em><br><em>Eurhynchium hians<\/em><br><em>Funaria hygrometrica<\/em><br><em>Grimmia laevigata<\/em><\/td><td><em>Grimmia pulvinata<\/em><br><em>Homalothecium lutescens<\/em><br><em>Hypnum cupressiforme<\/em><br><em>Hypnum lacunosum<\/em><br><em>Orthotrichum affine<\/em><br><em>Orthotrichum anomalum<\/em><br><em>Plagiomnium affine<\/em><br><em>Polytrichum piliferum<\/em><br><em>Rhynchostegium murale<\/em><br><em>Rhytidiadelphus squarrosus<\/em><br><em>Schistidium apocarpum<\/em><br><em>Tortula muralis<\/em><br><em>Tortula ruralis<\/em><br><\/td><\/tr><\/tbody><\/table><\/figure>\n\n\n\n<p>Lebermoose konnten nicht gefunden werden.<\/p>\n\n\n\n<figure class=\"wp-block-image size-large\"><a href=\"https:\/\/www.nordharzev.de\/wp-content\/uploads\/2023\/05\/IMG-20230430-WA0027.jpg\"><img loading=\"lazy\" width=\"1024\" height=\"768\" src=\"https:\/\/www.nordharzev.de\/wp-content\/uploads\/2023\/05\/IMG-20230430-WA0027-1024x768.jpg\" alt=\"\" class=\"wp-image-1259\" srcset=\"https:\/\/www.nordharzev.de\/wp-content\/uploads\/2023\/05\/IMG-20230430-WA0027-1024x768.jpg 1024w, https:\/\/www.nordharzev.de\/wp-content\/uploads\/2023\/05\/IMG-20230430-WA0027-300x225.jpg 300w, https:\/\/www.nordharzev.de\/wp-content\/uploads\/2023\/05\/IMG-20230430-WA0027-768x576.jpg 768w, https:\/\/www.nordharzev.de\/wp-content\/uploads\/2023\/05\/IMG-20230430-WA0027-1536x1152.jpg 1536w, https:\/\/www.nordharzev.de\/wp-content\/uploads\/2023\/05\/IMG-20230430-WA0027.jpg 1600w\" sizes=\"(max-width: 1024px) 100vw, 1024px\" \/><\/a><\/figure>\n\n\n\n<p>Text: Dr. Hans-Ulrich Kison &amp; Gisela Schaaf<br>Fotos: J\u00fcrgen Roehl<\/p>\n","protected":false},"excerpt":{"rendered":"<p>Zur 11. Kryptogamenexkursion des Botanischen Arbeitskreises Nordharz e.V. fanden sich 19 Teilnehmerinnen und Teilnehmer ein. Anliegen der Exkursion waren eine aktuelle Erfassung von Moosen und eine Einf\u00fchrung zu den Flechten des Gebietes. Die Exkursion fand auf den Spuren von Hermann &hellip; <a href=\"https:\/\/www.nordharzev.de\/?page_id=1242\">Weiterlesen <span class=\"meta-nav\">&rarr;<\/span><\/a><\/p>\n","protected":false},"author":1,"featured_media":0,"parent":0,"menu_order":0,"comment_status":"closed","ping_status":"closed","template":"","meta":[],"_links":{"self":[{"href":"https:\/\/www.nordharzev.de\/index.php?rest_route=\/wp\/v2\/pages\/1242"}],"collection":[{"href":"https:\/\/www.nordharzev.de\/index.php?rest_route=\/wp\/v2\/pages"}],"about":[{"href":"https:\/\/www.nordharzev.de\/index.php?rest_route=\/wp\/v2\/types\/page"}],"author":[{"embeddable":true,"href":"https:\/\/www.nordharzev.de\/index.php?rest_route=\/wp\/v2\/users\/1"}],"replies":[{"embeddable":true,"href":"https:\/\/www.nordharzev.de\/index.php?rest_route=%2Fwp%2Fv2%2Fcomments&post=1242"}],"version-history":[{"count":16,"href":"https:\/\/www.nordharzev.de\/index.php?rest_route=\/wp\/v2\/pages\/1242\/revisions"}],"predecessor-version":[{"id":1284,"href":"https:\/\/www.nordharzev.de\/index.php?rest_route=\/wp\/v2\/pages\/1242\/revisions\/1284"}],"wp:attachment":[{"href":"https:\/\/www.nordharzev.de\/index.php?rest_route=%2Fwp%2Fv2%2Fmedia&parent=1242"}],"curies":[{"name":"wp","href":"https:\/\/api.w.org\/{rel}","templated":true}]}}