{"id":1297,"date":"2023-10-03T12:00:11","date_gmt":"2023-10-03T11:00:11","guid":{"rendered":"https:\/\/www.nordharzev.de\/?page_id=1297"},"modified":"2023-10-03T12:33:14","modified_gmt":"2023-10-03T11:33:14","slug":"kartierexkursion-weinberg-boernecke","status":"publish","type":"page","link":"https:\/\/www.nordharzev.de\/?page_id=1297","title":{"rendered":"Kartierexkursion Weinberg B\u00f6rnecke"},"content":{"rendered":"\n<p>Der Weinberg B\u00f6rnecke ist w\u00e4hrend der Bl\u00fcte der Fr\u00fchlings-Adonisr\u00f6schen ein Anziehungspunkt f\u00fcr viele botanisch Interessierte sowie Freunde landschaftlicher \u00c4sthetik. <\/p>\n\n\n\n<p>Im Mai pr\u00e4sentieren sich arten- und strukturreiche Halbtrocken- und Trockenrasen im st\u00e4ndigen Wechsel mit Zwergstrauchheiden und Streuobstwiesen, eingerahmt von Eichen-Trockenw\u00e4ldern, Sandsteinfelsen und Hecken. <\/p>\n\n\n\n<p>Den Schwerpunkt der Exkursion bildete eine Erfolgskontrolle der in den letzten Jahren gepflegten Offenland-Biotope. Neben wundervollen optischen Eindr\u00fccken der Salbei-, K\u00f6nigskerzen- und Federgrasaspekte konnten wir im Rahmen der Kontrolle eine reichhaltige Artenliste des Standortes aufstellen.<\/p>\n\n\n\n<figure class=\"wp-block-image size-large\"><a href=\"http:\/\/www.nordharzev.de\/wp-content\/uploads\/2023\/10\/IMG_20230520_105239856_HDR-scaled.jpg\"><img loading=\"lazy\" width=\"1024\" height=\"768\" src=\"http:\/\/www.nordharzev.de\/wp-content\/uploads\/2023\/10\/IMG_20230520_105239856_HDR-1024x768.jpg\" alt=\"\" class=\"wp-image-1309\" srcset=\"https:\/\/www.nordharzev.de\/wp-content\/uploads\/2023\/10\/IMG_20230520_105239856_HDR-1024x768.jpg 1024w, https:\/\/www.nordharzev.de\/wp-content\/uploads\/2023\/10\/IMG_20230520_105239856_HDR-300x225.jpg 300w, https:\/\/www.nordharzev.de\/wp-content\/uploads\/2023\/10\/IMG_20230520_105239856_HDR-768x576.jpg 768w, https:\/\/www.nordharzev.de\/wp-content\/uploads\/2023\/10\/IMG_20230520_105239856_HDR-1536x1152.jpg 1536w, https:\/\/www.nordharzev.de\/wp-content\/uploads\/2023\/10\/IMG_20230520_105239856_HDR-2048x1536.jpg 2048w\" sizes=\"(max-width: 1024px) 100vw, 1024px\" \/><\/a><\/figure>\n\n\n<div class=\"wp-block-image\">\n<figure class=\"alignleft size-large is-resized\"><a href=\"http:\/\/www.nordharzev.de\/wp-content\/uploads\/2023\/10\/IMG_20230520_112011454-scaled.jpg\"><img loading=\"lazy\" src=\"https:\/\/www.nordharzev.de\/wp-content\/uploads\/2023\/10\/IMG_20230520_112011454-768x1024.jpg\" alt=\"\" class=\"wp-image-1311\" width=\"300\" height=\"428\"\/><\/a><\/figure><\/div>\n\n<div class=\"wp-block-image\">\n<figure class=\"alignright size-large is-resized\"><a href=\"http:\/\/www.nordharzev.de\/wp-content\/uploads\/2023\/10\/IMG_20230520_112824977-scaled.jpg\"><img loading=\"lazy\" src=\"https:\/\/www.nordharzev.de\/wp-content\/uploads\/2023\/10\/IMG_20230520_112824977-768x1024.jpg\" alt=\"\" class=\"wp-image-1312\" width=\"300\" height=\"428\"\/><\/a><\/figure><\/div>\n\n\n<p><\/p>\n\n\n\n<p><\/p>\n\n\n\n<figure class=\"wp-block-image size-large\"><a href=\"http:\/\/www.nordharzev.de\/wp-content\/uploads\/2023\/10\/IMG_20230520_115304926-scaled.jpg\"><img loading=\"lazy\" width=\"1024\" height=\"768\" src=\"http:\/\/www.nordharzev.de\/wp-content\/uploads\/2023\/10\/IMG_20230520_115304926-1024x768.jpg\" alt=\"\" class=\"wp-image-1313\" srcset=\"https:\/\/www.nordharzev.de\/wp-content\/uploads\/2023\/10\/IMG_20230520_115304926-1024x768.jpg 1024w, https:\/\/www.nordharzev.de\/wp-content\/uploads\/2023\/10\/IMG_20230520_115304926-300x225.jpg 300w, https:\/\/www.nordharzev.de\/wp-content\/uploads\/2023\/10\/IMG_20230520_115304926-768x576.jpg 768w, https:\/\/www.nordharzev.de\/wp-content\/uploads\/2023\/10\/IMG_20230520_115304926-1536x1152.jpg 1536w, https:\/\/www.nordharzev.de\/wp-content\/uploads\/2023\/10\/IMG_20230520_115304926-2048x1536.jpg 2048w\" sizes=\"(max-width: 1024px) 100vw, 1024px\" \/><\/a><\/figure>\n\n\n\n<figure class=\"wp-block-image size-large\"><a href=\"http:\/\/www.nordharzev.de\/wp-content\/uploads\/2023\/10\/IMG_20230520_121531377-scaled.jpg\"><img loading=\"lazy\" width=\"1024\" height=\"768\" src=\"http:\/\/www.nordharzev.de\/wp-content\/uploads\/2023\/10\/IMG_20230520_121531377-1024x768.jpg\" alt=\"\" class=\"wp-image-1314\" srcset=\"https:\/\/www.nordharzev.de\/wp-content\/uploads\/2023\/10\/IMG_20230520_121531377-1024x768.jpg 1024w, https:\/\/www.nordharzev.de\/wp-content\/uploads\/2023\/10\/IMG_20230520_121531377-300x225.jpg 300w, https:\/\/www.nordharzev.de\/wp-content\/uploads\/2023\/10\/IMG_20230520_121531377-768x576.jpg 768w, https:\/\/www.nordharzev.de\/wp-content\/uploads\/2023\/10\/IMG_20230520_121531377-1536x1152.jpg 1536w, https:\/\/www.nordharzev.de\/wp-content\/uploads\/2023\/10\/IMG_20230520_121531377-2048x1536.jpg 2048w\" sizes=\"(max-width: 1024px) 100vw, 1024px\" \/><\/a><\/figure>\n\n\n\n<p>Die Botanischen Errungenschaften der Kartierexkursion k\u00f6nnen in Form einer Artenliste heruntergeladen werden: <a rel=\"noreferrer noopener\" href=\"http:\/\/www.nordharzev.de\/wp-content\/uploads\/2023\/10\/20230822_BAK-Boernecke-Weinberg-3.pdf\" target=\"_blank\">Artenliste Weinberg B\u00f6rnecke<\/a><\/p>\n\n\n\n<p>Text: Sylvia Lehnert, Dorothee Wolf-Dolata<br>Fotos: Dorothee Wolf-Dolata<br>Bearbeitung Artenliste: Sylvia Lehnert und Armin Hoch<\/p>\n","protected":false},"excerpt":{"rendered":"<p>Der Weinberg B\u00f6rnecke ist w\u00e4hrend der Bl\u00fcte der Fr\u00fchlings-Adonisr\u00f6schen ein Anziehungspunkt f\u00fcr viele botanisch Interessierte sowie Freunde landschaftlicher \u00c4sthetik. Im Mai pr\u00e4sentieren sich arten- und strukturreiche Halbtrocken- und Trockenrasen im st\u00e4ndigen Wechsel mit Zwergstrauchheiden und Streuobstwiesen, eingerahmt von Eichen-Trockenw\u00e4ldern, Sandsteinfelsen &hellip; <a href=\"https:\/\/www.nordharzev.de\/?page_id=1297\">Weiterlesen <span class=\"meta-nav\">&rarr;<\/span><\/a><\/p>\n","protected":false},"author":1,"featured_media":0,"parent":0,"menu_order":0,"comment_status":"closed","ping_status":"closed","template":"","meta":[],"_links":{"self":[{"href":"https:\/\/www.nordharzev.de\/index.php?rest_route=\/wp\/v2\/pages\/1297"}],"collection":[{"href":"https:\/\/www.nordharzev.de\/index.php?rest_route=\/wp\/v2\/pages"}],"about":[{"href":"https:\/\/www.nordharzev.de\/index.php?rest_route=\/wp\/v2\/types\/page"}],"author":[{"embeddable":true,"href":"https:\/\/www.nordharzev.de\/index.php?rest_route=\/wp\/v2\/users\/1"}],"replies":[{"embeddable":true,"href":"https:\/\/www.nordharzev.de\/index.php?rest_route=%2Fwp%2Fv2%2Fcomments&post=1297"}],"version-history":[{"count":9,"href":"https:\/\/www.nordharzev.de\/index.php?rest_route=\/wp\/v2\/pages\/1297\/revisions"}],"predecessor-version":[{"id":1321,"href":"https:\/\/www.nordharzev.de\/index.php?rest_route=\/wp\/v2\/pages\/1297\/revisions\/1321"}],"wp:attachment":[{"href":"https:\/\/www.nordharzev.de\/index.php?rest_route=%2Fwp%2Fv2%2Fmedia&parent=1297"}],"curies":[{"name":"wp","href":"https:\/\/api.w.org\/{rel}","templated":true}]}}