{"id":1359,"date":"2024-01-07T13:48:35","date_gmt":"2024-01-07T12:48:35","guid":{"rendered":"https:\/\/www.nordharzev.de\/?page_id=1359"},"modified":"2024-01-28T15:33:51","modified_gmt":"2024-01-28T14:33:51","slug":"rueckblick-zur-kartierexkursion-humberg-und-umgebung-vom-10-06-2023","status":"publish","type":"page","link":"https:\/\/www.nordharzev.de\/?page_id=1359","title":{"rendered":"Kartierexkursion Humberg und Umgebung vom 10.06.2023"},"content":{"rendered":"\n<p>Zu den botanischen Leuchtt\u00fcrmen geh\u00f6rt zweifellos der Humberg bei Schwanebeck.<\/p>\n\n\n\n<p>Der Muschelkalk-H\u00f6henzug beherbergt Kalk-Halbtrockenrasen, Kalk-Pionierrasen und -Schutthalden sowie Steppenrasen mit einer sehr hohen Zahl seltener und gef\u00e4hrdeter Arten.<\/p>\n\n\n\n<figure class=\"wp-block-image size-large\"><a href=\"https:\/\/www.nordharzev.de\/wp-content\/uploads\/2024\/01\/IMG_20230610_125108409_dwd-scaled.jpg\"><img loading=\"lazy\" width=\"1024\" height=\"768\" src=\"https:\/\/www.nordharzev.de\/wp-content\/uploads\/2024\/01\/IMG_20230610_125108409_dwd-1024x768.jpg\" alt=\"\" class=\"wp-image-1360\" srcset=\"https:\/\/www.nordharzev.de\/wp-content\/uploads\/2024\/01\/IMG_20230610_125108409_dwd-1024x768.jpg 1024w, https:\/\/www.nordharzev.de\/wp-content\/uploads\/2024\/01\/IMG_20230610_125108409_dwd-300x225.jpg 300w, https:\/\/www.nordharzev.de\/wp-content\/uploads\/2024\/01\/IMG_20230610_125108409_dwd-768x576.jpg 768w, https:\/\/www.nordharzev.de\/wp-content\/uploads\/2024\/01\/IMG_20230610_125108409_dwd-1536x1152.jpg 1536w, https:\/\/www.nordharzev.de\/wp-content\/uploads\/2024\/01\/IMG_20230610_125108409_dwd-2048x1536.jpg 2048w\" sizes=\"(max-width: 1024px) 100vw, 1024px\" \/><\/a><\/figure>\n\n\n\n<p>Im Fr\u00fchling berauscht der Humberg mit einem Meer aus Adonisr\u00f6schen-Bl\u00fcten. <br>Bei unserer Exkursion im Juni 2023 erwartete uns ein ebenso gelbes und blaues Wunder aus den Bl\u00fcten des Rauen Alant (Inula hirta) und Wiesen-Salbei (Salvia pratensis). <\/p>\n\n\n\n<figure class=\"wp-block-image size-large\"><a href=\"https:\/\/www.nordharzev.de\/wp-content\/uploads\/2024\/01\/IMG_7161.jpg\"><img loading=\"lazy\" width=\"1024\" height=\"710\" src=\"https:\/\/www.nordharzev.de\/wp-content\/uploads\/2024\/01\/IMG_7161-1024x710.jpg\" alt=\"\" class=\"wp-image-1361\" srcset=\"https:\/\/www.nordharzev.de\/wp-content\/uploads\/2024\/01\/IMG_7161-1024x710.jpg 1024w, https:\/\/www.nordharzev.de\/wp-content\/uploads\/2024\/01\/IMG_7161-300x208.jpg 300w, https:\/\/www.nordharzev.de\/wp-content\/uploads\/2024\/01\/IMG_7161-768x532.jpg 768w, https:\/\/www.nordharzev.de\/wp-content\/uploads\/2024\/01\/IMG_7161-1536x1065.jpg 1536w, https:\/\/www.nordharzev.de\/wp-content\/uploads\/2024\/01\/IMG_7161-2048x1420.jpg 2048w\" sizes=\"(max-width: 1024px) 100vw, 1024px\" \/><\/a><\/figure>\n\n\n\n<p>Zu bewundern waren neben vielen weiteren Pflanzen vor allem der sehr seltene Pferde-Sesel (Seseli hippomarathrum). <\/p>\n\n\n\n<div class=\"wp-container-2 wp-block-columns\">\n<div class=\"wp-container-1 wp-block-column is-vertically-aligned-center\" style=\"flex-basis:100%\"><div class=\"wp-block-image is-style-rounded\">\n<figure class=\"alignleft size-large is-resized\"><a href=\"https:\/\/www.nordharzev.de\/wp-content\/uploads\/2024\/01\/IMG_7123-1-scaled.jpg\"><img loading=\"lazy\" src=\"https:\/\/www.nordharzev.de\/wp-content\/uploads\/2024\/01\/IMG_7123-1-edited-1024x1024.jpg\" alt=\"\" class=\"wp-image-1372\" width=\"300\" height=\"300\" srcset=\"https:\/\/www.nordharzev.de\/wp-content\/uploads\/2024\/01\/IMG_7123-1-edited-1024x1024.jpg 1024w, https:\/\/www.nordharzev.de\/wp-content\/uploads\/2024\/01\/IMG_7123-1-edited-300x300.jpg 300w, https:\/\/www.nordharzev.de\/wp-content\/uploads\/2024\/01\/IMG_7123-1-edited-150x150.jpg 150w, https:\/\/www.nordharzev.de\/wp-content\/uploads\/2024\/01\/IMG_7123-1-edited-768x769.jpg 768w, https:\/\/www.nordharzev.de\/wp-content\/uploads\/2024\/01\/IMG_7123-1-edited-1534x1536.jpg 1534w, https:\/\/www.nordharzev.de\/wp-content\/uploads\/2024\/01\/IMG_7123-1-edited-2045x2048.jpg 2045w\" sizes=\"(max-width: 300px) 100vw, 300px\" \/><\/a><\/figure><\/div>\n\n<div class=\"wp-block-image is-style-rounded\">\n<figure class=\"alignright size-large is-resized\"><a href=\"https:\/\/www.nordharzev.de\/wp-content\/uploads\/2024\/01\/IMG_20230610_130530414_dwd-1-scaled.jpg\"><img src=\"https:\/\/www.nordharzev.de\/wp-content\/uploads\/2024\/01\/IMG_20230610_130530414_dwd-1-edited-scaled.jpg\" alt=\"\" class=\"wp-image-1374\" width=\"300\" srcset=\"https:\/\/www.nordharzev.de\/wp-content\/uploads\/2024\/01\/IMG_20230610_130530414_dwd-1-edited-scaled.jpg 2560w, https:\/\/www.nordharzev.de\/wp-content\/uploads\/2024\/01\/IMG_20230610_130530414_dwd-1-edited-300x300.jpg 300w, https:\/\/www.nordharzev.de\/wp-content\/uploads\/2024\/01\/IMG_20230610_130530414_dwd-1-edited-1024x1024.jpg 1024w, https:\/\/www.nordharzev.de\/wp-content\/uploads\/2024\/01\/IMG_20230610_130530414_dwd-1-edited-150x150.jpg 150w, https:\/\/www.nordharzev.de\/wp-content\/uploads\/2024\/01\/IMG_20230610_130530414_dwd-1-edited-768x768.jpg 768w, https:\/\/www.nordharzev.de\/wp-content\/uploads\/2024\/01\/IMG_20230610_130530414_dwd-1-edited-1536x1536.jpg 1536w, https:\/\/www.nordharzev.de\/wp-content\/uploads\/2024\/01\/IMG_20230610_130530414_dwd-1-edited-2048x2048.jpg 2048w\" sizes=\"(max-width: 2560px) 100vw, 2560px\" \/><\/a><\/figure><\/div><\/div>\n<\/div>\n\n\n\n<p>Ziel unserer Exkursion war ein Vergleich der Kartier Ergebnisse aus dem Pflege- und Entwicklungsplan f\u00fcr dieses Fl\u00e4chen-Naturdenkmal mit der aktuellen Vegetation. Daraus konnten wichtige Pflege-Aspekte (Entbuschungsma\u00dfnahmen, spezielle Artenschutzma\u00dfnahmen) f\u00fcr den Erhalt dieser einzigartigen Landschaft der UNB vorgeschlagen werden.<\/p>\n\n\n\n<figure class=\"wp-block-image size-large\"><a href=\"https:\/\/www.nordharzev.de\/wp-content\/uploads\/2024\/01\/IMG_7106-scaled.jpg\"><img loading=\"lazy\" width=\"1024\" height=\"710\" src=\"https:\/\/www.nordharzev.de\/wp-content\/uploads\/2024\/01\/IMG_7106-1024x710.jpg\" alt=\"\" class=\"wp-image-1376\" srcset=\"https:\/\/www.nordharzev.de\/wp-content\/uploads\/2024\/01\/IMG_7106-1024x710.jpg 1024w, https:\/\/www.nordharzev.de\/wp-content\/uploads\/2024\/01\/IMG_7106-300x208.jpg 300w, https:\/\/www.nordharzev.de\/wp-content\/uploads\/2024\/01\/IMG_7106-768x533.jpg 768w, https:\/\/www.nordharzev.de\/wp-content\/uploads\/2024\/01\/IMG_7106-1536x1065.jpg 1536w, https:\/\/www.nordharzev.de\/wp-content\/uploads\/2024\/01\/IMG_7106-2048x1420.jpg 2048w\" sizes=\"(max-width: 1024px) 100vw, 1024px\" \/><\/a><\/figure>\n\n\n<div class=\"wp-block-image\">\n<figure class=\"alignleft size-large is-resized\"><a href=\"https:\/\/www.nordharzev.de\/wp-content\/uploads\/2024\/01\/IMG_7131-scaled.jpg\"><img loading=\"lazy\" src=\"https:\/\/www.nordharzev.de\/wp-content\/uploads\/2024\/01\/IMG_7131-edited.jpg\" alt=\"\" class=\"wp-image-1380\" width=\"300\" height=\"300\" srcset=\"https:\/\/www.nordharzev.de\/wp-content\/uploads\/2024\/01\/IMG_7131-edited.jpg 1811w, https:\/\/www.nordharzev.de\/wp-content\/uploads\/2024\/01\/IMG_7131-edited-300x300.jpg 300w, https:\/\/www.nordharzev.de\/wp-content\/uploads\/2024\/01\/IMG_7131-edited-1024x1024.jpg 1024w, https:\/\/www.nordharzev.de\/wp-content\/uploads\/2024\/01\/IMG_7131-edited-150x150.jpg 150w, https:\/\/www.nordharzev.de\/wp-content\/uploads\/2024\/01\/IMG_7131-edited-768x768.jpg 768w, https:\/\/www.nordharzev.de\/wp-content\/uploads\/2024\/01\/IMG_7131-edited-1536x1536.jpg 1536w\" sizes=\"(max-width: 300px) 100vw, 300px\" \/><\/a><\/figure><\/div>\n\n<div class=\"wp-block-image\">\n<figure class=\"alignright size-large is-resized\"><a href=\"https:\/\/www.nordharzev.de\/wp-content\/uploads\/2024\/01\/IMG_7181-scaled.jpg\"><img loading=\"lazy\" src=\"https:\/\/www.nordharzev.de\/wp-content\/uploads\/2024\/01\/IMG_7181-edited-1.jpg\" alt=\"\" class=\"wp-image-1383\" width=\"300\" height=\"300\" srcset=\"https:\/\/www.nordharzev.de\/wp-content\/uploads\/2024\/01\/IMG_7181-edited-1.jpg 1875w, https:\/\/www.nordharzev.de\/wp-content\/uploads\/2024\/01\/IMG_7181-edited-1-300x300.jpg 300w, https:\/\/www.nordharzev.de\/wp-content\/uploads\/2024\/01\/IMG_7181-edited-1-1024x1024.jpg 1024w, https:\/\/www.nordharzev.de\/wp-content\/uploads\/2024\/01\/IMG_7181-edited-1-150x150.jpg 150w, https:\/\/www.nordharzev.de\/wp-content\/uploads\/2024\/01\/IMG_7181-edited-1-768x769.jpg 768w, https:\/\/www.nordharzev.de\/wp-content\/uploads\/2024\/01\/IMG_7181-edited-1-1534x1536.jpg 1534w\" sizes=\"(max-width: 300px) 100vw, 300px\" \/><\/a><\/figure><\/div>\n\n\n<figure class=\"wp-block-image size-large\"><a href=\"https:\/\/www.nordharzev.de\/wp-content\/uploads\/2024\/01\/IMG_7149-scaled.jpg\"><img loading=\"lazy\" width=\"1024\" height=\"709\" src=\"https:\/\/www.nordharzev.de\/wp-content\/uploads\/2024\/01\/IMG_7149-1024x709.jpg\" alt=\"\" class=\"wp-image-1377\" srcset=\"https:\/\/www.nordharzev.de\/wp-content\/uploads\/2024\/01\/IMG_7149-1024x709.jpg 1024w, https:\/\/www.nordharzev.de\/wp-content\/uploads\/2024\/01\/IMG_7149-300x208.jpg 300w, https:\/\/www.nordharzev.de\/wp-content\/uploads\/2024\/01\/IMG_7149-768x532.jpg 768w, https:\/\/www.nordharzev.de\/wp-content\/uploads\/2024\/01\/IMG_7149-1536x1064.jpg 1536w, https:\/\/www.nordharzev.de\/wp-content\/uploads\/2024\/01\/IMG_7149-2048x1419.jpg 2048w\" sizes=\"(max-width: 1024px) 100vw, 1024px\" \/><\/a><\/figure>\n\n\n\n<p>Die Botanischen Errungenschaften der Kartierexkursion k\u00f6nnen in Form einer Artenliste heruntergeladen werden: <a href=\"http:\/\/www.nordharzev.de\/wp-content\/uploads\/2024\/01\/20230620_BAK-FND-Humberg.pdf\" target=\"_blank\" rel=\"noreferrer noopener\">Humberg und Umgebung<\/a><\/p>\n\n\n\n<p>Text: Sylvia Lehnert<br>Fotos: J\u00fcrgen Roehl und Dorothee Wolf-Dolata<br>Bearbeitung Artenliste: Sylvia Lehnert und Armin Hoch<\/p>\n","protected":false},"excerpt":{"rendered":"<p>Zu den botanischen Leuchtt\u00fcrmen geh\u00f6rt zweifellos der Humberg bei Schwanebeck. Der Muschelkalk-H\u00f6henzug beherbergt Kalk-Halbtrockenrasen, Kalk-Pionierrasen und -Schutthalden sowie Steppenrasen mit einer sehr hohen Zahl seltener und gef\u00e4hrdeter Arten. Im Fr\u00fchling berauscht der Humberg mit einem Meer aus Adonisr\u00f6schen-Bl\u00fcten. Bei unserer &hellip; <a href=\"https:\/\/www.nordharzev.de\/?page_id=1359\">Weiterlesen <span class=\"meta-nav\">&rarr;<\/span><\/a><\/p>\n","protected":false},"author":1,"featured_media":0,"parent":0,"menu_order":0,"comment_status":"closed","ping_status":"closed","template":"","meta":[],"_links":{"self":[{"href":"https:\/\/www.nordharzev.de\/index.php?rest_route=\/wp\/v2\/pages\/1359"}],"collection":[{"href":"https:\/\/www.nordharzev.de\/index.php?rest_route=\/wp\/v2\/pages"}],"about":[{"href":"https:\/\/www.nordharzev.de\/index.php?rest_route=\/wp\/v2\/types\/page"}],"author":[{"embeddable":true,"href":"https:\/\/www.nordharzev.de\/index.php?rest_route=\/wp\/v2\/users\/1"}],"replies":[{"embeddable":true,"href":"https:\/\/www.nordharzev.de\/index.php?rest_route=%2Fwp%2Fv2%2Fcomments&post=1359"}],"version-history":[{"count":8,"href":"https:\/\/www.nordharzev.de\/index.php?rest_route=\/wp\/v2\/pages\/1359\/revisions"}],"predecessor-version":[{"id":1474,"href":"https:\/\/www.nordharzev.de\/index.php?rest_route=\/wp\/v2\/pages\/1359\/revisions\/1474"}],"wp:attachment":[{"href":"https:\/\/www.nordharzev.de\/index.php?rest_route=%2Fwp%2Fv2%2Fmedia&parent=1359"}],"curies":[{"name":"wp","href":"https:\/\/api.w.org\/{rel}","templated":true}]}}