{"id":1392,"date":"2024-01-07T15:11:06","date_gmt":"2024-01-07T14:11:06","guid":{"rendered":"https:\/\/www.nordharzev.de\/?page_id=1392"},"modified":"2024-01-07T15:11:06","modified_gmt":"2024-01-07T14:11:06","slug":"kartierungsexkursion-des-botanischen-arbeitskreises-nordharz-e-v-im-leinetal-noerdlich-von-schielo-messtischblatt-mtb-4333-32","status":"publish","type":"page","link":"https:\/\/www.nordharzev.de\/?page_id=1392","title":{"rendered":"Kartierungsexkursion des Botanischen Arbeitskreises Nordharz e.V. im Leinetal n\u00f6rdlich von Schielo (Messtischblatt MTB 4333\/32)"},"content":{"rendered":"\n<p>An diesem Samstag mit hochsommerlichen Temperaturen trafen sich f\u00fcnfzehn Mitstreiter auf dem Sch\u00fctzenplatz in Schielo. Unsere Exkursion f\u00fchrte ins Tal der Leine. Dabei wurde die Flora der Farn- und Bl\u00fctenpflanzen der Wegr\u00e4nder, Wiesen, \u00c4cker und W\u00e4lder im Gebiet der Warmen Liete kartiert. Es wurden zahlreiche Pflanzen erfasst, die das normale Inventar dieser Lebensr\u00e4ume ausmachen, aber auch ein paar besondere Arten gefunden.<\/p>\n\n\n\n<figure class=\"wp-block-image size-large\"><a href=\"https:\/\/www.nordharzev.de\/wp-content\/uploads\/2024\/01\/IMG_20230708_140207934_HDR-scaled.jpg\"><img loading=\"lazy\" width=\"1024\" height=\"768\" src=\"https:\/\/www.nordharzev.de\/wp-content\/uploads\/2024\/01\/IMG_20230708_140207934_HDR-1024x768.jpg\" alt=\"\" class=\"wp-image-1393\" srcset=\"https:\/\/www.nordharzev.de\/wp-content\/uploads\/2024\/01\/IMG_20230708_140207934_HDR-1024x768.jpg 1024w, https:\/\/www.nordharzev.de\/wp-content\/uploads\/2024\/01\/IMG_20230708_140207934_HDR-300x225.jpg 300w, https:\/\/www.nordharzev.de\/wp-content\/uploads\/2024\/01\/IMG_20230708_140207934_HDR-768x576.jpg 768w, https:\/\/www.nordharzev.de\/wp-content\/uploads\/2024\/01\/IMG_20230708_140207934_HDR-1536x1152.jpg 1536w, https:\/\/www.nordharzev.de\/wp-content\/uploads\/2024\/01\/IMG_20230708_140207934_HDR-2048x1536.jpg 2048w\" sizes=\"(max-width: 1024px) 100vw, 1024px\" \/><\/a><\/figure>\n\n\n\n<p>Schon am Ortsrand konnten wir uns \u00fcber wenige \u201eaus Kultur ausgeb\u00fcchste\u201c B\u00fcschel-Glockenblumen (<em>Campanula glomerata<\/em>) erfreuen. Hier hatte sich auch die stattliche Armenische Brombeere (<em>Rubus armeniacus<\/em>) etabliert.<\/p>\n\n\n\n<figure class=\"wp-block-image size-large is-resized\"><a href=\"https:\/\/www.nordharzev.de\/wp-content\/uploads\/2024\/01\/Armenische-Brombeere-Rubus-armeniacus-Armin-Hoch-3.jpg\"><img loading=\"lazy\" src=\"https:\/\/www.nordharzev.de\/wp-content\/uploads\/2024\/01\/Armenische-Brombeere-Rubus-armeniacus-Armin-Hoch-3-1024x749.jpg\" alt=\"\" class=\"wp-image-1394\" width=\"841\" height=\"615\" srcset=\"https:\/\/www.nordharzev.de\/wp-content\/uploads\/2024\/01\/Armenische-Brombeere-Rubus-armeniacus-Armin-Hoch-3-1024x749.jpg 1024w, https:\/\/www.nordharzev.de\/wp-content\/uploads\/2024\/01\/Armenische-Brombeere-Rubus-armeniacus-Armin-Hoch-3-300x220.jpg 300w, https:\/\/www.nordharzev.de\/wp-content\/uploads\/2024\/01\/Armenische-Brombeere-Rubus-armeniacus-Armin-Hoch-3-768x562.jpg 768w, https:\/\/www.nordharzev.de\/wp-content\/uploads\/2024\/01\/Armenische-Brombeere-Rubus-armeniacus-Armin-Hoch-3-1536x1124.jpg 1536w, https:\/\/www.nordharzev.de\/wp-content\/uploads\/2024\/01\/Armenische-Brombeere-Rubus-armeniacus-Armin-Hoch-3.jpg 2021w\" sizes=\"(max-width: 841px) 100vw, 841px\" \/><\/a><figcaption>Armenische Brombeere &#8211;<em> Rubus armeniacus<\/em><\/figcaption><\/figure>\n\n\n\n<p>An den breiten B\u00f6schungen der Wege, die durch die Felder zum Waldrand f\u00fchrten, bl\u00fchte zwischen den Elternarten das Wei\u00dfgelbe Labkraut (<em>Galium pomeranicum<\/em>) und unter den stattlichen, am Wegrand gepflanzten, Gew\u00f6hnlichen Mehlbeeren (<em>Sorbus aria<\/em>) fanden wir ein paar Exemplare vom Guten Heinrich (<em>Chenopodium bonus-henricus<\/em>).<\/p>\n\n\n\n<figure class=\"wp-block-image size-large\"><a href=\"https:\/\/www.nordharzev.de\/wp-content\/uploads\/2024\/01\/Gewoehnliche-Mehlbeere-Sorbus-aria-Wegbaeschung-bei-Schielo-Armin-Hoch-3-scaled.jpg\"><img loading=\"lazy\" width=\"1024\" height=\"683\" src=\"https:\/\/www.nordharzev.de\/wp-content\/uploads\/2024\/01\/Gewoehnliche-Mehlbeere-Sorbus-aria-Wegbaeschung-bei-Schielo-Armin-Hoch-3-1024x683.jpg\" alt=\"\" class=\"wp-image-1395\" srcset=\"https:\/\/www.nordharzev.de\/wp-content\/uploads\/2024\/01\/Gewoehnliche-Mehlbeere-Sorbus-aria-Wegbaeschung-bei-Schielo-Armin-Hoch-3-1024x683.jpg 1024w, https:\/\/www.nordharzev.de\/wp-content\/uploads\/2024\/01\/Gewoehnliche-Mehlbeere-Sorbus-aria-Wegbaeschung-bei-Schielo-Armin-Hoch-3-300x200.jpg 300w, https:\/\/www.nordharzev.de\/wp-content\/uploads\/2024\/01\/Gewoehnliche-Mehlbeere-Sorbus-aria-Wegbaeschung-bei-Schielo-Armin-Hoch-3-768x513.jpg 768w, https:\/\/www.nordharzev.de\/wp-content\/uploads\/2024\/01\/Gewoehnliche-Mehlbeere-Sorbus-aria-Wegbaeschung-bei-Schielo-Armin-Hoch-3-1536x1025.jpg 1536w, https:\/\/www.nordharzev.de\/wp-content\/uploads\/2024\/01\/Gewoehnliche-Mehlbeere-Sorbus-aria-Wegbaeschung-bei-Schielo-Armin-Hoch-3-2048x1367.jpg 2048w\" sizes=\"(max-width: 1024px) 100vw, 1024px\" \/><\/a><figcaption>Gew\u00f6hnliche Mehlbeere &#8211; <em>Sorbus aria<\/em><\/figcaption><\/figure>\n\n\n\n<p>Die Ackerr\u00e4nder hatten leider nicht viel zu bieten. Die Pflanzenschutzmittel hatten Ihre Wirkung nicht verfehlt. Immerhin war mit wenigen Pflanzen noch der Acker-Krummhals (<em>Anchusa arvensis<\/em>) vertreten und hin und wieder leuchteten die blauen Bl\u00fcten der Kornblume (<em>Centaurea cyanus<\/em>) und die roten Bl\u00fcten vom Klatsch-Mohn (<em>Papaver rhoeas<\/em>) und vom Saat-Mohn (<em>Papaver dubium<\/em>).<\/p>\n\n\n\n<p>Direkt auf dem Weg, der am Waldrand entlang zu einer artenreichen Feuchtwiese f\u00fchrte, fanden wir den Kleinen Klappertopf (<em>Rhinanthus minor<\/em>). Das Breitbl\u00e4ttrige Knabenkraut (<em>Dactylorhiza majalis<\/em>) im Quellbereich der Wiese war leider bereits verbl\u00fcht, wir konnten aber ein paar \u201eMumien\u201c nachweisen. Hier entdeckten wir auch die Sumpf-Dotterblume (<em>Caltha palustris<\/em>) und den Kleiner Baldrian (<em>Valeriana dioica<\/em>). Nicht zu \u00fcbersehen waren die imposanten Horste der Rispen-Segge (<em>Carex paniculata<\/em>). &nbsp;<\/p>\n\n\n\n<figure class=\"wp-block-image size-large\"><a href=\"https:\/\/www.nordharzev.de\/wp-content\/uploads\/2024\/01\/Quellwiese-bei-Schielo-Armin-Hoch-1-scaled.jpg\"><img loading=\"lazy\" width=\"1024\" height=\"683\" src=\"https:\/\/www.nordharzev.de\/wp-content\/uploads\/2024\/01\/Quellwiese-bei-Schielo-Armin-Hoch-1-1024x683.jpg\" alt=\"\" class=\"wp-image-1396\" srcset=\"https:\/\/www.nordharzev.de\/wp-content\/uploads\/2024\/01\/Quellwiese-bei-Schielo-Armin-Hoch-1-1024x683.jpg 1024w, https:\/\/www.nordharzev.de\/wp-content\/uploads\/2024\/01\/Quellwiese-bei-Schielo-Armin-Hoch-1-300x200.jpg 300w, https:\/\/www.nordharzev.de\/wp-content\/uploads\/2024\/01\/Quellwiese-bei-Schielo-Armin-Hoch-1-768x513.jpg 768w, https:\/\/www.nordharzev.de\/wp-content\/uploads\/2024\/01\/Quellwiese-bei-Schielo-Armin-Hoch-1-1536x1025.jpg 1536w, https:\/\/www.nordharzev.de\/wp-content\/uploads\/2024\/01\/Quellwiese-bei-Schielo-Armin-Hoch-1-2048x1367.jpg 2048w\" sizes=\"(max-width: 1024px) 100vw, 1024px\" \/><\/a><\/figure>\n\n\n\n<figure class=\"wp-block-image size-large\"><a href=\"https:\/\/www.nordharzev.de\/wp-content\/uploads\/2024\/01\/Rispen-Segge-Carex-paniculata-Quellwiese-bei-Schielo-Armin-Hoch-2-scaled.jpg\"><img loading=\"lazy\" width=\"1024\" height=\"683\" src=\"https:\/\/www.nordharzev.de\/wp-content\/uploads\/2024\/01\/Rispen-Segge-Carex-paniculata-Quellwiese-bei-Schielo-Armin-Hoch-2-1024x683.jpg\" alt=\"\" class=\"wp-image-1397\" srcset=\"https:\/\/www.nordharzev.de\/wp-content\/uploads\/2024\/01\/Rispen-Segge-Carex-paniculata-Quellwiese-bei-Schielo-Armin-Hoch-2-1024x683.jpg 1024w, https:\/\/www.nordharzev.de\/wp-content\/uploads\/2024\/01\/Rispen-Segge-Carex-paniculata-Quellwiese-bei-Schielo-Armin-Hoch-2-300x200.jpg 300w, https:\/\/www.nordharzev.de\/wp-content\/uploads\/2024\/01\/Rispen-Segge-Carex-paniculata-Quellwiese-bei-Schielo-Armin-Hoch-2-768x513.jpg 768w, https:\/\/www.nordharzev.de\/wp-content\/uploads\/2024\/01\/Rispen-Segge-Carex-paniculata-Quellwiese-bei-Schielo-Armin-Hoch-2-1536x1025.jpg 1536w, https:\/\/www.nordharzev.de\/wp-content\/uploads\/2024\/01\/Rispen-Segge-Carex-paniculata-Quellwiese-bei-Schielo-Armin-Hoch-2-2048x1367.jpg 2048w\" sizes=\"(max-width: 1024px) 100vw, 1024px\" \/><\/a><figcaption>Rispen-Segge &#8211; <em>Carex paniculata <\/em>in Quellwiese bei Schielo<\/figcaption><\/figure>\n\n\n\n<p>Auf einem trockenen H\u00fcgel in dieser Wiese konnte bei einer Vorexkursion die seltene Platterbsen-Wicke (<em>Vicia lathyroides<\/em>) nachgewiesen werden. Bei dieser Begehung gelang im benachbarten Waldsaum auch der Nachweis von einigen Pflanzen des Gl\u00e4nzenden Storchschnabels (<em>Geranium lucidum<\/em>).<\/p>\n\n\n\n<p>An einem kleinen Teich im Wald legten wir im Schatten der alten Laubb\u00e4ume eine kleine Rast ein. Am Ufer des Weihers wuchs die Sumpf-Schwertlilie (<em>Iris pseudacorus<\/em>) und auf dem Wasser hatte sich das Schwimmende Laichkraut (<em>Potamogeton natans<\/em>) etabliert.<\/p>\n\n\n\n<figure class=\"wp-block-image size-large\"><a href=\"https:\/\/www.nordharzev.de\/wp-content\/uploads\/2024\/01\/IMG_8664-scaled.jpg\"><img loading=\"lazy\" width=\"1024\" height=\"710\" src=\"https:\/\/www.nordharzev.de\/wp-content\/uploads\/2024\/01\/IMG_8664-1024x710.jpg\" alt=\"\" class=\"wp-image-1398\" srcset=\"https:\/\/www.nordharzev.de\/wp-content\/uploads\/2024\/01\/IMG_8664-1024x710.jpg 1024w, https:\/\/www.nordharzev.de\/wp-content\/uploads\/2024\/01\/IMG_8664-300x208.jpg 300w, https:\/\/www.nordharzev.de\/wp-content\/uploads\/2024\/01\/IMG_8664-768x532.jpg 768w, https:\/\/www.nordharzev.de\/wp-content\/uploads\/2024\/01\/IMG_8664-1536x1064.jpg 1536w, https:\/\/www.nordharzev.de\/wp-content\/uploads\/2024\/01\/IMG_8664-2048x1419.jpg 2048w\" sizes=\"(max-width: 1024px) 100vw, 1024px\" \/><\/a><\/figure>\n\n\n\n<p>Unser Weg f\u00fchrte uns nun durch Forstkulturen mit Eichen (<em>Quercus<\/em> spec.) und Douglasien (<em>Pseudotsuga menziesii<\/em>). Die gro\u00dfen Fl\u00e4chen entstanden durch Fichten-Kahlhiebe, die, wie in den letzten Jahren \u00fcberall im Harz, auf Grund einer Borkenk\u00e4ferkalamit\u00e4t notwendig wurden. Diese Fl\u00e4chen bieten Gr\u00e4sern und vor allem Brombeerarten ausgezeichnete Wachstumsbedingungen. Zu den hier etablierten Arten geh\u00f6rten neben der Himbeere (<em>Rubus idaeus<\/em>), die Grabowskis Brombeere (<em>Rubus grabowskii<\/em>), die Raspel-Brombeere (<em>Rubus radula<\/em>) und etwas seltener die Halbaufrechte Brombeere (<em>Rubus nessensis<\/em>). An einigen Wegr\u00e4ndern gesellte sich dann noch die Krummnadelige Haselblattbrombeere (<em>Rubus curvaciculatus<\/em>) dazu, die erst sp\u00e4ter nachbestimmt wurde.<\/p>\n\n\n\n<p>Bei der Vorexkursion am 18. Mai 2023 bl\u00fchten auf einem naturbelassenen Forstweg tausende Pflanzen vom Bunten Vergissmeinnicht (<em>Myosotis discolor<\/em>). Jetzt im Juni war davon kein einziges Pfl\u00e4nzchen mehr zu entdecken! Daf\u00fcr fanden wir hier das Echte Tausendg\u00fcldenkraut (<em>Centaurium erythraea<\/em>) und das Liegende Hartheu (<em>Hypericum humifusum<\/em>).<\/p>\n\n\n<div class=\"wp-block-image\">\n<figure class=\"alignleft size-large is-resized\"><a href=\"https:\/\/www.nordharzev.de\/wp-content\/uploads\/2024\/01\/Buntes-Vergissmeinnicht-Myosotis-discolor-Armin-Hoch-scaled.jpg\"><img loading=\"lazy\" src=\"https:\/\/www.nordharzev.de\/wp-content\/uploads\/2024\/01\/Buntes-Vergissmeinnicht-Myosotis-discolor-Armin-Hoch-768x1024.jpg\" alt=\"\" class=\"wp-image-1403\" width=\"300\" height=\"428\"\/><\/a><figcaption>Buntes Vergissmeinnicht &#8211; <em>Myosotis discolor<\/em><\/figcaption><\/figure><\/div>\n\n<div class=\"wp-block-image\">\n<figure class=\"alignright size-large is-resized\"><a href=\"https:\/\/www.nordharzev.de\/wp-content\/uploads\/2024\/01\/Exkursionsteilnehmer-Schielo-Joachim-Keller.jpg\"><img loading=\"lazy\" src=\"https:\/\/www.nordharzev.de\/wp-content\/uploads\/2024\/01\/Exkursionsteilnehmer-Schielo-Joachim-Keller-683x1024.jpg\" alt=\"\" class=\"wp-image-1402\" width=\"300\" height=\"428\"\/><\/a><\/figure><\/div>\n\n\n<figure class=\"wp-block-image size-large\"><a href=\"https:\/\/www.nordharzev.de\/wp-content\/uploads\/2024\/01\/Liegendes-Hartheu-Hypericum-humifusum-Schielo-Joachim-Keller.jpg\"><img loading=\"lazy\" width=\"1024\" height=\"721\" src=\"https:\/\/www.nordharzev.de\/wp-content\/uploads\/2024\/01\/Liegendes-Hartheu-Hypericum-humifusum-Schielo-Joachim-Keller-1024x721.jpg\" alt=\"\" class=\"wp-image-1399\" srcset=\"https:\/\/www.nordharzev.de\/wp-content\/uploads\/2024\/01\/Liegendes-Hartheu-Hypericum-humifusum-Schielo-Joachim-Keller-1024x721.jpg 1024w, https:\/\/www.nordharzev.de\/wp-content\/uploads\/2024\/01\/Liegendes-Hartheu-Hypericum-humifusum-Schielo-Joachim-Keller-300x211.jpg 300w, https:\/\/www.nordharzev.de\/wp-content\/uploads\/2024\/01\/Liegendes-Hartheu-Hypericum-humifusum-Schielo-Joachim-Keller-768x541.jpg 768w, https:\/\/www.nordharzev.de\/wp-content\/uploads\/2024\/01\/Liegendes-Hartheu-Hypericum-humifusum-Schielo-Joachim-Keller.jpg 1506w\" sizes=\"(max-width: 1024px) 100vw, 1024px\" \/><\/a><figcaption>Liegendes Hartheu &#8211; <em>Hypericum humisifolium<\/em><\/figcaption><\/figure>\n\n\n\n<p>Im Tal der Leine hatten wir uns dann die Mittagspause verdient. Auf Grund der hohen Temperaturen k\u00fcrzten wir den R\u00fcckweg ab und fanden beim Aufstieg an den breiten Forstwegen noch sch\u00f6ne Best\u00e4nde der Heide-Nelke (<em>Dianthus deltoides<\/em>).<\/p>\n\n\n\n<p>Es war Alles in Allem ein sch\u00f6ner Kartierungstag in einer sehr reizvollen und lieblichen Gegend mit einem Mosaik aus verschiedenen Lebensr\u00e4umen. Auch das Kartierungsergebnis kann sich sehen lassen: Wir konnten, inclusive weniger Sippen aus der Vorexkursion im Fr\u00fchjahr, insgesamt 376 Sippen nachweisen. Darunter befanden sich 41 gesch\u00fctzte und gef\u00e4hrdete Sippen. F\u00fcr den MTBQ<a><\/a> konnten 33 Neufunde und 21 Wiederfunde nach 1991 erbracht werden.<\/p>\n\n\n\n<p>Einige der Exkursionsteilnehmer besuchten im Anschluss noch einen Ackerrand bei Neudorf (Harz), an dem sich zahlreiche Pflanzen der Gro\u00dfbl\u00fctigen Leimsaat (<em>Collemia grandiflora<\/em>) etabliert hatten.<\/p>\n\n\n\n<figure class=\"wp-block-image size-large\"><a href=\"https:\/\/www.nordharzev.de\/wp-content\/uploads\/2024\/01\/Grossbluetige-Leimsaat-Collemia-grandiflora-Ackerrand-W-Neudorf-08.06.2023-Armin-Hoch-scaled.jpg\"><img loading=\"lazy\" width=\"1024\" height=\"683\" src=\"https:\/\/www.nordharzev.de\/wp-content\/uploads\/2024\/01\/Grossbluetige-Leimsaat-Collemia-grandiflora-Ackerrand-W-Neudorf-08.06.2023-Armin-Hoch-1024x683.jpg\" alt=\"\" class=\"wp-image-1400\" srcset=\"https:\/\/www.nordharzev.de\/wp-content\/uploads\/2024\/01\/Grossbluetige-Leimsaat-Collemia-grandiflora-Ackerrand-W-Neudorf-08.06.2023-Armin-Hoch-1024x683.jpg 1024w, https:\/\/www.nordharzev.de\/wp-content\/uploads\/2024\/01\/Grossbluetige-Leimsaat-Collemia-grandiflora-Ackerrand-W-Neudorf-08.06.2023-Armin-Hoch-300x200.jpg 300w, https:\/\/www.nordharzev.de\/wp-content\/uploads\/2024\/01\/Grossbluetige-Leimsaat-Collemia-grandiflora-Ackerrand-W-Neudorf-08.06.2023-Armin-Hoch-768x513.jpg 768w, https:\/\/www.nordharzev.de\/wp-content\/uploads\/2024\/01\/Grossbluetige-Leimsaat-Collemia-grandiflora-Ackerrand-W-Neudorf-08.06.2023-Armin-Hoch-1536x1025.jpg 1536w, https:\/\/www.nordharzev.de\/wp-content\/uploads\/2024\/01\/Grossbluetige-Leimsaat-Collemia-grandiflora-Ackerrand-W-Neudorf-08.06.2023-Armin-Hoch-2048x1367.jpg 2048w\" sizes=\"(max-width: 1024px) 100vw, 1024px\" \/><\/a><figcaption>Gro\u00dfbl\u00fctige Leimsaat &#8211; <em>Collemia grandiflora<\/em><\/figcaption><\/figure>\n\n\n\n<p>Die Botanischen Errungenschaften der Kartierexkursion k\u00f6nnen in Form einer Artenliste heruntergeladen werden: <a href=\"http:\/\/www.nordharzev.de\/wp-content\/uploads\/2024\/01\/2023_07_08-BAK-Leinetal-N-Schielo-MTB-4333-32-A.-Hoch.pdf\" data-type=\"URL\" data-id=\"http:\/\/www.nordharzev.de\/wp-content\/uploads\/2024\/01\/2023_07_08-BAK-Leinetal-N-Schielo-MTB-4333-32-A.-Hoch.pdf\" target=\"_blank\" rel=\"noreferrer noopener\">Artenliste Leinetal n\u00f6rdlich Schielo<\/a><\/p>\n\n\n\n<p>Text: Armin Hoch<br>Fotos: Armin Hoch, Dr. Joachim Keller, J\u00fcrgen Roehl<br>Bearbeitung Artenliste: Armin Hoch<\/p>\n","protected":false},"excerpt":{"rendered":"<p>An diesem Samstag mit hochsommerlichen Temperaturen trafen sich f\u00fcnfzehn Mitstreiter auf dem Sch\u00fctzenplatz in Schielo. Unsere Exkursion f\u00fchrte ins Tal der Leine. Dabei wurde die Flora der Farn- und Bl\u00fctenpflanzen der Wegr\u00e4nder, Wiesen, \u00c4cker und W\u00e4lder im Gebiet der Warmen &hellip; <a href=\"https:\/\/www.nordharzev.de\/?page_id=1392\">Weiterlesen <span class=\"meta-nav\">&rarr;<\/span><\/a><\/p>\n","protected":false},"author":1,"featured_media":0,"parent":0,"menu_order":0,"comment_status":"closed","ping_status":"closed","template":"","meta":[],"_links":{"self":[{"href":"https:\/\/www.nordharzev.de\/index.php?rest_route=\/wp\/v2\/pages\/1392"}],"collection":[{"href":"https:\/\/www.nordharzev.de\/index.php?rest_route=\/wp\/v2\/pages"}],"about":[{"href":"https:\/\/www.nordharzev.de\/index.php?rest_route=\/wp\/v2\/types\/page"}],"author":[{"embeddable":true,"href":"https:\/\/www.nordharzev.de\/index.php?rest_route=\/wp\/v2\/users\/1"}],"replies":[{"embeddable":true,"href":"https:\/\/www.nordharzev.de\/index.php?rest_route=%2Fwp%2Fv2%2Fcomments&post=1392"}],"version-history":[{"count":1,"href":"https:\/\/www.nordharzev.de\/index.php?rest_route=\/wp\/v2\/pages\/1392\/revisions"}],"predecessor-version":[{"id":1406,"href":"https:\/\/www.nordharzev.de\/index.php?rest_route=\/wp\/v2\/pages\/1392\/revisions\/1406"}],"wp:attachment":[{"href":"https:\/\/www.nordharzev.de\/index.php?rest_route=%2Fwp%2Fv2%2Fmedia&parent=1392"}],"curies":[{"name":"wp","href":"https:\/\/api.w.org\/{rel}","templated":true}]}}