{"id":1436,"date":"2024-01-21T16:19:15","date_gmt":"2024-01-21T15:19:15","guid":{"rendered":"https:\/\/www.nordharzev.de\/?page_id=1436"},"modified":"2024-01-21T16:21:56","modified_gmt":"2024-01-21T15:21:56","slug":"arbeitseinsatz-nsg-steinholz-harslebener-berge-am-28-10-2023","status":"publish","type":"page","link":"https:\/\/www.nordharzev.de\/?page_id=1436","title":{"rendered":"Arbeitseinsatz NSG &#8218;Steinholz&#8217;\/ Harslebener Berge am 28.10.2023"},"content":{"rendered":"\n<p>Bei unserem Pflegeeinsatz vom 28.10.2023 im Nordteil des NSG Steinholz\/ Harslebener Berge konnten mit tatkr\u00e4ftiger Unterst\u00fctzung von Vereinsmitgliedern des Botanischen Arbeitskreis Nordharz e.V. sowie aktiver Studenten der Fachhochschule Bernburg, der Vereinigung WurzelWerk (eine Interessenvertretung und Naturschutzverband f\u00fcr Studierende der Hochschule Anhalt), mehrere Wuchsorte von Arten wie <em>Platanthera bifolia<\/em>, <em>Pulsatilla pratensis<\/em> und <em>Aster linosyris<\/em> von Schnitt- und M\u00e4hgut ber\u00e4umt werden. Dabei waren die Fl\u00e4chen in Vorbereitung zum Arbeitseinsatz bereits von aufkommenden Geh\u00f6lzen befreit worden.<\/p>\n\n\n\n<div class=\"wp-container-1 wp-block-group\"><div class=\"wp-block-group__inner-container\"><div class=\"wp-block-image is-style-rounded\">\n<figure class=\"alignleft size-large is-resized\"><a href=\"http:\/\/www.nordharzev.de\/wp-content\/uploads\/2024\/01\/20231028_113749-scaled.jpg\"><img loading=\"lazy\" src=\"http:\/\/www.nordharzev.de\/wp-content\/uploads\/2024\/01\/20231028_113749-709x1024.jpg\" alt=\"\" class=\"wp-image-1438\" width=\"300\" height=\"500\"\/><\/a><\/figure><\/div><\/div><\/div>\n\n\n<div class=\"wp-block-image is-style-rounded\">\n<figure class=\"alignright size-large is-resized\"><a href=\"http:\/\/www.nordharzev.de\/wp-content\/uploads\/2024\/01\/20231028_125403-scaled.jpg\"><img loading=\"lazy\" src=\"http:\/\/www.nordharzev.de\/wp-content\/uploads\/2024\/01\/20231028_125403-708x1024.jpg\" alt=\"\" class=\"wp-image-1439\" width=\"300\" height=\"500\"\/><\/a><\/figure><\/div>\n\n\n<p><\/p>\n\n\n\n<figure class=\"wp-block-image size-large\"><a href=\"http:\/\/www.nordharzev.de\/wp-content\/uploads\/2024\/01\/IMG_1833-scaled.jpg\"><img loading=\"lazy\" width=\"1024\" height=\"709\" src=\"http:\/\/www.nordharzev.de\/wp-content\/uploads\/2024\/01\/IMG_1833-1024x709.jpg\" alt=\"\" class=\"wp-image-1440\" srcset=\"https:\/\/www.nordharzev.de\/wp-content\/uploads\/2024\/01\/IMG_1833-1024x709.jpg 1024w, https:\/\/www.nordharzev.de\/wp-content\/uploads\/2024\/01\/IMG_1833-300x208.jpg 300w, https:\/\/www.nordharzev.de\/wp-content\/uploads\/2024\/01\/IMG_1833-768x532.jpg 768w, https:\/\/www.nordharzev.de\/wp-content\/uploads\/2024\/01\/IMG_1833-1536x1063.jpg 1536w, https:\/\/www.nordharzev.de\/wp-content\/uploads\/2024\/01\/IMG_1833-2048x1418.jpg 2048w\" sizes=\"(max-width: 1024px) 100vw, 1024px\" \/><\/a><\/figure>\n\n\n\n<p>Leider lie\u00df das zu windige Wetter ein geplantes sofortiges Verbrennen des Schnittgutes vor Ort nicht zu. Daf\u00fcr wurde nach Kr\u00e4ften weiter entbuscht, so dass am Ende des Tages auf gro\u00dfe gepflegte Fl\u00e4chen geblickt werden konnte.<\/p>\n\n\n\n<figure class=\"wp-block-image size-large\"><a href=\"http:\/\/www.nordharzev.de\/wp-content\/uploads\/2024\/01\/IMG_1840-scaled.jpg\"><img loading=\"lazy\" width=\"1024\" height=\"710\" src=\"http:\/\/www.nordharzev.de\/wp-content\/uploads\/2024\/01\/IMG_1840-1024x710.jpg\" alt=\"\" class=\"wp-image-1441\" srcset=\"https:\/\/www.nordharzev.de\/wp-content\/uploads\/2024\/01\/IMG_1840-1024x710.jpg 1024w, https:\/\/www.nordharzev.de\/wp-content\/uploads\/2024\/01\/IMG_1840-300x208.jpg 300w, https:\/\/www.nordharzev.de\/wp-content\/uploads\/2024\/01\/IMG_1840-768x533.jpg 768w, https:\/\/www.nordharzev.de\/wp-content\/uploads\/2024\/01\/IMG_1840-1536x1065.jpg 1536w, https:\/\/www.nordharzev.de\/wp-content\/uploads\/2024\/01\/IMG_1840-2048x1420.jpg 2048w\" sizes=\"(max-width: 1024px) 100vw, 1024px\" \/><\/a><\/figure>\n\n\n\n<figure class=\"wp-block-image size-large\"><a href=\"http:\/\/www.nordharzev.de\/wp-content\/uploads\/2024\/01\/IMG_1848-scaled.jpg\"><img loading=\"lazy\" width=\"1024\" height=\"710\" src=\"http:\/\/www.nordharzev.de\/wp-content\/uploads\/2024\/01\/IMG_1848-1024x710.jpg\" alt=\"\" class=\"wp-image-1442\" srcset=\"https:\/\/www.nordharzev.de\/wp-content\/uploads\/2024\/01\/IMG_1848-1024x710.jpg 1024w, https:\/\/www.nordharzev.de\/wp-content\/uploads\/2024\/01\/IMG_1848-300x208.jpg 300w, https:\/\/www.nordharzev.de\/wp-content\/uploads\/2024\/01\/IMG_1848-768x532.jpg 768w, https:\/\/www.nordharzev.de\/wp-content\/uploads\/2024\/01\/IMG_1848-1536x1064.jpg 1536w, https:\/\/www.nordharzev.de\/wp-content\/uploads\/2024\/01\/IMG_1848-2048x1419.jpg 2048w\" sizes=\"(max-width: 1024px) 100vw, 1024px\" \/><\/a><\/figure>\n\n\n\n<p><strong>Gedankt sei allen Beteiligten f\u00fcr die geleistete Arbeit zur Erhaltung unserer vielf\u00e4ltigen, sch\u00fctzenswerten und zum Verweilen einladenden Kulturlandschaft.<\/strong> <\/p>\n\n\n\n<p>Text: Norbert Ru\u00dfwurm<br>Fotos: J\u00fcrgen Roehl<\/p>\n","protected":false},"excerpt":{"rendered":"<p>Bei unserem Pflegeeinsatz vom 28.10.2023 im Nordteil des NSG Steinholz\/ Harslebener Berge konnten mit tatkr\u00e4ftiger Unterst\u00fctzung von Vereinsmitgliedern des Botanischen Arbeitskreis Nordharz e.V. sowie aktiver Studenten der Fachhochschule Bernburg, der Vereinigung WurzelWerk (eine Interessenvertretung und Naturschutzverband f\u00fcr Studierende der Hochschule &hellip; <a href=\"https:\/\/www.nordharzev.de\/?page_id=1436\">Weiterlesen <span class=\"meta-nav\">&rarr;<\/span><\/a><\/p>\n","protected":false},"author":1,"featured_media":0,"parent":0,"menu_order":0,"comment_status":"closed","ping_status":"closed","template":"","meta":[],"_links":{"self":[{"href":"https:\/\/www.nordharzev.de\/index.php?rest_route=\/wp\/v2\/pages\/1436"}],"collection":[{"href":"https:\/\/www.nordharzev.de\/index.php?rest_route=\/wp\/v2\/pages"}],"about":[{"href":"https:\/\/www.nordharzev.de\/index.php?rest_route=\/wp\/v2\/types\/page"}],"author":[{"embeddable":true,"href":"https:\/\/www.nordharzev.de\/index.php?rest_route=\/wp\/v2\/users\/1"}],"replies":[{"embeddable":true,"href":"https:\/\/www.nordharzev.de\/index.php?rest_route=%2Fwp%2Fv2%2Fcomments&post=1436"}],"version-history":[{"count":2,"href":"https:\/\/www.nordharzev.de\/index.php?rest_route=\/wp\/v2\/pages\/1436\/revisions"}],"predecessor-version":[{"id":1448,"href":"https:\/\/www.nordharzev.de\/index.php?rest_route=\/wp\/v2\/pages\/1436\/revisions\/1448"}],"wp:attachment":[{"href":"https:\/\/www.nordharzev.de\/index.php?rest_route=%2Fwp%2Fv2%2Fmedia&parent=1436"}],"curies":[{"name":"wp","href":"https:\/\/api.w.org\/{rel}","templated":true}]}}