{"id":1457,"date":"2024-01-28T15:31:18","date_gmt":"2024-01-28T14:31:18","guid":{"rendered":"https:\/\/www.nordharzev.de\/?page_id=1457"},"modified":"2024-01-28T15:41:18","modified_gmt":"2024-01-28T14:41:18","slug":"rueckblick-zur-exkursion-der-mumienbotanik-vom-04-11-2023","status":"publish","type":"page","link":"https:\/\/www.nordharzev.de\/?page_id=1457","title":{"rendered":"Exkursion der Mumienbotanik vom 04.11.2023"},"content":{"rendered":"\n<p>Ziel der Exkursion \u201eMumienbotanik\u201c sollte es sein, anhand der Reste, die der Herbst von den Pflanzen \u00fcbriggelassen hat, der Art in ihrer Bestimmung so nahe wie m\u00f6glich zu kommen. Das sollte eine echte Gemeinschaftsarbeit werden, bei der jeder seine Kenntnisse, Vermutungen und Vorschl\u00e4ge mit einbringt. Aufgrund der Wetterverh\u00e4ltnisse im Jahr 2023 \u2013 einem niederschlagsreichen Sommer und Herbst nach einem sehr trockenen Fr\u00fchling und Fr\u00fchsommer\u2013 hatten aber viele Pflanzen noch einmal Atem geholt und eine sp\u00e4te Nachbl\u00fcte hervorgebracht, so dass wir neben herbstlichen Mumien wider Erwarten noch etliche bl\u00fchende Pflanzen vorfanden.<\/p>\n\n\n\n<figure class=\"wp-block-image size-large\"><a href=\"http:\/\/www.nordharzev.de\/wp-content\/uploads\/2024\/01\/IMG_20231104_102625660-scaled.jpg\"><img loading=\"lazy\" width=\"1024\" height=\"768\" src=\"http:\/\/www.nordharzev.de\/wp-content\/uploads\/2024\/01\/IMG_20231104_102625660-1024x768.jpg\" alt=\"\" class=\"wp-image-1465\" srcset=\"https:\/\/www.nordharzev.de\/wp-content\/uploads\/2024\/01\/IMG_20231104_102625660-1024x768.jpg 1024w, https:\/\/www.nordharzev.de\/wp-content\/uploads\/2024\/01\/IMG_20231104_102625660-300x225.jpg 300w, https:\/\/www.nordharzev.de\/wp-content\/uploads\/2024\/01\/IMG_20231104_102625660-768x576.jpg 768w, https:\/\/www.nordharzev.de\/wp-content\/uploads\/2024\/01\/IMG_20231104_102625660-1536x1152.jpg 1536w, https:\/\/www.nordharzev.de\/wp-content\/uploads\/2024\/01\/IMG_20231104_102625660-2048x1536.jpg 2048w\" sizes=\"(max-width: 1024px) 100vw, 1024px\" \/><\/a><\/figure>\n\n\n\n<p>Der Kahlenberg liegt unmittelbar am Harzrand s\u00fcdlich von Rieder und n\u00f6rdlich des NSG \u201eAlte Burg\u201c bei Gernrode. Es handelt sich um ein Gebiet mit alten Streuobstwiesen, von gut gepflegt bis aufgelassen, Kalk-Trockenrasen, Gr\u00fcnland, Aufforstungen und Sukzessionsfl\u00e4chen.<\/p>\n\n\n<div class=\"wp-block-image is-style-rounded\">\n<figure class=\"alignleft size-large is-resized\"><a href=\"http:\/\/www.nordharzev.de\/wp-content\/uploads\/2024\/01\/T_D231104-70-028-Spiranthes-spiralis.jpg\"><img loading=\"lazy\" src=\"https:\/\/www.nordharzev.de\/wp-content\/uploads\/2024\/01\/T_D231104-70-028-Spiranthes-spiralis-edited.jpg\" alt=\"\" class=\"wp-image-1462\" width=\"296\" height=\"394\" srcset=\"https:\/\/www.nordharzev.de\/wp-content\/uploads\/2024\/01\/T_D231104-70-028-Spiranthes-spiralis-edited.jpg 1094w, https:\/\/www.nordharzev.de\/wp-content\/uploads\/2024\/01\/T_D231104-70-028-Spiranthes-spiralis-edited-225x300.jpg 225w, https:\/\/www.nordharzev.de\/wp-content\/uploads\/2024\/01\/T_D231104-70-028-Spiranthes-spiralis-edited-768x1024.jpg 768w\" sizes=\"(max-width: 296px) 100vw, 296px\" \/><\/a><figcaption>ehem. Bl\u00fctenstand der Herbst-Wendelorchis<\/figcaption><\/figure><\/div>\n\n\n<p><\/p>\n\n\n\n<p><\/p>\n\n\n<div class=\"wp-block-image is-style-rounded\">\n<figure class=\"alignright size-large is-resized\"><a href=\"http:\/\/www.nordharzev.de\/wp-content\/uploads\/2024\/01\/T_D231104-70-034-Ophrys-apifera.jpg\"><img loading=\"lazy\" src=\"https:\/\/www.nordharzev.de\/wp-content\/uploads\/2024\/01\/T_D231104-70-034-Ophrys-apifera-edited.jpg\" alt=\"\" class=\"wp-image-1463\" width=\"282\" height=\"282\" srcset=\"https:\/\/www.nordharzev.de\/wp-content\/uploads\/2024\/01\/T_D231104-70-034-Ophrys-apifera-edited.jpg 1093w, https:\/\/www.nordharzev.de\/wp-content\/uploads\/2024\/01\/T_D231104-70-034-Ophrys-apifera-edited-300x300.jpg 300w, https:\/\/www.nordharzev.de\/wp-content\/uploads\/2024\/01\/T_D231104-70-034-Ophrys-apifera-edited-1024x1024.jpg 1024w, https:\/\/www.nordharzev.de\/wp-content\/uploads\/2024\/01\/T_D231104-70-034-Ophrys-apifera-edited-150x150.jpg 150w, https:\/\/www.nordharzev.de\/wp-content\/uploads\/2024\/01\/T_D231104-70-034-Ophrys-apifera-edited-768x769.jpg 768w\" sizes=\"(max-width: 282px) 100vw, 282px\" \/><\/a><figcaption>Grundrosette der Bienen-Ragwurz<\/figcaption><\/figure><\/div>\n\n\n<p><\/p>\n\n\n\n<figure class=\"wp-block-image size-large\"><a href=\"http:\/\/www.nordharzev.de\/wp-content\/uploads\/2024\/01\/IMG_20231104_104737809_HDR-scaled.jpg\"><img loading=\"lazy\" width=\"1024\" height=\"768\" src=\"http:\/\/www.nordharzev.de\/wp-content\/uploads\/2024\/01\/IMG_20231104_104737809_HDR-1024x768.jpg\" alt=\"\" class=\"wp-image-1466\" srcset=\"https:\/\/www.nordharzev.de\/wp-content\/uploads\/2024\/01\/IMG_20231104_104737809_HDR-1024x768.jpg 1024w, https:\/\/www.nordharzev.de\/wp-content\/uploads\/2024\/01\/IMG_20231104_104737809_HDR-300x225.jpg 300w, https:\/\/www.nordharzev.de\/wp-content\/uploads\/2024\/01\/IMG_20231104_104737809_HDR-768x576.jpg 768w, https:\/\/www.nordharzev.de\/wp-content\/uploads\/2024\/01\/IMG_20231104_104737809_HDR-1536x1152.jpg 1536w, https:\/\/www.nordharzev.de\/wp-content\/uploads\/2024\/01\/IMG_20231104_104737809_HDR-2048x1536.jpg 2048w\" sizes=\"(max-width: 1024px) 100vw, 1024px\" \/><\/a><\/figure>\n\n\n\n<p>Unsere Route f\u00fchrte zun\u00e4chst am F\u00fcrstenweg entlang Richtung Ballenstedt. Vom sch\u00f6nen Sonnenschein verlockt, wechselten wir bald durch die Senke auf die S\u00fcdseite des Kahlenberges. Hier fanden wir sogar noch einzelne bl\u00fchende Herbst-Wendelorchis (<em>Spiranthes spiralis<\/em>) und zahlreiche Sprossende Felsennelken (<em>Petrorhagia prolifera<\/em>), auch die Tauben-Skabiose (<em>Scabiosa columbaria<\/em>) war noch reichlich vertreten<em>.<\/em> <\/p>\n\n\n<div class=\"wp-block-image\">\n<figure class=\"alignleft size-large is-resized\"><a href=\"http:\/\/www.nordharzev.de\/wp-content\/uploads\/2024\/01\/T_D231104-70-057-Petrorhagia-prolifera.jpg\"><img loading=\"lazy\" src=\"http:\/\/www.nordharzev.de\/wp-content\/uploads\/2024\/01\/T_D231104-70-057-Petrorhagia-prolifera-747x1024.jpg\" alt=\"\" class=\"wp-image-1460\" width=\"301\" height=\"412\" srcset=\"https:\/\/www.nordharzev.de\/wp-content\/uploads\/2024\/01\/T_D231104-70-057-Petrorhagia-prolifera-747x1024.jpg 747w, https:\/\/www.nordharzev.de\/wp-content\/uploads\/2024\/01\/T_D231104-70-057-Petrorhagia-prolifera-219x300.jpg 219w, https:\/\/www.nordharzev.de\/wp-content\/uploads\/2024\/01\/T_D231104-70-057-Petrorhagia-prolifera-768x1053.jpg 768w, https:\/\/www.nordharzev.de\/wp-content\/uploads\/2024\/01\/T_D231104-70-057-Petrorhagia-prolifera.jpg 842w\" sizes=\"(max-width: 301px) 100vw, 301px\" \/><\/a><figcaption><em>Petrorhagia prolifera<\/em> &#8211; Sprossende Felsennelke<\/figcaption><\/figure><\/div>\n\n<div class=\"wp-block-image\">\n<figure class=\"alignright size-large is-resized\"><a href=\"http:\/\/www.nordharzev.de\/wp-content\/uploads\/2024\/01\/T_D231104-70-020-Aira-praecox.jpg\"><img loading=\"lazy\" src=\"http:\/\/www.nordharzev.de\/wp-content\/uploads\/2024\/01\/T_D231104-70-020-Aira-praecox-682x1024.jpg\" alt=\"\" class=\"wp-image-1464\" width=\"276\" height=\"416\"\/><\/a><figcaption><em>Aira praecox <\/em>&#8211; Fr\u00fche Haferschmiele<\/figcaption><\/figure><\/div>\n\n\n<p><\/p>\n\n\n\n<figure class=\"wp-block-image size-large\"><a href=\"http:\/\/www.nordharzev.de\/wp-content\/uploads\/2024\/01\/IMG_20231104_105104366-scaled.jpg\"><img loading=\"lazy\" width=\"1024\" height=\"768\" src=\"http:\/\/www.nordharzev.de\/wp-content\/uploads\/2024\/01\/IMG_20231104_105104366-1024x768.jpg\" alt=\"\" class=\"wp-image-1467\" srcset=\"https:\/\/www.nordharzev.de\/wp-content\/uploads\/2024\/01\/IMG_20231104_105104366-1024x768.jpg 1024w, https:\/\/www.nordharzev.de\/wp-content\/uploads\/2024\/01\/IMG_20231104_105104366-300x225.jpg 300w, https:\/\/www.nordharzev.de\/wp-content\/uploads\/2024\/01\/IMG_20231104_105104366-768x576.jpg 768w, https:\/\/www.nordharzev.de\/wp-content\/uploads\/2024\/01\/IMG_20231104_105104366-1536x1152.jpg 1536w, https:\/\/www.nordharzev.de\/wp-content\/uploads\/2024\/01\/IMG_20231104_105104366-2048x1536.jpg 2048w\" sizes=\"(max-width: 1024px) 100vw, 1024px\" \/><\/a><\/figure>\n\n\n\n<figure class=\"wp-block-image size-large\"><a href=\"http:\/\/www.nordharzev.de\/wp-content\/uploads\/2024\/01\/IMG_20231104_115102372_HDR-scaled.jpg\"><img loading=\"lazy\" width=\"1024\" height=\"768\" src=\"http:\/\/www.nordharzev.de\/wp-content\/uploads\/2024\/01\/IMG_20231104_115102372_HDR-1024x768.jpg\" alt=\"\" class=\"wp-image-1469\" srcset=\"https:\/\/www.nordharzev.de\/wp-content\/uploads\/2024\/01\/IMG_20231104_115102372_HDR-1024x768.jpg 1024w, https:\/\/www.nordharzev.de\/wp-content\/uploads\/2024\/01\/IMG_20231104_115102372_HDR-300x225.jpg 300w, https:\/\/www.nordharzev.de\/wp-content\/uploads\/2024\/01\/IMG_20231104_115102372_HDR-768x576.jpg 768w, https:\/\/www.nordharzev.de\/wp-content\/uploads\/2024\/01\/IMG_20231104_115102372_HDR-1536x1152.jpg 1536w, https:\/\/www.nordharzev.de\/wp-content\/uploads\/2024\/01\/IMG_20231104_115102372_HDR-2048x1536.jpg 2048w\" sizes=\"(max-width: 1024px) 100vw, 1024px\" \/><\/a><\/figure>\n\n\n\n<p>Es war nicht ganz einfach, einen wenigstens etwas windgesch\u00fctzten Rastplatz zu finden. Anschlie\u00dfend f\u00fchrte uns die Exkursion \u00fcber den Kamm des Kahlenberges. Bei bester Sicht konnte der Blick weit \u00fcber das Harzvorland schweifen. An der Nordseite ging es zum ehemalige Hundesportplatz, der als Orchideenstandort wegen des Vorkommens von Herbst-Wendelorchis und Bienen-Ragwurz (<em>Ophrys apifera<\/em>) unter den Botanikern eine gewisse Bekanntheit hat und wo der Arbeitskreis Heimische Orchideen regelm\u00e4\u00dfig Teilfl\u00e4chen pflegt. Tats\u00e4chlich bl\u00fchten hier vereinzelt auch noch Fransen- und Deutscher Enzian (<em>Gentianella ciliata, G. germanica<\/em>). <\/p>\n\n\n\n<figure class=\"wp-block-image size-large\"><a href=\"http:\/\/www.nordharzev.de\/wp-content\/uploads\/2024\/01\/T_D231104-70-095-Heracleum-sphodylium.jpg\"><img loading=\"lazy\" width=\"1024\" height=\"682\" src=\"http:\/\/www.nordharzev.de\/wp-content\/uploads\/2024\/01\/T_D231104-70-095-Heracleum-sphodylium-1024x682.jpg\" alt=\"\" class=\"wp-image-1461\" srcset=\"https:\/\/www.nordharzev.de\/wp-content\/uploads\/2024\/01\/T_D231104-70-095-Heracleum-sphodylium-1024x682.jpg 1024w, https:\/\/www.nordharzev.de\/wp-content\/uploads\/2024\/01\/T_D231104-70-095-Heracleum-sphodylium-300x200.jpg 300w, https:\/\/www.nordharzev.de\/wp-content\/uploads\/2024\/01\/T_D231104-70-095-Heracleum-sphodylium-768x512.jpg 768w, https:\/\/www.nordharzev.de\/wp-content\/uploads\/2024\/01\/T_D231104-70-095-Heracleum-sphodylium-1536x1023.jpg 1536w, https:\/\/www.nordharzev.de\/wp-content\/uploads\/2024\/01\/T_D231104-70-095-Heracleum-sphodylium.jpg 1642w\" sizes=\"(max-width: 1024px) 100vw, 1024px\" \/><\/a><\/figure>\n\n\n\n<p><\/p>\n\n\n\n<p>Vom Hundesportplatz f\u00fchrte der Weg zur\u00fcck auf den F\u00fcrstenweg und zum Parkplatz am Osterteich. Neben den f\u00fcr Anfang November \u00fcberraschend vielen bl\u00fchenden Pflanzen fielen hier zahlreiche Pilzarten ins Auge. Die Exkursion bot zudem eine gute Gelegenheit zum Austausch und einem gedanklichen Res\u00fcmee \u00fcber das \u201aBotanische Jahr 2023\u2018. Aufgrund der guten Erfahrung mit diesem sp\u00e4ten Exkursionstermin wurde von mehreren Teilnehmern angeregt, dies auch in den n\u00e4chsten Jahren einzuplanen.<\/p>\n\n\n\n<p>Text: Dr. Veronika Kartheuser<br>Fotos: Dr. Joachim Keller, Dorothee Wolf-Dolata<\/p>\n","protected":false},"excerpt":{"rendered":"<p>Ziel der Exkursion \u201eMumienbotanik\u201c sollte es sein, anhand der Reste, die der Herbst von den Pflanzen \u00fcbriggelassen hat, der Art in ihrer Bestimmung so nahe wie m\u00f6glich zu kommen. Das sollte eine echte Gemeinschaftsarbeit werden, bei der jeder seine Kenntnisse, &hellip; <a href=\"https:\/\/www.nordharzev.de\/?page_id=1457\">Weiterlesen <span class=\"meta-nav\">&rarr;<\/span><\/a><\/p>\n","protected":false},"author":1,"featured_media":0,"parent":0,"menu_order":0,"comment_status":"closed","ping_status":"closed","template":"","meta":[],"_links":{"self":[{"href":"https:\/\/www.nordharzev.de\/index.php?rest_route=\/wp\/v2\/pages\/1457"}],"collection":[{"href":"https:\/\/www.nordharzev.de\/index.php?rest_route=\/wp\/v2\/pages"}],"about":[{"href":"https:\/\/www.nordharzev.de\/index.php?rest_route=\/wp\/v2\/types\/page"}],"author":[{"embeddable":true,"href":"https:\/\/www.nordharzev.de\/index.php?rest_route=\/wp\/v2\/users\/1"}],"replies":[{"embeddable":true,"href":"https:\/\/www.nordharzev.de\/index.php?rest_route=%2Fwp%2Fv2%2Fcomments&post=1457"}],"version-history":[{"count":11,"href":"https:\/\/www.nordharzev.de\/index.php?rest_route=\/wp\/v2\/pages\/1457\/revisions"}],"predecessor-version":[{"id":1486,"href":"https:\/\/www.nordharzev.de\/index.php?rest_route=\/wp\/v2\/pages\/1457\/revisions\/1486"}],"wp:attachment":[{"href":"https:\/\/www.nordharzev.de\/index.php?rest_route=%2Fwp%2Fv2%2Fmedia&parent=1457"}],"curies":[{"name":"wp","href":"https:\/\/api.w.org\/{rel}","templated":true}]}}