{"id":1576,"date":"2024-10-20T16:40:11","date_gmt":"2024-10-20T15:40:11","guid":{"rendered":"https:\/\/www.nordharzev.de\/?page_id=1576"},"modified":"2024-11-24T14:57:02","modified_gmt":"2024-11-24T13:57:02","slug":"kryptogamen-exkursion-ins-bodetal-zw-treseburg-und-falkenklippe","status":"publish","type":"page","link":"https:\/\/www.nordharzev.de\/?page_id=1576","title":{"rendered":"Kryptogamen-Exkursion ins Bodetal zw. Treseburg und Falkenklippe"},"content":{"rendered":"\n<p>Die 8 Teilnehmerinnen und Teilnehmer hatten sich zun\u00e4chst durch einen Parcours von Baustellen und Ampelanlagen zu k\u00e4mpfen, um den Treffpunkt an der Fu\u00dfg\u00e4ngerbr\u00fccke \u00fcber die Bode oberhalb Treseburg zu erreichen. Nachdem Regen einsetzte und alle Regensachen angelegt hatten, klarte der Himmel auf und es stand eine sehr erlebnisreiche Kryptogamenexkursion (Moose\/Flechten\/Farne) bevor, zeitweilig sogar von der Sonne begleitet. Am Hotel \u201eBodeblick\u201c vorbei verlief der Weg auf dem Harzer Hexenstieg bis unterhalb der Falkenklippe. <\/p>\n\n\n\n<figure class=\"wp-block-image size-large\"><a href=\"http:\/\/www.nordharzev.de\/wp-content\/uploads\/2024\/10\/P1012381-scaled.jpg\"><img loading=\"lazy\" width=\"1024\" height=\"768\" src=\"http:\/\/www.nordharzev.de\/wp-content\/uploads\/2024\/10\/P1012381-1024x768.jpg\" alt=\"\" class=\"wp-image-1580\" srcset=\"https:\/\/www.nordharzev.de\/wp-content\/uploads\/2024\/10\/P1012381-1024x768.jpg 1024w, https:\/\/www.nordharzev.de\/wp-content\/uploads\/2024\/10\/P1012381-300x225.jpg 300w, https:\/\/www.nordharzev.de\/wp-content\/uploads\/2024\/10\/P1012381-768x576.jpg 768w, https:\/\/www.nordharzev.de\/wp-content\/uploads\/2024\/10\/P1012381-1536x1152.jpg 1536w, https:\/\/www.nordharzev.de\/wp-content\/uploads\/2024\/10\/P1012381-2048x1536.jpg 2048w\" sizes=\"(max-width: 1024px) 100vw, 1024px\" \/><\/a><\/figure>\n\n\n\n<p>Es waren Schluchtwaldbilder zu sehen, wie es sie im Bodetal mehrfach, aber im ganzen Harz kaum sch\u00f6ner gibt (Baumkulisse: <em>Acer platanoides &amp; pseudoplatanus, Ulmus glabra, Fraxinus excelsior, Tilia spec. Corylus avellana <\/em>u. a. m.). Die beschatteten Felsen erwiesen sich als Eldorado f\u00fcr die Moosliebhaber. Auch einige interessante h\u00f6here Pflanzen waren trotz fortgeschrittener Jahreszeit noch gut zu beobachten. Dazu z\u00e4hlten die Schluchtwald-Kennarten <em>Lunaria rediviva<\/em>, <em>Saxifraga rosacea<\/em> (nach DRUDE eine Leitpflanze des Bodetals) und zahlreiche Farnarten, vor allem P<em>olystichum aculeatum<\/em> in Anzahl. <em>Lilium martagon<\/em> war als Felspflanze zu sehen,<em> Fragaria vesca <\/em>und <em>Galeobdolon luteum<\/em> versuchten sich als (meterlange) H\u00e4ngepflanzen. <\/p>\n\n\n\n<div class=\"wp-container-3 wp-block-columns\">\n<div class=\"wp-container-1 wp-block-column\">\n<figure class=\"wp-block-image size-large\"><a href=\"http:\/\/www.nordharzev.de\/wp-content\/uploads\/2024\/10\/P1012382-scaled.jpg\"><img loading=\"lazy\" width=\"1024\" height=\"768\" src=\"http:\/\/www.nordharzev.de\/wp-content\/uploads\/2024\/10\/P1012382-1024x768.jpg\" alt=\"\" class=\"wp-image-1581\" srcset=\"https:\/\/www.nordharzev.de\/wp-content\/uploads\/2024\/10\/P1012382-1024x768.jpg 1024w, https:\/\/www.nordharzev.de\/wp-content\/uploads\/2024\/10\/P1012382-300x225.jpg 300w, https:\/\/www.nordharzev.de\/wp-content\/uploads\/2024\/10\/P1012382-768x576.jpg 768w, https:\/\/www.nordharzev.de\/wp-content\/uploads\/2024\/10\/P1012382-1536x1152.jpg 1536w, https:\/\/www.nordharzev.de\/wp-content\/uploads\/2024\/10\/P1012382-2048x1536.jpg 2048w\" sizes=\"(max-width: 1024px) 100vw, 1024px\" \/><\/a><\/figure>\n<\/div>\n\n\n\n<div class=\"wp-container-2 wp-block-column\">\n<figure class=\"wp-block-image size-large\"><a href=\"http:\/\/www.nordharzev.de\/wp-content\/uploads\/2024\/10\/T_D241005-JH-012-Keller.jpg\"><img loading=\"lazy\" width=\"1024\" height=\"768\" src=\"http:\/\/www.nordharzev.de\/wp-content\/uploads\/2024\/10\/T_D241005-JH-012-Keller-1024x768.jpg\" alt=\"\" class=\"wp-image-1585\" srcset=\"https:\/\/www.nordharzev.de\/wp-content\/uploads\/2024\/10\/T_D241005-JH-012-Keller-1024x768.jpg 1024w, https:\/\/www.nordharzev.de\/wp-content\/uploads\/2024\/10\/T_D241005-JH-012-Keller-300x225.jpg 300w, https:\/\/www.nordharzev.de\/wp-content\/uploads\/2024\/10\/T_D241005-JH-012-Keller-768x576.jpg 768w, https:\/\/www.nordharzev.de\/wp-content\/uploads\/2024\/10\/T_D241005-JH-012-Keller-1536x1152.jpg 1536w, https:\/\/www.nordharzev.de\/wp-content\/uploads\/2024\/10\/T_D241005-JH-012-Keller.jpg 1814w\" sizes=\"(max-width: 1024px) 100vw, 1024px\" \/><\/a><\/figure>\n<\/div>\n<\/div>\n\n\n\n<p>Die unseren Weg begleitenden Felsen waren gut mit Flechten bewachsen, aber nur in wenigen Arten. Die gro\u00dffl\u00e4chigen Lager von <em>Enterographa zonata<\/em> haben zumindest Seltenheitswert. Besonders herausgestellt wurde der Parasit <em>Microcalicium arenarium<\/em> auf P<em>silolechia lucida.<\/em> Dieser seltene Pilz wurde im 19. Jh. von dem Blankenburger Apotheker und gleichzeitig Nestor der Harzer Bryologie Ernst Hampe (1795-1880) entdeckt, hat also seinen locus typicus im Harz (genau gesagt am Regenstein). Als Epiphyten fanden <em>Graphis scripta<\/em> und <em>Pertusaria leioplaca<\/em> Interesse. Zahlreiche Farne des Schluchtwaldes waren zu sehen, herausgehoben <em>Polystichum aculeatum<\/em>, der sehr zahlreich auftrat.<\/p>\n\n\n\n<figure class=\"wp-block-image size-large\"><a href=\"http:\/\/www.nordharzev.de\/wp-content\/uploads\/2024\/10\/Polystichum-aculeatum-scaled.jpg\"><img loading=\"lazy\" width=\"1024\" height=\"768\" src=\"http:\/\/www.nordharzev.de\/wp-content\/uploads\/2024\/10\/Polystichum-aculeatum-1024x768.jpg\" alt=\"\" class=\"wp-image-1582\" srcset=\"https:\/\/www.nordharzev.de\/wp-content\/uploads\/2024\/10\/Polystichum-aculeatum-1024x768.jpg 1024w, https:\/\/www.nordharzev.de\/wp-content\/uploads\/2024\/10\/Polystichum-aculeatum-300x225.jpg 300w, https:\/\/www.nordharzev.de\/wp-content\/uploads\/2024\/10\/Polystichum-aculeatum-768x576.jpg 768w, https:\/\/www.nordharzev.de\/wp-content\/uploads\/2024\/10\/Polystichum-aculeatum-1536x1152.jpg 1536w, https:\/\/www.nordharzev.de\/wp-content\/uploads\/2024\/10\/Polystichum-aculeatum-2048x1536.jpg 2048w\" sizes=\"(max-width: 1024px) 100vw, 1024px\" \/><\/a><figcaption><em>Polystichum aculeatum<\/em> &#8211; Dorniger Schildfarn<\/figcaption><\/figure>\n\n\n\n<p>Die Liste der gefundenen Moosarten:<\/p>\n\n\n\n<figure class=\"wp-block-table\"><table><tbody><tr><td><strong>Laubmoose<\/strong><br><em>Amblystegium serpens<br>Amphidium mugeotti<br>Anomodon viticulosus<br>Atrichum undulatum<br>Barbula convoluta<br>Bartramia pomiformis<br>Brachythecium rutabulum<br>Bryum capillare &amp; caespiticium<br>Campylium calcareum<br>Ceratodon purpureum<br>Ctenidium molluscum<br>Dicranella<br>Dicranum scoparium<\/em><br><em>Encalypta streptocarpa<\/em><\/td><td><strong>Laubmoose Fortsetzung<\/strong><em><br>Eurhynchium angustirete<br>Eurhynchium striatum &amp; praelongum<\/em><br><em>Fissidens bryoides<br>Homalia trichomanoides<br>Homalothecium lutescens<br>Hypnum cupressiforme &amp; jutlandicum<br>Hypnum filiforme<br>Isothecium alopecuroides<br>Mnium hornum<br>Neckera complanata &amp; crispa<br>Plagiomnium affine &amp; undulatum<br>Plagiothecium denticulatum?<br>Polytrichum formosum<br>Rhizomnium punctatum<\/em><\/td><td><strong>Laubmoose Fortsetzung<\/strong><br><em>Schistidium apocarpum<br>Thamnobryum alopecurum<br>Thuidium tamaiscinum<br>Tortella tortuosa<\/em><br><br><strong>Lebermoose<\/strong><br><em>Diplophyllum albicans<br>Frullania tamarisci<br>Lophocolea bidentata<br>Marchantia polymorpha<br>Metzgeria furcata<br>Plagiochila asplenioides<br>Radula complanata<br>Scapania nemorea<\/em><\/td><\/tr><\/tbody><\/table><\/figure>\n\n\n\n<div class=\"wp-container-6 wp-block-columns\">\n<div class=\"wp-container-4 wp-block-column\">\n<figure class=\"wp-block-image size-large\"><a href=\"http:\/\/www.nordharzev.de\/wp-content\/uploads\/2024\/10\/Scapania-nem-Bitter.jpg\"><img loading=\"lazy\" width=\"1024\" height=\"1002\" src=\"http:\/\/www.nordharzev.de\/wp-content\/uploads\/2024\/10\/Scapania-nem-Bitter-1024x1002.jpg\" alt=\"\" class=\"wp-image-1584\" srcset=\"https:\/\/www.nordharzev.de\/wp-content\/uploads\/2024\/10\/Scapania-nem-Bitter-1024x1002.jpg 1024w, https:\/\/www.nordharzev.de\/wp-content\/uploads\/2024\/10\/Scapania-nem-Bitter-300x293.jpg 300w, https:\/\/www.nordharzev.de\/wp-content\/uploads\/2024\/10\/Scapania-nem-Bitter-768x751.jpg 768w, https:\/\/www.nordharzev.de\/wp-content\/uploads\/2024\/10\/Scapania-nem-Bitter-1536x1502.jpg 1536w, https:\/\/www.nordharzev.de\/wp-content\/uploads\/2024\/10\/Scapania-nem-Bitter-2048x2003.jpg 2048w\" sizes=\"(max-width: 1024px) 100vw, 1024px\" \/><\/a><figcaption><em>Scapania nemorea<\/em> &#8211; Hain-Spatenmoos<\/figcaption><\/figure>\n<\/div>\n\n\n\n<div class=\"wp-container-5 wp-block-column\">\n<figure class=\"wp-block-image size-large\"><a href=\"http:\/\/www.nordharzev.de\/wp-content\/uploads\/2024\/10\/Frullania-tamarisci-Schaaf.jpg\"><img loading=\"lazy\" width=\"1024\" height=\"571\" src=\"http:\/\/www.nordharzev.de\/wp-content\/uploads\/2024\/10\/Frullania-tamarisci-Schaaf-1024x571.jpg\" alt=\"\" class=\"wp-image-1578\" srcset=\"https:\/\/www.nordharzev.de\/wp-content\/uploads\/2024\/10\/Frullania-tamarisci-Schaaf-1024x571.jpg 1024w, https:\/\/www.nordharzev.de\/wp-content\/uploads\/2024\/10\/Frullania-tamarisci-Schaaf-300x167.jpg 300w, https:\/\/www.nordharzev.de\/wp-content\/uploads\/2024\/10\/Frullania-tamarisci-Schaaf-768x428.jpg 768w, https:\/\/www.nordharzev.de\/wp-content\/uploads\/2024\/10\/Frullania-tamarisci-Schaaf.jpg 1439w\" sizes=\"(max-width: 1024px) 100vw, 1024px\" \/><\/a><figcaption><em>Frullania tamarisci<\/em> &#8211; Tamarisken-Wassersackmoos<\/figcaption><\/figure>\n<\/div>\n<\/div>\n\n\n\n<figure class=\"wp-block-image size-large\"><a href=\"http:\/\/www.nordharzev.de\/wp-content\/uploads\/2024\/10\/Bartramia-pomiformis-Bitter.jpg\"><img loading=\"lazy\" width=\"1024\" height=\"950\" src=\"http:\/\/www.nordharzev.de\/wp-content\/uploads\/2024\/10\/Bartramia-pomiformis-Bitter-1024x950.jpg\" alt=\"\" class=\"wp-image-1577\" srcset=\"https:\/\/www.nordharzev.de\/wp-content\/uploads\/2024\/10\/Bartramia-pomiformis-Bitter-1024x950.jpg 1024w, https:\/\/www.nordharzev.de\/wp-content\/uploads\/2024\/10\/Bartramia-pomiformis-Bitter-300x278.jpg 300w, https:\/\/www.nordharzev.de\/wp-content\/uploads\/2024\/10\/Bartramia-pomiformis-Bitter-768x712.jpg 768w, https:\/\/www.nordharzev.de\/wp-content\/uploads\/2024\/10\/Bartramia-pomiformis-Bitter-1536x1425.jpg 1536w, https:\/\/www.nordharzev.de\/wp-content\/uploads\/2024\/10\/Bartramia-pomiformis-Bitter-2048x1900.jpg 2048w\" sizes=\"(max-width: 1024px) 100vw, 1024px\" \/><\/a><figcaption><em>Bartramia pomiformis<\/em> &#8211; Echtes Apfelmoos<\/figcaption><\/figure>\n\n\n\n<figure class=\"wp-block-table\"><table><tbody><tr><td><strong>Vorgestellte Flechtenarten<\/strong><br>Enterographa zonata <br>Flavoplaca citrina <br>Graphis scripta <br>Gyrographa gyrocarpa <br>Hypogymnia physodes <br>Lecanora argentea <br>Lepraria finkii <br>Microcalicium arenarium <br>Pertusaeia leioplaca <br><br>Porpidia rugosa <br>Pseudosagedia aenea <br>Psilolechia lucida <\/td><td><strong>Beschreibungen<\/strong><br>massenweise<br>\u201eHundepiss-Flechte\u201c, gleich am Hotel<br>Schriftflechte vor allem an Haselnuss<br>rotes Lager an vertikalem Fels<br>Laubbaum\u00e4ste<br>Laubbaum\u00e4ste<br>Laubbaumborke<br>an Stein und Borke<br>\u201eStecknadel\u201c-Parasit auf Psilolechia; vom Blankenburger Apotheker <br>Ernst Hampe entdeckt! an Laubbaumborke, \u201eNaturwaldart\u201c<br>vielfach<br>an Bergahorn-Borke<br>Falsche Schwefelflechte<\/td><\/tr><\/tbody><\/table><\/figure>\n\n\n\n<figure class=\"wp-block-image size-large\"><a href=\"http:\/\/www.nordharzev.de\/wp-content\/uploads\/2024\/10\/Gyrographa-gyrocarpa-scaled.jpg\"><img loading=\"lazy\" width=\"1024\" height=\"768\" src=\"http:\/\/www.nordharzev.de\/wp-content\/uploads\/2024\/10\/Gyrographa-gyrocarpa-1024x768.jpg\" alt=\"\" class=\"wp-image-1579\" srcset=\"https:\/\/www.nordharzev.de\/wp-content\/uploads\/2024\/10\/Gyrographa-gyrocarpa-1024x768.jpg 1024w, https:\/\/www.nordharzev.de\/wp-content\/uploads\/2024\/10\/Gyrographa-gyrocarpa-300x225.jpg 300w, https:\/\/www.nordharzev.de\/wp-content\/uploads\/2024\/10\/Gyrographa-gyrocarpa-768x576.jpg 768w, https:\/\/www.nordharzev.de\/wp-content\/uploads\/2024\/10\/Gyrographa-gyrocarpa-1536x1152.jpg 1536w, https:\/\/www.nordharzev.de\/wp-content\/uploads\/2024\/10\/Gyrographa-gyrocarpa-2048x1536.jpg 2048w\" sizes=\"(max-width: 1024px) 100vw, 1024px\" \/><\/a><figcaption><em>Gyrographa gyrocarpa <\/em>&#8211; Rillenfr\u00fcchtige Zeichenflechte<\/figcaption><\/figure>\n\n\n\n<figure class=\"wp-block-image size-large\"><a href=\"http:\/\/www.nordharzev.de\/wp-content\/uploads\/2024\/10\/Psilolechia-lucida-mit-Microcalicium-arenarium.jpg\"><img loading=\"lazy\" width=\"1024\" height=\"661\" src=\"http:\/\/www.nordharzev.de\/wp-content\/uploads\/2024\/10\/Psilolechia-lucida-mit-Microcalicium-arenarium-1024x661.jpg\" alt=\"\" class=\"wp-image-1583\" srcset=\"https:\/\/www.nordharzev.de\/wp-content\/uploads\/2024\/10\/Psilolechia-lucida-mit-Microcalicium-arenarium-1024x661.jpg 1024w, https:\/\/www.nordharzev.de\/wp-content\/uploads\/2024\/10\/Psilolechia-lucida-mit-Microcalicium-arenarium-300x194.jpg 300w, https:\/\/www.nordharzev.de\/wp-content\/uploads\/2024\/10\/Psilolechia-lucida-mit-Microcalicium-arenarium-768x496.jpg 768w, https:\/\/www.nordharzev.de\/wp-content\/uploads\/2024\/10\/Psilolechia-lucida-mit-Microcalicium-arenarium-1536x992.jpg 1536w\" sizes=\"(max-width: 1024px) 100vw, 1024px\" \/><\/a><figcaption><em>Psilolechia lucida<\/em> &#8211; Gelbfr\u00fcchtige Schwefelflechte mit Microcalicium arenarium<\/figcaption><\/figure>\n\n\n\n<div class=\"wp-container-9 wp-block-columns\">\n<div class=\"wp-container-7 wp-block-column\">\n<figure class=\"wp-block-image size-large\"><a href=\"http:\/\/www.nordharzev.de\/wp-content\/uploads\/2024\/10\/T_D241005-JH-033-Keller.jpg\"><img loading=\"lazy\" width=\"768\" height=\"1024\" src=\"http:\/\/www.nordharzev.de\/wp-content\/uploads\/2024\/10\/T_D241005-JH-033-Keller-768x1024.jpg\" alt=\"\" class=\"wp-image-1587\" srcset=\"https:\/\/www.nordharzev.de\/wp-content\/uploads\/2024\/10\/T_D241005-JH-033-Keller-768x1024.jpg 768w, https:\/\/www.nordharzev.de\/wp-content\/uploads\/2024\/10\/T_D241005-JH-033-Keller-225x300.jpg 225w, https:\/\/www.nordharzev.de\/wp-content\/uploads\/2024\/10\/T_D241005-JH-033-Keller-1152x1536.jpg 1152w, https:\/\/www.nordharzev.de\/wp-content\/uploads\/2024\/10\/T_D241005-JH-033-Keller.jpg 1361w\" sizes=\"(max-width: 768px) 100vw, 768px\" \/><\/a><\/figure>\n<\/div>\n\n\n\n<div class=\"wp-container-8 wp-block-column\">\n<figure class=\"wp-block-image size-large\"><a href=\"http:\/\/www.nordharzev.de\/wp-content\/uploads\/2024\/10\/T_D241005-JH-016-Keller.jpg\"><img loading=\"lazy\" width=\"750\" height=\"1024\" src=\"http:\/\/www.nordharzev.de\/wp-content\/uploads\/2024\/10\/T_D241005-JH-016-Keller-750x1024.jpg\" alt=\"\" class=\"wp-image-1586\" srcset=\"https:\/\/www.nordharzev.de\/wp-content\/uploads\/2024\/10\/T_D241005-JH-016-Keller-750x1024.jpg 750w, https:\/\/www.nordharzev.de\/wp-content\/uploads\/2024\/10\/T_D241005-JH-016-Keller-220x300.jpg 220w, https:\/\/www.nordharzev.de\/wp-content\/uploads\/2024\/10\/T_D241005-JH-016-Keller-768x1048.jpg 768w, https:\/\/www.nordharzev.de\/wp-content\/uploads\/2024\/10\/T_D241005-JH-016-Keller-1125x1536.jpg 1125w, https:\/\/www.nordharzev.de\/wp-content\/uploads\/2024\/10\/T_D241005-JH-016-Keller.jpg 1247w\" sizes=\"(max-width: 750px) 100vw, 750px\" \/><\/a><\/figure>\n<\/div>\n<\/div>\n\n\n\n<p>Text: Dr. Hans-Ulrich Kison &amp; Gisela Schaaf<br>Fotos: Gabriele Bitter, Dr. Joachim Keller, Dr. Hans-Ulrich Kison und Gisela Schaaf<\/p>\n","protected":false},"excerpt":{"rendered":"<p>Die 8 Teilnehmerinnen und Teilnehmer hatten sich zun\u00e4chst durch einen Parcours von Baustellen und Ampelanlagen zu k\u00e4mpfen, um den Treffpunkt an der Fu\u00dfg\u00e4ngerbr\u00fccke \u00fcber die Bode oberhalb Treseburg zu erreichen. Nachdem Regen einsetzte und alle Regensachen angelegt hatten, klarte der &hellip; <a href=\"https:\/\/www.nordharzev.de\/?page_id=1576\">Weiterlesen <span class=\"meta-nav\">&rarr;<\/span><\/a><\/p>\n","protected":false},"author":1,"featured_media":0,"parent":0,"menu_order":0,"comment_status":"closed","ping_status":"closed","template":"","meta":[],"_links":{"self":[{"href":"https:\/\/www.nordharzev.de\/index.php?rest_route=\/wp\/v2\/pages\/1576"}],"collection":[{"href":"https:\/\/www.nordharzev.de\/index.php?rest_route=\/wp\/v2\/pages"}],"about":[{"href":"https:\/\/www.nordharzev.de\/index.php?rest_route=\/wp\/v2\/types\/page"}],"author":[{"embeddable":true,"href":"https:\/\/www.nordharzev.de\/index.php?rest_route=\/wp\/v2\/users\/1"}],"replies":[{"embeddable":true,"href":"https:\/\/www.nordharzev.de\/index.php?rest_route=%2Fwp%2Fv2%2Fcomments&post=1576"}],"version-history":[{"count":3,"href":"https:\/\/www.nordharzev.de\/index.php?rest_route=\/wp\/v2\/pages\/1576\/revisions"}],"predecessor-version":[{"id":1642,"href":"https:\/\/www.nordharzev.de\/index.php?rest_route=\/wp\/v2\/pages\/1576\/revisions\/1642"}],"wp:attachment":[{"href":"https:\/\/www.nordharzev.de\/index.php?rest_route=%2Fwp%2Fv2%2Fmedia&parent=1576"}],"curies":[{"name":"wp","href":"https:\/\/api.w.org\/{rel}","templated":true}]}}