{"id":1603,"date":"2024-11-17T12:20:32","date_gmt":"2024-11-17T11:20:32","guid":{"rendered":"https:\/\/www.nordharzev.de\/?page_id=1603"},"modified":"2024-11-17T12:31:13","modified_gmt":"2024-11-17T11:31:13","slug":"auftaktexkursion-2024-im-schlosspark-ballenstedt-vom-27-04-2024","status":"publish","type":"page","link":"https:\/\/www.nordharzev.de\/?page_id=1603","title":{"rendered":"Auftaktexkursion 2024 im Schlosspark Ballenstedt vom 27.04.2024"},"content":{"rendered":"\n<p>Mit zahlreicher Beteiligung fand am Samstag, dem 27.4.2024, die Auftaktexkursion nach der langen Winterpause statt. Es erfolgte keine Kartierung im herk\u00f6mmlichen Sinne, sondern es standen das Vorstellen ausgew\u00e4hlter Arten und des Lebensraumes \u201ePark\u201c im Vordergrund. Daneben wurde auch das Thema Stinsenpflanzen ber\u00fchrt, wenngleich durch das zeitige Fr\u00fchjahr schon viel von den Fr\u00fchbl\u00fchern nicht mehr zu sehen war. Gleich am Zugang zum Park stand zahlreich eine <em>Hyacinthoides<\/em>-Art. Mit Hilfe der Rothmaler-Flora wurde bisher versucht, diese Formen entweder <em>H. non-scripta<\/em> oder <em>hispanica<\/em> zuzuordnen. Bei der Mehrzahl der sich momentan stark ausbreitenden Sippen d\u00fcrfte es sich aber um <em>Hyacinthoides x massartiana<\/em> oder andere Hybriden handeln.<\/p>\n\n\n\n<p>Die botanischen Betrachtungen wurden durch zahlreiche Informationen zur Geschichte des Schlossparks erg\u00e4nzt (V. Hanebutt).<\/p>\n\n\n\n<div class=\"wp-container-3 wp-block-columns\">\n<div class=\"wp-container-1 wp-block-column\">\n<figure class=\"wp-block-image size-large\"><a href=\"http:\/\/www.nordharzev.de\/wp-content\/uploads\/2024\/11\/T_D240427-JH-06.jpg\"><img loading=\"lazy\" width=\"1094\" height=\"1459\" src=\"https:\/\/www.nordharzev.de\/wp-content\/uploads\/2024\/11\/T_D240427-JH-06-edited.jpg\" alt=\"\" class=\"wp-image-1620\" srcset=\"https:\/\/www.nordharzev.de\/wp-content\/uploads\/2024\/11\/T_D240427-JH-06-edited.jpg 1094w, https:\/\/www.nordharzev.de\/wp-content\/uploads\/2024\/11\/T_D240427-JH-06-edited-225x300.jpg 225w, https:\/\/www.nordharzev.de\/wp-content\/uploads\/2024\/11\/T_D240427-JH-06-edited-768x1024.jpg 768w\" sizes=\"(max-width: 1094px) 100vw, 1094px\" \/><\/a><\/figure>\n<\/div>\n\n\n\n<div class=\"wp-container-2 wp-block-column\">\n<figure class=\"wp-block-image size-large\"><a href=\"http:\/\/www.nordharzev.de\/wp-content\/uploads\/2024\/11\/T_D240427-JH-05.jpg\"><img loading=\"lazy\" width=\"768\" height=\"1024\" src=\"https:\/\/www.nordharzev.de\/wp-content\/uploads\/2024\/11\/T_D240427-JH-05-768x1024.jpg\" alt=\"\" class=\"wp-image-1608\" srcset=\"https:\/\/www.nordharzev.de\/wp-content\/uploads\/2024\/11\/T_D240427-JH-05-768x1024.jpg 768w, https:\/\/www.nordharzev.de\/wp-content\/uploads\/2024\/11\/T_D240427-JH-05-225x300.jpg 225w, https:\/\/www.nordharzev.de\/wp-content\/uploads\/2024\/11\/T_D240427-JH-05-1152x1536.jpg 1152w, https:\/\/www.nordharzev.de\/wp-content\/uploads\/2024\/11\/T_D240427-JH-05.jpg 1210w\" sizes=\"(max-width: 768px) 100vw, 768px\" \/><\/a><\/figure>\n<\/div>\n<\/div>\n\n\n\n<p>Einige der pr\u00e4genden Geh\u00f6lze des Schlossparks wurden ebenfalls besprochen. So fand der Spitzahorn, der f\u00fcr unser Gebiet als Neophyt gesehen wird, Erw\u00e4hnung, ebenso die sehr alten und beeindruckenden Eiben. Die rotbl\u00fchenden Rosskastanien (<em>Aesculus x carnea<\/em>) fielen gegen\u00fcber den gew\u00f6hnlichen Rosskastanien durch ausbleibenden Befall mit der Miniermotte auf. In der weitl\u00e4ufigen Umgebung kaum sch\u00f6ner zu sehen, sind die Schlitzblatt-Buchen (wohl heute als forma <em>laciniata<\/em> von <em>Fagus sylvatica<\/em> anzusprechen), ebenso diese abweichenden Blattformen bei Linden.<\/p>\n\n\n\n<figure class=\"wp-block-image size-large\"><a href=\"http:\/\/www.nordharzev.de\/wp-content\/uploads\/2024\/11\/T_D240427-JH-22.jpg\"><img loading=\"lazy\" width=\"1024\" height=\"762\" src=\"http:\/\/www.nordharzev.de\/wp-content\/uploads\/2024\/11\/T_D240427-JH-22-1024x762.jpg\" alt=\"\" class=\"wp-image-1611\" srcset=\"https:\/\/www.nordharzev.de\/wp-content\/uploads\/2024\/11\/T_D240427-JH-22-1024x762.jpg 1024w, https:\/\/www.nordharzev.de\/wp-content\/uploads\/2024\/11\/T_D240427-JH-22-300x223.jpg 300w, https:\/\/www.nordharzev.de\/wp-content\/uploads\/2024\/11\/T_D240427-JH-22-768x571.jpg 768w, https:\/\/www.nordharzev.de\/wp-content\/uploads\/2024\/11\/T_D240427-JH-22-1536x1143.jpg 1536w, https:\/\/www.nordharzev.de\/wp-content\/uploads\/2024\/11\/T_D240427-JH-22-2048x1523.jpg 2048w\" sizes=\"(max-width: 1024px) 100vw, 1024px\" \/><\/a><\/figure>\n\n\n\n<p>Von Interesse war auch der unterschiedliche Pflegezustand der verschiedenen Wiesen des Parks. \u201eMagere\u201c Wiesen waren kaum noch zu beobachten (mit Magerkeitszeigern wie Ruchgras (<em>Anthoxanthum odoratum<\/em>) oder Feld-Hainsimse (<em>Luzula campestris<\/em>). Daf\u00fcr beherrschen mehr und mehr die Eutrophierungszeiger wie Glatthafer (<em>Arrhenatherum eleatius <\/em>u. a.) das Bild. Das einstmals h\u00e4ufigere Wiesen-Schaumkraut (<em>Cardamine pratensis<\/em>) war nur noch selten zu sehen. In der N\u00e4he der Wasserbassins wurden auch Flechten gefunden, die Erw\u00e4hnung fanden. Am Schlossberg selbst wurde auf den hier lange bekannten Bestand von Hohem Helmkraut (<em>Scutellaria altissima<\/em>) verwiesen, das inzwischen weite Teile des Parks erobern konnte. Abschlie\u00dfend wurde noch ein Ausschnitt des Eichenwaldes am Glockenteich besucht, der einen reichen Bestand von Wiesen-Wachtelweizen (<em>Melampyrum pratense<\/em>) zeigt. Als einzige Orchidee wurde in der N\u00e4he des Schlossteiches das Gro\u00dfe Zweiblatt (<em>Listera ovata<\/em>) bl\u00fchend vorgefunden.<\/p>\n\n\n\n<div class=\"wp-container-6 wp-block-columns\">\n<div class=\"wp-container-4 wp-block-column\">\n<figure class=\"wp-block-image size-large\"><a href=\"http:\/\/www.nordharzev.de\/wp-content\/uploads\/2024\/11\/T_D240427-70-70-Phyteuma-spicatum-agg.jpg\"><img loading=\"lazy\" width=\"1231\" height=\"1845\" src=\"https:\/\/www.nordharzev.de\/wp-content\/uploads\/2024\/11\/T_D240427-70-70-Phyteuma-spicatum-agg-edited.jpg\" alt=\"\" class=\"wp-image-1619\" srcset=\"https:\/\/www.nordharzev.de\/wp-content\/uploads\/2024\/11\/T_D240427-70-70-Phyteuma-spicatum-agg-edited.jpg 1231w, https:\/\/www.nordharzev.de\/wp-content\/uploads\/2024\/11\/T_D240427-70-70-Phyteuma-spicatum-agg-edited-200x300.jpg 200w, https:\/\/www.nordharzev.de\/wp-content\/uploads\/2024\/11\/T_D240427-70-70-Phyteuma-spicatum-agg-edited-683x1024.jpg 683w, https:\/\/www.nordharzev.de\/wp-content\/uploads\/2024\/11\/T_D240427-70-70-Phyteuma-spicatum-agg-edited-768x1151.jpg 768w, https:\/\/www.nordharzev.de\/wp-content\/uploads\/2024\/11\/T_D240427-70-70-Phyteuma-spicatum-agg-edited-1025x1536.jpg 1025w\" sizes=\"(max-width: 1231px) 100vw, 1231px\" \/><\/a><figcaption><em>Phyteuma spicatum<\/em> &#8211; \u00c4hrige Teufelskralle<\/figcaption><\/figure>\n<\/div>\n\n\n\n<div class=\"wp-container-5 wp-block-column\">\n<figure class=\"wp-block-image size-large\"><a href=\"http:\/\/www.nordharzev.de\/wp-content\/uploads\/2024\/11\/T_D240427-70-78-Moehringia-trinervia.jpg\"><img loading=\"lazy\" width=\"683\" height=\"1024\" src=\"https:\/\/www.nordharzev.de\/wp-content\/uploads\/2024\/11\/T_D240427-70-78-Moehringia-trinervia-683x1024.jpg\" alt=\"\" class=\"wp-image-1607\" srcset=\"https:\/\/www.nordharzev.de\/wp-content\/uploads\/2024\/11\/T_D240427-70-78-Moehringia-trinervia-683x1024.jpg 683w, https:\/\/www.nordharzev.de\/wp-content\/uploads\/2024\/11\/T_D240427-70-78-Moehringia-trinervia-200x300.jpg 200w, https:\/\/www.nordharzev.de\/wp-content\/uploads\/2024\/11\/T_D240427-70-78-Moehringia-trinervia-768x1152.jpg 768w, https:\/\/www.nordharzev.de\/wp-content\/uploads\/2024\/11\/T_D240427-70-78-Moehringia-trinervia-1024x1536.jpg 1024w, https:\/\/www.nordharzev.de\/wp-content\/uploads\/2024\/11\/T_D240427-70-78-Moehringia-trinervia-1365x2048.jpg 1365w, https:\/\/www.nordharzev.de\/wp-content\/uploads\/2024\/11\/T_D240427-70-78-Moehringia-trinervia.jpg 1459w\" sizes=\"(max-width: 683px) 100vw, 683px\" \/><\/a><figcaption><em>Moehringia trinerva<\/em> &#8211; Dreinervige Nabelmiere<\/figcaption><\/figure>\n<\/div>\n<\/div>\n\n\n\n<figure class=\"wp-block-image size-large\"><a href=\"http:\/\/www.nordharzev.de\/wp-content\/uploads\/2024\/11\/T_D240427-70-66-Viola-x-bavarica.jpg\"><img loading=\"lazy\" width=\"1024\" height=\"683\" src=\"http:\/\/www.nordharzev.de\/wp-content\/uploads\/2024\/11\/T_D240427-70-66-Viola-x-bavarica-1024x683.jpg\" alt=\"\" class=\"wp-image-1605\" srcset=\"https:\/\/www.nordharzev.de\/wp-content\/uploads\/2024\/11\/T_D240427-70-66-Viola-x-bavarica-1024x683.jpg 1024w, https:\/\/www.nordharzev.de\/wp-content\/uploads\/2024\/11\/T_D240427-70-66-Viola-x-bavarica-300x200.jpg 300w, https:\/\/www.nordharzev.de\/wp-content\/uploads\/2024\/11\/T_D240427-70-66-Viola-x-bavarica-768x512.jpg 768w, https:\/\/www.nordharzev.de\/wp-content\/uploads\/2024\/11\/T_D240427-70-66-Viola-x-bavarica-1536x1024.jpg 1536w, https:\/\/www.nordharzev.de\/wp-content\/uploads\/2024\/11\/T_D240427-70-66-Viola-x-bavarica-2048x1365.jpg 2048w\" sizes=\"(max-width: 1024px) 100vw, 1024px\" \/><\/a><figcaption><em>Viola x bavarica<\/em> (<em>V. reichenbachiana \u00d7 V. riviniana<\/em>) &#8211; Bayerisches Veilchen<\/figcaption><\/figure>\n\n\n\n<figure class=\"wp-block-image size-large\"><a href=\"http:\/\/www.nordharzev.de\/wp-content\/uploads\/2024\/11\/T_D240427-70-36-Lecanora-muralis.jpg\"><img loading=\"lazy\" width=\"1024\" height=\"661\" src=\"http:\/\/www.nordharzev.de\/wp-content\/uploads\/2024\/11\/T_D240427-70-36-Lecanora-muralis-1024x661.jpg\" alt=\"\" class=\"wp-image-1604\" srcset=\"https:\/\/www.nordharzev.de\/wp-content\/uploads\/2024\/11\/T_D240427-70-36-Lecanora-muralis-1024x661.jpg 1024w, https:\/\/www.nordharzev.de\/wp-content\/uploads\/2024\/11\/T_D240427-70-36-Lecanora-muralis-300x194.jpg 300w, https:\/\/www.nordharzev.de\/wp-content\/uploads\/2024\/11\/T_D240427-70-36-Lecanora-muralis-768x495.jpg 768w, https:\/\/www.nordharzev.de\/wp-content\/uploads\/2024\/11\/T_D240427-70-36-Lecanora-muralis-1536x991.jpg 1536w, https:\/\/www.nordharzev.de\/wp-content\/uploads\/2024\/11\/T_D240427-70-36-Lecanora-muralis-2048x1321.jpg 2048w\" sizes=\"(max-width: 1024px) 100vw, 1024px\" \/><\/a><figcaption><em>Lecanora muralis<\/em> &#8211; Stein- bzw. Mauerflechte<\/figcaption><\/figure>\n\n\n\n<p>Leitung: Dr. Hans-Ulrich Kison, Norbert Ru\u00dfwurm und Volker Hanebutt<br>Text: Hans-Ulrich Kison<br>Fotos: Dr. Joachim Keller<\/p>\n","protected":false},"excerpt":{"rendered":"<p>Mit zahlreicher Beteiligung fand am Samstag, dem 27.4.2024, die Auftaktexkursion nach der langen Winterpause statt. Es erfolgte keine Kartierung im herk\u00f6mmlichen Sinne, sondern es standen das Vorstellen ausgew\u00e4hlter Arten und des Lebensraumes \u201ePark\u201c im Vordergrund. Daneben wurde auch das Thema &hellip; <a href=\"https:\/\/www.nordharzev.de\/?page_id=1603\">Weiterlesen <span class=\"meta-nav\">&rarr;<\/span><\/a><\/p>\n","protected":false},"author":1,"featured_media":0,"parent":0,"menu_order":0,"comment_status":"closed","ping_status":"closed","template":"","meta":[],"_links":{"self":[{"href":"https:\/\/www.nordharzev.de\/index.php?rest_route=\/wp\/v2\/pages\/1603"}],"collection":[{"href":"https:\/\/www.nordharzev.de\/index.php?rest_route=\/wp\/v2\/pages"}],"about":[{"href":"https:\/\/www.nordharzev.de\/index.php?rest_route=\/wp\/v2\/types\/page"}],"author":[{"embeddable":true,"href":"https:\/\/www.nordharzev.de\/index.php?rest_route=\/wp\/v2\/users\/1"}],"replies":[{"embeddable":true,"href":"https:\/\/www.nordharzev.de\/index.php?rest_route=%2Fwp%2Fv2%2Fcomments&post=1603"}],"version-history":[{"count":4,"href":"https:\/\/www.nordharzev.de\/index.php?rest_route=\/wp\/v2\/pages\/1603\/revisions"}],"predecessor-version":[{"id":1621,"href":"https:\/\/www.nordharzev.de\/index.php?rest_route=\/wp\/v2\/pages\/1603\/revisions\/1621"}],"wp:attachment":[{"href":"https:\/\/www.nordharzev.de\/index.php?rest_route=%2Fwp%2Fv2%2Fmedia&parent=1603"}],"curies":[{"name":"wp","href":"https:\/\/api.w.org\/{rel}","templated":true}]}}