{"id":1622,"date":"2024-11-17T12:43:55","date_gmt":"2024-11-17T11:43:55","guid":{"rendered":"https:\/\/www.nordharzev.de\/?page_id=1622"},"modified":"2024-11-24T15:49:19","modified_gmt":"2024-11-24T14:49:19","slug":"kartierungsexkursion-um-pansfelde-vom-06-07-2024","status":"publish","type":"page","link":"https:\/\/www.nordharzev.de\/?page_id=1622","title":{"rendered":"Kartierungsexkursion um Pansfelde vom 06.07.2024"},"content":{"rendered":"\n<p>Die Route war so ausgew\u00e4hlt worden, dass m\u00f6glichst viele unterschiedliche Lebensr\u00e4ume durchwandert werden konnten, um einen guten \u00dcberblick \u00fcber das Artenspektrum des Messtischblatt-Quadranten 4333\/2 zu erzielen.<\/p>\n\n\n\n<p>Vierzehn Exkursionsteilnehmer kamen zusammen, darunter auch Herr M\u00fcnnich mit Begleitung, ehrenamtlicher Bodendenkmalpfleger aus Pansfelde, der viel Interessantes zu berichten hatte.<\/p>\n\n\n\n<p>Vom Treffpunkt an der Bushaltestelle in Pansfelde ging es in s\u00fcd\u00f6stlicher Richtung durch das Dorf, vorbei an einem der Dorfteiche. H\u00f6hepunkt der Dorfflora war aber <em>Potentilla supina<\/em>, die die wenigsten Teilnehmer schon zuvor gesehen hatten. <\/p>\n\n\n\n<figure class=\"wp-block-image size-large\"><a href=\"http:\/\/www.nordharzev.de\/wp-content\/uploads\/2024\/11\/Potentilla-supina-Ortslage-Pansfelde-2-scaled.jpg\"><img loading=\"lazy\" width=\"1024\" height=\"683\" src=\"http:\/\/www.nordharzev.de\/wp-content\/uploads\/2024\/11\/Potentilla-supina-Ortslage-Pansfelde-2-1024x683.jpg\" alt=\"\" class=\"wp-image-1662\" srcset=\"https:\/\/www.nordharzev.de\/wp-content\/uploads\/2024\/11\/Potentilla-supina-Ortslage-Pansfelde-2-1024x683.jpg 1024w, https:\/\/www.nordharzev.de\/wp-content\/uploads\/2024\/11\/Potentilla-supina-Ortslage-Pansfelde-2-300x200.jpg 300w, https:\/\/www.nordharzev.de\/wp-content\/uploads\/2024\/11\/Potentilla-supina-Ortslage-Pansfelde-2-768x512.jpg 768w, https:\/\/www.nordharzev.de\/wp-content\/uploads\/2024\/11\/Potentilla-supina-Ortslage-Pansfelde-2-1536x1024.jpg 1536w, https:\/\/www.nordharzev.de\/wp-content\/uploads\/2024\/11\/Potentilla-supina-Ortslage-Pansfelde-2-2048x1365.jpg 2048w\" sizes=\"(max-width: 1024px) 100vw, 1024px\" \/><\/a><figcaption><em>Potentilla supina<\/em> &#8211; Niedriges Fingerkraut<\/figcaption><\/figure>\n\n\n\n<p>Anschlie\u00dfend f\u00fchrte der Weg durch die Felder auf den s\u00fcdlich angrenzenden H\u00f6henr\u00fccken und weiter in Richtung Stangerode bis zur Kunkelsh\u00f6he, wo wir eine Vielzahl von Ackerwildkr\u00e4utern und Pflanzen der S\u00e4ume und Wegraine fanden. Besonders beeindruckend waren die gro\u00dfen Best\u00e4nde von <em>Vicia grandiflora<\/em>, die leider schon den H\u00f6hepunkt ihrer Bl\u00fcte \u00fcberschritten hatten. <\/p>\n\n\n\n<figure class=\"wp-block-image size-large\"><a href=\"http:\/\/www.nordharzev.de\/wp-content\/uploads\/2024\/11\/Vicia-grandiflora-Uckermark-bei-Friedenfelde-3-scaled.jpg\"><img loading=\"lazy\" width=\"1024\" height=\"768\" src=\"http:\/\/www.nordharzev.de\/wp-content\/uploads\/2024\/11\/Vicia-grandiflora-Uckermark-bei-Friedenfelde-3-1024x768.jpg\" alt=\"\" class=\"wp-image-1624\" srcset=\"https:\/\/www.nordharzev.de\/wp-content\/uploads\/2024\/11\/Vicia-grandiflora-Uckermark-bei-Friedenfelde-3-1024x768.jpg 1024w, https:\/\/www.nordharzev.de\/wp-content\/uploads\/2024\/11\/Vicia-grandiflora-Uckermark-bei-Friedenfelde-3-300x225.jpg 300w, https:\/\/www.nordharzev.de\/wp-content\/uploads\/2024\/11\/Vicia-grandiflora-Uckermark-bei-Friedenfelde-3-768x576.jpg 768w, https:\/\/www.nordharzev.de\/wp-content\/uploads\/2024\/11\/Vicia-grandiflora-Uckermark-bei-Friedenfelde-3-1536x1152.jpg 1536w, https:\/\/www.nordharzev.de\/wp-content\/uploads\/2024\/11\/Vicia-grandiflora-Uckermark-bei-Friedenfelde-3-2048x1536.jpg 2048w\" sizes=\"(max-width: 1024px) 100vw, 1024px\" \/><\/a><figcaption><em>Vicia grandiflora<\/em> &#8211; Gro\u00dfbl\u00fctige Wicke<\/figcaption><\/figure>\n\n\n\n<p>Nach einer schattigen Rast erreichten wir den Wald und konnten die Pflanzenliste um einen weiteren Aspekt bereichern. Obwohl die Wege zum Teil recht verwachsen waren, <em>\u2013 allzu viele Wanderer suchen Pansfelde offenbar nicht auf, was schade ist \u2013<\/em> konnten wir uns an abwechslungsreichen Waldbildern erfreuen. Nach einem kurzen Abstieg fanden wir am Waldrand im Schwennecketal \u00f6stlich von Pansfelde noch eine stattliche Anzahl von <em>Lilium martagon<\/em>. Auf dem R\u00fcckweg ins Dorf gab es zudem noch etliche Arten der Halbtrockenrasen zu finden.<\/p>\n\n\n\n<p>Insgesamt z\u00e4hlte die <a href=\"http:\/\/www.nordharzev.de\/wp-content\/uploads\/2024\/11\/Artenliste_Pansfelde-1.pdf\" data-type=\"URL\" data-id=\"http:\/\/www.nordharzev.de\/wp-content\/uploads\/2024\/11\/Artenliste_Pansfelde-1.pdf\" target=\"_blank\" rel=\"noreferrer noopener\">Pflanzenliste<\/a> am Ende der Exkursion 295 Arten!<\/p>\n\n\n\n<p>Text: Dr. Veronika Kartheuser<br>Fotos: Dr. Veronika Kartheuser, Norbert Ru\u00dfwurm<\/p>\n","protected":false},"excerpt":{"rendered":"<p>Die Route war so ausgew\u00e4hlt worden, dass m\u00f6glichst viele unterschiedliche Lebensr\u00e4ume durchwandert werden konnten, um einen guten \u00dcberblick \u00fcber das Artenspektrum des Messtischblatt-Quadranten 4333\/2 zu erzielen. Vierzehn Exkursionsteilnehmer kamen zusammen, darunter auch Herr M\u00fcnnich mit Begleitung, ehrenamtlicher Bodendenkmalpfleger aus Pansfelde, &hellip; <a href=\"https:\/\/www.nordharzev.de\/?page_id=1622\">Weiterlesen <span class=\"meta-nav\">&rarr;<\/span><\/a><\/p>\n","protected":false},"author":1,"featured_media":0,"parent":0,"menu_order":0,"comment_status":"closed","ping_status":"closed","template":"","meta":[],"_links":{"self":[{"href":"https:\/\/www.nordharzev.de\/index.php?rest_route=\/wp\/v2\/pages\/1622"}],"collection":[{"href":"https:\/\/www.nordharzev.de\/index.php?rest_route=\/wp\/v2\/pages"}],"about":[{"href":"https:\/\/www.nordharzev.de\/index.php?rest_route=\/wp\/v2\/types\/page"}],"author":[{"embeddable":true,"href":"https:\/\/www.nordharzev.de\/index.php?rest_route=\/wp\/v2\/users\/1"}],"replies":[{"embeddable":true,"href":"https:\/\/www.nordharzev.de\/index.php?rest_route=%2Fwp%2Fv2%2Fcomments&post=1622"}],"version-history":[{"count":4,"href":"https:\/\/www.nordharzev.de\/index.php?rest_route=\/wp\/v2\/pages\/1622\/revisions"}],"predecessor-version":[{"id":1668,"href":"https:\/\/www.nordharzev.de\/index.php?rest_route=\/wp\/v2\/pages\/1622\/revisions\/1668"}],"wp:attachment":[{"href":"https:\/\/www.nordharzev.de\/index.php?rest_route=%2Fwp%2Fv2%2Fmedia&parent=1622"}],"curies":[{"name":"wp","href":"https:\/\/api.w.org\/{rel}","templated":true}]}}