{"id":1632,"date":"2024-11-17T13:13:37","date_gmt":"2024-11-17T12:13:37","guid":{"rendered":"https:\/\/www.nordharzev.de\/?page_id=1632"},"modified":"2024-11-17T13:13:37","modified_gmt":"2024-11-17T12:13:37","slug":"tag-der-vereine-am-02-06-2024","status":"publish","type":"page","link":"https:\/\/www.nordharzev.de\/?page_id=1632","title":{"rendered":"Tag der Vereine am 02.06.2024"},"content":{"rendered":"\n<p>Liebe Vereinsmitglieder und Freunde der Botanik,<\/p>\n\n\n\n<p>erneut konnte sich der Botanische Arbeitskreis Nordharz e.V. am \u201eTag der Vereine\u201c (02.06.2024) im B\u00fcrgerpark Wernigerode pr\u00e4sentiert.<\/p>\n\n\n\n<p>Rund 2.400 Besucher haben das Areal des B\u00fcrgerparks bev\u00f6lkert und sich an den 52 St\u00e4nden der verschiedenen Vereine umgeschaut und informiert. Auch wir (Katja Osterloh und Dorothee Wolf-Dolata) konnten an unserem Stand interessierten G\u00e4sten vieles \u00fcber unseren Verein berichten.<\/p>\n\n\n\n<p>Zu entdecken gab es:<\/p>\n\n\n\n<ul><li>eine Zeitdokumentation des Vereins mit Bildern aus der Vereinschronik \u2013 ein Querschnitt durch \u00fcber 60 Jahre Vereintradition;<\/li><li>ein Gru\u00df von der Bergwiese \u2013 ein liebevoll gesammelter Strau\u00df von Katja Osterloh mit \u00fcber 25 Arten zur Bestimmungs\u00fcbung;<\/li><li>ein Herbarium sowie die M\u00f6glichkeit den Blick am Mikroskop zu sch\u00e4rfen (Querschnitte durch Koniferen- &amp; Laub-H\u00f6lzer)<\/li><li>in diesem Jahr auch ein Pflanzen-Memorie angefertigt mit Bildern von Vereinsexkursionen<\/li><\/ul>\n\n\n\n<p>Einen herzlichen Dank geb\u00fchrt an dieser Stelle auch Kerstin Rieche und dem Landschaftspflegeverband Harz e.V., welche mit zus\u00e4tzlichem Anschauungsmaterial unseren Stand bereichert haben.<\/p>\n\n\n\n<figure class=\"wp-block-image size-large\"><a href=\"http:\/\/www.nordharzev.de\/wp-content\/uploads\/2024\/11\/IMG_20240602_114257365-scaled.jpg\"><img loading=\"lazy\" width=\"1024\" height=\"768\" src=\"http:\/\/www.nordharzev.de\/wp-content\/uploads\/2024\/11\/IMG_20240602_114257365-1024x768.jpg\" alt=\"\" class=\"wp-image-1633\" srcset=\"https:\/\/www.nordharzev.de\/wp-content\/uploads\/2024\/11\/IMG_20240602_114257365-1024x768.jpg 1024w, https:\/\/www.nordharzev.de\/wp-content\/uploads\/2024\/11\/IMG_20240602_114257365-300x225.jpg 300w, https:\/\/www.nordharzev.de\/wp-content\/uploads\/2024\/11\/IMG_20240602_114257365-768x576.jpg 768w, https:\/\/www.nordharzev.de\/wp-content\/uploads\/2024\/11\/IMG_20240602_114257365-1536x1152.jpg 1536w, https:\/\/www.nordharzev.de\/wp-content\/uploads\/2024\/11\/IMG_20240602_114257365-2048x1536.jpg 2048w\" sizes=\"(max-width: 1024px) 100vw, 1024px\" \/><\/a><\/figure>\n\n\n\n<figure class=\"wp-block-image size-large\"><a href=\"http:\/\/www.nordharzev.de\/wp-content\/uploads\/2024\/11\/IMG-20240602-WA0019.jpg\"><img loading=\"lazy\" width=\"1024\" height=\"768\" src=\"http:\/\/www.nordharzev.de\/wp-content\/uploads\/2024\/11\/IMG-20240602-WA0019-1024x768.jpg\" alt=\"\" class=\"wp-image-1634\" srcset=\"https:\/\/www.nordharzev.de\/wp-content\/uploads\/2024\/11\/IMG-20240602-WA0019-1024x768.jpg 1024w, https:\/\/www.nordharzev.de\/wp-content\/uploads\/2024\/11\/IMG-20240602-WA0019-300x225.jpg 300w, https:\/\/www.nordharzev.de\/wp-content\/uploads\/2024\/11\/IMG-20240602-WA0019-768x576.jpg 768w, https:\/\/www.nordharzev.de\/wp-content\/uploads\/2024\/11\/IMG-20240602-WA0019-1536x1152.jpg 1536w, https:\/\/www.nordharzev.de\/wp-content\/uploads\/2024\/11\/IMG-20240602-WA0019.jpg 2048w\" sizes=\"(max-width: 1024px) 100vw, 1024px\" \/><\/a><\/figure>\n\n\n\n<figure class=\"wp-block-image size-large\"><a href=\"http:\/\/www.nordharzev.de\/wp-content\/uploads\/2024\/11\/IMG-20240602-WA0021.jpg\"><img loading=\"lazy\" width=\"1024\" height=\"768\" src=\"http:\/\/www.nordharzev.de\/wp-content\/uploads\/2024\/11\/IMG-20240602-WA0021-1024x768.jpg\" alt=\"\" class=\"wp-image-1635\" srcset=\"https:\/\/www.nordharzev.de\/wp-content\/uploads\/2024\/11\/IMG-20240602-WA0021-1024x768.jpg 1024w, https:\/\/www.nordharzev.de\/wp-content\/uploads\/2024\/11\/IMG-20240602-WA0021-300x225.jpg 300w, https:\/\/www.nordharzev.de\/wp-content\/uploads\/2024\/11\/IMG-20240602-WA0021-768x576.jpg 768w, https:\/\/www.nordharzev.de\/wp-content\/uploads\/2024\/11\/IMG-20240602-WA0021-1536x1152.jpg 1536w, https:\/\/www.nordharzev.de\/wp-content\/uploads\/2024\/11\/IMG-20240602-WA0021.jpg 2048w\" sizes=\"(max-width: 1024px) 100vw, 1024px\" \/><\/a><figcaption>Text: Dorothee Wolf-Dolata<br>Fotos: Katja Osterloh und Dorothee Wolf-Dolata<\/figcaption><\/figure>\n","protected":false},"excerpt":{"rendered":"<p>Liebe Vereinsmitglieder und Freunde der Botanik, erneut konnte sich der Botanische Arbeitskreis Nordharz e.V. am \u201eTag der Vereine\u201c (02.06.2024) im B\u00fcrgerpark Wernigerode pr\u00e4sentiert. Rund 2.400 Besucher haben das Areal des B\u00fcrgerparks bev\u00f6lkert und sich an den 52 St\u00e4nden der verschiedenen &hellip; <a href=\"https:\/\/www.nordharzev.de\/?page_id=1632\">Weiterlesen <span class=\"meta-nav\">&rarr;<\/span><\/a><\/p>\n","protected":false},"author":1,"featured_media":0,"parent":0,"menu_order":0,"comment_status":"closed","ping_status":"closed","template":"","meta":[],"_links":{"self":[{"href":"https:\/\/www.nordharzev.de\/index.php?rest_route=\/wp\/v2\/pages\/1632"}],"collection":[{"href":"https:\/\/www.nordharzev.de\/index.php?rest_route=\/wp\/v2\/pages"}],"about":[{"href":"https:\/\/www.nordharzev.de\/index.php?rest_route=\/wp\/v2\/types\/page"}],"author":[{"embeddable":true,"href":"https:\/\/www.nordharzev.de\/index.php?rest_route=\/wp\/v2\/users\/1"}],"replies":[{"embeddable":true,"href":"https:\/\/www.nordharzev.de\/index.php?rest_route=%2Fwp%2Fv2%2Fcomments&post=1632"}],"version-history":[{"count":1,"href":"https:\/\/www.nordharzev.de\/index.php?rest_route=\/wp\/v2\/pages\/1632\/revisions"}],"predecessor-version":[{"id":1638,"href":"https:\/\/www.nordharzev.de\/index.php?rest_route=\/wp\/v2\/pages\/1632\/revisions\/1638"}],"wp:attachment":[{"href":"https:\/\/www.nordharzev.de\/index.php?rest_route=%2Fwp%2Fv2%2Fmedia&parent=1632"}],"curies":[{"name":"wp","href":"https:\/\/api.w.org\/{rel}","templated":true}]}}