{"id":1646,"date":"2024-11-24T15:26:58","date_gmt":"2024-11-24T14:26:58","guid":{"rendered":"https:\/\/www.nordharzev.de\/?page_id=1646"},"modified":"2024-11-24T15:26:58","modified_gmt":"2024-11-24T14:26:58","slug":"mumien-botanik-am-frankenteich-nordoestlich-vom-grossen-auerberg-am-2-november-2024","status":"publish","type":"page","link":"https:\/\/www.nordharzev.de\/?page_id=1646","title":{"rendered":"\u201eMumien-Botanik\u201c am Frankenteich nord\u00f6stlich vom Gro\u00dfen Auerberg am 2. November 2024"},"content":{"rendered":"\n<p>In Fortsetzung der 2023 erfolgreich durchgef\u00fchrten \u201eMumien-Botanik\u201c trafen sich zum Saisonabschluss 2024 f\u00fcnfzehn Mitglieder des Botanischen Arbeitskreises auf dem Parkplatz am Gro\u00dfen Auerberg zu einer Wanderung zum Frankenteich, einem Staugew\u00e4sser im Unterharz. Ziel dieser Exkursion war es, anhand der Reste, die der Herbst von den Pflanzen \u00fcbriggelassen hat, den Arten so nahe wie m\u00f6glich zu kommen.<br>Das Wetter war typisch herbstlich k\u00fchl, nur selten lie\u00df sich mal die Sonne blicken um die noch vorhandene Laubf\u00e4rbung zu beleuchten. Bereits auf dem Parkplatz konnten die ersten Mumien der Vogelnestwurz (<em>Neottia nidus-avis<\/em>) bestaunt werden.<\/p>\n\n\n\n<figure class=\"wp-block-image size-large\"><a href=\"http:\/\/www.nordharzev.de\/wp-content\/uploads\/2024\/11\/Vogelnestwurz-Neottia-nidus-avis-02.11.2024-Joachim-Keller-11.jpg\"><img loading=\"lazy\" width=\"662\" height=\"1024\" src=\"http:\/\/www.nordharzev.de\/wp-content\/uploads\/2024\/11\/Vogelnestwurz-Neottia-nidus-avis-02.11.2024-Joachim-Keller-11-662x1024.jpg\" alt=\"\" class=\"wp-image-1652\" srcset=\"https:\/\/www.nordharzev.de\/wp-content\/uploads\/2024\/11\/Vogelnestwurz-Neottia-nidus-avis-02.11.2024-Joachim-Keller-11-662x1024.jpg 662w, https:\/\/www.nordharzev.de\/wp-content\/uploads\/2024\/11\/Vogelnestwurz-Neottia-nidus-avis-02.11.2024-Joachim-Keller-11-194x300.jpg 194w, https:\/\/www.nordharzev.de\/wp-content\/uploads\/2024\/11\/Vogelnestwurz-Neottia-nidus-avis-02.11.2024-Joachim-Keller-11-768x1188.jpg 768w, https:\/\/www.nordharzev.de\/wp-content\/uploads\/2024\/11\/Vogelnestwurz-Neottia-nidus-avis-02.11.2024-Joachim-Keller-11-993x1536.jpg 993w, https:\/\/www.nordharzev.de\/wp-content\/uploads\/2024\/11\/Vogelnestwurz-Neottia-nidus-avis-02.11.2024-Joachim-Keller-11.jpg 1325w\" sizes=\"(max-width: 662px) 100vw, 662px\" \/><\/a><figcaption><em>Neottia nidus-avis<\/em> &#8211; Vogelnestwurz (Foto Dr. J. Keller)<\/figcaption><\/figure>\n\n\n\n<p>Neben dieser Orchidee wurden auch die, hier schon seit vielen Jahren beobachteten Arten, Futter-Beinwell (<em>Symphytum uplandicum<\/em>) und Tr\u00e4ufelspitzen-Brombeere (<em>Rubus pedemontanus<\/em>) vorgestellt. Mit der Armenische Brombeere (<em>Rubus armeniacus<\/em>) hat sich ein invasiver Neophyt am Parkplatz angesiedelt.<\/p>\n\n\n\n<figure class=\"wp-block-image size-large\"><a href=\"http:\/\/www.nordharzev.de\/wp-content\/uploads\/2024\/11\/1000101282-scaled.jpg\"><img loading=\"lazy\" width=\"731\" height=\"1024\" src=\"http:\/\/www.nordharzev.de\/wp-content\/uploads\/2024\/11\/1000101282-731x1024.jpg\" alt=\"\" class=\"wp-image-1647\" srcset=\"https:\/\/www.nordharzev.de\/wp-content\/uploads\/2024\/11\/1000101282-731x1024.jpg 731w, https:\/\/www.nordharzev.de\/wp-content\/uploads\/2024\/11\/1000101282-214x300.jpg 214w, https:\/\/www.nordharzev.de\/wp-content\/uploads\/2024\/11\/1000101282-768x1075.jpg 768w, https:\/\/www.nordharzev.de\/wp-content\/uploads\/2024\/11\/1000101282-1097x1536.jpg 1097w, https:\/\/www.nordharzev.de\/wp-content\/uploads\/2024\/11\/1000101282-1462x2048.jpg 1462w, https:\/\/www.nordharzev.de\/wp-content\/uploads\/2024\/11\/1000101282-scaled.jpg 1828w\" sizes=\"(max-width: 731px) 100vw, 731px\" \/><\/a><figcaption>Exkursionsleiter Armin Hoch vor <em>Symphytum uplandicum<\/em> &#8211; Futter-Beinwell, <em>Rubus pedemontanus<\/em> &#8211; Tr\u00e4ufelspitzen-Brombeere und dem Neophyt <em>Rubus armeniacus<\/em> &#8211; Armenische Brombeere (Foto S. Hoch)<\/figcaption><\/figure>\n\n\n\n<p>Die Wanderung f\u00fchrte zun\u00e4chst durch Mischw\u00e4lder am Gro\u00dfen Silberkopf, in denen auch noch ein paar Fichten (<em>Picea abies<\/em>) die Kalamit\u00e4ten der letzten Jahre \u00fcberstanden hatten. Die Herbst-Lorchel (<em>Helvella crispa<\/em>) geh\u00f6rte zu den wenigen Pilzarten, die noch zu erkennen waren.<\/p>\n\n\n\n<figure class=\"wp-block-image size-large\"><a href=\"http:\/\/www.nordharzev.de\/wp-content\/uploads\/2024\/11\/1000101291-scaled.jpg\"><img loading=\"lazy\" width=\"1024\" height=\"768\" src=\"http:\/\/www.nordharzev.de\/wp-content\/uploads\/2024\/11\/1000101291-1024x768.jpg\" alt=\"\" class=\"wp-image-1648\" srcset=\"https:\/\/www.nordharzev.de\/wp-content\/uploads\/2024\/11\/1000101291-1024x768.jpg 1024w, https:\/\/www.nordharzev.de\/wp-content\/uploads\/2024\/11\/1000101291-300x225.jpg 300w, https:\/\/www.nordharzev.de\/wp-content\/uploads\/2024\/11\/1000101291-768x576.jpg 768w, https:\/\/www.nordharzev.de\/wp-content\/uploads\/2024\/11\/1000101291-1536x1152.jpg 1536w, https:\/\/www.nordharzev.de\/wp-content\/uploads\/2024\/11\/1000101291-2048x1536.jpg 2048w\" sizes=\"(max-width: 1024px) 100vw, 1024px\" \/><\/a><figcaption><em>Helvella crispa<\/em> &#8211; Herbst-Lorchel (Foto S. Hoch)<\/figcaption><\/figure>\n\n\n\n<p>Neben zwei weiteren Brombeerarten, der Raspel-Brombeere (<em>Rubus radula<\/em>) und der Halbaufrechten Brombeere (<em>Rubus nessensis<\/em>), waren noch Mumien vom Echten Fichtenspargel (<em>Hypopitys monotropa<\/em>) zu finden. Am Wegrand konnte die Teilnehmer einen kleinen Bestand vom Felsen-Storchschnabel (<em>Geranium macrorrhizum<\/em>) anhand der noch vorhandenen Laubbl\u00e4tter best\u00e4tigen. Der Wanderweg f\u00fchrte nun weiter \u00fcber die Schindelbruchwiesen. An der Wald-Wiesen-Grenze \u00fcberquerten wir mit dem Silberh\u00fctter Kunstgraben ein Zeugnis der Bergbaugeschichte vergangener Jahrhunderte. Hier fruchteten zahlreich das Schmalbl\u00e4ttrige und das Behaarte Weidenr\u00f6schen (<em>Epilobium angustifolium &amp; hirsutum<\/em>).<\/p>\n\n\n\n<figure class=\"wp-block-image size-large\"><a href=\"http:\/\/www.nordharzev.de\/wp-content\/uploads\/2024\/11\/IMG_0060-scaled.jpg\"><img loading=\"lazy\" width=\"709\" height=\"1024\" src=\"http:\/\/www.nordharzev.de\/wp-content\/uploads\/2024\/11\/IMG_0060-709x1024.jpg\" alt=\"\" class=\"wp-image-1653\" srcset=\"https:\/\/www.nordharzev.de\/wp-content\/uploads\/2024\/11\/IMG_0060-709x1024.jpg 709w, https:\/\/www.nordharzev.de\/wp-content\/uploads\/2024\/11\/IMG_0060-208x300.jpg 208w, https:\/\/www.nordharzev.de\/wp-content\/uploads\/2024\/11\/IMG_0060-768x1109.jpg 768w, https:\/\/www.nordharzev.de\/wp-content\/uploads\/2024\/11\/IMG_0060-1064x1536.jpg 1064w, https:\/\/www.nordharzev.de\/wp-content\/uploads\/2024\/11\/IMG_0060-1419x2048.jpg 1419w, https:\/\/www.nordharzev.de\/wp-content\/uploads\/2024\/11\/IMG_0060-scaled.jpg 1773w\" sizes=\"(max-width: 709px) 100vw, 709px\" \/><\/a><figcaption>(Foto J. Roehl)<\/figcaption><\/figure>\n\n\n\n<p>W\u00e4hrend die Exkursionsteilnehmer in den Geb\u00fcschen und Gr\u00e4ben entlang des Wanderpfades anhand der Pflanzenreste zum Beispiel das Echte M\u00e4des\u00fc\u00df (<em>Filipendula ulmaria<\/em>), die Wiesen-Platterbse (<em>Lathyrus pratensis<\/em>) oder den Gold-K\u00e4lberkropf (<em>Chaerophyllum aureum<\/em>) bestimmten, war \u00fcber ihren K\u00f6pfen das wohlklingende Trompeten zahlreicher, nach S\u00fcden ziehender, Kraniche zu h\u00f6ren. Am Ostufer vom Frankenteich entdeckten wir zwischen den ausgedehnten Best\u00e4nden der Heidelbeere (<em>Vaccinium myrtillus<\/em>) wenige Pflanzen der Preiselbeere (<em>Vaccinium vitis-idaea<\/em>), die im Gegensatz zur Heidelbeere ihre Laubbl\u00e4tter im Winter beh\u00e4lt. Zu den zahlreichen Flechtenarten, die an den felsigen Wegb\u00f6schungen zu finden waren, geh\u00f6rte auch die Milde Rentierflechte (<em>Cladonia mitis<\/em>)<\/p>\n\n\n\n<figure class=\"wp-block-image size-large\"><a href=\"http:\/\/www.nordharzev.de\/wp-content\/uploads\/2024\/11\/IMG_0119-scaled.jpg\"><img loading=\"lazy\" width=\"1024\" height=\"709\" src=\"http:\/\/www.nordharzev.de\/wp-content\/uploads\/2024\/11\/IMG_0119-1024x709.jpg\" alt=\"\" class=\"wp-image-1654\" srcset=\"https:\/\/www.nordharzev.de\/wp-content\/uploads\/2024\/11\/IMG_0119-1024x709.jpg 1024w, https:\/\/www.nordharzev.de\/wp-content\/uploads\/2024\/11\/IMG_0119-300x208.jpg 300w, https:\/\/www.nordharzev.de\/wp-content\/uploads\/2024\/11\/IMG_0119-768x532.jpg 768w, https:\/\/www.nordharzev.de\/wp-content\/uploads\/2024\/11\/IMG_0119-1536x1064.jpg 1536w, https:\/\/www.nordharzev.de\/wp-content\/uploads\/2024\/11\/IMG_0119-2048x1418.jpg 2048w\" sizes=\"(max-width: 1024px) 100vw, 1024px\" \/><\/a><figcaption><em>Cladonia mitis<\/em> &#8211; Milde Rentierflechte (Foto J. Roehl)<\/figcaption><\/figure>\n\n\n\n<p>Nachdem wir am Ufer vom Frankenteich wetterbedingt eine nur kurze Rast eingelegt hatten, konnten wir uns am Damm des Stausees anhand noch erkennbarer Mumien vom Vorhandensein der bisher im Harz sehr seltenen Gro\u00dfbl\u00fctigen Leimsaat (<em>Collemia grandiflora<\/em>) \u00fcberzeugen und dabei auch den Anblick des idyllisch gelegenen Frankenteiches genie\u00dfen.<\/p>\n\n\n\n<figure class=\"wp-block-image size-large\"><a href=\"http:\/\/www.nordharzev.de\/wp-content\/uploads\/2024\/11\/Rast-am-Frankenteich-02.11.2024-Joachim-Keller-27.jpg\"><img loading=\"lazy\" width=\"1024\" height=\"768\" src=\"http:\/\/www.nordharzev.de\/wp-content\/uploads\/2024\/11\/Rast-am-Frankenteich-02.11.2024-Joachim-Keller-27-1024x768.jpg\" alt=\"\" class=\"wp-image-1651\" srcset=\"https:\/\/www.nordharzev.de\/wp-content\/uploads\/2024\/11\/Rast-am-Frankenteich-02.11.2024-Joachim-Keller-27-1024x768.jpg 1024w, https:\/\/www.nordharzev.de\/wp-content\/uploads\/2024\/11\/Rast-am-Frankenteich-02.11.2024-Joachim-Keller-27-300x225.jpg 300w, https:\/\/www.nordharzev.de\/wp-content\/uploads\/2024\/11\/Rast-am-Frankenteich-02.11.2024-Joachim-Keller-27-768x576.jpg 768w, https:\/\/www.nordharzev.de\/wp-content\/uploads\/2024\/11\/Rast-am-Frankenteich-02.11.2024-Joachim-Keller-27-1536x1152.jpg 1536w, https:\/\/www.nordharzev.de\/wp-content\/uploads\/2024\/11\/Rast-am-Frankenteich-02.11.2024-Joachim-Keller-27.jpg 1613w\" sizes=\"(max-width: 1024px) 100vw, 1024px\" \/><\/a><figcaption>(Foto Dr. J. Keller)<\/figcaption><\/figure>\n\n\n\n<p>In den Gr\u00e4ben am Waldweg n\u00f6rdlich des Staugew\u00e4ssers konnten wir uns an den Pflanzenresten vom Gew\u00f6hnlichen Teufelsabbiss (<em>Succisa pratensis<\/em>) und vom Gold-Klee (<em>Trifolium aureum<\/em>) erfreuen. Mit Maa\u00dfens Brombeere (<em>Rubus maassii<\/em>) und Harzer Brombeere (<em>Rubus hercynicus<\/em>) wurden zwei weitere Arten dieser bestimmungskritischen Gattung vorgestellt.<\/p>\n\n\n\n<div class=\"wp-container-3 wp-block-columns\">\n<div class=\"wp-container-1 wp-block-column\">\n<figure class=\"wp-block-image size-large\"><a href=\"http:\/\/www.nordharzev.de\/wp-content\/uploads\/2024\/11\/Gewoehnlicher-Teufelsabbiss-Succisa-pratensis-02.11.2024-Joachim-Keller-15.jpg\"><img loading=\"lazy\" width=\"1428\" height=\"1905\" src=\"https:\/\/www.nordharzev.de\/wp-content\/uploads\/2024\/11\/Gewoehnlicher-Teufelsabbiss-Succisa-pratensis-02.11.2024-Joachim-Keller-15-edited.jpg\" alt=\"\" class=\"wp-image-1656\" srcset=\"https:\/\/www.nordharzev.de\/wp-content\/uploads\/2024\/11\/Gewoehnlicher-Teufelsabbiss-Succisa-pratensis-02.11.2024-Joachim-Keller-15-edited.jpg 1428w, https:\/\/www.nordharzev.de\/wp-content\/uploads\/2024\/11\/Gewoehnlicher-Teufelsabbiss-Succisa-pratensis-02.11.2024-Joachim-Keller-15-edited-225x300.jpg 225w, https:\/\/www.nordharzev.de\/wp-content\/uploads\/2024\/11\/Gewoehnlicher-Teufelsabbiss-Succisa-pratensis-02.11.2024-Joachim-Keller-15-edited-768x1025.jpg 768w, https:\/\/www.nordharzev.de\/wp-content\/uploads\/2024\/11\/Gewoehnlicher-Teufelsabbiss-Succisa-pratensis-02.11.2024-Joachim-Keller-15-edited-1151x1536.jpg 1151w\" sizes=\"(max-width: 1428px) 100vw, 1428px\" \/><\/a><figcaption><em>Succisa pratensis<\/em> &#8211; Gew\u00f6hnlichen Teufelsabbiss<\/figcaption><\/figure>\n<\/div>\n\n\n\n<div class=\"wp-container-2 wp-block-column\">\n<figure class=\"wp-block-image size-large\"><a href=\"http:\/\/www.nordharzev.de\/wp-content\/uploads\/2024\/11\/Breitblaettrige-Stendelwurz-Epipactis-he-02.11.2024-Joachim-Keller-20.jpg\"><img loading=\"lazy\" width=\"1428\" height=\"1904\" src=\"https:\/\/www.nordharzev.de\/wp-content\/uploads\/2024\/11\/Breitblaettrige-Stendelwurz-Epipactis-he-02.11.2024-Joachim-Keller-20-edited.jpg\" alt=\"\" class=\"wp-image-1655\" srcset=\"https:\/\/www.nordharzev.de\/wp-content\/uploads\/2024\/11\/Breitblaettrige-Stendelwurz-Epipactis-he-02.11.2024-Joachim-Keller-20-edited.jpg 1428w, https:\/\/www.nordharzev.de\/wp-content\/uploads\/2024\/11\/Breitblaettrige-Stendelwurz-Epipactis-he-02.11.2024-Joachim-Keller-20-edited-225x300.jpg 225w, https:\/\/www.nordharzev.de\/wp-content\/uploads\/2024\/11\/Breitblaettrige-Stendelwurz-Epipactis-he-02.11.2024-Joachim-Keller-20-edited-768x1024.jpg 768w, https:\/\/www.nordharzev.de\/wp-content\/uploads\/2024\/11\/Breitblaettrige-Stendelwurz-Epipactis-he-02.11.2024-Joachim-Keller-20-edited-1152x1536.jpg 1152w\" sizes=\"(max-width: 1428px) 100vw, 1428px\" \/><\/a><figcaption><em>Epipactis helleborine <\/em>&#8211; Breitbl\u00e4ttrigen Stendelwurz<\/figcaption><\/figure>\n<\/div>\n<\/div>\n\n\n\n<p>Einige der Kahlfl\u00e4chen entlang des Weges waren bereits wieder aufgeforstet. In den Gattern entdeckten wir neben Douglasien (<em>Pseudotsuga menziesii<\/em>) und Rot-Eichen (<em>Quercus rubra<\/em>) auch einige Jungpflanzen vom Riesen-Lebensbaum (<em>Thuja plicata<\/em>). Kurz vor dem Erreichen der Harzsch\u00fctzenstra\u00dfe standen direkt am Wegrand drei fruchtende Exemplare der Breitbl\u00e4ttrigen Stendelwurz (<em>Epipactis helleborine<\/em>). Nach dem \u00dcberqueren der Stra\u00dfe lie\u00dfen wir unsere Blicke \u00fcber riesige Kahlfl\u00e4chen schweifen. Hier hatte der Borkenk\u00e4fer in den letzten Jahren auf gro\u00dfer Fl\u00e4che alle Fichtenbest\u00e4nde vernichtet.<br>Am Parkplatz vom Hotel \u201eSchindelbruch\u201c hatten sich einige Exemplare vom Rispen-Sauerampfer (<em>Rumex thyrsiflorus<\/em>) angesiedelt, der im Harz noch sehr selten ist und nun am Auerberg erstmalig nachgewiesen werden konnte. Zum Abschluss f\u00fchrte uns der Weg \u00fcber einen Naturlehrpfad mit gro\u00dfen Best\u00e4nden vom Adlerfarn (<em>Pteridium aquilinum<\/em>) und der dekorativen Wald-Hainsimse (<em>Luzula sylvatica<\/em>) zur\u00fcck zum Ausgangspunkt.<\/p>\n\n\n\n<p>Leitung: Armin Hoch<br>Text: Armin Hoch<br>Fotos: Sylvia Hoch, Dr. Joachim Keller, J\u00fcrgen Roehl<\/p>\n","protected":false},"excerpt":{"rendered":"<p>In Fortsetzung der 2023 erfolgreich durchgef\u00fchrten \u201eMumien-Botanik\u201c trafen sich zum Saisonabschluss 2024 f\u00fcnfzehn Mitglieder des Botanischen Arbeitskreises auf dem Parkplatz am Gro\u00dfen Auerberg zu einer Wanderung zum Frankenteich, einem Staugew\u00e4sser im Unterharz. Ziel dieser Exkursion war es, anhand der Reste, &hellip; <a href=\"https:\/\/www.nordharzev.de\/?page_id=1646\">Weiterlesen <span class=\"meta-nav\">&rarr;<\/span><\/a><\/p>\n","protected":false},"author":1,"featured_media":0,"parent":0,"menu_order":0,"comment_status":"closed","ping_status":"closed","template":"","meta":[],"_links":{"self":[{"href":"https:\/\/www.nordharzev.de\/index.php?rest_route=\/wp\/v2\/pages\/1646"}],"collection":[{"href":"https:\/\/www.nordharzev.de\/index.php?rest_route=\/wp\/v2\/pages"}],"about":[{"href":"https:\/\/www.nordharzev.de\/index.php?rest_route=\/wp\/v2\/types\/page"}],"author":[{"embeddable":true,"href":"https:\/\/www.nordharzev.de\/index.php?rest_route=\/wp\/v2\/users\/1"}],"replies":[{"embeddable":true,"href":"https:\/\/www.nordharzev.de\/index.php?rest_route=%2Fwp%2Fv2%2Fcomments&post=1646"}],"version-history":[{"count":1,"href":"https:\/\/www.nordharzev.de\/index.php?rest_route=\/wp\/v2\/pages\/1646\/revisions"}],"predecessor-version":[{"id":1659,"href":"https:\/\/www.nordharzev.de\/index.php?rest_route=\/wp\/v2\/pages\/1646\/revisions\/1659"}],"wp:attachment":[{"href":"https:\/\/www.nordharzev.de\/index.php?rest_route=%2Fwp%2Fv2%2Fmedia&parent=1646"}],"curies":[{"name":"wp","href":"https:\/\/api.w.org\/{rel}","templated":true}]}}