{"id":1700,"date":"2025-02-01T15:47:34","date_gmt":"2025-02-01T14:47:34","guid":{"rendered":"https:\/\/www.nordharzev.de\/?page_id=1700"},"modified":"2025-02-01T16:05:07","modified_gmt":"2025-02-01T15:05:07","slug":"waldgesellschaften-im-selketal-07-09-2024","status":"publish","type":"page","link":"https:\/\/www.nordharzev.de\/?page_id=1700","title":{"rendered":"Waldgesellschaften im Selketal, 07.09.2024"},"content":{"rendered":"\n<p>Einschlaglupe und Rothmaler konnten bei dieser Exkursion im Rucksack bleiben, galt doch heute unser Hauptinteresse gro\u00dfr\u00e4umigen Strukturen: den nat\u00fcrlichen Waldgesellschaften des Selketals. Als Wegbegleiter diente die forstliche Standortskarte. Ihre Angaben zu den Bodeneigenschaften u.v.a. sind eine wichtige Orientierungshilfe beim Erkennen und Abgrenzen von Waldtypen. Sie ist auf der Internetseite des Landeszentrum Wald abrufbar: www.waldgeoportal.de.<\/p>\n\n\n\n<figure class=\"wp-block-image size-large\"><a href=\"https:\/\/www.nordharzev.de\/wp-content\/uploads\/2025\/02\/Abb1.jpeg\"><img loading=\"lazy\" width=\"1024\" height=\"676\" src=\"https:\/\/www.nordharzev.de\/wp-content\/uploads\/2025\/02\/Abb1-1024x676.jpeg\" alt=\"\" class=\"wp-image-1704\" srcset=\"https:\/\/www.nordharzev.de\/wp-content\/uploads\/2025\/02\/Abb1-1024x676.jpeg 1024w, https:\/\/www.nordharzev.de\/wp-content\/uploads\/2025\/02\/Abb1-300x198.jpeg 300w, https:\/\/www.nordharzev.de\/wp-content\/uploads\/2025\/02\/Abb1-768x507.jpeg 768w, https:\/\/www.nordharzev.de\/wp-content\/uploads\/2025\/02\/Abb1-1536x1014.jpeg 1536w, https:\/\/www.nordharzev.de\/wp-content\/uploads\/2025\/02\/Abb1.jpeg 1976w\" sizes=\"(max-width: 1024px) 100vw, 1024px\" \/><\/a><figcaption>Abb. 1: Ausschnitt Forstliche Standortkarte<br>Bsp: Die Stamm-Standortsgruppe Uf-M3 (hier rot markiert) deutet auf einen Hainsimsen-Buchenwald (siehe Abb. am Klippenweg)<\/figcaption><\/figure>\n\n\n\n<p>Bei angenehm sp\u00e4tsommerlichem Wetter ging es vom Wanderparkplatz an der \u201eAlten M\u00e4gdesprunger Landsta\u00dfe\u201c (L 235 bei Harzgerode) auf einen 3 km langen Rundkurs. Bereits am Wanderweg zwischen K\u00f6thener H\u00fctte und M\u00e4gdetrapppe lieferte das abwechslungsreiche Standorts- und Vegetationsmosaik gen\u00fcgend Waldbilder und Gespr\u00e4chsstoff, so dass auf den zun\u00e4chst geplanten Abstieg ins Tal verzichteten werden konnte. Einige Beispiele:<\/p>\n\n\n\n<figure class=\"wp-block-image size-large\"><a href=\"https:\/\/www.nordharzev.de\/wp-content\/uploads\/2025\/02\/Abb2-scaled.jpg\"><img loading=\"lazy\" width=\"1024\" height=\"670\" src=\"https:\/\/www.nordharzev.de\/wp-content\/uploads\/2025\/02\/Abb2-1024x670.jpg\" alt=\"\" class=\"wp-image-1706\" srcset=\"https:\/\/www.nordharzev.de\/wp-content\/uploads\/2025\/02\/Abb2-1024x670.jpg 1024w, https:\/\/www.nordharzev.de\/wp-content\/uploads\/2025\/02\/Abb2-300x196.jpg 300w, https:\/\/www.nordharzev.de\/wp-content\/uploads\/2025\/02\/Abb2-768x502.jpg 768w, https:\/\/www.nordharzev.de\/wp-content\/uploads\/2025\/02\/Abb2-1536x1005.jpg 1536w, https:\/\/www.nordharzev.de\/wp-content\/uploads\/2025\/02\/Abb2-2048x1340.jpg 2048w\" sizes=\"(max-width: 1024px) 100vw, 1024px\" \/><\/a><figcaption>Abb. 2: Waldmeister-Buchenwald<br>gesch\u00fctzte Plateaulage, gute N\u00e4hrstoffversorgung und naturnahe, femelartige Bewirtschaftung sichern eine dichte, vitale Naturverj\u00fcngung.<\/figcaption><\/figure>\n\n\n\n<div class=\"wp-container-3 wp-block-columns\">\n<div class=\"wp-container-1 wp-block-column\">\n<figure class=\"wp-block-image size-large is-resized is-style-rounded\"><a href=\"https:\/\/www.nordharzev.de\/wp-content\/uploads\/2025\/02\/Abb3-scaled.jpg\"><img loading=\"lazy\" src=\"https:\/\/www.nordharzev.de\/wp-content\/uploads\/2025\/02\/Abb3-712x1024.jpg\" alt=\"\" class=\"wp-image-1707\" width=\"356\" height=\"512\" srcset=\"https:\/\/www.nordharzev.de\/wp-content\/uploads\/2025\/02\/Abb3-712x1024.jpg 712w, https:\/\/www.nordharzev.de\/wp-content\/uploads\/2025\/02\/Abb3-209x300.jpg 209w, https:\/\/www.nordharzev.de\/wp-content\/uploads\/2025\/02\/Abb3-768x1104.jpg 768w, https:\/\/www.nordharzev.de\/wp-content\/uploads\/2025\/02\/Abb3-1068x1536.jpg 1068w, https:\/\/www.nordharzev.de\/wp-content\/uploads\/2025\/02\/Abb3-1424x2048.jpg 1424w, https:\/\/www.nordharzev.de\/wp-content\/uploads\/2025\/02\/Abb3-scaled.jpg 1780w\" sizes=\"(max-width: 356px) 100vw, 356px\" \/><\/a><figcaption>Abb. 3: Wald-Haargerste (<em>Hordelymus europaeus<\/em>) Hinweis auf kleinfl\u00e4chig h\u00f6here Basenversorgung der B\u00f6den entlang des Schalkenburger Gangzuges.<\/figcaption><\/figure>\n<\/div>\n\n\n\n<div class=\"wp-container-2 wp-block-column\">\n<figure class=\"wp-block-image size-large is-resized is-style-rounded\"><a href=\"http:\/\/www.nordharzev.de\/wp-content\/uploads\/2025\/02\/Abb4-scaled.jpg\"><img loading=\"lazy\" src=\"http:\/\/www.nordharzev.de\/wp-content\/uploads\/2025\/02\/Abb4-768x1024.jpg\" alt=\"\" class=\"wp-image-1708\" width=\"384\" height=\"512\" srcset=\"https:\/\/www.nordharzev.de\/wp-content\/uploads\/2025\/02\/Abb4-768x1024.jpg 768w, https:\/\/www.nordharzev.de\/wp-content\/uploads\/2025\/02\/Abb4-225x300.jpg 225w, https:\/\/www.nordharzev.de\/wp-content\/uploads\/2025\/02\/Abb4-1152x1536.jpg 1152w, https:\/\/www.nordharzev.de\/wp-content\/uploads\/2025\/02\/Abb4-1536x2048.jpg 1536w, https:\/\/www.nordharzev.de\/wp-content\/uploads\/2025\/02\/Abb4-scaled.jpg 1920w\" sizes=\"(max-width: 384px) 100vw, 384px\" \/><\/a><figcaption>Abb. 4: Stein-Buche<br>Selten entwickelt die Rot-Buche eine stark borkige Rinde (\u201eSteinbuche\u201c); hier in markanter Rotf\u00e4rbung durch die Trentepohlia-Alge.<\/figcaption><\/figure>\n<\/div>\n<\/div>\n\n\n\n<figure class=\"wp-block-image size-large\"><a href=\"https:\/\/www.nordharzev.de\/wp-content\/uploads\/2025\/02\/Abb5-scaled.jpg\"><img loading=\"lazy\" width=\"1024\" height=\"575\" src=\"https:\/\/www.nordharzev.de\/wp-content\/uploads\/2025\/02\/Abb5-1024x575.jpg\" alt=\"\" class=\"wp-image-1713\" srcset=\"https:\/\/www.nordharzev.de\/wp-content\/uploads\/2025\/02\/Abb5-1024x575.jpg 1024w, https:\/\/www.nordharzev.de\/wp-content\/uploads\/2025\/02\/Abb5-300x169.jpg 300w, https:\/\/www.nordharzev.de\/wp-content\/uploads\/2025\/02\/Abb5-768x432.jpg 768w, https:\/\/www.nordharzev.de\/wp-content\/uploads\/2025\/02\/Abb5-1536x863.jpg 1536w, https:\/\/www.nordharzev.de\/wp-content\/uploads\/2025\/02\/Abb5-2048x1151.jpg 2048w\" sizes=\"(max-width: 1024px) 100vw, 1024px\" \/><\/a><figcaption>Abb. 5: Hainsimsen-Buchenwald (rechts im Bild)<br>Der ansteigende Oberhang am Klippenweg ist \u201eWind und Wetter\u201c ausgesetzt, N\u00e4hrstoffe werden ausgewaschen, der Boden verhagert. Die Feldschicht ist artenarm und von S\u00e4urezeigern gepr\u00e4gt.<\/figcaption><\/figure>\n\n\n\n<figure class=\"wp-block-image size-large\"><a href=\"https:\/\/www.nordharzev.de\/wp-content\/uploads\/2025\/02\/Abb6-scaled.jpg\"><img loading=\"lazy\" width=\"1024\" height=\"575\" src=\"https:\/\/www.nordharzev.de\/wp-content\/uploads\/2025\/02\/Abb6-1024x575.jpg\" alt=\"\" class=\"wp-image-1714\" srcset=\"https:\/\/www.nordharzev.de\/wp-content\/uploads\/2025\/02\/Abb6-1024x575.jpg 1024w, https:\/\/www.nordharzev.de\/wp-content\/uploads\/2025\/02\/Abb6-300x169.jpg 300w, https:\/\/www.nordharzev.de\/wp-content\/uploads\/2025\/02\/Abb6-768x432.jpg 768w, https:\/\/www.nordharzev.de\/wp-content\/uploads\/2025\/02\/Abb6-1536x863.jpg 1536w, https:\/\/www.nordharzev.de\/wp-content\/uploads\/2025\/02\/Abb6-2048x1151.jpg 2048w\" sizes=\"(max-width: 1024px) 100vw, 1024px\" \/><\/a><\/figure>\n\n\n\n<p>Abb. 6: Expositionsbedingter Baumartenwechsel<br>Am Bergsporn der M\u00e4gdetrappe wechselt der mischungsreicher Waldlabkraut Eichen-Hainbuchen-Wald (Nordostlage, rechts im Bild) abrupt in einen F\u00e4rberginster Eichen-Trockenwald (S\u00fcdlage, links im Bild).<\/p>\n\n\n\n<figure class=\"wp-block-image size-large\"><a href=\"https:\/\/www.nordharzev.de\/wp-content\/uploads\/2025\/02\/Abb7-scaled.jpg\"><img loading=\"lazy\" width=\"1024\" height=\"575\" src=\"https:\/\/www.nordharzev.de\/wp-content\/uploads\/2025\/02\/Abb7-1024x575.jpg\" alt=\"\" class=\"wp-image-1715\" srcset=\"https:\/\/www.nordharzev.de\/wp-content\/uploads\/2025\/02\/Abb7-1024x575.jpg 1024w, https:\/\/www.nordharzev.de\/wp-content\/uploads\/2025\/02\/Abb7-300x169.jpg 300w, https:\/\/www.nordharzev.de\/wp-content\/uploads\/2025\/02\/Abb7-768x432.jpg 768w, https:\/\/www.nordharzev.de\/wp-content\/uploads\/2025\/02\/Abb7-1536x863.jpg 1536w, https:\/\/www.nordharzev.de\/wp-content\/uploads\/2025\/02\/Abb7-2048x1151.jpg 2048w\" sizes=\"(max-width: 1024px) 100vw, 1024px\" \/><\/a><figcaption>Abb. 7: Waldlabkraut Eichen-Hainbuchen-Wald<br>Knorrige Alteichen geben dem ausgewachsenen Mittelwald an der M\u00e4gdetrappe eine altehrw\u00fcrdige, naturnahe Pr\u00e4gung. Im lichten, w\u00e4rmeget\u00f6nten Waldsaum stellen sich basenholde Arten ein, wie die Schwarzwerdende Platterbse.<\/figcaption><\/figure>\n\n\n\n<figure class=\"wp-block-image size-large\"><a href=\"https:\/\/www.nordharzev.de\/wp-content\/uploads\/2025\/02\/Abb8-scaled.jpg\"><img loading=\"lazy\" width=\"1024\" height=\"761\" src=\"https:\/\/www.nordharzev.de\/wp-content\/uploads\/2025\/02\/Abb8-1024x761.jpg\" alt=\"\" class=\"wp-image-1716\" srcset=\"https:\/\/www.nordharzev.de\/wp-content\/uploads\/2025\/02\/Abb8-1024x761.jpg 1024w, https:\/\/www.nordharzev.de\/wp-content\/uploads\/2025\/02\/Abb8-300x223.jpg 300w, https:\/\/www.nordharzev.de\/wp-content\/uploads\/2025\/02\/Abb8-768x570.jpg 768w, https:\/\/www.nordharzev.de\/wp-content\/uploads\/2025\/02\/Abb8-1536x1141.jpg 1536w, https:\/\/www.nordharzev.de\/wp-content\/uploads\/2025\/02\/Abb8-2048x1521.jpg 2048w\" sizes=\"(max-width: 1024px) 100vw, 1024px\" \/><\/a><figcaption>Abb. 8: Schwarzwerdende Platterbse (<em>Latyrus niger<\/em>)<\/figcaption><\/figure>\n\n\n\n<figure class=\"wp-block-image size-large\"><a href=\"https:\/\/www.nordharzev.de\/wp-content\/uploads\/2025\/02\/Abb9-scaled.jpg\"><img loading=\"lazy\" width=\"1024\" height=\"575\" src=\"https:\/\/www.nordharzev.de\/wp-content\/uploads\/2025\/02\/Abb9-1024x575.jpg\" alt=\"\" class=\"wp-image-1717\" srcset=\"https:\/\/www.nordharzev.de\/wp-content\/uploads\/2025\/02\/Abb9-1024x575.jpg 1024w, https:\/\/www.nordharzev.de\/wp-content\/uploads\/2025\/02\/Abb9-300x169.jpg 300w, https:\/\/www.nordharzev.de\/wp-content\/uploads\/2025\/02\/Abb9-768x432.jpg 768w, https:\/\/www.nordharzev.de\/wp-content\/uploads\/2025\/02\/Abb9-1536x863.jpg 1536w, https:\/\/www.nordharzev.de\/wp-content\/uploads\/2025\/02\/Abb9-2048x1151.jpg 2048w\" sizes=\"(max-width: 1024px) 100vw, 1024px\" \/><\/a><figcaption>Abb. 9: F\u00e4rberginster Eichen-Trockenwald<br>Die s\u00fcdexponierten Steilh\u00e4nge der M\u00e4gdetrappe (Grenzstandorte f\u00fcr Wald) werden vom K\u00fcmmerwuchs jahrhundertealter Eichen-Niederw\u00e4lder eingenommen. Im lichten Waldgef\u00fcge finden konkurrenzschwache und trockenheitsresistente Pflanzenarten, wie das Blasse Habichtskraut, ein Auskommen.<\/figcaption><\/figure>\n\n\n\n<figure class=\"wp-block-image size-large\"><a href=\"https:\/\/www.nordharzev.de\/wp-content\/uploads\/2025\/02\/Abb10.jpg\"><img loading=\"lazy\" width=\"774\" height=\"1024\" src=\"https:\/\/www.nordharzev.de\/wp-content\/uploads\/2025\/02\/Abb10-774x1024.jpg\" alt=\"\" class=\"wp-image-1718\" srcset=\"https:\/\/www.nordharzev.de\/wp-content\/uploads\/2025\/02\/Abb10-774x1024.jpg 774w, https:\/\/www.nordharzev.de\/wp-content\/uploads\/2025\/02\/Abb10-227x300.jpg 227w, https:\/\/www.nordharzev.de\/wp-content\/uploads\/2025\/02\/Abb10-768x1017.jpg 768w, https:\/\/www.nordharzev.de\/wp-content\/uploads\/2025\/02\/Abb10-1160x1536.jpg 1160w, https:\/\/www.nordharzev.de\/wp-content\/uploads\/2025\/02\/Abb10.jpg 1452w\" sizes=\"(max-width: 774px) 100vw, 774px\" \/><\/a><figcaption>Abb.10 Blasses Habichtskraut (<em>Hieracium schmidtii<\/em>)<\/figcaption><\/figure>\n\n\n\n<p>(mehr zum Thema: \u201eBotanische Streifz\u00fcge um Harzgerode (2020), Wanderungen 1 und 2)<\/p>\n\n\n\n<figure class=\"wp-block-image size-large\"><a href=\"https:\/\/www.nordharzev.de\/wp-content\/uploads\/2025\/02\/DSC00365-Kopie.jpg\"><img loading=\"lazy\" width=\"1024\" height=\"683\" src=\"https:\/\/www.nordharzev.de\/wp-content\/uploads\/2025\/02\/DSC00365-Kopie-1024x683.jpg\" alt=\"\" class=\"wp-image-1719\" srcset=\"https:\/\/www.nordharzev.de\/wp-content\/uploads\/2025\/02\/DSC00365-Kopie-1024x683.jpg 1024w, https:\/\/www.nordharzev.de\/wp-content\/uploads\/2025\/02\/DSC00365-Kopie-300x200.jpg 300w, https:\/\/www.nordharzev.de\/wp-content\/uploads\/2025\/02\/DSC00365-Kopie-768x512.jpg 768w, https:\/\/www.nordharzev.de\/wp-content\/uploads\/2025\/02\/DSC00365-Kopie-1536x1024.jpg 1536w, https:\/\/www.nordharzev.de\/wp-content\/uploads\/2025\/02\/DSC00365-Kopie.jpg 1800w\" sizes=\"(max-width: 1024px) 100vw, 1024px\" \/><\/a><\/figure>\n\n\n\n<figure class=\"wp-block-image size-large\"><a href=\"https:\/\/www.nordharzev.de\/wp-content\/uploads\/2025\/02\/20240907_132449-scaled.jpg\"><img loading=\"lazy\" width=\"1024\" height=\"576\" src=\"https:\/\/www.nordharzev.de\/wp-content\/uploads\/2025\/02\/20240907_132449-1024x576.jpg\" alt=\"\" class=\"wp-image-1722\" srcset=\"https:\/\/www.nordharzev.de\/wp-content\/uploads\/2025\/02\/20240907_132449-1024x576.jpg 1024w, https:\/\/www.nordharzev.de\/wp-content\/uploads\/2025\/02\/20240907_132449-300x169.jpg 300w, https:\/\/www.nordharzev.de\/wp-content\/uploads\/2025\/02\/20240907_132449-768x432.jpg 768w, https:\/\/www.nordharzev.de\/wp-content\/uploads\/2025\/02\/20240907_132449-1536x864.jpg 1536w, https:\/\/www.nordharzev.de\/wp-content\/uploads\/2025\/02\/20240907_132449-2048x1152.jpg 2048w\" sizes=\"(max-width: 1024px) 100vw, 1024px\" \/><\/a><\/figure>\n\n\n\n<div class=\"wp-container-6 wp-block-columns\">\n<div class=\"wp-container-4 wp-block-column\">\n<figure class=\"wp-block-image size-large\"><a href=\"https:\/\/www.nordharzev.de\/wp-content\/uploads\/2025\/02\/20240907_104616-scaled.jpg\"><img loading=\"lazy\" width=\"710\" height=\"1024\" src=\"https:\/\/www.nordharzev.de\/wp-content\/uploads\/2025\/02\/20240907_104616-710x1024.jpg\" alt=\"\" class=\"wp-image-1723\" srcset=\"https:\/\/www.nordharzev.de\/wp-content\/uploads\/2025\/02\/20240907_104616-710x1024.jpg 710w, https:\/\/www.nordharzev.de\/wp-content\/uploads\/2025\/02\/20240907_104616-208x300.jpg 208w, https:\/\/www.nordharzev.de\/wp-content\/uploads\/2025\/02\/20240907_104616-768x1108.jpg 768w, https:\/\/www.nordharzev.de\/wp-content\/uploads\/2025\/02\/20240907_104616-1065x1536.jpg 1065w, https:\/\/www.nordharzev.de\/wp-content\/uploads\/2025\/02\/20240907_104616-1420x2048.jpg 1420w, https:\/\/www.nordharzev.de\/wp-content\/uploads\/2025\/02\/20240907_104616-scaled.jpg 1775w\" sizes=\"(max-width: 710px) 100vw, 710px\" \/><\/a><\/figure>\n<\/div>\n\n\n\n<div class=\"wp-container-5 wp-block-column\">\n<figure class=\"wp-block-image size-large\"><a href=\"https:\/\/www.nordharzev.de\/wp-content\/uploads\/2025\/02\/20240907_112003-scaled.jpg\"><img loading=\"lazy\" width=\"709\" height=\"1024\" src=\"https:\/\/www.nordharzev.de\/wp-content\/uploads\/2025\/02\/20240907_112003-709x1024.jpg\" alt=\"\" class=\"wp-image-1724\" srcset=\"https:\/\/www.nordharzev.de\/wp-content\/uploads\/2025\/02\/20240907_112003-709x1024.jpg 709w, https:\/\/www.nordharzev.de\/wp-content\/uploads\/2025\/02\/20240907_112003-208x300.jpg 208w, https:\/\/www.nordharzev.de\/wp-content\/uploads\/2025\/02\/20240907_112003-768x1109.jpg 768w, https:\/\/www.nordharzev.de\/wp-content\/uploads\/2025\/02\/20240907_112003-1064x1536.jpg 1064w, https:\/\/www.nordharzev.de\/wp-content\/uploads\/2025\/02\/20240907_112003-1418x2048.jpg 1418w, https:\/\/www.nordharzev.de\/wp-content\/uploads\/2025\/02\/20240907_112003-scaled.jpg 1773w\" sizes=\"(max-width: 709px) 100vw, 709px\" \/><\/a><\/figure>\n<\/div>\n<\/div>\n\n\n\n<p>Text: Volker Hanebutt<br>Fotos: Volker Hanebutt, erg\u00e4nzt durch Dr. Florenz Sasse und J\u00fcrgen Roehl<\/p>\n","protected":false},"excerpt":{"rendered":"<p>Einschlaglupe und Rothmaler konnten bei dieser Exkursion im Rucksack bleiben, galt doch heute unser Hauptinteresse gro\u00dfr\u00e4umigen Strukturen: den nat\u00fcrlichen Waldgesellschaften des Selketals. Als Wegbegleiter diente die forstliche Standortskarte. Ihre Angaben zu den Bodeneigenschaften u.v.a. sind eine wichtige Orientierungshilfe beim Erkennen &hellip; <a href=\"https:\/\/www.nordharzev.de\/?page_id=1700\">Weiterlesen <span class=\"meta-nav\">&rarr;<\/span><\/a><\/p>\n","protected":false},"author":1,"featured_media":0,"parent":0,"menu_order":0,"comment_status":"closed","ping_status":"closed","template":"","meta":[],"_links":{"self":[{"href":"https:\/\/www.nordharzev.de\/index.php?rest_route=\/wp\/v2\/pages\/1700"}],"collection":[{"href":"https:\/\/www.nordharzev.de\/index.php?rest_route=\/wp\/v2\/pages"}],"about":[{"href":"https:\/\/www.nordharzev.de\/index.php?rest_route=\/wp\/v2\/types\/page"}],"author":[{"embeddable":true,"href":"https:\/\/www.nordharzev.de\/index.php?rest_route=\/wp\/v2\/users\/1"}],"replies":[{"embeddable":true,"href":"https:\/\/www.nordharzev.de\/index.php?rest_route=%2Fwp%2Fv2%2Fcomments&post=1700"}],"version-history":[{"count":6,"href":"https:\/\/www.nordharzev.de\/index.php?rest_route=\/wp\/v2\/pages\/1700\/revisions"}],"predecessor-version":[{"id":1725,"href":"https:\/\/www.nordharzev.de\/index.php?rest_route=\/wp\/v2\/pages\/1700\/revisions\/1725"}],"wp:attachment":[{"href":"https:\/\/www.nordharzev.de\/index.php?rest_route=%2Fwp%2Fv2%2Fmedia&parent=1700"}],"curies":[{"name":"wp","href":"https:\/\/api.w.org\/{rel}","templated":true}]}}