{"id":1732,"date":"2025-06-15T15:04:04","date_gmt":"2025-06-15T14:04:04","guid":{"rendered":"https:\/\/www.nordharzev.de\/?page_id=1732"},"modified":"2026-02-22T12:52:28","modified_gmt":"2026-02-22T11:52:28","slug":"auftaktexkursion-am-12-04-2025-wanderung-im-eckertal-zwischen-stapelburg-und-ilsenburger-stieg","status":"publish","type":"page","link":"https:\/\/www.nordharzev.de\/?page_id=1732","title":{"rendered":"Auftaktexkursion am 12.04.2025 &#8211; Wanderung im Eckertal zwischen Stapelburg und Ilsenburger Stieg"},"content":{"rendered":"\n<p>Unter zahlreicher Beteiligung startete der Botanische Arbeitskreis am 12.04.2025 in sein 65. Exkursionsjahr. Treffpunkt war das Grenzdenkmal am westlichen Rand von Stapelburg, wo sich auch einige Schauanlagen des F\u00f6rdervereins Jungborn Harz e.V. befinden. An einem Modell der Kuranstalt Jungborn, unterst\u00fctzt durch zahlreiche historische Fotos und Filmsequenzen, erl\u00e4uterte Axel Jordan (Gr\u00fcnder des F\u00f6rdervereins) die Geschichte der Anstalt, berichtete \u00fcber den Gr\u00fcnder Adolf Just, prominente Besucher (Marika R\u00f6kk, Leo Slezak, Franz Kafka u. a.) sowie \u00fcber das aktuelle Anliegen des F\u00f6rdervereins.<\/p>\n\n\n\n<figure class=\"wp-block-image size-large\"><a href=\"http:\/\/www.nordharzev.de\/wp-content\/uploads\/2025\/06\/DSC01321-scaled.jpg\"><img loading=\"lazy\" width=\"1024\" height=\"683\" src=\"http:\/\/www.nordharzev.de\/wp-content\/uploads\/2025\/06\/DSC01321-1024x683.jpg\" alt=\"\" class=\"wp-image-1733\" srcset=\"https:\/\/www.nordharzev.de\/wp-content\/uploads\/2025\/06\/DSC01321-1024x683.jpg 1024w, https:\/\/www.nordharzev.de\/wp-content\/uploads\/2025\/06\/DSC01321-300x200.jpg 300w, https:\/\/www.nordharzev.de\/wp-content\/uploads\/2025\/06\/DSC01321-768x512.jpg 768w, https:\/\/www.nordharzev.de\/wp-content\/uploads\/2025\/06\/DSC01321-1536x1024.jpg 1536w, https:\/\/www.nordharzev.de\/wp-content\/uploads\/2025\/06\/DSC01321-2048x1365.jpg 2048w\" sizes=\"(max-width: 1024px) 100vw, 1024px\" \/><\/a><\/figure>\n\n\n\n<p>Danach begab sich die Gruppe auf den Grenzweg als Teil des \u201eGr\u00fcnen Bandes\u201c und besch\u00e4ftigte sich mit der Flora des Eckertals in ihrem bl\u00fctenreichen Fr\u00fchjahrsaspekt. Beeindruckend waren aspektbestimmende Best\u00e4nde des Busch-Windr\u00f6schens (<em>Anemone nemorosa<\/em>) und von B\u00e4rlauch (<em>Allium ursinum<\/em>). Zusammen mit den M\u00e4rzenbechern (<em>Leucojum vernum<\/em>) und dem Gefleckten Aronstab (<em>Arum maculatum<\/em>) kennzeichnen die <em>Allium ursinum<\/em>-Vorkommen die grundwassernahen \u201eGr\u00fcndchenw\u00e4lder\u201c, die besonders gut im Eckertal, dem K\u00f6hlerholz und dem benachbarten Schimmerwald zu sehen sind. Der Auwald im besuchten Teil des Eckertales ist erst nach der Grenz\u00f6ffnung 1989 ungest\u00f6rt aufgewachsen. Einige alte Eschen (<em>Fraxinus excelsior<\/em>) und Schwarzerlen (<em>Alnus glutinosa<\/em>) sowie das reiche Vorkommen der Gew\u00f6hnlichen Traubenkirsche (<em>Prunus padus<\/em>) kennzeichnen das <em><strong>Pado-Fraxinetum<\/strong><\/em> (Erlen-Eschenwald), den 1975 Rudolf Schubert (1927-2022) so f\u00fcr das Eckertal beschrieben hat. Besonders hingewiesen wurde auf den Veilchen-Bastard <em>Viola x bavarica<\/em>, der im Gebiet h\u00e4ufiger erscheint als die Eltern (<em>Viola reichenbachiana<\/em> &amp; <em>V. riviniana<\/em>). <\/p>\n\n\n\n<div class=\"wp-container-3 wp-block-columns\">\n<div class=\"wp-container-1 wp-block-column\">\n<figure class=\"wp-block-image size-large\"><a href=\"http:\/\/www.nordharzev.de\/wp-content\/uploads\/2025\/06\/DSC01308-scaled.jpg\"><img loading=\"lazy\" width=\"1024\" height=\"683\" src=\"http:\/\/www.nordharzev.de\/wp-content\/uploads\/2025\/06\/DSC01308-1024x683.jpg\" alt=\"\" class=\"wp-image-1736\" srcset=\"https:\/\/www.nordharzev.de\/wp-content\/uploads\/2025\/06\/DSC01308-1024x683.jpg 1024w, https:\/\/www.nordharzev.de\/wp-content\/uploads\/2025\/06\/DSC01308-300x200.jpg 300w, https:\/\/www.nordharzev.de\/wp-content\/uploads\/2025\/06\/DSC01308-768x512.jpg 768w, https:\/\/www.nordharzev.de\/wp-content\/uploads\/2025\/06\/DSC01308-1536x1024.jpg 1536w, https:\/\/www.nordharzev.de\/wp-content\/uploads\/2025\/06\/DSC01308-2048x1365.jpg 2048w\" sizes=\"(max-width: 1024px) 100vw, 1024px\" \/><\/a><figcaption><em>Viola x bavarica<\/em><\/figcaption><\/figure>\n<\/div>\n\n\n\n<div class=\"wp-container-2 wp-block-column\">\n<figure class=\"wp-block-image size-large\"><a href=\"http:\/\/www.nordharzev.de\/wp-content\/uploads\/2025\/06\/DSC01371-scaled.jpg\"><img loading=\"lazy\" width=\"1024\" height=\"683\" src=\"http:\/\/www.nordharzev.de\/wp-content\/uploads\/2025\/06\/DSC01371-1024x683.jpg\" alt=\"\" class=\"wp-image-1737\" srcset=\"https:\/\/www.nordharzev.de\/wp-content\/uploads\/2025\/06\/DSC01371-1024x683.jpg 1024w, https:\/\/www.nordharzev.de\/wp-content\/uploads\/2025\/06\/DSC01371-300x200.jpg 300w, https:\/\/www.nordharzev.de\/wp-content\/uploads\/2025\/06\/DSC01371-768x512.jpg 768w, https:\/\/www.nordharzev.de\/wp-content\/uploads\/2025\/06\/DSC01371-1536x1024.jpg 1536w, https:\/\/www.nordharzev.de\/wp-content\/uploads\/2025\/06\/DSC01371-2048x1365.jpg 2048w\" sizes=\"(max-width: 1024px) 100vw, 1024px\" \/><\/a><figcaption><em>Viola riviniana<\/em><\/figcaption><\/figure>\n<\/div>\n<\/div>\n\n\n\n<p>Hingewiesen wurde auch auf die aktuell sehr starke Ausbreitung von Gew\u00f6hnlicher Eibe (<em>Taxus baccata<\/em>) und der Europ\u00e4ischen Stechpalme (<em>Ilex aquifolium<\/em>), die als subspontan nach Anpflanzung erfolgt; im Falle von <em>Ilex<\/em> ist auch mit einer nat\u00fcrlichen Arealerweiterung zu rechnen. Als prominenter Gebirgsschwemmling war die Wei\u00dfe Pestwurz (<em>Petasites albus<\/em>) zu beobachten. Neben zahlreichen weiteren Arten (siehe Liste) war das gro\u00dfe Vorkommen des Winter-Schachtelhalms (<em>Equisetum hyemale<\/em>) zu sehen.<\/p>\n\n\n\n<figure class=\"wp-block-image size-large\"><a href=\"http:\/\/www.nordharzev.de\/wp-content\/uploads\/2025\/06\/DSC01373-scaled.jpg\"><img loading=\"lazy\" width=\"1024\" height=\"683\" src=\"http:\/\/www.nordharzev.de\/wp-content\/uploads\/2025\/06\/DSC01373-1024x683.jpg\" alt=\"\" class=\"wp-image-1735\" srcset=\"https:\/\/www.nordharzev.de\/wp-content\/uploads\/2025\/06\/DSC01373-1024x683.jpg 1024w, https:\/\/www.nordharzev.de\/wp-content\/uploads\/2025\/06\/DSC01373-300x200.jpg 300w, https:\/\/www.nordharzev.de\/wp-content\/uploads\/2025\/06\/DSC01373-768x512.jpg 768w, https:\/\/www.nordharzev.de\/wp-content\/uploads\/2025\/06\/DSC01373-1536x1024.jpg 1536w, https:\/\/www.nordharzev.de\/wp-content\/uploads\/2025\/06\/DSC01373-2048x1365.jpg 2048w\" sizes=\"(max-width: 1024px) 100vw, 1024px\" \/><\/a><\/figure>\n\n\n\n<p>Die Mittagsrast fand an den neu errichteten Licht-Luft-H\u00e4usern des Jungborn statt. Hier angepflanzte Stinkende Nieswurz (<em>Helleborus foetidus<\/em>) bildet inzwischen ansehnliche Best\u00e4nde. <\/p>\n\n\n\n<figure class=\"wp-block-image size-large\"><a href=\"http:\/\/www.nordharzev.de\/wp-content\/uploads\/2025\/06\/IMG_20250412_131147988_HDR-scaled.jpg\"><img loading=\"lazy\" width=\"1024\" height=\"768\" src=\"http:\/\/www.nordharzev.de\/wp-content\/uploads\/2025\/06\/IMG_20250412_131147988_HDR-1024x768.jpg\" alt=\"\" class=\"wp-image-1738\" srcset=\"https:\/\/www.nordharzev.de\/wp-content\/uploads\/2025\/06\/IMG_20250412_131147988_HDR-1024x768.jpg 1024w, https:\/\/www.nordharzev.de\/wp-content\/uploads\/2025\/06\/IMG_20250412_131147988_HDR-300x225.jpg 300w, https:\/\/www.nordharzev.de\/wp-content\/uploads\/2025\/06\/IMG_20250412_131147988_HDR-768x576.jpg 768w, https:\/\/www.nordharzev.de\/wp-content\/uploads\/2025\/06\/IMG_20250412_131147988_HDR-1536x1152.jpg 1536w, https:\/\/www.nordharzev.de\/wp-content\/uploads\/2025\/06\/IMG_20250412_131147988_HDR-2048x1536.jpg 2048w\" sizes=\"(max-width: 1024px) 100vw, 1024px\" \/><\/a><\/figure>\n\n\n\n<p>In den lichten Geh\u00f6lzbest\u00e4nden breiten sich verschiedene Brombeerarten (<em>Rubus pedemontanus<\/em> und <em>R. spec.<\/em>) aus und bilden stellenweise eine undurchdringliche Strauchschicht. Derartige Best\u00e4nde regten Prof. Dr. Hagen Herdam, das am 12.02.2025 verstorbene Ehrenmitglied des Arbeitskreises, dazu an, von einem \u201eBlick in die Zukunft\u201c zu sprechen. Seiner wurde anl\u00e4sslich der ersten Exkursion nach seinem Tode gedacht.<\/p>\n\n\n\n<p>Angekommen am Ilsenburger Stieg, wurde \u00fcber die Ecker auf nieders\u00e4chsische Seite gewechselt. Dort warteten im \u201eWaldcaf\u00e9 am Jungborn\u201c Kaffee und Kuchen als wohlverdiente St\u00e4rkung auf die Teilnehmer. Nach diesem sehr angenehmen Abschluss der Exkursion wurde der R\u00fcckweg zu den Fahrzeugen in Stapelburg angetreten.<\/p>\n\n\n\n<p>Liste der beobachteten Arten in Quadrant 4129\/2<\/p>\n\n\n\n<figure class=\"wp-block-table\"><table><tbody><tr><td><em>Acer campestre<br>Acer platanoides<br>Acer pseudoplatanus<br>Aegopodium podagraria<br>Aesculus hippocastanum<br>Allium oleraceum<br>Allium ursinum<br>Alnus glutinosa<br>Anemone nemorosa <\/em><br>(Befall mit Rostpilz <em>Aecidium leucospermum<\/em>)<br><em>Anemone ranunculoides<br>Aquilegia vulgaris<\/em> (kult.)<br><em>Arabidopsis halleri<br>Arum maculatum<br>Bellis perennis<br>Betula pendula<br>Brachypodium sylvaticum<br>Campanula rapunculoides<br>Campanula trachelium<br>Carex sylvatica<br>Carpinus betulus<br>Convallaria majalis<br>Corydalis cava<br>Corydalis intermedia<br>Corylus avellana<br>Corylus maxima \u201ePurpurea\u201c<br>Crataegus laevigata<br>Dactylis polygama<br>Daphne mezereum<br>Deschampsia cespitosa<br>Deschampsia flexuosa<\/em><\/td><td><em>Dryopteris carthusiana<br>Dryopteris dilatata<br>Equisetum hyemale<br>Euonymus europaeus<br>Fagus sylvatica<br>Fallopia japonica<br>Festuca guestphalica<br>Fragaria vesca<br>Fraxinus excelsior<br>Galanthus nivalis<br>Galeobdolon luteum<br>Galium aparine<br>Galium sylvaticum<br>Geranium robertianum<br>Geum urbanum<br>Glechoma hederacea<br>Hedera helix<br>Helleborus foetidus<br>Ilex aquifolium<br>Lathraea squamaria<br>Leucojum vernum<br>Lilium martagon<br>Lonicera periclymenum<br>Lonicera xylosteum<br>Luzula luzuloides<br>Luzula pilosa<br>Luzula sylvatica<br>Mahonia aquifolia s. l.<br>Melica uniflora<br>Mercurialis perennis<br>Petasites albus<\/em><\/td><td><em>Phyteuma spicatum<br>Picea abies<br>Poa annua<br>Poa nemoralis<br>Polygonatum multiflorum<br>Potentilla sterilis<br>Prunus avium<br>Prunus laurocerasus<br>Prunus padus<br>Prunus spinosa<br>Quercus petraea<br>Quercus robur<br>Ranunculus auricomus agg.<br>Ribes uva-crispa<br>Ribes rubrum agg.<br>Salix caprea<br>Sambucus nigra<br>Sambucus racemosa<br>Silene dioica<br>Sorbus aucuparia<br>Stellaria holostea<br>Stellaria media<br>Taxus baccata<br>Urtica dioica<br>Veronica chamaedrys<br>Veronica sublobata<br>Viola odorata<br>Viola reichenbachiana<br>Viola riviniana<br>Viola x bavarica<br><\/em><\/td><\/tr><\/tbody><\/table><\/figure>\n\n\n\n<figure class=\"wp-block-image size-large\"><a href=\"https:\/\/www.nordharzev.de\/wp-content\/uploads\/2025\/06\/IMG_20250412_114236552_HDR-scaled.jpg\"><img loading=\"lazy\" width=\"1024\" height=\"768\" src=\"https:\/\/www.nordharzev.de\/wp-content\/uploads\/2025\/06\/IMG_20250412_114236552_HDR-1024x768.jpg\" alt=\"\" class=\"wp-image-1739\" srcset=\"https:\/\/www.nordharzev.de\/wp-content\/uploads\/2025\/06\/IMG_20250412_114236552_HDR-1024x768.jpg 1024w, https:\/\/www.nordharzev.de\/wp-content\/uploads\/2025\/06\/IMG_20250412_114236552_HDR-300x225.jpg 300w, https:\/\/www.nordharzev.de\/wp-content\/uploads\/2025\/06\/IMG_20250412_114236552_HDR-768x576.jpg 768w, https:\/\/www.nordharzev.de\/wp-content\/uploads\/2025\/06\/IMG_20250412_114236552_HDR-1536x1152.jpg 1536w, https:\/\/www.nordharzev.de\/wp-content\/uploads\/2025\/06\/IMG_20250412_114236552_HDR-2048x1536.jpg 2048w\" sizes=\"(max-width: 1024px) 100vw, 1024px\" \/><\/a><\/figure>\n\n\n\n<p>Leitung: Dr. Hans-Ulrich Kison und Veronika Kartheuser<br>Text: Hans-Ulrich Kison<br>Fotos: D. Wolf-Dolata<\/p>\n","protected":false},"excerpt":{"rendered":"<p>Unter zahlreicher Beteiligung startete der Botanische Arbeitskreis am 12.04.2025 in sein 65. Exkursionsjahr. Treffpunkt war das Grenzdenkmal am westlichen Rand von Stapelburg, wo sich auch einige Schauanlagen des F\u00f6rdervereins Jungborn Harz e.V. befinden. An einem Modell der Kuranstalt Jungborn, unterst\u00fctzt &hellip; <a href=\"https:\/\/www.nordharzev.de\/?page_id=1732\">Weiterlesen <span class=\"meta-nav\">&rarr;<\/span><\/a><\/p>\n","protected":false},"author":1,"featured_media":0,"parent":0,"menu_order":0,"comment_status":"closed","ping_status":"closed","template":"","meta":[],"_links":{"self":[{"href":"https:\/\/www.nordharzev.de\/index.php?rest_route=\/wp\/v2\/pages\/1732"}],"collection":[{"href":"https:\/\/www.nordharzev.de\/index.php?rest_route=\/wp\/v2\/pages"}],"about":[{"href":"https:\/\/www.nordharzev.de\/index.php?rest_route=\/wp\/v2\/types\/page"}],"author":[{"embeddable":true,"href":"https:\/\/www.nordharzev.de\/index.php?rest_route=\/wp\/v2\/users\/1"}],"replies":[{"embeddable":true,"href":"https:\/\/www.nordharzev.de\/index.php?rest_route=%2Fwp%2Fv2%2Fcomments&post=1732"}],"version-history":[{"count":2,"href":"https:\/\/www.nordharzev.de\/index.php?rest_route=\/wp\/v2\/pages\/1732\/revisions"}],"predecessor-version":[{"id":1851,"href":"https:\/\/www.nordharzev.de\/index.php?rest_route=\/wp\/v2\/pages\/1732\/revisions\/1851"}],"wp:attachment":[{"href":"https:\/\/www.nordharzev.de\/index.php?rest_route=%2Fwp%2Fv2%2Fmedia&parent=1732"}],"curies":[{"name":"wp","href":"https:\/\/api.w.org\/{rel}","templated":true}]}}