{"id":1752,"date":"2025-10-05T14:11:58","date_gmt":"2025-10-05T13:11:58","guid":{"rendered":"https:\/\/www.nordharzev.de\/?page_id=1752"},"modified":"2025-10-05T14:35:19","modified_gmt":"2025-10-05T13:35:19","slug":"24-gemeinsame-exkursion-mit-dem-naturwissenschaftlichen-verein-goslar-nwv-zur-aktuellen-waldentwicklung-im-hohnegebiet-und-dessen-pflanzenwelt","status":"publish","type":"page","link":"https:\/\/www.nordharzev.de\/?page_id=1752","title":{"rendered":"24. Gemeinsame Exkursion mit dem Naturwissenschaftlichen Verein Goslar (NWV) \u2013 zur aktuellen Waldentwicklung im Hohnegebiet und dessen Pflanzenwelt"},"content":{"rendered":"\n<p>Trotz widriger Wetterprognose f\u00fcr eine Tagesexkursion hatten sich \u00fcber 20 Exkursionsteilnehmer eingefunden, um das zweite Dutzend gemeinsamer Exkursionen zu vollenden. Gestartet wurde an der Hohnewiese, wo nach der Begr\u00fc\u00dfung der G\u00e4ste durch den Botanischen Arbeitskreis die inhaltlichen Schwerpunkte der Wanderung benannt wurden: Vorstellen der Pflanzen entlang des Wanderwegs zum Trudenstein sowie Bemerkungen zu den Waldentwicklungsstadien nach dem gro\u00dffl\u00e4chigen Abgang der Fichtenforste.<\/p>\n\n\n\n<figure class=\"wp-block-image size-large\"><a href=\"http:\/\/www.nordharzev.de\/wp-content\/uploads\/2025\/10\/IMG_8466-scaled.jpg\"><img loading=\"lazy\" width=\"1024\" height=\"710\" src=\"http:\/\/www.nordharzev.de\/wp-content\/uploads\/2025\/10\/IMG_8466-1024x710.jpg\" alt=\"\" class=\"wp-image-1760\" srcset=\"https:\/\/www.nordharzev.de\/wp-content\/uploads\/2025\/10\/IMG_8466-1024x710.jpg 1024w, https:\/\/www.nordharzev.de\/wp-content\/uploads\/2025\/10\/IMG_8466-300x208.jpg 300w, https:\/\/www.nordharzev.de\/wp-content\/uploads\/2025\/10\/IMG_8466-768x532.jpg 768w, https:\/\/www.nordharzev.de\/wp-content\/uploads\/2025\/10\/IMG_8466-1536x1064.jpg 1536w, https:\/\/www.nordharzev.de\/wp-content\/uploads\/2025\/10\/IMG_8466-2048x1419.jpg 2048w\" sizes=\"(max-width: 1024px) 100vw, 1024px\" \/><\/a><\/figure>\n\n\n\n<p><br>Dr. Kison erinnerte zun\u00e4chst an die sehr sch\u00f6ne 23. Gemeinsame Exkursion 2024 nach Hohegei\u00df, wo alle namhaften Arten der montanen Bergwiesen anzusehen waren. Der Besuch der Hohnewiese (550 m \u00fc. NHN) konnte unmittelbar daran anschlie\u00dfen. Als Besonderheit dieser Hohnewiese wurde herausgestellt, dass es sich um eine B\u00e4rwurz-Rotschwingelwiese (<strong><em>Meo-Festucetum rubrae<\/em><\/strong>) handelt (wie sie auch um Hohegei\u00df gezeigt wurde), in deren Artengarnitur sich aber einige w\u00e4rmeliebende Arten der submontanen Stufe \u201eeingeschmuggelt\u201c haben, die hier zumeist die Grenze ihrer H\u00f6henverbreitung erreichen. Die namengebende B\u00e4rwurz (Meum athamanticum) war bereits verbl\u00fcht; als bestandsbildende Gr\u00e4ser wurden vorgestellt: Rot-Schwingel (<em>Festuca rubra<\/em>), Gold-Grannenhafer (<em>Trisetum flavescens<\/em> \u2013 weist im Harz auf den montanen Charakter hin), Flaumiger Wiesenhafer (<em>Helictotrichon pubescens<\/em>) und Wolliges Honiggras (<em>Holcus lanatus<\/em>). Der Glatthafer (<em>Arrhenatherum elatius<\/em>) hat seinen Schwerpunkt in den tieferen Lagen, weist aber auch auf Eutrophierung hin. <\/p>\n\n\n\n<div class=\"wp-container-4 wp-block-columns\">\n<div class=\"wp-container-1 wp-block-column\">\n<figure class=\"wp-block-image size-large\"><a href=\"http:\/\/www.nordharzev.de\/wp-content\/uploads\/2025\/10\/IMG_8502-scaled.jpg\"><img loading=\"lazy\" width=\"710\" height=\"1024\" src=\"http:\/\/www.nordharzev.de\/wp-content\/uploads\/2025\/10\/IMG_8502-710x1024.jpg\" alt=\"\" class=\"wp-image-1762\" srcset=\"https:\/\/www.nordharzev.de\/wp-content\/uploads\/2025\/10\/IMG_8502-710x1024.jpg 710w, https:\/\/www.nordharzev.de\/wp-content\/uploads\/2025\/10\/IMG_8502-208x300.jpg 208w, https:\/\/www.nordharzev.de\/wp-content\/uploads\/2025\/10\/IMG_8502-768x1108.jpg 768w, https:\/\/www.nordharzev.de\/wp-content\/uploads\/2025\/10\/IMG_8502-1065x1536.jpg 1065w, https:\/\/www.nordharzev.de\/wp-content\/uploads\/2025\/10\/IMG_8502-1420x2048.jpg 1420w, https:\/\/www.nordharzev.de\/wp-content\/uploads\/2025\/10\/IMG_8502-scaled.jpg 1775w\" sizes=\"(max-width: 710px) 100vw, 710px\" \/><\/a><figcaption><em>Galium album<\/em><\/figcaption><\/figure>\n<\/div>\n\n\n\n<div class=\"wp-container-2 wp-block-column\">\n<figure class=\"wp-block-image size-large\"><a href=\"http:\/\/www.nordharzev.de\/wp-content\/uploads\/2025\/10\/IMG_8504-scaled.jpg\"><img loading=\"lazy\" width=\"709\" height=\"1024\" src=\"http:\/\/www.nordharzev.de\/wp-content\/uploads\/2025\/10\/IMG_8504-709x1024.jpg\" alt=\"\" class=\"wp-image-1764\" srcset=\"https:\/\/www.nordharzev.de\/wp-content\/uploads\/2025\/10\/IMG_8504-709x1024.jpg 709w, https:\/\/www.nordharzev.de\/wp-content\/uploads\/2025\/10\/IMG_8504-208x300.jpg 208w, https:\/\/www.nordharzev.de\/wp-content\/uploads\/2025\/10\/IMG_8504-768x1110.jpg 768w, https:\/\/www.nordharzev.de\/wp-content\/uploads\/2025\/10\/IMG_8504-1063x1536.jpg 1063w, https:\/\/www.nordharzev.de\/wp-content\/uploads\/2025\/10\/IMG_8504-1418x2048.jpg 1418w, https:\/\/www.nordharzev.de\/wp-content\/uploads\/2025\/10\/IMG_8504-scaled.jpg 1772w\" sizes=\"(max-width: 709px) 100vw, 709px\" \/><\/a><figcaption><em>Galium x pomeranicum<\/em><\/figcaption><\/figure>\n<\/div>\n\n\n\n<div class=\"wp-container-3 wp-block-column\">\n<figure class=\"wp-block-image size-large\"><a href=\"http:\/\/www.nordharzev.de\/wp-content\/uploads\/2025\/10\/IMG_8503-scaled.jpg\"><img loading=\"lazy\" width=\"709\" height=\"1024\" src=\"http:\/\/www.nordharzev.de\/wp-content\/uploads\/2025\/10\/IMG_8503-709x1024.jpg\" alt=\"\" class=\"wp-image-1763\" srcset=\"https:\/\/www.nordharzev.de\/wp-content\/uploads\/2025\/10\/IMG_8503-709x1024.jpg 709w, https:\/\/www.nordharzev.de\/wp-content\/uploads\/2025\/10\/IMG_8503-208x300.jpg 208w, https:\/\/www.nordharzev.de\/wp-content\/uploads\/2025\/10\/IMG_8503-768x1109.jpg 768w, https:\/\/www.nordharzev.de\/wp-content\/uploads\/2025\/10\/IMG_8503-1063x1536.jpg 1063w, https:\/\/www.nordharzev.de\/wp-content\/uploads\/2025\/10\/IMG_8503-1418x2048.jpg 1418w, https:\/\/www.nordharzev.de\/wp-content\/uploads\/2025\/10\/IMG_8503-scaled.jpg 1772w\" sizes=\"(max-width: 709px) 100vw, 709px\" \/><\/a><figcaption><em>Galium verum<\/em><\/figcaption><\/figure>\n<\/div>\n<\/div>\n\n\n\n<p>Als w\u00e4rmeliebend sind noch zu nennen die Labkraut-Arten (<em>Galium album et verum<\/em> sowie der Bastard zwischen beiden <em>Galium x pomeranicum)<\/em>, die Gras-Sternmiere (<em>Stellaria graminea<\/em>), der Arznei-Thymian (<em>Thymus pulegioides<\/em>), die Acker-Witwenblume (<em>Knautia arvensis<\/em>) und das Ovalbl\u00e4ttrige Sonnenr\u00f6schen (<em>Helianthemum nummularium ssp. obscurum<\/em> \u2013 an diesem Tage nicht gesehen). Typische Wiesen-Arten, die die Aufmerksamkeit auf sich zogen waren Kanten-Hartheu (<em>Hypericum maculatum<\/em>), Nordisches Labkraut (<em>Galium boreale<\/em>) und die in voller Bl\u00fcte stehende Per\u00fccken-Flockenblume (<em>Centaurea pseudophrygia<\/em>). Am Rande der Wiese fand sich noch etwas Borstgras (<em>Nardus stricta<\/em>) und daneben das letzte Exemplar von Arnika (<em>Arnica montana<\/em>) auf dieser Wiese. Die Hohnewiese ist aus Naturschutzsicht sehr wertvoll (Lebensraumtyp 6520 nach Natura 2000) und erf\u00fcllt wichtige Funktionen in der Umweltbildungsarbeit der Nationalparkverwaltung.<br>Es wurde diskutiert, dass der Erhalt der Wiese durch Pflege erfolgen muss, da an eine eigentliche Nutzung nicht mehr zu denken ist. Dabei steht der Landschaftspflegeverband Harz der Nationalparkverwaltung zur Seite.<\/p>\n\n\n\n<figure class=\"wp-block-image size-large\"><a href=\"http:\/\/www.nordharzev.de\/wp-content\/uploads\/2025\/10\/IMG_8481-scaled.jpg\"><img loading=\"lazy\" width=\"1024\" height=\"709\" src=\"http:\/\/www.nordharzev.de\/wp-content\/uploads\/2025\/10\/IMG_8481-1024x709.jpg\" alt=\"\" class=\"wp-image-1769\" srcset=\"https:\/\/www.nordharzev.de\/wp-content\/uploads\/2025\/10\/IMG_8481-1024x709.jpg 1024w, https:\/\/www.nordharzev.de\/wp-content\/uploads\/2025\/10\/IMG_8481-300x208.jpg 300w, https:\/\/www.nordharzev.de\/wp-content\/uploads\/2025\/10\/IMG_8481-768x532.jpg 768w, https:\/\/www.nordharzev.de\/wp-content\/uploads\/2025\/10\/IMG_8481-1536x1063.jpg 1536w, https:\/\/www.nordharzev.de\/wp-content\/uploads\/2025\/10\/IMG_8481-2048x1418.jpg 2048w\" sizes=\"(max-width: 1024px) 100vw, 1024px\" \/><\/a><\/figure>\n\n\n\n<p><br>Beim Verlassen der Wiese standen unmittelbar nebeneinander der Wiesen-Kerbel (<em>Anthriscus sylvestris<\/em>) und der Gold-K\u00e4lberkropf (<em>Chaerophyllum aureum<\/em>), deren Unterscheidungsmerkmale benannt wurden.<br>Der Weg in Richtung Trudenstein f\u00fchrte durch gro\u00dfe Freifl\u00e4chen, die die abgestorbenen Fichtenforste freigegeben hatten. Entlang der Wege traten Arten auf, die sich durch die pl\u00f6tzliche Lichtstellung massenhaft vermehren konnten, aber eigentlich keine Waldpflanzen sind, z. B. Acker-Kratzdistel (<em>Cirsium arvense<\/em>) und Falsche Strandkamille (<em>Tripleurospermum inodorum<\/em>). Auch der Neophyt aus S\u00fcdafrika, das Schmalbl\u00e4ttrige Greiskraut (<em>Senecio inaequidens<\/em>), nutzt die Freifl\u00e4chen f\u00fcr seine Ausbreitung. Ebenfalls in Ausbreitung ist derzeit die heimische Tollkirsche (<em>Atropa bella-donna<\/em>), die in einem bl\u00fchenden Exemplar am Wege zu sehen war. Einige auffallende, wegbegleitende Arten waren noch Wald-Schachtelhalm (<em>Equisetum sylvaticum<\/em>), Gelb-Segge (<em>Carex flava<\/em>), Moor-Labkraut (<em>Galium uliginosum<\/em>) und Wald-Ruhrkraut (<em>Gnaphalium sylvaticum<\/em>).<br>Hinsichtlich der weiteren Waldentwicklung auf den z.T. von Totholz ber\u00e4umten Fl\u00e4chen (Ber\u00e4umung notwendig wegen des 500 m-Sanierungsstreifen zum Schutz der angrenzenden Wirtschaftsforst\u00e4mter entlang der Nationalpark-Au\u00dfengrenze) wurden folgende Stadien gesehen:<\/p>\n\n\n\n<ol><li><strong>Schlagflur<\/strong> mit Schmalbl\u00e4ttrigem Weidenr\u00f6schen (<em>Epilobium angustifolium<\/em>) und Rotem Fingerhut (<em>Digitalis purpurea<\/em>) sowie weiteren Kr\u00e4utern und Gr\u00e4sern, die vor allem den Boden beschatten, das Bodenleben sch\u00fctzen sowie die N\u00e4hrstoffe vor Auswaschung bewahren und nach ihrem Vergehen die Humusbilanz aufbessern.<\/li><li><strong>Pionierwald<\/strong>-Entwicklung mit Rotem Holunder (<em>Sambucus racemosa<\/em>), Birken (<em>Betula spec.<\/em>), Eberesche (<em>Sorbus aucuparia<\/em>), Zitter-Pappel (<em>Populus tremula<\/em>) sowie in gro\u00dfem Ausma\u00df mit Brombeeren (<em>Rubus spec.<\/em>). Solche fl\u00e4chigen Brombeeraufkommen wurden bisher nicht beobachtet, werden aber sobald das Kronendach der B\u00e4ume wieder beschattet, ausgedunkelt. Auch die Fichte (<em>Picea abies<\/em>) beteiligt sich am Aufbau des Pionierwaldes; sie hat durchaus die Chance, an ihr zusagenden Standorten Teil des Endwaldes zu bleiben. Der Pionierwald l\u00e4sst bereits wieder ein Waldbinnenklima entstehen und bereitet den Boden f\u00fcr den sog. \u201eKlimaxwald\u201c, in dem die Rotbuche (<em>Fagus sylvatica<\/em>) die Hauptrolle spielen wird.<\/li><li>Im Nationalpark Harz fanden umfangreiche <strong>Voranbauten<\/strong> von Rotbuche statt, die erforderlich sind, um diese wichtige Baumart, die infolge der jahrhundertelangen Forstkultur vielerorts v\u00f6llig verdr\u00e4ngt wurde, f\u00fcr die zuk\u00fcnftige Waldentwicklung an den Start zu bringen. Aus eigener Kraft brauchte sie f\u00fcr die R\u00fcckkehr zu viel Zeit. Es wurde aber darauf verwiesen, dass die Pflanzungen nicht den Naturwald der Zukunft ergeben sollen, sondern sie sollen eine Zwischengeneration von Buchen-Mutterb\u00e4umen schaffen, die dann mit ihrer Naturverj\u00fcngung die eigentliche Naturwaldentwicklung einleiten.<\/li><\/ol>\n\n\n\n<figure class=\"wp-block-image size-large\"><a href=\"http:\/\/www.nordharzev.de\/wp-content\/uploads\/2025\/10\/IMG_8558-scaled.jpg\"><img loading=\"lazy\" width=\"1024\" height=\"709\" src=\"http:\/\/www.nordharzev.de\/wp-content\/uploads\/2025\/10\/IMG_8558-1024x709.jpg\" alt=\"\" class=\"wp-image-1766\" srcset=\"https:\/\/www.nordharzev.de\/wp-content\/uploads\/2025\/10\/IMG_8558-1024x709.jpg 1024w, https:\/\/www.nordharzev.de\/wp-content\/uploads\/2025\/10\/IMG_8558-300x208.jpg 300w, https:\/\/www.nordharzev.de\/wp-content\/uploads\/2025\/10\/IMG_8558-768x532.jpg 768w, https:\/\/www.nordharzev.de\/wp-content\/uploads\/2025\/10\/IMG_8558-1536x1063.jpg 1536w, https:\/\/www.nordharzev.de\/wp-content\/uploads\/2025\/10\/IMG_8558-2048x1418.jpg 2048w\" sizes=\"(max-width: 1024px) 100vw, 1024px\" \/><\/a><figcaption>Schlagflur aus Schmalbl\u00e4ttrigem Weidenr\u00f6schen und Rotem Fingerhut<\/figcaption><\/figure>\n\n\n\n<div class=\"wp-container-7 wp-block-columns\">\n<div class=\"wp-container-5 wp-block-column\">\n<figure class=\"wp-block-image size-large\"><a href=\"http:\/\/www.nordharzev.de\/wp-content\/uploads\/2025\/10\/IMG_8577-scaled.jpg\"><img loading=\"lazy\" width=\"1024\" height=\"709\" src=\"http:\/\/www.nordharzev.de\/wp-content\/uploads\/2025\/10\/IMG_8577-1024x709.jpg\" alt=\"\" class=\"wp-image-1767\" srcset=\"https:\/\/www.nordharzev.de\/wp-content\/uploads\/2025\/10\/IMG_8577-1024x709.jpg 1024w, https:\/\/www.nordharzev.de\/wp-content\/uploads\/2025\/10\/IMG_8577-300x208.jpg 300w, https:\/\/www.nordharzev.de\/wp-content\/uploads\/2025\/10\/IMG_8577-768x532.jpg 768w, https:\/\/www.nordharzev.de\/wp-content\/uploads\/2025\/10\/IMG_8577-1536x1063.jpg 1536w, https:\/\/www.nordharzev.de\/wp-content\/uploads\/2025\/10\/IMG_8577-2048x1418.jpg 2048w\" sizes=\"(max-width: 1024px) 100vw, 1024px\" \/><\/a><figcaption><em>Sambucus racemosa<\/em> &#8211; Element des Prionierwaldes<\/figcaption><\/figure>\n<\/div>\n\n\n\n<div class=\"wp-container-6 wp-block-column\">\n<figure class=\"wp-block-image size-large\"><a href=\"http:\/\/www.nordharzev.de\/wp-content\/uploads\/2025\/10\/IMG_8543-scaled.jpg\"><img loading=\"lazy\" width=\"1024\" height=\"710\" src=\"http:\/\/www.nordharzev.de\/wp-content\/uploads\/2025\/10\/IMG_8543-1024x710.jpg\" alt=\"\" class=\"wp-image-1770\" srcset=\"https:\/\/www.nordharzev.de\/wp-content\/uploads\/2025\/10\/IMG_8543-1024x710.jpg 1024w, https:\/\/www.nordharzev.de\/wp-content\/uploads\/2025\/10\/IMG_8543-300x208.jpg 300w, https:\/\/www.nordharzev.de\/wp-content\/uploads\/2025\/10\/IMG_8543-768x532.jpg 768w, https:\/\/www.nordharzev.de\/wp-content\/uploads\/2025\/10\/IMG_8543-1536x1065.jpg 1536w, https:\/\/www.nordharzev.de\/wp-content\/uploads\/2025\/10\/IMG_8543-2048x1420.jpg 2048w\" sizes=\"(max-width: 1024px) 100vw, 1024px\" \/><\/a><figcaption>Pionierbestand im Aufwuchs<\/figcaption><\/figure>\n<\/div>\n<\/div>\n\n\n\n<figure class=\"wp-block-image size-large\"><a href=\"http:\/\/www.nordharzev.de\/wp-content\/uploads\/2025\/10\/IMG_8586-scaled.jpg\"><img loading=\"lazy\" width=\"1024\" height=\"710\" src=\"http:\/\/www.nordharzev.de\/wp-content\/uploads\/2025\/10\/IMG_8586-1024x710.jpg\" alt=\"\" class=\"wp-image-1768\" srcset=\"https:\/\/www.nordharzev.de\/wp-content\/uploads\/2025\/10\/IMG_8586-1024x710.jpg 1024w, https:\/\/www.nordharzev.de\/wp-content\/uploads\/2025\/10\/IMG_8586-300x208.jpg 300w, https:\/\/www.nordharzev.de\/wp-content\/uploads\/2025\/10\/IMG_8586-768x532.jpg 768w, https:\/\/www.nordharzev.de\/wp-content\/uploads\/2025\/10\/IMG_8586-1536x1064.jpg 1536w, https:\/\/www.nordharzev.de\/wp-content\/uploads\/2025\/10\/IMG_8586-2048x1419.jpg 2048w\" sizes=\"(max-width: 1024px) 100vw, 1024px\" \/><\/a><figcaption>Prozess der Waldentwicklung im Mosaik<\/figcaption><\/figure>\n\n\n\n<p>Der Trudenstein (735 m \u00fc. NHN), eine Granitklippe am Fu\u00df der Hohne wurde erreicht. Nach einer kleinen Rast mit Hinweisen auf den ehemaligen Steinbruch Knaupsholz wurde die Exkursion auf dem Glash\u00fcttenweg fortgesetzt. Auf dem Abstieg \u00fcber den Von-Eichendorff-Stieg zum HohneHof konnten noch einmal alle Entwicklungsstadien des zuk\u00fcnftigen Waldes aus der N\u00e4he angeschaut werden. Das Team der Brocken-Haus-GmbH, dem hier herzlich gedankt wird, nahm die Gruppe in Empfang und sorgte f\u00fcr eine angemessene St\u00e4rkung.<\/p>\n\n\n\n<p>Nach dem ereignisreichen Tag waren sich alle einig, dass ein regenfreier Tag der Exkursion gutgetan h\u00e4tte, aber der Regen f\u00fcr die Natur und den in die Zukunft aufbrechenden Wald doch mehr als notwendig war.<\/p>\n\n\n\n<p>Text: Dr. Hans-Ulrich Kison<br>Fotos: J\u00fcrgen Roehl<\/p>\n","protected":false},"excerpt":{"rendered":"<p>Trotz widriger Wetterprognose f\u00fcr eine Tagesexkursion hatten sich \u00fcber 20 Exkursionsteilnehmer eingefunden, um das zweite Dutzend gemeinsamer Exkursionen zu vollenden. Gestartet wurde an der Hohnewiese, wo nach der Begr\u00fc\u00dfung der G\u00e4ste durch den Botanischen Arbeitskreis die inhaltlichen Schwerpunkte der Wanderung &hellip; <a href=\"https:\/\/www.nordharzev.de\/?page_id=1752\">Weiterlesen <span class=\"meta-nav\">&rarr;<\/span><\/a><\/p>\n","protected":false},"author":1,"featured_media":0,"parent":0,"menu_order":0,"comment_status":"closed","ping_status":"closed","template":"","meta":[],"_links":{"self":[{"href":"https:\/\/www.nordharzev.de\/index.php?rest_route=\/wp\/v2\/pages\/1752"}],"collection":[{"href":"https:\/\/www.nordharzev.de\/index.php?rest_route=\/wp\/v2\/pages"}],"about":[{"href":"https:\/\/www.nordharzev.de\/index.php?rest_route=\/wp\/v2\/types\/page"}],"author":[{"embeddable":true,"href":"https:\/\/www.nordharzev.de\/index.php?rest_route=\/wp\/v2\/users\/1"}],"replies":[{"embeddable":true,"href":"https:\/\/www.nordharzev.de\/index.php?rest_route=%2Fwp%2Fv2%2Fcomments&post=1752"}],"version-history":[{"count":4,"href":"https:\/\/www.nordharzev.de\/index.php?rest_route=\/wp\/v2\/pages\/1752\/revisions"}],"predecessor-version":[{"id":1771,"href":"https:\/\/www.nordharzev.de\/index.php?rest_route=\/wp\/v2\/pages\/1752\/revisions\/1771"}],"wp:attachment":[{"href":"https:\/\/www.nordharzev.de\/index.php?rest_route=%2Fwp%2Fv2%2Fmedia&parent=1752"}],"curies":[{"name":"wp","href":"https:\/\/api.w.org\/{rel}","templated":true}]}}