{"id":1774,"date":"2025-10-05T15:21:20","date_gmt":"2025-10-05T14:21:20","guid":{"rendered":"https:\/\/www.nordharzev.de\/?page_id=1774"},"modified":"2025-10-05T15:21:20","modified_gmt":"2025-10-05T14:21:20","slug":"kryptogamenexkursion-zur-blankenburger-teufelsmauer-heidelberg-2025","status":"publish","type":"page","link":"https:\/\/www.nordharzev.de\/?page_id=1774","title":{"rendered":"Kryptogamenexkursion zur Blankenburger Teufelsmauer (Heidelberg) 2025"},"content":{"rendered":"\n<p>Bei bestem Exkursionswetter fanden sich am Samstag, dem 13. September 2025, 20 Exkursionsteilnehmer ein, um die Moos- und Flechtenvegetation der westlichen Teufelsmauer bei Blankenburg zu erkunden. <\/p>\n\n\n\n<figure class=\"wp-block-image size-large\"><a href=\"http:\/\/www.nordharzev.de\/wp-content\/uploads\/2025\/10\/Bild-1-scaled.jpg\"><img loading=\"lazy\" width=\"1024\" height=\"710\" src=\"http:\/\/www.nordharzev.de\/wp-content\/uploads\/2025\/10\/Bild-1-1024x710.jpg\" alt=\"\" class=\"wp-image-1775\" srcset=\"https:\/\/www.nordharzev.de\/wp-content\/uploads\/2025\/10\/Bild-1-1024x710.jpg 1024w, https:\/\/www.nordharzev.de\/wp-content\/uploads\/2025\/10\/Bild-1-300x208.jpg 300w, https:\/\/www.nordharzev.de\/wp-content\/uploads\/2025\/10\/Bild-1-768x533.jpg 768w, https:\/\/www.nordharzev.de\/wp-content\/uploads\/2025\/10\/Bild-1-1536x1065.jpg 1536w, https:\/\/www.nordharzev.de\/wp-content\/uploads\/2025\/10\/Bild-1-2048x1420.jpg 2048w\" sizes=\"(max-width: 1024px) 100vw, 1024px\" \/><\/a><figcaption>Aufbruch zur Kryptogamen-Exkursion<\/figcaption><\/figure>\n\n\n\n<p>Schon am Aufstieg zum Heidelberg, von der Stra\u00dfe gleichen Namens ausgehend, wurden die ersten Moose vorgestellt. <em>Calliergonella cuspidata<\/em> fand sich bereits an der Stra\u00dfenb\u00f6schung. Im Wald zeigten sich <em>Atrichum undulatum<\/em>, <em>Polytrichum formosum <\/em>und <em>Mnium hornum <\/em>als h\u00e4ufige Wegbegleiter. Der Geh\u00f6lzbestand wies zahlreiche abgestorbene Rotbuchen (<em>Fagus sylvatica<\/em>) auf, denen der Sanduntergrund hinsichtlich der Wasserversorgung offenbar nicht mehr zusagt. Die Eichen (<em>Quercus petraea<\/em>) waren \u00fcberwiegend vitaler. In der Naturverj\u00fcngung dominierten die Eichen, begleitet von zahlreichen subspontan auftretenden Eiben (<em>Taxus baccata<\/em>) und Ess-Kastanien (<em>Castanea sativa<\/em>). An h\u00e4ufigen Flechtenarten wurden gezeigt: <em>Lepraria incana<\/em> und <em>Lepraria finkii<\/em> (auf Rinde wie auf Sandstein). Neben <em>Cladonia fimbriata<\/em> und indet. Prim\u00e4rlagern von <em>Cladonia<\/em> trat als Besonderheit auch <em>Cladonia humilis<\/em> auf.<br>Auf halbem Wege zum Kamm des Heidelbergs wurde an den Apotheker und Botaniker Ernst Hampe (1795-1880) erinnert, der mehrere Jahrzehnte die Hofapotheke in Blankenburg innehatte. Im botanischen Sinne gilt er als Nestor der Harzer Bryologie, indem er ein umfangreiches Harzherbarium zusammentrug, aber auch Moose exotischer Gebiete beschrieb. Flechten beobachtete er auch, stellte aber keine systematischen eigenen Untersuchungen an, sondern schickte seine Funde an Flechtenexperten wie z. B. G. W. K\u00f6rber (1817-1885) in Breslau. Sein Exkursionsgebiet im Kreidesandstein bezog sich vor allem auf das Regensteingebiet sowie auf den gesamten Harz. In den ehemaligen Steinbr\u00fcchen an der Nordseite des Heidelbergs fand er als \u201ePetrefakt\u201c (Fossil im Sandstein) Bl\u00e4tter von <em>Credneria<\/em> aus der Oberkreide. <em>Credneria<\/em> ist eine verwandte Gattung zu der heute noch existierenden Gattung <em>Platanus<\/em>.<br>Die restlichen in der Tabelle der Moose aufgef\u00fchrten Arten fanden sich beim weiteren Aufstieg bis zum Kammweg. <\/p>\n\n\n\n<figure class=\"wp-block-image size-large\"><a href=\"http:\/\/www.nordharzev.de\/wp-content\/uploads\/2025\/10\/Bild-2-scaled.jpg\"><img loading=\"lazy\" width=\"1024\" height=\"710\" src=\"http:\/\/www.nordharzev.de\/wp-content\/uploads\/2025\/10\/Bild-2-1024x710.jpg\" alt=\"\" class=\"wp-image-1776\" srcset=\"https:\/\/www.nordharzev.de\/wp-content\/uploads\/2025\/10\/Bild-2-1024x710.jpg 1024w, https:\/\/www.nordharzev.de\/wp-content\/uploads\/2025\/10\/Bild-2-300x208.jpg 300w, https:\/\/www.nordharzev.de\/wp-content\/uploads\/2025\/10\/Bild-2-768x533.jpg 768w, https:\/\/www.nordharzev.de\/wp-content\/uploads\/2025\/10\/Bild-2-1536x1065.jpg 1536w, https:\/\/www.nordharzev.de\/wp-content\/uploads\/2025\/10\/Bild-2-2048x1420.jpg 2048w\" sizes=\"(max-width: 1024px) 100vw, 1024px\" \/><\/a><figcaption>Erl\u00e4uterungen der Moosfunde durch Gisela Schaaf<\/figcaption><\/figure>\n\n\n\n<div class=\"wp-container-4 wp-block-columns\">\n<div class=\"wp-container-1 wp-block-column\">\n<figure class=\"wp-block-image size-large is-resized\"><a href=\"http:\/\/www.nordharzev.de\/wp-content\/uploads\/2025\/10\/Bild-3-scaled.jpg\"><img src=\"https:\/\/www.nordharzev.de\/wp-content\/uploads\/2025\/10\/Bild-3-edited-scaled.jpg\" alt=\"\" class=\"wp-image-1785\" width=\"256\" srcset=\"https:\/\/www.nordharzev.de\/wp-content\/uploads\/2025\/10\/Bild-3-edited-scaled.jpg 1776w, https:\/\/www.nordharzev.de\/wp-content\/uploads\/2025\/10\/Bild-3-edited-208x300.jpg 208w, https:\/\/www.nordharzev.de\/wp-content\/uploads\/2025\/10\/Bild-3-edited-710x1024.jpg 710w, https:\/\/www.nordharzev.de\/wp-content\/uploads\/2025\/10\/Bild-3-edited-768x1107.jpg 768w, https:\/\/www.nordharzev.de\/wp-content\/uploads\/2025\/10\/Bild-3-edited-1066x1536.jpg 1066w, https:\/\/www.nordharzev.de\/wp-content\/uploads\/2025\/10\/Bild-3-edited-1421x2048.jpg 1421w\" sizes=\"(max-width: 1776px) 100vw, 1776px\" \/><\/a><figcaption><em>Mnium hornum<\/em><\/figcaption><\/figure>\n<\/div>\n\n\n\n<div class=\"wp-container-2 wp-block-column\">\n<figure class=\"wp-block-image size-large\"><a href=\"http:\/\/www.nordharzev.de\/wp-content\/uploads\/2025\/10\/Bild-4-scaled.jpg\"><img loading=\"lazy\" width=\"710\" height=\"1024\" src=\"http:\/\/www.nordharzev.de\/wp-content\/uploads\/2025\/10\/Bild-4-710x1024.jpg\" alt=\"\" class=\"wp-image-1778\" srcset=\"https:\/\/www.nordharzev.de\/wp-content\/uploads\/2025\/10\/Bild-4-710x1024.jpg 710w, https:\/\/www.nordharzev.de\/wp-content\/uploads\/2025\/10\/Bild-4-208x300.jpg 208w, https:\/\/www.nordharzev.de\/wp-content\/uploads\/2025\/10\/Bild-4-768x1108.jpg 768w, https:\/\/www.nordharzev.de\/wp-content\/uploads\/2025\/10\/Bild-4-1064x1536.jpg 1064w, https:\/\/www.nordharzev.de\/wp-content\/uploads\/2025\/10\/Bild-4-1419x2048.jpg 1419w, https:\/\/www.nordharzev.de\/wp-content\/uploads\/2025\/10\/Bild-4-scaled.jpg 1774w\" sizes=\"(max-width: 710px) 100vw, 710px\" \/><\/a><figcaption><em>Polytrichum formosum<\/em><\/figcaption><\/figure>\n<\/div>\n\n\n\n<div class=\"wp-container-3 wp-block-column\">\n<figure class=\"wp-block-image size-large\"><a href=\"http:\/\/www.nordharzev.de\/wp-content\/uploads\/2025\/10\/Bild-5-scaled.jpg\"><img loading=\"lazy\" width=\"1772\" height=\"2560\" src=\"https:\/\/www.nordharzev.de\/wp-content\/uploads\/2025\/10\/Bild-5-edited-scaled.jpg\" alt=\"\" class=\"wp-image-1786\" srcset=\"https:\/\/www.nordharzev.de\/wp-content\/uploads\/2025\/10\/Bild-5-edited-scaled.jpg 1772w, https:\/\/www.nordharzev.de\/wp-content\/uploads\/2025\/10\/Bild-5-edited-208x300.jpg 208w, https:\/\/www.nordharzev.de\/wp-content\/uploads\/2025\/10\/Bild-5-edited-709x1024.jpg 709w, https:\/\/www.nordharzev.de\/wp-content\/uploads\/2025\/10\/Bild-5-edited-768x1110.jpg 768w, https:\/\/www.nordharzev.de\/wp-content\/uploads\/2025\/10\/Bild-5-edited-1063x1536.jpg 1063w, https:\/\/www.nordharzev.de\/wp-content\/uploads\/2025\/10\/Bild-5-edited-1417x2048.jpg 1417w\" sizes=\"(max-width: 1772px) 100vw, 1772px\" \/><\/a><figcaption><em>Hypnum cupressiforme<\/em><\/figcaption><\/figure>\n<\/div>\n<\/div>\n\n\n\n<p>Moosliste (Vor-und Hauptexkursion) Blankenburger Teufelsmauer am 05.09. \/13.09.<\/p>\n\n\n\n<figure class=\"wp-block-table\"><table><thead><tr><th>wissenschaftl. Name<\/th><th>dt. Bezeichnung<\/th><\/tr><\/thead><tbody><tr><td><em>Atrichum undulatum<br>Brachythecium rutabulum<br>Bryum capillare<br>Calliergonella cuspidata<br>Dicranella heteromalla<br>Dicranum scoparium<br>Grimmia laevigata <\/em>(?)<em><br>Herzogiella seligeri<br>Hypnum cupressiforme<br>Hypnum jutlandicum<br>Isothecium myosuroides<br>Mnium hornum<br>Plagiomnium undulatum<br>Plagiothecium laetum <\/em>(?)<em><br>Polytrichum formosum<\/em><br><em>Pseudotaxiphyllum elegans<br>Rhizomnium punktatum<\/em><\/td><td>Katharinenmoos<br>Kurzb\u00fcchsenmoos<br>Haarbl\u00e4ttriges Birnmoos<br>Spie\u00dfmoos<br>Kleingabelzahnmoos<br>Gabelzahnmoos<br>Kissenmoos<br>Stumpenmoos<br>Zypressenschlafmoos<br>Heideschlafmoos<br>Kleines Mausschwanzmoos<br>Schwanenhals Sternmoos<br>Gewelltbl\u00e4ttriges Kriechsternmoos<br>Gl\u00e4nzendes Schiefb\u00fcchsenmoos<br>Sch\u00f6nes Frauenhaarmoos<br>Gleichfl\u00fcgelmoos<br>Punktiertes Wurzel Sternmoos<\/td><\/tr><\/tbody><\/table><\/figure>\n\n\n\n<figure class=\"wp-block-image size-large\"><a href=\"http:\/\/www.nordharzev.de\/wp-content\/uploads\/2025\/10\/Bild-6-scaled.jpg\"><img loading=\"lazy\" width=\"1024\" height=\"709\" src=\"http:\/\/www.nordharzev.de\/wp-content\/uploads\/2025\/10\/Bild-6-1024x709.jpg\" alt=\"\" class=\"wp-image-1780\" srcset=\"https:\/\/www.nordharzev.de\/wp-content\/uploads\/2025\/10\/Bild-6-1024x709.jpg 1024w, https:\/\/www.nordharzev.de\/wp-content\/uploads\/2025\/10\/Bild-6-300x208.jpg 300w, https:\/\/www.nordharzev.de\/wp-content\/uploads\/2025\/10\/Bild-6-768x532.jpg 768w, https:\/\/www.nordharzev.de\/wp-content\/uploads\/2025\/10\/Bild-6-1536x1064.jpg 1536w, https:\/\/www.nordharzev.de\/wp-content\/uploads\/2025\/10\/Bild-6-2048x1418.jpg 2048w\" sizes=\"(max-width: 1024px) 100vw, 1024px\" \/><\/a><figcaption>Erl\u00e4uterung zu den Flechten auf dem Heidelberg-Kammweg durch Dr. Hans-Ulrich Kison<\/figcaption><\/figure>\n\n\n\n<p>Nach einer kurzen Mittagsrast ging es auf dem Kammweg entlang der Massive von \u201eGro\u00dfmutter\u201c und \u201eGro\u00dfvater\u201c (Namen nicht sicher erkl\u00e4rbar) weiter. Eine kurze Einf\u00fchrung zur Geologie folgte. Es wurde darauf verwiesen, dass der Heidelberg zur Teufelsmauer und damit in die Harzaufrichtungszone geh\u00f6rt. Der \u201eHeidelbergsandstein\u201c ist ein sehr harter, stark verkieselter Sandstein mit stellenweise hohem Eisenanteil. Darauf wurden die bizarren Felsgebilde auf epilithische Flechten untersucht.<\/p>\n\n\n\n<p>Auf einem Felsblock am Wegrand fielen die nitrophilen Arten Physcia tenelle &amp; adscendens sowie Xanthoria parietina auf. Durch den \u201esauren Regen\u201c in der zweiten H\u00e4lfte des vorigen Jahrhunderts verarmte die gesteinsbewohnende Flechtengarnitur sehr stark. Heute dominiert der Stickstoffeintrag das Geschehen und f\u00f6rdert die stickstoffliebenden Arten. Ein weiterer Effekt dieses Stickstoffeintrags ist die starke F\u00f6rderung des Mooswachstums an schattig-feuchten Stellen. Die hier schneller wachsenden Moosarten besetzen die Gesteinsoberfl\u00e4che und verhindern die sehr langsam vor sich gehende Besiedlung mit Flechten.<\/p>\n\n\n\n<p>Als h\u00e4ufige und auch massenw\u00fcchsige Blattflechte wurde <em>Parmelia saxatilis<\/em> vorgestellt. Verbunden wurde das mit einer Erl\u00e4uterung zur Vermehrungs- und Ausbreitungsstrategie der Flechten Bei den Blattflechten dominiert die vegetative Vermehrung \u00fcber kleine Bruchst\u00fccke oder stiftartige Ausw\u00fcchse des Lagers. Die Stifte (als Isidien bezeichnet) brechen irgendwann ab, werden verbreitet und k\u00f6nnen neue Flechtenlager begr\u00fcnden, da sie die notwendigen Pilz- und Algenanteile sowie den \u201eFlechten-Bauplan\u201c beinhalten.<\/p>\n\n\n\n<p>Auf der offenen S\u00fcdseite wurde als Besonderheit <em>Umbilicaria pustulata<\/em> vorgestellt, die ebenfalls auf den namengebenden Pusteln in der Lagermitte Isidien f\u00fcr die vegetative Fortpflanzung ausbildet. Auf dem Heidelberg befinden sich die gr\u00f6\u00dften Vorkommen dieser seltenen Art, die nur am Nordharzrand zwischen Selketal und Blankenburg vorkommt. Die Gattung <em>Umbilicaria<\/em> ist gekennzeichnet von einem umbilicus (lat. Nabel), mit dem die Blattflechten auf dem Fels angewachsen sind. In Gemeinschaft mit dieser Art wuchs <em>Umbilicaria<\/em> <em>hirsuta<\/em>, deren Blattr\u00e4nder sich in kleine Bruchst\u00fccke zur Verbreitung aufl\u00f6sen.<\/p>\n\n\n\n<figure class=\"wp-block-image size-large\"><a href=\"http:\/\/www.nordharzev.de\/wp-content\/uploads\/2025\/10\/Bild-7-scaled.jpg\"><img loading=\"lazy\" width=\"2560\" height=\"1775\" src=\"https:\/\/www.nordharzev.de\/wp-content\/uploads\/2025\/10\/Bild-7-edited-scaled.jpg\" alt=\"\" class=\"wp-image-1787\" srcset=\"https:\/\/www.nordharzev.de\/wp-content\/uploads\/2025\/10\/Bild-7-edited-scaled.jpg 2560w, https:\/\/www.nordharzev.de\/wp-content\/uploads\/2025\/10\/Bild-7-edited-300x208.jpg 300w, https:\/\/www.nordharzev.de\/wp-content\/uploads\/2025\/10\/Bild-7-edited-1024x710.jpg 1024w, https:\/\/www.nordharzev.de\/wp-content\/uploads\/2025\/10\/Bild-7-edited-768x533.jpg 768w, https:\/\/www.nordharzev.de\/wp-content\/uploads\/2025\/10\/Bild-7-edited-1536x1065.jpg 1536w, https:\/\/www.nordharzev.de\/wp-content\/uploads\/2025\/10\/Bild-7-edited-2048x1420.jpg 2048w\" sizes=\"(max-width: 2560px) 100vw, 2560px\" \/><\/a><figcaption>Herausragende Besonderheit auf dem Heidelberg: die Pustelflechte (<em>Umbilicaria pustulata<\/em>)<\/figcaption><\/figure>\n\n\n\n<p>Als Beispiele f\u00fcr Krustenflechten, die fest mit dem Gestein verwachsen sind, wurden <em>Lecidea fuscoatra<\/em> und als Vertreter der Landkartenflechten <em>Rhizocarpon geographicum<\/em> vorgestellt. Sie bilden Apothecien aus und gehen damit den Weg \u00fcber die generative Vermehrung. Eine besondere Gruppe von Krustenflechten fiel durch ihren Farbreichtum an Vogelsitzpl\u00e4tzen auf. Die N\u00e4hrstoffanreicherung durch Vogelkot f\u00fchrt zu ornithokoprophilen Flechtengemeinschaften. Hier waren <em>Candelariella vitellina<\/em> und <em>Acarospora fuscata<\/em> besonders auffallend.<\/p>\n\n\n\n<div class=\"wp-container-7 wp-block-columns\">\n<div class=\"wp-container-5 wp-block-column\">\n<figure class=\"wp-block-image size-large\"><a href=\"http:\/\/www.nordharzev.de\/wp-content\/uploads\/2025\/10\/Bild-8-scaled.jpg\"><img loading=\"lazy\" width=\"1024\" height=\"710\" src=\"http:\/\/www.nordharzev.de\/wp-content\/uploads\/2025\/10\/Bild-8-1024x710.jpg\" alt=\"\" class=\"wp-image-1782\" srcset=\"https:\/\/www.nordharzev.de\/wp-content\/uploads\/2025\/10\/Bild-8-1024x710.jpg 1024w, https:\/\/www.nordharzev.de\/wp-content\/uploads\/2025\/10\/Bild-8-300x208.jpg 300w, https:\/\/www.nordharzev.de\/wp-content\/uploads\/2025\/10\/Bild-8-768x532.jpg 768w, https:\/\/www.nordharzev.de\/wp-content\/uploads\/2025\/10\/Bild-8-1536x1065.jpg 1536w, https:\/\/www.nordharzev.de\/wp-content\/uploads\/2025\/10\/Bild-8-2048x1420.jpg 2048w\" sizes=\"(max-width: 1024px) 100vw, 1024px\" \/><\/a><figcaption>Zottige Nabelflechte (<em>Umbilicaria hirsuta<\/em>)<\/figcaption><\/figure>\n<\/div>\n\n\n\n<div class=\"wp-container-6 wp-block-column\">\n<figure class=\"wp-block-image size-large\"><a href=\"http:\/\/www.nordharzev.de\/wp-content\/uploads\/2025\/10\/Bild-9-scaled.jpg\"><img loading=\"lazy\" width=\"1024\" height=\"709\" src=\"http:\/\/www.nordharzev.de\/wp-content\/uploads\/2025\/10\/Bild-9-1024x709.jpg\" alt=\"\" class=\"wp-image-1783\" srcset=\"https:\/\/www.nordharzev.de\/wp-content\/uploads\/2025\/10\/Bild-9-1024x709.jpg 1024w, https:\/\/www.nordharzev.de\/wp-content\/uploads\/2025\/10\/Bild-9-300x208.jpg 300w, https:\/\/www.nordharzev.de\/wp-content\/uploads\/2025\/10\/Bild-9-768x532.jpg 768w, https:\/\/www.nordharzev.de\/wp-content\/uploads\/2025\/10\/Bild-9-1536x1064.jpg 1536w, https:\/\/www.nordharzev.de\/wp-content\/uploads\/2025\/10\/Bild-9-2048x1419.jpg 2048w\" sizes=\"(max-width: 1024px) 100vw, 1024px\" \/><\/a><figcaption>Landkartenflechte (<em>Rhizocarpon geographicum<\/em>)<\/figcaption><\/figure>\n<\/div>\n<\/div>\n\n\n\n<p>Den Abschluss bildete die Krustenflechte <em>Lepra corallina<\/em>, die auf den Krustenlagern korallen\u00e4hnliche Isidien ausbildet.<\/p>\n\n\n\n<figure class=\"wp-block-image size-large\"><a href=\"http:\/\/www.nordharzev.de\/wp-content\/uploads\/2025\/10\/Bild-10.jpg\"><img loading=\"lazy\" width=\"1024\" height=\"768\" src=\"http:\/\/www.nordharzev.de\/wp-content\/uploads\/2025\/10\/Bild-10-1024x768.jpg\" alt=\"\" class=\"wp-image-1784\" srcset=\"https:\/\/www.nordharzev.de\/wp-content\/uploads\/2025\/10\/Bild-10-1024x768.jpg 1024w, https:\/\/www.nordharzev.de\/wp-content\/uploads\/2025\/10\/Bild-10-300x225.jpg 300w, https:\/\/www.nordharzev.de\/wp-content\/uploads\/2025\/10\/Bild-10-768x576.jpg 768w, https:\/\/www.nordharzev.de\/wp-content\/uploads\/2025\/10\/Bild-10-1536x1152.jpg 1536w, https:\/\/www.nordharzev.de\/wp-content\/uploads\/2025\/10\/Bild-10.jpg 1600w\" sizes=\"(max-width: 1024px) 100vw, 1024px\" \/><\/a><figcaption>Korallen-Porenflechte (<em>Lepra corallina<\/em>)<\/figcaption><\/figure>\n\n\n\n<p>Insgesamt wurde eingesch\u00e4tzt, dass durch die starke Frequentierung des Kammwegs Trittsch\u00e4den an den bodennahen Felsen entstehen, die den Flechtenbewuchs sehr beeintr\u00e4chtigen bzw. zerst\u00f6ren. Einige allgemeine Hinweise zu den Flechten, ihrer Physiologie und Lebensweise, verbunden einer \u201eFragerunde\u201c beendeten die Exkursion.<\/p>\n\n\n\n<p>Liste der besprochenen Flechtenarten vom 13.9.2025<\/p>\n\n\n\n<figure class=\"wp-block-table\"><table><thead><tr><th>wissenschaftl. Name<\/th><th>dt. Bezeichnung<\/th><\/tr><\/thead><tbody><tr><td><em>Acarospora fuscata<br>Aspicilia cinerea<br>Candelariella vitellina<br>Cladonia fimbriata<br>Cladonia humilis<br>Lecidea fuscoatra<br>Lepra corallina<br>Lepraria caesioalba<br>Lepraria finkii<br>Lepraria incana<br>Parmelia saxatilis<br>Physcia adscendens<br>Physcia tenella<br>Rhizocarpon geographicum<br>Rhizocarpon lecanorinum<br>Umbilicaria hirsuta<br>Umbilicaria pustulata<br>Xanthoria parietina<\/em><\/td><td>Gew\u00f6hnliche Kleinsporflechte<br>Graue Kragenflechte<br>Gew\u00f6hnliche Dotterflechte<br>Trompeten-Becherflechte<br>Niedrige Becherflechte<br>Braune Schwarznapfflechte<br>Korallen-Porenflechte<br>Wei\u00dfgraue Staubflechte<br>Wattige Staubflechte<br>Graue Staubflechte<br>Felsen-Sch\u00fcsselflechte<br>Helm-Schwielenflechte<br>Lippen-Schwielenflechte<br>Gew\u00f6hnliche Landkartenflechte<br>Berandete Landkartenflechte<br>Zottige Nabelflechte<br>Pustelflechte<br>Wand-Gelbflechte<\/td><\/tr><\/tbody><\/table><\/figure>\n\n\n\n<p>Text: Dr. Hans-Ulrich Kison &amp; Gisela Schaaf<br>Fotos: Dr. Joachim Keller und J\u00fcrgen Roehl<\/p>\n","protected":false},"excerpt":{"rendered":"<p>Bei bestem Exkursionswetter fanden sich am Samstag, dem 13. September 2025, 20 Exkursionsteilnehmer ein, um die Moos- und Flechtenvegetation der westlichen Teufelsmauer bei Blankenburg zu erkunden. Schon am Aufstieg zum Heidelberg, von der Stra\u00dfe gleichen Namens ausgehend, wurden die ersten &hellip; <a href=\"https:\/\/www.nordharzev.de\/?page_id=1774\">Weiterlesen <span class=\"meta-nav\">&rarr;<\/span><\/a><\/p>\n","protected":false},"author":1,"featured_media":0,"parent":0,"menu_order":0,"comment_status":"closed","ping_status":"closed","template":"","meta":[],"_links":{"self":[{"href":"https:\/\/www.nordharzev.de\/index.php?rest_route=\/wp\/v2\/pages\/1774"}],"collection":[{"href":"https:\/\/www.nordharzev.de\/index.php?rest_route=\/wp\/v2\/pages"}],"about":[{"href":"https:\/\/www.nordharzev.de\/index.php?rest_route=\/wp\/v2\/types\/page"}],"author":[{"embeddable":true,"href":"https:\/\/www.nordharzev.de\/index.php?rest_route=\/wp\/v2\/users\/1"}],"replies":[{"embeddable":true,"href":"https:\/\/www.nordharzev.de\/index.php?rest_route=%2Fwp%2Fv2%2Fcomments&post=1774"}],"version-history":[{"count":1,"href":"https:\/\/www.nordharzev.de\/index.php?rest_route=\/wp\/v2\/pages\/1774\/revisions"}],"predecessor-version":[{"id":1790,"href":"https:\/\/www.nordharzev.de\/index.php?rest_route=\/wp\/v2\/pages\/1774\/revisions\/1790"}],"wp:attachment":[{"href":"https:\/\/www.nordharzev.de\/index.php?rest_route=%2Fwp%2Fv2%2Fmedia&parent=1774"}],"curies":[{"name":"wp","href":"https:\/\/api.w.org\/{rel}","templated":true}]}}