{"id":1805,"date":"2025-11-29T13:58:22","date_gmt":"2025-11-29T12:58:22","guid":{"rendered":"https:\/\/www.nordharzev.de\/?page_id=1805"},"modified":"2025-11-29T14:02:04","modified_gmt":"2025-11-29T13:02:04","slug":"kartierexkursion-am-24-05-2025-exkursion-im-nsg-heidberge-noerdlich-quedlinburg","status":"publish","type":"page","link":"https:\/\/www.nordharzev.de\/?page_id=1805","title":{"rendered":"Kartierexkursion am 14.06.2025 &#8211; Exkursion der Seweckenberge \u00f6stlich Quedlinburg"},"content":{"rendered":"\n<p>P\u00fcnktlich halb zehn am Samstag, den 14. Juni 2025 starteten an der Br\u00fccke der Ortsumgehung von Quedlinburg am Ochsenkopf 15 Teilnehmer zu einer Kartierungsexkursion in die Seweckenberge. Die Leitung hatte Norbert Ru\u00dfwurm \u00fcbernommen. Es war an diesem Tag sehr warm und am Himmel nicht ein W\u00f6lkchen zu sehen.<\/p>\n\n\n\n<figure class=\"wp-block-image size-large\"><a href=\"http:\/\/www.nordharzev.de\/wp-content\/uploads\/2025\/11\/Seweckenberge-bei-Quedlinburg-Hoch-scaled.jpg\"><img loading=\"lazy\" width=\"1024\" height=\"768\" src=\"http:\/\/www.nordharzev.de\/wp-content\/uploads\/2025\/11\/Seweckenberge-bei-Quedlinburg-Hoch-1024x768.jpg\" alt=\"\" class=\"wp-image-1811\" srcset=\"https:\/\/www.nordharzev.de\/wp-content\/uploads\/2025\/11\/Seweckenberge-bei-Quedlinburg-Hoch-1024x768.jpg 1024w, https:\/\/www.nordharzev.de\/wp-content\/uploads\/2025\/11\/Seweckenberge-bei-Quedlinburg-Hoch-300x225.jpg 300w, https:\/\/www.nordharzev.de\/wp-content\/uploads\/2025\/11\/Seweckenberge-bei-Quedlinburg-Hoch-768x576.jpg 768w, https:\/\/www.nordharzev.de\/wp-content\/uploads\/2025\/11\/Seweckenberge-bei-Quedlinburg-Hoch-1536x1152.jpg 1536w, https:\/\/www.nordharzev.de\/wp-content\/uploads\/2025\/11\/Seweckenberge-bei-Quedlinburg-Hoch-2048x1536.jpg 2048w\" sizes=\"(max-width: 1024px) 100vw, 1024px\" \/><\/a><figcaption><em>Die Seweckenberge bei Quedlinburg<\/em>.<\/figcaption><\/figure>\n\n\n\n<p>Das erstes Ziel der ca. 5 km langen Tour war das Fl\u00e4chennaturdenkmal (FND) &#8222;Grasinsel&#8220;. Der Weg dorthin war f\u00fcr uns Botaniker ein wenig ern\u00fcchternd. Eutrophierung und Ruderalisierung pr\u00e4gten die Pflanzengesellschaften an den Wegb\u00f6schungen. Das \u00e4nderte sich jedoch grundlegend auf den Wiesen am FND. Hier wurden wir mit dem Anblick von mehreren bl\u00fchenden Pflanzen der B\u00f6mischen Sommerwurz (<em>Orobanche bohemica<\/em>) belohnt. Im Umfeld traten auch das Kleine M\u00e4des\u00fc\u00df (<em>Filipendula vulgaris<\/em>), das Ohrl\u00f6ffel-Leimkraut (<em>Silene otites<\/em> <em>subsp. otites<\/em>), der Zwerg-Schneckenklee (<em>Medicago minima<\/em>) und das Mittlere Leinblatt (<em>Thesium linophyllum<\/em>) auf. Am \u00dcbergang zum s\u00fcdexponierten Ackerrand bl\u00fchten der Feld-Steinquendel (<em>Acinos arvensis<\/em>), die Acker-Haftdolde (<em>Caucalis platycarpos <\/em>subsp. <em>platycarpos<\/em>), der Aufrechter Ziest (<em>Stachys recta<\/em>) und der Kleinfr\u00fcchtige Leindotter (<em>Camelina microcarpa <\/em>subsp. <em>pilosa<\/em>). Mitten in der \u201eGrasinsel\u201c entdeckten wir dann auch die Nelken-Sommerwurz (<em>Orobanche caryophyllacea<\/em>), den Berg-Klee (<em>Trifolium montanum<\/em>) und den Dreizahn (<em>Danthonia decumbens <\/em>subsp. <em>decumbens<\/em>). Hier wurden uns von Dr. Hans-Ulrich Kison auch die beiden Flechtenarten Grobwarzige Felssch\u00fcsselflechte (<em>Xanthoparmelia loxodes<\/em>) und Pfriemen-S\u00e4ulenflechte (<em>Cladonia subulata<\/em>) vorgestellt.<\/p>\n\n\n\n<div class=\"wp-container-3 wp-block-columns\">\n<div class=\"wp-container-1 wp-block-column\">\n<figure class=\"wp-block-image size-large\"><a href=\"http:\/\/www.nordharzev.de\/wp-content\/uploads\/2025\/11\/Boehmische-Sommerwurz-Seweckenberge-Hoch1-scaled.jpg\"><img loading=\"lazy\" width=\"768\" height=\"1024\" src=\"http:\/\/www.nordharzev.de\/wp-content\/uploads\/2025\/11\/Boehmische-Sommerwurz-Seweckenberge-Hoch1-768x1024.jpg\" alt=\"\" class=\"wp-image-1807\" srcset=\"https:\/\/www.nordharzev.de\/wp-content\/uploads\/2025\/11\/Boehmische-Sommerwurz-Seweckenberge-Hoch1-768x1024.jpg 768w, https:\/\/www.nordharzev.de\/wp-content\/uploads\/2025\/11\/Boehmische-Sommerwurz-Seweckenberge-Hoch1-225x300.jpg 225w, https:\/\/www.nordharzev.de\/wp-content\/uploads\/2025\/11\/Boehmische-Sommerwurz-Seweckenberge-Hoch1-1152x1536.jpg 1152w, https:\/\/www.nordharzev.de\/wp-content\/uploads\/2025\/11\/Boehmische-Sommerwurz-Seweckenberge-Hoch1-1536x2048.jpg 1536w, https:\/\/www.nordharzev.de\/wp-content\/uploads\/2025\/11\/Boehmische-Sommerwurz-Seweckenberge-Hoch1-scaled.jpg 1920w\" sizes=\"(max-width: 768px) 100vw, 768px\" \/><\/a><figcaption>B\u00f6mischen Sommerwurz (<em>Orobanche bohemica<\/em>)<\/figcaption><\/figure>\n<\/div>\n\n\n\n<div class=\"wp-container-2 wp-block-column\">\n<figure class=\"wp-block-image size-large\"><a href=\"http:\/\/www.nordharzev.de\/wp-content\/uploads\/2025\/11\/Weg-Distel-Hoch-scaled.jpg\"><img loading=\"lazy\" width=\"768\" height=\"1024\" src=\"http:\/\/www.nordharzev.de\/wp-content\/uploads\/2025\/11\/Weg-Distel-Hoch-768x1024.jpg\" alt=\"\" class=\"wp-image-1812\" srcset=\"https:\/\/www.nordharzev.de\/wp-content\/uploads\/2025\/11\/Weg-Distel-Hoch-768x1024.jpg 768w, https:\/\/www.nordharzev.de\/wp-content\/uploads\/2025\/11\/Weg-Distel-Hoch-225x300.jpg 225w, https:\/\/www.nordharzev.de\/wp-content\/uploads\/2025\/11\/Weg-Distel-Hoch-1152x1536.jpg 1152w, https:\/\/www.nordharzev.de\/wp-content\/uploads\/2025\/11\/Weg-Distel-Hoch-1536x2048.jpg 1536w, https:\/\/www.nordharzev.de\/wp-content\/uploads\/2025\/11\/Weg-Distel-Hoch-scaled.jpg 1920w\" sizes=\"(max-width: 768px) 100vw, 768px\" \/><\/a><figcaption>Weg-Distel (<em>Carduus acanthoides<\/em>)<\/figcaption><\/figure>\n<\/div>\n<\/div>\n\n\n\n<p>Entlang des H\u00f6henzuges in Richtung Seweckenwarte fanden wir an den armen und teils offenen Standorten und den randlich leicht ruderalisierten Bereichen weitere interessanten Pflanzenarten. Hierzu z\u00e4hlten u. a. der Streifen-Klee (T<em>rifolium striatum<\/em>), das Echte Tausendg\u00fcldenkraut (<em>Centaurium erythraea <\/em>subsp. <em>erythraea<\/em>) und die Sand-Strohblume (<em>Helichrysum arenarium<\/em> subsp. <em>arenarium<\/em>). Nach der Ungarische Wicke (<em>Vicia pannonica<\/em>) mussten wir auf den beweideten Fl\u00e4chen lange suchen, wurden aber mit ein paar bl\u00fchenden Pflanzen belohnt. Besonders auf den sandigen Wegen bemerkten wir dann das Acker-Filzkraut (<em>Filago arvensis<\/em>) und Deutsches Filzkraut (<em>Filago germanica<\/em>). Sp\u00e4ter erg\u00e4nzte Dr. Kison die Liste noch mit dem Gelblichen Filzkraut (<em>Filago lutescens <\/em>subsp. <em>lutescens<\/em>).<\/p>\n\n\n\n<figure class=\"wp-block-image size-large\"><a href=\"http:\/\/www.nordharzev.de\/wp-content\/uploads\/2025\/11\/Exkursionsteilnehmer-auf-Pflanzensuche-an-den-Seweckenbergen-Hoch-scaled.jpg\"><img loading=\"lazy\" width=\"1024\" height=\"768\" src=\"http:\/\/www.nordharzev.de\/wp-content\/uploads\/2025\/11\/Exkursionsteilnehmer-auf-Pflanzensuche-an-den-Seweckenbergen-Hoch-1024x768.jpg\" alt=\"\" class=\"wp-image-1809\" srcset=\"https:\/\/www.nordharzev.de\/wp-content\/uploads\/2025\/11\/Exkursionsteilnehmer-auf-Pflanzensuche-an-den-Seweckenbergen-Hoch-1024x768.jpg 1024w, https:\/\/www.nordharzev.de\/wp-content\/uploads\/2025\/11\/Exkursionsteilnehmer-auf-Pflanzensuche-an-den-Seweckenbergen-Hoch-300x225.jpg 300w, https:\/\/www.nordharzev.de\/wp-content\/uploads\/2025\/11\/Exkursionsteilnehmer-auf-Pflanzensuche-an-den-Seweckenbergen-Hoch-768x576.jpg 768w, https:\/\/www.nordharzev.de\/wp-content\/uploads\/2025\/11\/Exkursionsteilnehmer-auf-Pflanzensuche-an-den-Seweckenbergen-Hoch-1536x1152.jpg 1536w, https:\/\/www.nordharzev.de\/wp-content\/uploads\/2025\/11\/Exkursionsteilnehmer-auf-Pflanzensuche-an-den-Seweckenbergen-Hoch-2048x1536.jpg 2048w\" sizes=\"(max-width: 1024px) 100vw, 1024px\" \/><\/a><figcaption><em>Exkursionsteilnehmer auf Pflanzensuche an den Seweckenbergen<\/em><\/figcaption><\/figure>\n\n\n\n<p>Auf unserem Weg querten wir dann einen aufgelassenen Schutzacker, der vor einigen Jahren zur Erhaltung von Segetalarten angelegt wurde, nun aber aufgegeben erschien. Trotz eingetretener Ruderalisierung und Verbrachung und der Ausbreitung der Weg-Distel (<em>Carduus acanthoides<\/em>) und der Japanische Trespe (<em>Bromus japonicus<\/em>) konnten hier noch einige interessante Arten best\u00e4tigt werden. Das Rundbl\u00e4ttrige Hasenohr (<em>Bupleurum rotundifolium<\/em>) und der Koriander (<em>Coriandrum sativum<\/em>) bildeten noch gr\u00f6\u00dfere Populationen. Das Braune M\u00f6nchskraut (<em>Nonea erecta<\/em>) war nur mit wenigen Exemplaren vertreten. Mit dem Damaszener Schwarzk\u00fcmmel (<em>Nigella damascena<\/em>) konnte eine Art neu f\u00fcr den Quadranten des Messtischblattes nachgewiesen werden. Auf einer Stilllegung westlich der Warthe \u00fcberraschte uns dann ein gro\u00dfer Bestand des Acker-Klettenkerbels (<em>Torilis arvensis <\/em>subsp. <em>recta<\/em>).<\/p>\n\n\n\n<figure class=\"wp-block-image size-large\"><a href=\"http:\/\/www.nordharzev.de\/wp-content\/uploads\/2025\/11\/Koriander-Hoch-scaled.jpg\"><img loading=\"lazy\" width=\"1024\" height=\"708\" src=\"http:\/\/www.nordharzev.de\/wp-content\/uploads\/2025\/11\/Koriander-Hoch-1024x708.jpg\" alt=\"\" class=\"wp-image-1810\" srcset=\"https:\/\/www.nordharzev.de\/wp-content\/uploads\/2025\/11\/Koriander-Hoch-1024x708.jpg 1024w, https:\/\/www.nordharzev.de\/wp-content\/uploads\/2025\/11\/Koriander-Hoch-300x207.jpg 300w, https:\/\/www.nordharzev.de\/wp-content\/uploads\/2025\/11\/Koriander-Hoch-768x531.jpg 768w, https:\/\/www.nordharzev.de\/wp-content\/uploads\/2025\/11\/Koriander-Hoch-1536x1062.jpg 1536w, https:\/\/www.nordharzev.de\/wp-content\/uploads\/2025\/11\/Koriander-Hoch-2048x1416.jpg 2048w\" sizes=\"(max-width: 1024px) 100vw, 1024px\" \/><\/a><figcaption>Koriander (<em>Coriandrum sativum<\/em>)<\/figcaption><\/figure>\n\n\n\n<p>An der Seweckenwarte angekommen, konnten wir uns an einer Tafel vom UNESCO-Geopark \u201eHarz-Braunschweiger Land-Ostfalen\u201c \u00fcber die Geologie des Gebietes und die Geschichte der Warte informieren.<\/p>\n\n\n\n<p>Nun wurde es aber auch Zeit f\u00fcr eine Pause. Dazu wurden wir von Veronika und Eckhart Kartheuser auf ihre \u201eRanch\u201c eingeladen und konnten im Schatten der alten Obstb\u00e4ume Kaffee und Kuchen genie\u00dfen.<\/p>\n\n\n\n<figure class=\"wp-block-image size-large\"><a href=\"http:\/\/www.nordharzev.de\/wp-content\/uploads\/2025\/11\/Blick-zur-Ranch-Hoch-scaled.jpg\"><img loading=\"lazy\" width=\"1024\" height=\"768\" src=\"http:\/\/www.nordharzev.de\/wp-content\/uploads\/2025\/11\/Blick-zur-Ranch-Hoch-1024x768.jpg\" alt=\"\" class=\"wp-image-1806\" srcset=\"https:\/\/www.nordharzev.de\/wp-content\/uploads\/2025\/11\/Blick-zur-Ranch-Hoch-1024x768.jpg 1024w, https:\/\/www.nordharzev.de\/wp-content\/uploads\/2025\/11\/Blick-zur-Ranch-Hoch-300x225.jpg 300w, https:\/\/www.nordharzev.de\/wp-content\/uploads\/2025\/11\/Blick-zur-Ranch-Hoch-768x576.jpg 768w, https:\/\/www.nordharzev.de\/wp-content\/uploads\/2025\/11\/Blick-zur-Ranch-Hoch-1536x1152.jpg 1536w, https:\/\/www.nordharzev.de\/wp-content\/uploads\/2025\/11\/Blick-zur-Ranch-Hoch-2048x1536.jpg 2048w\" sizes=\"(max-width: 1024px) 100vw, 1024px\" \/><\/a><figcaption><em>Blick zur &#8222;Ranch&#8220; der Familie Kartheuser<\/em><\/figcaption><\/figure>\n\n\n\n<p>Der lange R\u00fcckweg unter der erbarmungslos scheinenden Sonne war dann schon eine Herausforderung, die wir aber mit Bravur bew\u00e4ltigten. Dabei konnte an mehreren Stellen noch die neophytische Armenische Brombeere (<em>Rubus armeniacus<\/em>) beobachtet werden, die hier ihr enormes Ausbreitungspotential demonstrierte. Am Ausgangspunkt angekommen, lauschten wir noch den interessanten Ausf\u00fchrungen von Dr. Hans-Ulrich Kison zur Herkunft der dort bl\u00fchenden T\u00fcrkenbund-Lilien (<em>Lilium martagon<\/em>). Alles in allem war es heute eine sehr sch\u00f6ne Runde mit vielen interessanten Pflanzenbeobachtungen und angeregten Gespr\u00e4chen. Daf\u00fcr erntete der Organisator Norbert Ru\u00dfwurm am Ende den verdienten Applaus.<\/p>\n\n\n\n<p>Nachfolgend werden die Pflanzenartenlisten zur Verf\u00fcgung gestellt:<br>Teil I &#8211; <a href=\"http:\/\/www.nordharzev.de\/wp-content\/uploads\/2025\/11\/2025_06_14-Sewckenberge-4233-13-Teil-1-FND-Grasinsel-und-Umfeld-AHo.pdf\" data-type=\"URL\" data-id=\"http:\/\/www.nordharzev.de\/wp-content\/uploads\/2025\/11\/2025_06_14-Sewckenberge-4233-13-Teil-1-FND-Grasinsel-und-Umfeld-AHo.pdf\" target=\"_blank\" rel=\"noreferrer noopener\">FND Grasinsel und Umfeld<\/a><br>Teil II &#8211; <a href=\"http:\/\/www.nordharzev.de\/wp-content\/uploads\/2025\/11\/2025_06_14-Sewckenberge-4233-13-Teil-2-Ehemaliger-Schutzacker-AHo.pdf\" data-type=\"URL\" data-id=\"http:\/\/www.nordharzev.de\/wp-content\/uploads\/2025\/11\/2025_06_14-Sewckenberge-4233-13-Teil-2-Ehemaliger-Schutzacker-AHo.pdf\" target=\"_blank\" rel=\"noreferrer noopener\">Ehemaliger Schutzacker<\/a><\/p>\n\n\n\n<p>Leitung: Norbert Ru\u00dfwurm, Dr. Veronika und Eckhart Kartheuser<br>Text: Armin Hoch<br>Fotos: Armin Hoch<\/p>\n","protected":false},"excerpt":{"rendered":"<p>P\u00fcnktlich halb zehn am Samstag, den 14. Juni 2025 starteten an der Br\u00fccke der Ortsumgehung von Quedlinburg am Ochsenkopf 15 Teilnehmer zu einer Kartierungsexkursion in die Seweckenberge. Die Leitung hatte Norbert Ru\u00dfwurm \u00fcbernommen. Es war an diesem Tag sehr warm &hellip; <a href=\"https:\/\/www.nordharzev.de\/?page_id=1805\">Weiterlesen <span class=\"meta-nav\">&rarr;<\/span><\/a><\/p>\n","protected":false},"author":1,"featured_media":0,"parent":0,"menu_order":0,"comment_status":"closed","ping_status":"closed","template":"","meta":[],"_links":{"self":[{"href":"https:\/\/www.nordharzev.de\/index.php?rest_route=\/wp\/v2\/pages\/1805"}],"collection":[{"href":"https:\/\/www.nordharzev.de\/index.php?rest_route=\/wp\/v2\/pages"}],"about":[{"href":"https:\/\/www.nordharzev.de\/index.php?rest_route=\/wp\/v2\/types\/page"}],"author":[{"embeddable":true,"href":"https:\/\/www.nordharzev.de\/index.php?rest_route=\/wp\/v2\/users\/1"}],"replies":[{"embeddable":true,"href":"https:\/\/www.nordharzev.de\/index.php?rest_route=%2Fwp%2Fv2%2Fcomments&post=1805"}],"version-history":[{"count":2,"href":"https:\/\/www.nordharzev.de\/index.php?rest_route=\/wp\/v2\/pages\/1805\/revisions"}],"predecessor-version":[{"id":1820,"href":"https:\/\/www.nordharzev.de\/index.php?rest_route=\/wp\/v2\/pages\/1805\/revisions\/1820"}],"wp:attachment":[{"href":"https:\/\/www.nordharzev.de\/index.php?rest_route=%2Fwp%2Fv2%2Fmedia&parent=1805"}],"curies":[{"name":"wp","href":"https:\/\/api.w.org\/{rel}","templated":true}]}}