{"id":1822,"date":"2025-11-29T14:26:10","date_gmt":"2025-11-29T13:26:10","guid":{"rendered":"https:\/\/www.nordharzev.de\/?page_id=1822"},"modified":"2025-11-29T14:26:10","modified_gmt":"2025-11-29T13:26:10","slug":"gemeinsame-exkursion-mit-dem-botan-verein-des-landes-sachsen-anhalt-am-02-08-2025-auf-bergbaupfaden-um-neudorf-harz","status":"publish","type":"page","link":"https:\/\/www.nordharzev.de\/?page_id=1822","title":{"rendered":"Gemeinsame Exkursion mit dem Botan. Verein des Landes Sachsen-Anhalt am 02.08.2025 \u2013 Auf Bergbaupfaden um Neudorf (Harz)"},"content":{"rendered":"\n<p>An der Friedenseiche in Neudorf (Harz) trafen sich am 2. August 2025 \u00fcber 20 Mitglieder des Botanischen Vereins Sachsen-Anhalts e. V. und des Botanischen Arbeitskreises Nordharz e. V. sowie einige G\u00e4ste um auf den Spuren des Botanikers und Lehrers Wilhelm Ebert (1857-1929) die Pflanzenwelt am Neudorfer Bergbauwanderweg zu erkunden. Die Wanderung f\u00fchrt durch einen typischen Ausschnitt der Unterharzer Kulturlandschaft mit unterschiedlichen Florenelementen der Mischw\u00e4lder, Wiesen, Felder und Teiche. Auf der Tour begegneten uns zahlreiche Zeugen Jahrhunderte alten Bergbaus. Mit gro\u00dfen Kahlfl\u00e4chen und Forstkulturen als Folge von Kalamit\u00e4ten, die in den letzten Jahren zum gro\u00dffl\u00e4chigen Absterben von Fichtenforsten f\u00fchrten, wurde auf dieser Exkursion der gegenw\u00e4rtige Landschafts- und Florenwandel besonders deutlich. Der ca. 8 km lange Rundweg entsprach der Wanderempfehlung Nr. 4 aus den \u201eBotanischen Streifz\u00fcgen um Harzgerode\u201c, einem 2020 erschienenen Heft des Natur- und UNESCO Globel Geoparks \u201eHarz \u2013 Braunschweiger Land \u2013 Osfalen\u201c.<\/p>\n\n\n\n<figure class=\"wp-block-image size-large\"><a href=\"http:\/\/www.nordharzev.de\/wp-content\/uploads\/2025\/11\/Gruppenbild-der-Exkursionsteilnehmer-an-der-Friedenseiche-in-Neudurf-2.8.2025-Hoch-Handy-23-scaled.jpg\"><img loading=\"lazy\" width=\"1024\" height=\"768\" src=\"http:\/\/www.nordharzev.de\/wp-content\/uploads\/2025\/11\/Gruppenbild-der-Exkursionsteilnehmer-an-der-Friedenseiche-in-Neudurf-2.8.2025-Hoch-Handy-23-1024x768.jpg\" alt=\"\" class=\"wp-image-1826\" srcset=\"https:\/\/www.nordharzev.de\/wp-content\/uploads\/2025\/11\/Gruppenbild-der-Exkursionsteilnehmer-an-der-Friedenseiche-in-Neudurf-2.8.2025-Hoch-Handy-23-1024x768.jpg 1024w, https:\/\/www.nordharzev.de\/wp-content\/uploads\/2025\/11\/Gruppenbild-der-Exkursionsteilnehmer-an-der-Friedenseiche-in-Neudurf-2.8.2025-Hoch-Handy-23-300x225.jpg 300w, https:\/\/www.nordharzev.de\/wp-content\/uploads\/2025\/11\/Gruppenbild-der-Exkursionsteilnehmer-an-der-Friedenseiche-in-Neudurf-2.8.2025-Hoch-Handy-23-768x576.jpg 768w, https:\/\/www.nordharzev.de\/wp-content\/uploads\/2025\/11\/Gruppenbild-der-Exkursionsteilnehmer-an-der-Friedenseiche-in-Neudurf-2.8.2025-Hoch-Handy-23-1536x1152.jpg 1536w, https:\/\/www.nordharzev.de\/wp-content\/uploads\/2025\/11\/Gruppenbild-der-Exkursionsteilnehmer-an-der-Friedenseiche-in-Neudurf-2.8.2025-Hoch-Handy-23-2048x1536.jpg 2048w\" sizes=\"(max-width: 1024px) 100vw, 1024px\" \/><\/a><\/figure>\n\n\n\n<p>W\u00e4hrend der Tour konnten wir viele, der dort beschriebene Pflanzenarten auffinden, auch wenn inzwischen ein Gro\u00dfteil der Kalamit\u00e4tsfl\u00e4chen bereits aufgeforstet sind und statt \u00fcppiger Schlagflur an vielen Stellen die Gr\u00e4ser dominierten.<\/p>\n\n\n\n<p>Am Ufer des gut gef\u00fcllten Teufelsteiches wuchsen z. B. der Gew\u00f6hnliche Froschl\u00f6ffel (<em>Alisma plantago-aquatica<\/em>), das Gew\u00f6hnliche Helmkraut (<em>Scutellaria galericulata<\/em>), der Schild-Ehrenpreis (<em>Veronica scutellata<\/em>) sowie der im Heft beschriebene kleine Schilfbestand (<em>Phragmites australis<\/em>). Bei den zahlreich vorhandenen Pilzen im Uferbereich handelte es sich um den sonst sehr seltenen Pf\u00fctzen-Milchling (<em>Lactarius lacunarum<\/em>), wie sp\u00e4ter von dem Pilzsachverst\u00e4ndigen Hartmut Schubert aus Neudorf zu erfahren war.<\/p>\n\n\n\n<figure class=\"wp-block-image size-large\"><a href=\"http:\/\/www.nordharzev.de\/wp-content\/uploads\/2025\/11\/Teufelsteich-2.8.2025-Hoch-Handy-15-scaled.jpg\"><img loading=\"lazy\" width=\"1024\" height=\"768\" src=\"http:\/\/www.nordharzev.de\/wp-content\/uploads\/2025\/11\/Teufelsteich-2.8.2025-Hoch-Handy-15-1024x768.jpg\" alt=\"\" class=\"wp-image-1827\" srcset=\"https:\/\/www.nordharzev.de\/wp-content\/uploads\/2025\/11\/Teufelsteich-2.8.2025-Hoch-Handy-15-1024x768.jpg 1024w, https:\/\/www.nordharzev.de\/wp-content\/uploads\/2025\/11\/Teufelsteich-2.8.2025-Hoch-Handy-15-300x225.jpg 300w, https:\/\/www.nordharzev.de\/wp-content\/uploads\/2025\/11\/Teufelsteich-2.8.2025-Hoch-Handy-15-768x576.jpg 768w, https:\/\/www.nordharzev.de\/wp-content\/uploads\/2025\/11\/Teufelsteich-2.8.2025-Hoch-Handy-15-1536x1152.jpg 1536w, https:\/\/www.nordharzev.de\/wp-content\/uploads\/2025\/11\/Teufelsteich-2.8.2025-Hoch-Handy-15-2048x1536.jpg 2048w\" sizes=\"(max-width: 1024px) 100vw, 1024px\" \/><\/a><figcaption><em>\u00dcberblick \u00fcber den Teufelsteich<\/em><\/figcaption><\/figure>\n\n\n\n<p>In den B\u00f6schungen des Zufahrtsweges zum Damm vom Teufelsteich konnten wir ein paar Pflanzen der Breitbl\u00e4ttrigen St\u00e4ndelwurz (<em>Epipactis helleborine<\/em>) best\u00e4tigen und auf der gepflegten Wiese am Dessauer Weg bl\u00fchte die St\u00e4ngellose Kratzdistel (<em>Cirsium acaule<\/em>). Der im Heft aufgef\u00fchrte Riesenmammutbaum (<em>Sequoiadendron giganteum<\/em>) auf der Wendeschleife eines Forstweges war inzwischen schon zu einem ansehnlichen J\u00fcngling herangewachsen.<\/p>\n\n\n\n<p>Die \u00c4cker an dem Weg zum Birnbaumteich waren mit Kultur-Hanf (<em>Cannabis sativa<\/em>) bestellt. Zahlreiche Pflanzen der Acker-G\u00e4nsedistel (<em>Sonchus arvensis<\/em>) zeigten die \u00f6kologische Bewirtschaftungsform der Felder an. Das 2020 vorhandene Acker-Leimkraut (<em>Silene noctiflora<\/em>) konnten wir leider nicht finden. Daf\u00fcr bl\u00fchte hier recht zahlreich der Acker-Gauchheil (<em>Anagallis arvensis<\/em>).<\/p>\n\n\n\n<figure class=\"wp-block-image size-large\"><a href=\"http:\/\/www.nordharzev.de\/wp-content\/uploads\/2025\/11\/Birnbaumteich-2.8.2025-Hoch-Handy-19-scaled.jpg\"><img loading=\"lazy\" width=\"1024\" height=\"768\" src=\"http:\/\/www.nordharzev.de\/wp-content\/uploads\/2025\/11\/Birnbaumteich-2.8.2025-Hoch-Handy-19-1024x768.jpg\" alt=\"\" class=\"wp-image-1823\" srcset=\"https:\/\/www.nordharzev.de\/wp-content\/uploads\/2025\/11\/Birnbaumteich-2.8.2025-Hoch-Handy-19-1024x768.jpg 1024w, https:\/\/www.nordharzev.de\/wp-content\/uploads\/2025\/11\/Birnbaumteich-2.8.2025-Hoch-Handy-19-300x225.jpg 300w, https:\/\/www.nordharzev.de\/wp-content\/uploads\/2025\/11\/Birnbaumteich-2.8.2025-Hoch-Handy-19-768x576.jpg 768w, https:\/\/www.nordharzev.de\/wp-content\/uploads\/2025\/11\/Birnbaumteich-2.8.2025-Hoch-Handy-19-1536x1152.jpg 1536w, https:\/\/www.nordharzev.de\/wp-content\/uploads\/2025\/11\/Birnbaumteich-2.8.2025-Hoch-Handy-19-2048x1536.jpg 2048w\" sizes=\"(max-width: 1024px) 100vw, 1024px\" \/><\/a><figcaption><em>Der Birnbaumteich<\/em><\/figcaption><\/figure>\n\n\n\n<p>Am Birnbaumteich angekommen, lie\u00dfen wir uns an der Uferb\u00f6schung zu einer verdienten Rast nieder. Am Kiosk vom Zeltplatz rundeten viele Exkursionsteilnehmer die Pause dann mit einer Kugel Eis ab, bevor es auf dem letzten Abschnitt weiterging. Am Altbergbaugebiet \u201eBirnbaum\u201c waren inzwischen alle Fichten verschwunden und gro\u00dfe Grasfl\u00e4chen dominierten hier das Landschaftsbild. Auch von den 2020 noch zahlreich vorhandenen Erdflechten war kaum noch was zu sehen. Kurz vor Neudorf konnten wir uns noch mit einigen Brombeerarten vertraut machen, darunter auch die Tr\u00e4ufelspitzen-Brombeere (<em>Rubus pedemontanus<\/em>), die nach neusten Erkenntnissen inzwischen <em>Rubus nigricans<\/em> hei\u00dft.<\/p>\n\n\n\n<div class=\"wp-container-3 wp-block-columns\">\n<div class=\"wp-container-1 wp-block-column\">\n<figure class=\"wp-block-image size-large\"><a href=\"http:\/\/www.nordharzev.de\/wp-content\/uploads\/2025\/11\/Dennert-Tanne-am-Bergbau-Wanderweg-2.8.2025-Hoch-Handy-12-scaled.jpg\"><img loading=\"lazy\" width=\"768\" height=\"1024\" src=\"http:\/\/www.nordharzev.de\/wp-content\/uploads\/2025\/11\/Dennert-Tanne-am-Bergbau-Wanderweg-2.8.2025-Hoch-Handy-12-768x1024.jpg\" alt=\"\" class=\"wp-image-1824\" srcset=\"https:\/\/www.nordharzev.de\/wp-content\/uploads\/2025\/11\/Dennert-Tanne-am-Bergbau-Wanderweg-2.8.2025-Hoch-Handy-12-768x1024.jpg 768w, https:\/\/www.nordharzev.de\/wp-content\/uploads\/2025\/11\/Dennert-Tanne-am-Bergbau-Wanderweg-2.8.2025-Hoch-Handy-12-225x300.jpg 225w, https:\/\/www.nordharzev.de\/wp-content\/uploads\/2025\/11\/Dennert-Tanne-am-Bergbau-Wanderweg-2.8.2025-Hoch-Handy-12-1152x1536.jpg 1152w, https:\/\/www.nordharzev.de\/wp-content\/uploads\/2025\/11\/Dennert-Tanne-am-Bergbau-Wanderweg-2.8.2025-Hoch-Handy-12-1536x2048.jpg 1536w, https:\/\/www.nordharzev.de\/wp-content\/uploads\/2025\/11\/Dennert-Tanne-am-Bergbau-Wanderweg-2.8.2025-Hoch-Handy-12-scaled.jpg 1920w\" sizes=\"(max-width: 768px) 100vw, 768px\" \/><\/a><figcaption><em>Dennert-Tanne am Bergbau-Wanderweg<\/em><\/figcaption><\/figure>\n<\/div>\n\n\n\n<div class=\"wp-container-2 wp-block-column\">\n<figure class=\"wp-block-image size-large\"><a href=\"http:\/\/www.nordharzev.de\/wp-content\/uploads\/2025\/11\/Der-Exkursionsfuehrer-Armin-Hoch-stellt-eine-Brombeerart-vor-2.8.2025-Hoch-Handy-14-scaled.jpg\"><img loading=\"lazy\" width=\"768\" height=\"1024\" src=\"http:\/\/www.nordharzev.de\/wp-content\/uploads\/2025\/11\/Der-Exkursionsfuehrer-Armin-Hoch-stellt-eine-Brombeerart-vor-2.8.2025-Hoch-Handy-14-768x1024.jpg\" alt=\"\" class=\"wp-image-1825\" srcset=\"https:\/\/www.nordharzev.de\/wp-content\/uploads\/2025\/11\/Der-Exkursionsfuehrer-Armin-Hoch-stellt-eine-Brombeerart-vor-2.8.2025-Hoch-Handy-14-768x1024.jpg 768w, https:\/\/www.nordharzev.de\/wp-content\/uploads\/2025\/11\/Der-Exkursionsfuehrer-Armin-Hoch-stellt-eine-Brombeerart-vor-2.8.2025-Hoch-Handy-14-225x300.jpg 225w, https:\/\/www.nordharzev.de\/wp-content\/uploads\/2025\/11\/Der-Exkursionsfuehrer-Armin-Hoch-stellt-eine-Brombeerart-vor-2.8.2025-Hoch-Handy-14-1152x1536.jpg 1152w, https:\/\/www.nordharzev.de\/wp-content\/uploads\/2025\/11\/Der-Exkursionsfuehrer-Armin-Hoch-stellt-eine-Brombeerart-vor-2.8.2025-Hoch-Handy-14-1536x2048.jpg 1536w, https:\/\/www.nordharzev.de\/wp-content\/uploads\/2025\/11\/Der-Exkursionsfuehrer-Armin-Hoch-stellt-eine-Brombeerart-vor-2.8.2025-Hoch-Handy-14-scaled.jpg 1920w\" sizes=\"(max-width: 768px) 100vw, 768px\" \/><\/a><figcaption><em>Der Exkursionsf\u00fchrer Armin Hoch stellt eine Brombeerart vor<\/em><\/figcaption><\/figure>\n<\/div>\n<\/div>\n\n\n\n<p>Gegen 16:00 Uhr erreichten wir den Ausgangspunkt. Als Fazit wurde von den Teilnehmern festgestellt, dass die heutige Tour sehr abwechslungsreich war, es f\u00fcr Botaniker so manch interessante Pflanzenart zu entdecken gab und sich die Wanderung zu jeder Jahreszeit lohnt.<\/p>\n\n\n\n<p>Leitung: Armin Hoch<br>Text: Armin Hoch<br>Fotos: Armin und Sylvia Hoch<\/p>\n","protected":false},"excerpt":{"rendered":"<p>An der Friedenseiche in Neudorf (Harz) trafen sich am 2. August 2025 \u00fcber 20 Mitglieder des Botanischen Vereins Sachsen-Anhalts e. V. und des Botanischen Arbeitskreises Nordharz e. V. sowie einige G\u00e4ste um auf den Spuren des Botanikers und Lehrers Wilhelm &hellip; <a href=\"https:\/\/www.nordharzev.de\/?page_id=1822\">Weiterlesen <span class=\"meta-nav\">&rarr;<\/span><\/a><\/p>\n","protected":false},"author":1,"featured_media":0,"parent":0,"menu_order":0,"comment_status":"closed","ping_status":"closed","template":"","meta":[],"_links":{"self":[{"href":"https:\/\/www.nordharzev.de\/index.php?rest_route=\/wp\/v2\/pages\/1822"}],"collection":[{"href":"https:\/\/www.nordharzev.de\/index.php?rest_route=\/wp\/v2\/pages"}],"about":[{"href":"https:\/\/www.nordharzev.de\/index.php?rest_route=\/wp\/v2\/types\/page"}],"author":[{"embeddable":true,"href":"https:\/\/www.nordharzev.de\/index.php?rest_route=\/wp\/v2\/users\/1"}],"replies":[{"embeddable":true,"href":"https:\/\/www.nordharzev.de\/index.php?rest_route=%2Fwp%2Fv2%2Fcomments&post=1822"}],"version-history":[{"count":1,"href":"https:\/\/www.nordharzev.de\/index.php?rest_route=\/wp\/v2\/pages\/1822\/revisions"}],"predecessor-version":[{"id":1830,"href":"https:\/\/www.nordharzev.de\/index.php?rest_route=\/wp\/v2\/pages\/1822\/revisions\/1830"}],"wp:attachment":[{"href":"https:\/\/www.nordharzev.de\/index.php?rest_route=%2Fwp%2Fv2%2Fmedia&parent=1822"}],"curies":[{"name":"wp","href":"https:\/\/api.w.org\/{rel}","templated":true}]}}