{"id":1855,"date":"2026-03-15T13:55:31","date_gmt":"2026-03-15T12:55:31","guid":{"rendered":"https:\/\/www.nordharzev.de\/?page_id=1855"},"modified":"2026-03-17T11:36:28","modified_gmt":"2026-03-17T10:36:28","slug":"auftaktexkursion-des-botanischen-arbeitskreises-am-21-2-2026-in-aschersleben","status":"publish","type":"page","link":"https:\/\/www.nordharzev.de\/?page_id=1855","title":{"rendered":"Auftaktexkursion des Botanischen Arbeitskreises am 21.2.2026 in Aschersleben"},"content":{"rendered":"\n<p>Erstmals in der Geschichte des Vereins wurde das botanische Jahr mit einer Exkursion, nicht mit der Jahrestagung er\u00f6ffnet. 19 Exkursionsteilnehmer hatten sich am Treffpunkt eingefunden und folgten den Wegen entlang der Stadtmauer von Aschersleben, der \u00e4ltesten Stadt in Sachsen-Anhalt. Am Burgplatz wurden, auf einer Rabatte angepflanzt, bl\u00fchende <em>Helleborus niger <\/em>(Schwarze Nieswurz) beobachtet und einige immergr\u00fcnen Gew\u00e4chse benannt: <em>Prunus laurocerasus <\/em>(Pontische Lorbeerkirsche), <em>Taxus baccata <\/em>(Gew\u00f6hnliche Eibe) und <em>Buxus sempervirens <\/em>(Buchsbaum). Diese und weitere Arten profitieren von den milderen klimatischen Bedingungen, haben aber auch wirksame Mechanismen f\u00fcr den K\u00e4lteschutz. Insbesondere das Protein Prolin spielt im \u00dcberwinterungsgeschehen als \u201eGefrierschutzmittel\u201c eine zentrale Rolle. Ab der Eine-Br\u00fccke f\u00fchrte der Weg an den sp\u00e4rlichen Resten des ehemaligen Auwaldes entlang, heute innerst\u00e4dtisch parkartig gestaltet. Die Eine nimmt ihren Ausgang auf Quellwiesen bei Harzgerode, formt dann das floristisch sehr interessante Einetal vom Unterharz bis hinter Aschersleben, wo sie in die Wipper einm\u00fcndet. <\/p>\n\n\n\n<div class=\"wp-container-3 wp-block-columns\">\n<div class=\"wp-container-1 wp-block-column\">\n<figure class=\"wp-block-image size-large\"><a href=\"http:\/\/www.nordharzev.de\/wp-content\/uploads\/2026\/03\/Schwarze-Nieswurz-BAK-Aschersleben-21.02.2026-Hoch-H-11-scaled.jpg\"><img loading=\"lazy\" width=\"1024\" height=\"768\" src=\"http:\/\/www.nordharzev.de\/wp-content\/uploads\/2026\/03\/Schwarze-Nieswurz-BAK-Aschersleben-21.02.2026-Hoch-H-11-1024x768.jpg\" alt=\"\" class=\"wp-image-1865\" srcset=\"https:\/\/www.nordharzev.de\/wp-content\/uploads\/2026\/03\/Schwarze-Nieswurz-BAK-Aschersleben-21.02.2026-Hoch-H-11-1024x768.jpg 1024w, https:\/\/www.nordharzev.de\/wp-content\/uploads\/2026\/03\/Schwarze-Nieswurz-BAK-Aschersleben-21.02.2026-Hoch-H-11-300x225.jpg 300w, https:\/\/www.nordharzev.de\/wp-content\/uploads\/2026\/03\/Schwarze-Nieswurz-BAK-Aschersleben-21.02.2026-Hoch-H-11-768x576.jpg 768w, https:\/\/www.nordharzev.de\/wp-content\/uploads\/2026\/03\/Schwarze-Nieswurz-BAK-Aschersleben-21.02.2026-Hoch-H-11-1536x1152.jpg 1536w, https:\/\/www.nordharzev.de\/wp-content\/uploads\/2026\/03\/Schwarze-Nieswurz-BAK-Aschersleben-21.02.2026-Hoch-H-11-2048x1536.jpg 2048w\" sizes=\"(max-width: 1024px) 100vw, 1024px\" \/><\/a><figcaption>die bl\u00fchende <em>Helleborus niger<\/em><\/figcaption><\/figure>\n<\/div>\n\n\n\n<div class=\"wp-container-2 wp-block-column\">\n<figure class=\"wp-block-image size-large\"><a href=\"http:\/\/www.nordharzev.de\/wp-content\/uploads\/2026\/03\/IMG_20260221_102428295_HDR-scaled.jpg\"><img loading=\"lazy\" width=\"1024\" height=\"768\" src=\"http:\/\/www.nordharzev.de\/wp-content\/uploads\/2026\/03\/IMG_20260221_102428295_HDR-1024x768.jpg\" alt=\"\" class=\"wp-image-1856\" srcset=\"https:\/\/www.nordharzev.de\/wp-content\/uploads\/2026\/03\/IMG_20260221_102428295_HDR-1024x768.jpg 1024w, https:\/\/www.nordharzev.de\/wp-content\/uploads\/2026\/03\/IMG_20260221_102428295_HDR-300x225.jpg 300w, https:\/\/www.nordharzev.de\/wp-content\/uploads\/2026\/03\/IMG_20260221_102428295_HDR-768x576.jpg 768w, https:\/\/www.nordharzev.de\/wp-content\/uploads\/2026\/03\/IMG_20260221_102428295_HDR-1536x1152.jpg 1536w, https:\/\/www.nordharzev.de\/wp-content\/uploads\/2026\/03\/IMG_20260221_102428295_HDR-2048x1536.jpg 2048w\" sizes=\"(max-width: 1024px) 100vw, 1024px\" \/><\/a><figcaption><em>Ulmus minor<\/em> entlang der Eine<\/figcaption><\/figure>\n<\/div>\n<\/div>\n\n\n\n<p>Bemerkenswert waren gleich am Beginn des Weges rechtsseits der Eine gro\u00dfgewachsene B\u00e4ume von <em>Ulmus minor<\/em> (Feld-Ulme). Viel mehr als die anderen Ulmen-Arten wurde die Feldulme durch das Ulmensterben (ausgel\u00f6st durch den Pilz <em>Ophiostoma ulmi\/novo-ulmi<\/em>) im vorigen Jahrhundert dezimiert. Die in Auw\u00e4ldern einst bestandspr\u00e4gende Feldulme wird seither fast nur noch strauchf\u00f6rmig beobachtet, da der eigentliche Baum abstirbt, aber der Stockausschlag bleibt. B\u00e4ume der hier beobachteten Gr\u00f6\u00dfe verdienten inzwischen besondere Beachtung. Auff\u00e4llig entlang des Weges auch der starke Jungwuchs von <em>Fraxinus excelsior<\/em> (Gew\u00f6hnliche Esche), was zum Hinweis auf die \u201eVereschung\u201c bestimmter Landschaftsteile Anlass gab, dort mitunter ein Problem der Landschaftspflege werdend (z.B. im Huy).<br>In dem lichten Parkbestand war <em>Hedera helix<\/em> (Gew\u00f6hnlicher Efeu) sehr zahlreich zu beobachten, das sowohl als Bodendecker als auch als Kletterer an den B\u00e4umen. Efeu ist der einzige \u201eWurzelkletterer\u201c in der heimischen deutschen Flora. Er bildet daf\u00fcr Haftwurzeln aus, die aber dem Tr\u00e4gerbaum keinerlei Stoffe entnehmen. Er ist damit kein Parasit. Durch die milderen Winter w\u00e4chst Efeu auch in den mittleren Lagen des Harzes inzwischen an B\u00e4umen empor; davor erfror er regelm\u00e4\u00dfig durch Kahlfrost und war hier nur bodendeckend bekannt. Letztlich wurde auch auf die Heterophyllie von Efeu verwiesen: Nicht bl\u00fchende Pflanzenteile haben drei- bis f\u00fcnflappige Bl\u00e4tter mit Tr\u00e4ufelspitzen, bl\u00fchende und fruchtende Pflanzenteile haben einfache ovale Bl\u00e4tter und bilden keine Haftwurzeln mehr.<br>Erste Fr\u00fchjahrs-Geophyten waren mit Schneegl\u00f6ckchen <em>Galanthus nivalis agg.<\/em> (Kleines Schneegl\u00f6ckchen) zu sehen. <\/p>\n\n\n\n<figure class=\"wp-block-image size-large\"><a href=\"https:\/\/www.nordharzev.de\/wp-content\/uploads\/2026\/03\/Seltene-Flechten-werden-gezeigt-BAK-Aschersleben-21.02.2026-Hoch-H-15-scaled.jpg\"><img loading=\"lazy\" width=\"1024\" height=\"768\" src=\"https:\/\/www.nordharzev.de\/wp-content\/uploads\/2026\/03\/Seltene-Flechten-werden-gezeigt-BAK-Aschersleben-21.02.2026-Hoch-H-15-1024x768.jpg\" alt=\"\" class=\"wp-image-1867\" srcset=\"https:\/\/www.nordharzev.de\/wp-content\/uploads\/2026\/03\/Seltene-Flechten-werden-gezeigt-BAK-Aschersleben-21.02.2026-Hoch-H-15-1024x768.jpg 1024w, https:\/\/www.nordharzev.de\/wp-content\/uploads\/2026\/03\/Seltene-Flechten-werden-gezeigt-BAK-Aschersleben-21.02.2026-Hoch-H-15-300x225.jpg 300w, https:\/\/www.nordharzev.de\/wp-content\/uploads\/2026\/03\/Seltene-Flechten-werden-gezeigt-BAK-Aschersleben-21.02.2026-Hoch-H-15-768x576.jpg 768w, https:\/\/www.nordharzev.de\/wp-content\/uploads\/2026\/03\/Seltene-Flechten-werden-gezeigt-BAK-Aschersleben-21.02.2026-Hoch-H-15-1536x1152.jpg 1536w, https:\/\/www.nordharzev.de\/wp-content\/uploads\/2026\/03\/Seltene-Flechten-werden-gezeigt-BAK-Aschersleben-21.02.2026-Hoch-H-15-2048x1536.jpg 2048w\" sizes=\"(max-width: 1024px) 100vw, 1024px\" \/><\/a><\/figure>\n\n\n\n<div class=\"wp-container-6 wp-block-columns\">\n<div class=\"wp-container-4 wp-block-column\">\n<figure class=\"wp-block-image size-large\"><a href=\"http:\/\/www.nordharzev.de\/wp-content\/uploads\/2026\/03\/IMG_20260221_104346721_HDR-scaled.jpg\"><img loading=\"lazy\" width=\"768\" height=\"1024\" src=\"http:\/\/www.nordharzev.de\/wp-content\/uploads\/2026\/03\/IMG_20260221_104346721_HDR-768x1024.jpg\" alt=\"\" class=\"wp-image-1858\" srcset=\"https:\/\/www.nordharzev.de\/wp-content\/uploads\/2026\/03\/IMG_20260221_104346721_HDR-768x1024.jpg 768w, https:\/\/www.nordharzev.de\/wp-content\/uploads\/2026\/03\/IMG_20260221_104346721_HDR-225x300.jpg 225w, https:\/\/www.nordharzev.de\/wp-content\/uploads\/2026\/03\/IMG_20260221_104346721_HDR-1152x1536.jpg 1152w, https:\/\/www.nordharzev.de\/wp-content\/uploads\/2026\/03\/IMG_20260221_104346721_HDR-1536x2048.jpg 1536w, https:\/\/www.nordharzev.de\/wp-content\/uploads\/2026\/03\/IMG_20260221_104346721_HDR-scaled.jpg 1920w\" sizes=\"(max-width: 768px) 100vw, 768px\" \/><\/a><figcaption><em>Hyperphyscia adglutinata<\/em> (Anliegende Schwielen-flechte) an auffallend veredeltem Laubbaum<\/figcaption><\/figure>\n<\/div>\n\n\n\n<div class=\"wp-container-5 wp-block-column\">\n<figure class=\"wp-block-image size-large\"><a href=\"http:\/\/www.nordharzev.de\/wp-content\/uploads\/2026\/03\/IMG_20260221_110030591-scaled.jpg\"><img loading=\"lazy\" width=\"768\" height=\"1024\" src=\"http:\/\/www.nordharzev.de\/wp-content\/uploads\/2026\/03\/IMG_20260221_110030591-768x1024.jpg\" alt=\"\" class=\"wp-image-1859\" srcset=\"https:\/\/www.nordharzev.de\/wp-content\/uploads\/2026\/03\/IMG_20260221_110030591-768x1024.jpg 768w, https:\/\/www.nordharzev.de\/wp-content\/uploads\/2026\/03\/IMG_20260221_110030591-225x300.jpg 225w, https:\/\/www.nordharzev.de\/wp-content\/uploads\/2026\/03\/IMG_20260221_110030591-1152x1536.jpg 1152w, https:\/\/www.nordharzev.de\/wp-content\/uploads\/2026\/03\/IMG_20260221_110030591-1536x2048.jpg 1536w, https:\/\/www.nordharzev.de\/wp-content\/uploads\/2026\/03\/IMG_20260221_110030591-scaled.jpg 1920w\" sizes=\"(max-width: 768px) 100vw, 768px\" \/><\/a><figcaption><em>Candelaria concolor<\/em> (Gew\u00f6hnliche Leuchterflechte) an einer Rotbuche<\/figcaption><\/figure>\n<\/div>\n<\/div>\n\n\n\n<p>An einem aufallend veredelten Laubbaum wurde auf eine neu im Gebiet zugewanderte Flechtenart verwiesen: <em>Hyperphyscia adglutinata<\/em> (Anliegende Schwielenflechte). Noch ist diese Art im Harzgebiet sehr selten. Auch <em>Candelaria concolor<\/em> (Gew\u00f6hnliche Leuchterflechte) an einer Rotbuche wurde gezeigt, ebenfalls im Gebiet selten. F\u00fcr beide Arten ist bemerkenswert, dass sie hier im sonst flechtenarmen innerst\u00e4dtischen Raum auftreten.<br>Entlang des Apothekergrabens und der Stra\u00dfe \u201e\u00dcber dem Wasser\u201c f\u00fchrte der Weg dann \u00fcber die Eine-Br\u00fccke und weiter entlang der alten Stadtmauer bzw. des Gymnasiums Stephaneum. Hier gab es wieder Botanisches zu sehen. Neben gr\u00f6\u00dferen Best\u00e4nden bl\u00fchender <em>Eranthis hyemalis<\/em> (Winterling) wurden wiederum Galanthus nivalis agg. und erste <em>Crocus<\/em>-Bl\u00fcten gesehen. An der Einfriedungsmauer des Gymnasiums wurde ein Exemplar von <em>Tetradium daniellii<\/em> (Stinkesche) vorgestellt. <\/p>\n\n\n\n<div class=\"wp-container-8 wp-block-columns\">\n<div class=\"wp-container-7 wp-block-column\">\n<figure class=\"wp-block-image size-large\"><a href=\"http:\/\/www.nordharzev.de\/wp-content\/uploads\/2026\/03\/Erst-Fruehblueher-BAK-Aschersleben-21.02.2026-Hoch-SH-43-scaled.jpg\"><img loading=\"lazy\" width=\"1024\" height=\"920\" src=\"http:\/\/www.nordharzev.de\/wp-content\/uploads\/2026\/03\/Erst-Fruehblueher-BAK-Aschersleben-21.02.2026-Hoch-SH-43-1024x920.jpg\" alt=\"\" class=\"wp-image-1864\" srcset=\"https:\/\/www.nordharzev.de\/wp-content\/uploads\/2026\/03\/Erst-Fruehblueher-BAK-Aschersleben-21.02.2026-Hoch-SH-43-1024x920.jpg 1024w, https:\/\/www.nordharzev.de\/wp-content\/uploads\/2026\/03\/Erst-Fruehblueher-BAK-Aschersleben-21.02.2026-Hoch-SH-43-300x270.jpg 300w, https:\/\/www.nordharzev.de\/wp-content\/uploads\/2026\/03\/Erst-Fruehblueher-BAK-Aschersleben-21.02.2026-Hoch-SH-43-768x690.jpg 768w, https:\/\/www.nordharzev.de\/wp-content\/uploads\/2026\/03\/Erst-Fruehblueher-BAK-Aschersleben-21.02.2026-Hoch-SH-43-1536x1381.jpg 1536w, https:\/\/www.nordharzev.de\/wp-content\/uploads\/2026\/03\/Erst-Fruehblueher-BAK-Aschersleben-21.02.2026-Hoch-SH-43-2048x1841.jpg 2048w\" sizes=\"(max-width: 1024px) 100vw, 1024px\" \/><\/a><\/figure>\n<\/div>\n<\/div>\n\n\n\n<p>Die zumeist aus Feldsteinen (Kalk) bestehenden Mauern zeigten starken Bewuchs mit <em>Asplenium ruta-muraria <\/em>(Mauerraute), die auf dem Weg bereits mehrfach gesehen wurde.<br>Wohl noch aus der Bepflanzung anl\u00e4sslich der Landesgartenschau 2010 erhalten geblieben, ist ein kleiner Bestand von <em>Galanthus elwesii<\/em> (Elwes Schneegl\u00f6ckchen, Heimat T\u00fcrkei bis Ukraine).<\/p>\n\n\n\n<div class=\"wp-container-11 wp-block-columns\">\n<div class=\"wp-container-9 wp-block-column\">\n<figure class=\"wp-block-image size-large\"><a href=\"http:\/\/www.nordharzev.de\/wp-content\/uploads\/2026\/03\/IMG_20260221_113449721-scaled.jpg\"><img loading=\"lazy\" width=\"2560\" height=\"1920\" src=\"https:\/\/www.nordharzev.de\/wp-content\/uploads\/2026\/03\/IMG_20260221_113449721-edited-scaled.jpg\" alt=\"\" class=\"wp-image-1870\" srcset=\"https:\/\/www.nordharzev.de\/wp-content\/uploads\/2026\/03\/IMG_20260221_113449721-edited-scaled.jpg 2560w, https:\/\/www.nordharzev.de\/wp-content\/uploads\/2026\/03\/IMG_20260221_113449721-edited-300x225.jpg 300w, https:\/\/www.nordharzev.de\/wp-content\/uploads\/2026\/03\/IMG_20260221_113449721-edited-1024x768.jpg 1024w, https:\/\/www.nordharzev.de\/wp-content\/uploads\/2026\/03\/IMG_20260221_113449721-edited-768x576.jpg 768w, https:\/\/www.nordharzev.de\/wp-content\/uploads\/2026\/03\/IMG_20260221_113449721-edited-1536x1152.jpg 1536w, https:\/\/www.nordharzev.de\/wp-content\/uploads\/2026\/03\/IMG_20260221_113449721-edited-2048x1536.jpg 2048w\" sizes=\"(max-width: 2560px) 100vw, 2560px\" \/><\/a><\/figure>\n<\/div>\n\n\n\n<div class=\"wp-container-10 wp-block-column\">\n<figure class=\"wp-block-image size-large\"><a href=\"http:\/\/www.nordharzev.de\/wp-content\/uploads\/2026\/03\/IMG_20260221_113635379-scaled.jpg\"><img loading=\"lazy\" width=\"1024\" height=\"768\" src=\"http:\/\/www.nordharzev.de\/wp-content\/uploads\/2026\/03\/IMG_20260221_113635379-1024x768.jpg\" alt=\"\" class=\"wp-image-1862\" srcset=\"https:\/\/www.nordharzev.de\/wp-content\/uploads\/2026\/03\/IMG_20260221_113635379-1024x768.jpg 1024w, https:\/\/www.nordharzev.de\/wp-content\/uploads\/2026\/03\/IMG_20260221_113635379-300x225.jpg 300w, https:\/\/www.nordharzev.de\/wp-content\/uploads\/2026\/03\/IMG_20260221_113635379-768x576.jpg 768w, https:\/\/www.nordharzev.de\/wp-content\/uploads\/2026\/03\/IMG_20260221_113635379-1536x1152.jpg 1536w, https:\/\/www.nordharzev.de\/wp-content\/uploads\/2026\/03\/IMG_20260221_113635379-2048x1536.jpg 2048w\" sizes=\"(max-width: 1024px) 100vw, 1024px\" \/><\/a><\/figure>\n<\/div>\n<\/div>\n\n\n\n<p>Als wirkliche Besonderheit wuchs an einer Mauer der <em>Cyrtomium falcatum <\/em>(Mondsichelfarn), der hier \u00fcberwintert hatte. Er ist bisher im gesamten Arbeitsgebiet noch nicht beobachtet worden, wohl aber aus den westlicheren subatlantischen Regionen Deutschlands bereits bekannt. Er wuchs in Gemeinschaft mit sehr kr\u00e4ftigen Exemplaren von <em>Asplenium ruta-muraria<\/em> und <em>Dryopteris filix-mas<\/em> (Gew\u00f6hnlicher Wurmfarn), gesch\u00fctzt durch einen Efeubewuchs.<br>Der Weg f\u00fchrte jetzt auf der Augustapromenade weiter, wo neben den bereits erw\u00e4hnten Geophyten auch <em>Galanthus woronowii<\/em> (Woronow-Schneegl\u00f6ckchen) bestimmt wurde. Die Heimat dieser hier gepflanzten Art ist im Kaukasus.<br>Am Denkmal des Stifters Johann Daniel Ramdohr (1775-1866) erfolgte ein kleiner Exkurs in die Geschichte. In Aschersleben wurde 1831 durch den Apotheker Hornung (1795-1862) der Naturwissenschaftliche Verein des Harzes gegr\u00fcndet. Er hatte wesentliche Anteile an der naturkundlichen Erforschung des Harzes, namentlich auch der floristischen. Er bestand bis 1865.<br>Nun wurde der Johannispromenade gefolgt. Eine weitere Flechte konnte mit <em>Candelaria pacifica<\/em> (Pazifische Leuchterflechte) vorgestellt werden, wachsend an einer Rotbuche. Auch diese Art muss als Neuzuwanderer in unserem Raum gelten.<\/p>\n\n\n\n<div class=\"wp-container-14 wp-block-columns\">\n<div class=\"wp-container-12 wp-block-column\">\n<figure class=\"wp-block-image size-large\"><a href=\"http:\/\/www.nordharzev.de\/wp-content\/uploads\/2026\/03\/Woronow-Schneegloeckchen-BAK-Aschersleben-21.02.2026-Hoch-H-27-scaled.jpg\"><img loading=\"lazy\" width=\"1024\" height=\"768\" src=\"http:\/\/www.nordharzev.de\/wp-content\/uploads\/2026\/03\/Woronow-Schneegloeckchen-BAK-Aschersleben-21.02.2026-Hoch-H-27-1024x768.jpg\" alt=\"\" class=\"wp-image-1866\" srcset=\"https:\/\/www.nordharzev.de\/wp-content\/uploads\/2026\/03\/Woronow-Schneegloeckchen-BAK-Aschersleben-21.02.2026-Hoch-H-27-1024x768.jpg 1024w, https:\/\/www.nordharzev.de\/wp-content\/uploads\/2026\/03\/Woronow-Schneegloeckchen-BAK-Aschersleben-21.02.2026-Hoch-H-27-300x225.jpg 300w, https:\/\/www.nordharzev.de\/wp-content\/uploads\/2026\/03\/Woronow-Schneegloeckchen-BAK-Aschersleben-21.02.2026-Hoch-H-27-768x576.jpg 768w, https:\/\/www.nordharzev.de\/wp-content\/uploads\/2026\/03\/Woronow-Schneegloeckchen-BAK-Aschersleben-21.02.2026-Hoch-H-27-1536x1152.jpg 1536w, https:\/\/www.nordharzev.de\/wp-content\/uploads\/2026\/03\/Woronow-Schneegloeckchen-BAK-Aschersleben-21.02.2026-Hoch-H-27-2048x1536.jpg 2048w\" sizes=\"(max-width: 1024px) 100vw, 1024px\" \/><\/a><figcaption><em>Galanthus woronowii<\/em> (Woronow-Schneegl\u00f6ckchen)<\/figcaption><\/figure>\n<\/div>\n\n\n\n<div class=\"wp-container-13 wp-block-column\">\n<figure class=\"wp-block-image size-large\"><a href=\"http:\/\/www.nordharzev.de\/wp-content\/uploads\/2026\/03\/IMG_20260221_120105218-scaled.jpg\"><img loading=\"lazy\" width=\"2560\" height=\"1920\" src=\"https:\/\/www.nordharzev.de\/wp-content\/uploads\/2026\/03\/IMG_20260221_120105218-edited-scaled.jpg\" alt=\"\" class=\"wp-image-1871\" srcset=\"https:\/\/www.nordharzev.de\/wp-content\/uploads\/2026\/03\/IMG_20260221_120105218-edited-scaled.jpg 2560w, https:\/\/www.nordharzev.de\/wp-content\/uploads\/2026\/03\/IMG_20260221_120105218-edited-300x225.jpg 300w, https:\/\/www.nordharzev.de\/wp-content\/uploads\/2026\/03\/IMG_20260221_120105218-edited-1024x768.jpg 1024w, https:\/\/www.nordharzev.de\/wp-content\/uploads\/2026\/03\/IMG_20260221_120105218-edited-768x576.jpg 768w, https:\/\/www.nordharzev.de\/wp-content\/uploads\/2026\/03\/IMG_20260221_120105218-edited-1536x1152.jpg 1536w, https:\/\/www.nordharzev.de\/wp-content\/uploads\/2026\/03\/IMG_20260221_120105218-edited-2048x1536.jpg 2048w\" sizes=\"(max-width: 2560px) 100vw, 2560px\" \/><\/a><figcaption><em>Candelaria pacifica<\/em> (Pazifische Leuchterflechte)<\/figcaption><\/figure>\n<\/div>\n<\/div>\n\n\n\n<p>Nach wenigen Metern war die \u201eGenusswerkstatt\u201c mit einer Kaffee-R\u00f6sterei erreicht, wo sich Gelegenheit ergab, mit Kaffee und Kuchen sowie Gespr\u00e4chen das Exkursionsgeschehen abzurunden.<br>Bis zum Ausgangspunkt der Exkursion war es nicht mehr weit. An exotischen Geh\u00f6lzen fielen hier noch der Schnurbaum (<em>Sophora<\/em>), der Amberbaum (<em>Liquidambar<\/em>) und die Gleditschie (<em>Gleditsia<\/em>) auf.<br>Alles in allem waren die Teilnehmer der Exkursion zufrieden, weil nach der Winterpause erste interessante botanische Beobachtungen gemacht werden konnten. Viele lernten auch eine ihnen bisher v\u00f6llig unbekannte Seite der Stadt Aschersleben kennen. Mancher nahm auch eine Wiederholung der Wanderung im Sommer auf seine To do-Liste, um die zahlreichen exotischen Geh\u00f6lze in einem besser bestimmbaren Zustand zu sehen.<\/p>\n\n\n\n<p>Leitung: Dr. Hans-Ulrich Kison, Armin Hoch<br>Text: Dr. Hans-Ulrich Kison<br>Fotos: Dorothee Wolf-Dolata, Sylvia &amp; Armin Hoch<\/p>\n","protected":false},"excerpt":{"rendered":"<p>Erstmals in der Geschichte des Vereins wurde das botanische Jahr mit einer Exkursion, nicht mit der Jahrestagung er\u00f6ffnet. 19 Exkursionsteilnehmer hatten sich am Treffpunkt eingefunden und folgten den Wegen entlang der Stadtmauer von Aschersleben, der \u00e4ltesten Stadt in Sachsen-Anhalt. Am &hellip; <a href=\"https:\/\/www.nordharzev.de\/?page_id=1855\">Weiterlesen <span class=\"meta-nav\">&rarr;<\/span><\/a><\/p>\n","protected":false},"author":1,"featured_media":0,"parent":0,"menu_order":0,"comment_status":"closed","ping_status":"closed","template":"","meta":[],"_links":{"self":[{"href":"https:\/\/www.nordharzev.de\/index.php?rest_route=\/wp\/v2\/pages\/1855"}],"collection":[{"href":"https:\/\/www.nordharzev.de\/index.php?rest_route=\/wp\/v2\/pages"}],"about":[{"href":"https:\/\/www.nordharzev.de\/index.php?rest_route=\/wp\/v2\/types\/page"}],"author":[{"embeddable":true,"href":"https:\/\/www.nordharzev.de\/index.php?rest_route=\/wp\/v2\/users\/1"}],"replies":[{"embeddable":true,"href":"https:\/\/www.nordharzev.de\/index.php?rest_route=%2Fwp%2Fv2%2Fcomments&post=1855"}],"version-history":[{"count":3,"href":"https:\/\/www.nordharzev.de\/index.php?rest_route=\/wp\/v2\/pages\/1855\/revisions"}],"predecessor-version":[{"id":1878,"href":"https:\/\/www.nordharzev.de\/index.php?rest_route=\/wp\/v2\/pages\/1855\/revisions\/1878"}],"wp:attachment":[{"href":"https:\/\/www.nordharzev.de\/index.php?rest_route=%2Fwp%2Fv2%2Fmedia&parent=1855"}],"curies":[{"name":"wp","href":"https:\/\/api.w.org\/{rel}","templated":true}]}}