{"id":20,"date":"2014-01-27T17:10:56","date_gmt":"2014-01-27T17:10:56","guid":{"rendered":"http:\/\/wp11703009.server-he.de\/?page_id=20"},"modified":"2018-05-24T18:30:01","modified_gmt":"2018-05-24T17:30:01","slug":"der-arbeitskreis","status":"publish","type":"page","link":"https:\/\/www.nordharzev.de\/?page_id=20","title":{"rendered":"Der Arbeitskreis"},"content":{"rendered":"<p>&#8230; pr\u00e4sentiert sich sehr vielf\u00e4ltig.<\/p>\n<p>In den folgenden Unterpunkten m\u00f6chten wir Ihnen gerne<\/p>\n<blockquote>\n<ul>\n<li>unseren Vorstand<\/li>\n<li>die Aufgaben und Ziele des Vereins<\/li>\n<li>sowie die Organisation<\/li>\n<\/ul>\n<\/blockquote>\n<p>n\u00e4herbringen.<\/p>\n<p style=\"text-align: justify;\">Dazu bieten wir Ihnen die M\u00f6glichkeit sich \u00fcber eine <strong>Mitgliedschaft<\/strong> n\u00e4her zu informie-ren.<\/p>\n","protected":false},"excerpt":{"rendered":"<p>&#8230; pr\u00e4sentiert sich sehr vielf\u00e4ltig. In den folgenden Unterpunkten m\u00f6chten wir Ihnen gerne unseren Vorstand die Aufgaben und Ziele des Vereins sowie die Organisation n\u00e4herbringen. Dazu bieten wir Ihnen die M\u00f6glichkeit sich \u00fcber eine Mitgliedschaft n\u00e4her zu informie-ren.<\/p>\n","protected":false},"author":1,"featured_media":0,"parent":0,"menu_order":0,"comment_status":"closed","ping_status":"closed","template":"","meta":[],"_links":{"self":[{"href":"https:\/\/www.nordharzev.de\/index.php?rest_route=\/wp\/v2\/pages\/20"}],"collection":[{"href":"https:\/\/www.nordharzev.de\/index.php?rest_route=\/wp\/v2\/pages"}],"about":[{"href":"https:\/\/www.nordharzev.de\/index.php?rest_route=\/wp\/v2\/types\/page"}],"author":[{"embeddable":true,"href":"https:\/\/www.nordharzev.de\/index.php?rest_route=\/wp\/v2\/users\/1"}],"replies":[{"embeddable":true,"href":"https:\/\/www.nordharzev.de\/index.php?rest_route=%2Fwp%2Fv2%2Fcomments&post=20"}],"version-history":[{"count":8,"href":"https:\/\/www.nordharzev.de\/index.php?rest_route=\/wp\/v2\/pages\/20\/revisions"}],"predecessor-version":[{"id":1148,"href":"https:\/\/www.nordharzev.de\/index.php?rest_route=\/wp\/v2\/pages\/20\/revisions\/1148"}],"wp:attachment":[{"href":"https:\/\/www.nordharzev.de\/index.php?rest_route=%2Fwp%2Fv2%2Fmedia&parent=20"}],"curies":[{"name":"wp","href":"https:\/\/api.w.org\/{rel}","templated":true}]}}