{"id":33,"date":"2014-01-27T17:30:33","date_gmt":"2014-01-27T17:30:33","guid":{"rendered":"http:\/\/wp11703009.server-he.de\/?page_id=33"},"modified":"2022-04-10T17:16:09","modified_gmt":"2022-04-10T16:16:09","slug":"aufgaben-und-ziele","status":"publish","type":"page","link":"https:\/\/www.nordharzev.de\/?page_id=33","title":{"rendered":"Aufgaben und Ziele des Vereins"},"content":{"rendered":"<p style=\"text-align: justify;\">Der Botanische Arbeitskreis Nordharz e.V. wurde im September 1960 in Halberstadt als \u201eFloristischer Arbeitskreis Nordharz und Vorland\u201c gegr\u00fcndet. Seit 1992 ist er als gemeinn\u00fctziger Verein eingetragen und t\u00e4tig. \u00dcber das Wirken in den Jahren zwischen 1960 und 2010 liegt eine Chronik vor (siehe <a title=\"Publikationen\" href=\"https:\/\/www.nordharzev.de\/?page_id=53\">Publikationen<\/a>).<\/p>\n<ul>\n<li style=\"text-align: justify;\"><strong>Seine Hauptaufgabe sieht der Verein in der Erforschung der Pflanzenwelt im Halberst\u00e4dter Florengebiet und Harz.<\/strong><\/li>\n<\/ul>\n<p style=\"text-align: justify;\">Er f\u00fchrt die Ergebnisse der ehrenamtlichen floristischen Kartierung seiner Mitglieder zusammen. Sichtbare Ergebnisse dieser Arbeit sind im Atlas der Flora von S\u00fcdniedersachsen (Haeupler 1976), der Neuen Flora von Halberstadt (Herdam et al. 1993 und 1995) und den dazu erstellten Nachtr\u00e4gen und dem Verbreitungsatlas der Farn- und BL\u00fctenpflanzen Ostdeutschlands (Benkert et al. 1996) niedergelegt. Im Rahmen der Mitarbeit im Botanischen Verein Sachsen-Anhalt e. V. (Halle) ist der Arbeitskreis in die Erarbeitung einer Flora Sachsen-Anhalts eingebunden.<\/p>\n<table>\n<tbody>\n<tr>\n<td><img loading=\"lazy\" class=\"alignnone size-thumbnail wp-image-224\" src=\"https:\/\/www.nordharzev.de\/wp-content\/uploads\/2014\/01\/Adonis-vernalis-Fr\u00fchlings-Adonisr\u00f6schenBornstedt2006Hoch-8-150x150.jpg\" alt=\"Adonis vernalis, Fr\u00fchlings-Adonisr\u00f6schen,Bornstedt,2006,Hoch (8)\" width=\"150\" height=\"150\" \/><\/td>\n<td><img loading=\"lazy\" class=\"alignnone size-thumbnail wp-image-233\" src=\"https:\/\/www.nordharzev.de\/wp-content\/uploads\/2014\/01\/Linum-loenii-Ziegenberg-2011-Hoch-2-150x150.jpg\" alt=\"SONY DSC\" width=\"150\" height=\"150\" \/><\/td>\n<td><img loading=\"lazy\" class=\"alignnone size-thumbnail wp-image-234\" src=\"https:\/\/www.nordharzev.de\/wp-content\/uploads\/2014\/01\/Pulsatilla-pratensis-Quenstedt-2011-Hoch-8-150x150.jpg\" alt=\"SONY DSC\" width=\"150\" height=\"150\" \/><\/td>\n<\/tr>\n<\/tbody>\n<\/table>\n<ul>\n<li style=\"text-align: justify;\"><strong>Eine zentrale Aufgabe des Botanischen Arbeitskreises Nordharz sieht der Verein darin, die aktuelle Situation der Flora von Harz und Vorland sowie deren Ver\u00e4nderungen zu beobachten und zu dokumentieren.<\/strong><\/li>\n<\/ul>\n<p style=\"text-align: justify;\">Traditionelles Kernst\u00fcck dieser Arbeit bilden die h\u00f6heren Pflanzen (Gef\u00e4\u00dfkryptogamen und Bl\u00fctenpflanzen). Daneben werden von Interessengruppen der Mitglieder auch die Gebiete Bryologie, Mykologie und Lichenologie bearbeitet. Die Ergebnisse der Vereinsarbeit werden als Grundlage beh\u00f6rdlicher Entscheidungen bereitgestellt und j\u00e4hrlich in einer \u00f6ffentlichen <a href=\"http:\/\/www.nordharzev.de\/?page_id=65\">Jahrestagung<\/a> bekannt gemacht.<\/p>\n<table>\n<tbody>\n<tr>\n<td><img loading=\"lazy\" class=\"alignnone size-thumbnail wp-image-225\" src=\"https:\/\/www.nordharzev.de\/wp-content\/uploads\/2014\/01\/Bot-Ak-HT-2011-Dr\u00fcbeck-Hoch-2-150x150.jpg\" alt=\"SONY DSC\" width=\"150\" height=\"150\" \/><\/td>\n<td><img loading=\"lazy\" class=\"alignnone size-thumbnail wp-image-232\" src=\"https:\/\/www.nordharzev.de\/wp-content\/uploads\/2014\/01\/HT-2012-Dr\u00fcbeck-Hoch-3-150x150.jpg\" alt=\"SONY DSC\" width=\"150\" height=\"150\" \/><\/td>\n<td><img loading=\"lazy\" class=\"alignnone size-thumbnail wp-image-230\" src=\"https:\/\/www.nordharzev.de\/wp-content\/uploads\/2014\/01\/FT-2012-Hoch-150x150.jpg\" alt=\"SONY DSC\" width=\"150\" height=\"150\" \/><\/td>\n<\/tr>\n<\/tbody>\n<\/table>\n<ul>\n<li style=\"text-align: justify;\"><strong>Ein weiterer wichtiger Aspekt der Vereinsarbeit stellt die Geschichte der floristischen Erforschung des Harzes und seines Umlandes dar.<\/strong><\/li>\n<\/ul>\n<p style=\"text-align: justify;\">Im Rahmen dieser Arbeit wurden umfangreiche Abhandlungen \u00fcber ehemals regional t\u00e4tige Botaniker verfasst (z. B. F. Appel 1899-1965, E.G. Hornung 1795-1962, W. Schatz 1802-1867, G.E.L. Hampe 1795-1880), P. Schuster 1876-1965, F.W. Sporleder 1787-1875 u.a.) sowie wichtige ihrer Werke im Reprint herausgebracht (vgl. <a title=\"Publikationen\" href=\"https:\/\/www.nordharzev.de\/?page_id=53\">Publikationen<\/a>), die damit als historische Bezugspunkte wieder f\u00fcr die Arbeit zug\u00e4nglich wurden.<\/p>\n<ul>\n<li style=\"text-align: justify;\"><strong>Die direkte Beteiligung der Mitglieder Naturschutzprojekten entspricht ebenfalls eine wichtige Komponente der Arbeit des Botanischen Arbeitskreises und kn\u00fcpft damit eine Verbindung zum praktischen Naturschutz.<\/strong><\/li>\n<\/ul>\n<p style=\"text-align: justify;\">Durch direkte Beteiligung der Mitglieder an praktischen Schutzma\u00dfnahmen (Initiierung von Schutzbem\u00fchungen, fachliche Begleitung von Schutzgebietsausweisungen z.B.im Rahmen des Europ\u00e4ischen Netzwerkes NATURA 2000 , Erstellung von Pflegekonzeptionen usw.) wird die Verbindung zum praktischen Naturschutz gekn\u00fcpft. Als korporatives Mitglied des Landesheimatbundes Sachsen-Anhalt e.V. unterst\u00fctzt der Arbeitskreis die Arbeit dieses anerkannten Naturschutzverbandes f\u00fcr sein Arbeitsgebiet. Die Arbeit anderer Vereine wird beratend, kooperativ oder im Rahmen von Vortragst\u00e4tigkeit unterst\u00fctzt (z.B. Landschaftspflegeverband Harz e. V., Naturwissenschaftlicher Verein Goslar e. V., F\u00f6rderkreis Museum Heineanum in Halberstadt, Arbeitskreise Heimischer Orchideen).<\/p>\n<ul>\n<li style=\"text-align: justify;\"><strong>Die praktische Gel\u00e4ndearbeit erfolgt individuell oder in gemeinsamen Exkursionen, die sowohl der Kartierung als auch der Fortbildung und \u00d6ffentlichkeitsarbeit dienen. Die <a title=\"Exkursionsprogramm 2014\" href=\"https:\/\/www.nordharzev.de\/?page_id=49\">Exkursionen<\/a> stehen allen Interessierten offen.<\/strong><\/li>\n<\/ul>\n<table>\n<tbody>\n<tr>\n<td><img loading=\"lazy\" class=\"alignnone size-thumbnail wp-image-226\" src=\"https:\/\/www.nordharzev.de\/wp-content\/uploads\/2014\/01\/Bot-AK-Ziegenberg-14.05.2011-Hoch-53-150x150.jpg\" alt=\"SONY DSC\" width=\"150\" height=\"150\" \/><\/td>\n<td><img loading=\"lazy\" class=\"alignnone size-thumbnail wp-image-227\" src=\"https:\/\/www.nordharzev.de\/wp-content\/uploads\/2014\/01\/Bot.-Ak-Hasselfelde-22.09.2013-Hoch-117-150x150.jpg\" alt=\"Bot. Ak Hasselfelde, 22.09.2013, Hoch (117)\" width=\"150\" height=\"150\" \/><\/td>\n<td><img loading=\"lazy\" class=\"alignnone size-thumbnail wp-image-228\" src=\"https:\/\/www.nordharzev.de\/wp-content\/uploads\/2014\/01\/Bot.-AK-Gr\u00f6ningen-2012-13-150x150.jpg\" alt=\"MEDION Digital Camera\" width=\"150\" height=\"150\" \/><\/td>\n<\/tr>\n<\/tbody>\n<\/table>\n<ul>\n<li style=\"text-align: justify;\"><strong>Der Botanische Arbeitskreis stellt den wissenschaftlichen Anspruch in den Mittelpunkt seiner Bem\u00fchungen.<\/strong><\/li>\n<\/ul>\n<p style=\"text-align: justify;\">Der Verein versteht sich jedoch nicht als ausschlie\u00dflich fachwissenschaftliches Gremium, sondern versucht stets, die wissenschaftliche Seite der Botanik mit Breitenwirksamkeit und praktischem Naturschutz zu verbinden.<\/p>\n<table>\n<tbody>\n<tr>\n<td><img loading=\"lazy\" class=\"alignnone size-thumbnail wp-image-235\" src=\"https:\/\/www.nordharzev.de\/wp-content\/uploads\/2014\/01\/Bot.-Ak.-Ferchland-6.-8.09.2013-Kison-11-150x150.jpg\" alt=\"Bot. Ak. Ferchland, 6.-8.09.2013, Kison (11)\" width=\"150\" height=\"150\" \/><\/td>\n<td><img loading=\"lazy\" class=\"alignnone size-thumbnail wp-image-229\" src=\"https:\/\/www.nordharzev.de\/wp-content\/uploads\/2014\/01\/Bot.-Ak.-Hettstedt-10.08.2012-Hoch-47-150x150.jpg\" alt=\"SONY DSC\" width=\"150\" height=\"150\" \/><\/td>\n<td><img loading=\"lazy\" class=\"alignnone size-thumbnail wp-image-231\" src=\"https:\/\/www.nordharzev.de\/wp-content\/uploads\/2014\/01\/Hecklingen-2013-Hoch-12-150x150.jpg\" alt=\"Hecklingen, 2013, Hoch (12)\" width=\"150\" height=\"150\" \/><\/td>\n<\/tr>\n<\/tbody>\n<\/table>\n","protected":false},"excerpt":{"rendered":"<p>Der Botanische Arbeitskreis Nordharz e.V. wurde im September 1960 in Halberstadt als \u201eFloristischer Arbeitskreis Nordharz und Vorland\u201c gegr\u00fcndet. Seit 1992 ist er als gemeinn\u00fctziger Verein eingetragen und t\u00e4tig. \u00dcber das Wirken in den Jahren zwischen 1960 und 2010 liegt eine &hellip; <a href=\"https:\/\/www.nordharzev.de\/?page_id=33\">Weiterlesen <span class=\"meta-nav\">&rarr;<\/span><\/a><\/p>\n","protected":false},"author":1,"featured_media":0,"parent":20,"menu_order":0,"comment_status":"closed","ping_status":"closed","template":"","meta":[],"_links":{"self":[{"href":"https:\/\/www.nordharzev.de\/index.php?rest_route=\/wp\/v2\/pages\/33"}],"collection":[{"href":"https:\/\/www.nordharzev.de\/index.php?rest_route=\/wp\/v2\/pages"}],"about":[{"href":"https:\/\/www.nordharzev.de\/index.php?rest_route=\/wp\/v2\/types\/page"}],"author":[{"embeddable":true,"href":"https:\/\/www.nordharzev.de\/index.php?rest_route=\/wp\/v2\/users\/1"}],"replies":[{"embeddable":true,"href":"https:\/\/www.nordharzev.de\/index.php?rest_route=%2Fwp%2Fv2%2Fcomments&post=33"}],"version-history":[{"count":26,"href":"https:\/\/www.nordharzev.de\/index.php?rest_route=\/wp\/v2\/pages\/33\/revisions"}],"predecessor-version":[{"id":1150,"href":"https:\/\/www.nordharzev.de\/index.php?rest_route=\/wp\/v2\/pages\/33\/revisions\/1150"}],"up":[{"embeddable":true,"href":"https:\/\/www.nordharzev.de\/index.php?rest_route=\/wp\/v2\/pages\/20"}],"wp:attachment":[{"href":"https:\/\/www.nordharzev.de\/index.php?rest_route=%2Fwp%2Fv2%2Fmedia&parent=33"}],"curies":[{"name":"wp","href":"https:\/\/api.w.org\/{rel}","templated":true}]}}