{"id":393,"date":"2015-09-07T18:28:43","date_gmt":"2015-09-07T17:28:43","guid":{"rendered":"http:\/\/www.nordharzev.de\/?page_id=393"},"modified":"2026-03-15T14:01:13","modified_gmt":"2026-03-15T13:01:13","slug":"aktuelles","status":"publish","type":"page","link":"https:\/\/www.nordharzev.de\/?page_id=393","title":{"rendered":"Aktuelles"},"content":{"rendered":"<p>Unter dem Punkt Aktuelles k\u00f6nnen Sie folgende Informationen erhalten:<\/p>\n<h2>R\u00fcckblicke aus dem Jahr 2026 mit Bildern:<\/h2>\n<ul>\n<li><strong>R\u00fcckblick zur <\/strong><a href=\"https:\/\/www.nordharzev.de\/?page_id=1855\" target=\"_blank\" rel=\"noopener\">Auftaktexkursion in das Stadtgebiet Aschersleben vom 21.02.2026<\/a><\/li>\n<li><strong>R\u00fcckblick zum <\/strong>Arbeitseinsatz in den Harslebener Bergen vom 07.03.2026<\/li>\n<\/ul>\n<h2>R\u00fcckblicke aus dem Jahr 2025 mit Bildern:<\/h2>\n<ul>\n<li><strong>R\u00fcckblick zur <\/strong><a href=\"https:\/\/www.nordharzev.de\/?page_id=1732\" target=\"_blank\" rel=\"noopener\">Auftaktexkursion 2025 &#8211; Wanderung im Eckertal zw. Stapelburg und Ilsenburger Stieg vom 12.04.2025<\/a><\/li>\n<li><strong>R\u00fcckblick zur <\/strong>Kartierexkursion NSG \u201eHeidberge\u201c n\u00f6rdlich Quedlinburg vom 24.05.2025<\/li>\n<li><strong>R\u00fcckblick zur <\/strong><a href=\"https:\/\/www.nordharzev.de\/?page_id=1805\" target=\"_blank\" rel=\"noopener\">Kartierexkursion der Seweckenberge \u00f6stlich Quedlinburg vom 14.06.2025<\/a><\/li>\n<li><strong>R\u00fcckblick auf die<\/strong> <a href=\"https:\/\/www.nordharzev.de\/?page_id=1752\" target=\"_blank\" rel=\"noopener\">Gemeinsame Exkursion mit dem NWV \u2013 \u00fcber die aktuelle Waldentwicklung im Hohnegebiet und die Pflanzenwelt vom 12.07.2025<\/a><\/li>\n<li><strong>R\u00fcckblick auf die <\/strong><a href=\"https:\/\/www.nordharzev.de\/?page_id=1822\" target=\"_blank\" rel=\"noopener\">Gemeinsame Exkursion mit dem Botan. Verein des Landes Sachsen-Anhalt \u2013 Auf Bergbaupfaden um Neudorf vom 02.08.2025<\/a><\/li>\n<li><strong>R\u00fcckblick zur <\/strong><a href=\"https:\/\/www.nordharzev.de\/?page_id=1774\" target=\"_blank\" rel=\"noopener\">Kryptogamen-Exkursion im Bereich der Blankenburger Teufelsmauer vom 13.09.2025<\/a><\/li>\n<\/ul>\n<h2>R\u00fcckblicke aus dem Jahr 2024 mit Bildern:<\/h2>\n<ul>\n<li><strong>R\u00fcckblick zur\u00a0<\/strong><a href=\"https:\/\/www.nordharzev.de\/?page_id=1603\" target=\"_blank\" rel=\"noopener\">Auftaktexkursion 2024 im Schlosspark Ballenstedt vom 27.04.2024<\/a><\/li>\n<li><strong>R\u00fcckblick zur <\/strong><a href=\"https:\/\/www.nordharzev.de\/?page_id=1501\" target=\"_blank\" rel=\"noopener\">Exkursion im \u00f6stlichen Huy (Paulskopf) vom 18.05.2024<\/a> [gemeinsamen Exkursion mit dem Botanischen Verein Sachsen-Anhalt e. V.]<\/li>\n<li><strong>R\u00fcckblick zur <\/strong>Kartierungsexkursion Steinkuhlen s\u00fcdlich Hakel (und Schadeleben am Concordiasee) vom 01.06.2024 [gemeinsamen Kartierexkursion mit dem Botanischen Verein Sachsen-Anhalt e. V.]<\/li>\n<li><strong>R\u00fcckblick zum <\/strong><a href=\"https:\/\/www.nordharzev.de\/?page_id=1632\" target=\"_blank\" rel=\"noopener\">Tag der Vereine in Wernigerode<\/a> vom 02.06.2024<\/li>\n<li><strong>R\u00fcckblick zur<\/strong> <a href=\"https:\/\/www.nordharzev.de\/?page_id=1533\" target=\"_blank\" rel=\"noopener\">23. gemeinsame Exkursion mit dem Naturwissenschaftlichen Verein Goslar Erkundung der Bergwiesengesellschaften bei Hohegei\u00df<\/a> vom 15.06.2024<\/li>\n<li><strong>R\u00fcckblick zur <\/strong><a href=\"https:\/\/www.nordharzev.de\/?page_id=1622\" target=\"_blank\" rel=\"noopener\">Kartier-Exkursion Pansfelde vom 06.07.2024<\/a><\/li>\n<li><strong>R\u00fcckblick zur <\/strong><a href=\"https:\/\/www.nordharzev.de\/?page_id=1700\" target=\"_blank\" rel=\"noopener\">gef\u00fchrten Wald-Exkursion im Selketal<\/a> vom 07.09.2024<\/li>\n<li><strong>R\u00fcckblick zur <\/strong><a href=\"https:\/\/www.nordharzev.de\/?page_id=1576\" target=\"_blank\" rel=\"noopener\">Kryptogamen-Exkursion ins Bodetal zw. Treseburg und Falkenklippe<\/a> vom 5.10.2024<\/li>\n<li><strong>R\u00fcckblick zur <\/strong><a href=\"https:\/\/www.nordharzev.de\/?page_id=1646\" target=\"_blank\" rel=\"noopener\">\u201eMumien-Botanik\u201c am Frankenteich nord\u00f6stlich vom Gro\u00dfen Auerberg<\/a> vom 2. November 2024<\/li>\n<\/ul>\n<h2>Ver\u00f6ffentlichungen:<\/h2>\n<ul>\n<li><span class=\"fontstyle0\">Im vorliegenden Beitrag werden von den Farnen bemerkenswerte bzw. noch nicht<br \/>bekannte Vorkommen beschrieben aus den Jahren 2022 und 2023. Die Zusammenfassung zu den Ergebnissen kann als pdf-Datei heruntergeladen werden (<a href=\"http:\/\/www.nordharzev.de\/wp-content\/uploads\/2024\/02\/Aktuelle-Nachweise-von-Farnpflanzen-im-Westharz.pdf\" target=\"_blank\" rel=\"noopener\">Aktuelle Nachweise von Farnpflanzen im Westharz<\/a>).<\/span><\/li>\n<li>in den Jahren 2008 bis 2018 (privat fortgef\u00fchrt bis 2021) fanden durch Farnexperten Exkursionen in den Harz zum Studium der bestimmungskritischen Pflanzengruppe der Schuppen-Wurmfarne (<em>Dryopteris affinis-Komplex<\/em>) statt. Ein Kurzbericht zu den Ergebnissen kann als pdf-Datei heruntergeladen werden (<a href=\"https:\/\/www.nordharzev.de\/wp-content\/uploads\/2015\/09\/Der-Dryopteris-affinis-Komplex-im-Harz.pdf\" rel=\"\">Der Dryopteris affinis-Komplex im Harz<\/a>).<\/li>\n<\/ul>\n<h2>R\u00fcckblicke aus dem Jahr 2023 mit Bildern:<\/h2>\n<ul>\n<li><strong>R\u00fcckblick zur <\/strong><a href=\"https:\/\/www.nordharzev.de\/?page_id=1242\" target=\"_blank\" rel=\"noopener\">Kryptogamen-Exkursion zu den Gegensteinen und in den Zehling bei Ballenstedt<\/a>vom 22.04.2023<\/li>\n<li><strong>R\u00fcckblick zur <\/strong><a href=\"https:\/\/www.nordharzev.de\/?page_id=1297\" target=\"_blank\" rel=\"noopener\">Kartierexkursion Weinberg B\u00f6rnecke<\/a>vom 20.05.2023<\/li>\n<li><strong>R\u00fcckblick zur <\/strong><a href=\"https:\/\/www.nordharzev.de\/?page_id=1359\">Kartierexkursion Humberg und Umgebung<\/a> vom 10.06.2023<\/li>\n<li>R\u00fcckblick zur Kartierexkursion FND &#8222;Litgrund-Taurot&#8220; bei K\u00f6nigerode vom 24.06.2023<\/li>\n<li><strong>R\u00fcckblick zur <\/strong><a href=\"https:\/\/www.nordharzev.de\/?page_id=1392\">Kartierexkursion der Umgebung Schielo<\/a> vom 08.07.2023<\/li>\n<li>R\u00fcckblick zur gemeinsamen Exkursion mit dem NWV Goslar in die Umgebung der neuen Talsperre westl. Wippra vom 19.08.2023<\/li>\n<li><strong>R\u00fcckblick zum <\/strong><a href=\"https:\/\/www.nordharzev.de\/?page_id=1436\" target=\"_blank\" rel=\"noopener\">Arbeitseinsatz in den Harslebener Bergen<\/a> vom 28.10.2023<\/li>\n<li><strong>R\u00fcckblick zur <\/strong><a href=\"https:\/\/www.nordharzev.de\/?page_id=1457\" target=\"_blank\" rel=\"noopener\">Exkursion der Mumienbotanik<\/a> vom 04.11.2023<\/li>\n<\/ul>\n<h2>R\u00fcckblicke aus dem Jahr 2022 mit Bildern:<\/h2>\n<ul>\n<li><b>R\u00fcckschau zum <\/b><a href=\"http:\/\/www.nordharzev.de\/?page_id=917\" target=\"_blank\" rel=\"noopener\">Tag der Vereine<\/a> vom 15.05.2022<\/li>\n<li><strong>R\u00fcckblick zur <\/strong><a href=\"http:\/\/www.nordharzev.de\/?page_id=981\" target=\"_blank\" rel=\"noopener\">Exkursion in die Halberst\u00e4dter Klusberge<\/a>vom 30.04.2022<\/li>\n<li><strong>R\u00fcckblick zur <\/strong><a href=\"http:\/\/www.nordharzev.de\/?page_id=1047\" target=\"_blank\" rel=\"noopener\">Kartierexkursion in die Harslebener Berg<\/a><strong><a href=\"http:\/\/www.nordharzev.de\/?page_id=1047\" target=\"_blank\" rel=\"noopener\">e<\/a><\/strong> vom 14.05.2022<\/li>\n<li><strong>R\u00fcckblick zur <\/strong><a href=\"http:\/\/www.nordharzev.de\/?page_id=1018\" target=\"_blank\" rel=\"noopener\">Kartierexkursion in das Hasselquellgebiet<\/a> vom 04.06.2022<\/li>\n<li><strong>R\u00fcckblick zur <\/strong><a href=\"http:\/\/www.nordharzev.de\/?page_id=1101\" target=\"_blank\" rel=\"noopener\">Kartierexkursion im Einetal<\/a> vom 09.07.2022, <span style=\"color: #800000;\">aktualisiert am 21.01.2024<\/span><\/li>\n<li><strong>R\u00fcckblick zur <\/strong><a href=\"http:\/\/www.nordharzev.de\/?page_id=1072\" target=\"_blank\" rel=\"noopener\">gemeinsamen Exkursion des BotAK mit dem NWV Goslar ins Innerstetal bei Langelsheim<\/a> vom 30.07.2022<\/li>\n<li><strong>R\u00fcckblick zur<\/strong> <a href=\"https:\/\/www.nordharzev.de\/?page_id=1184\" target=\"_blank\" rel=\"noopener\">Kryptogamen-Exkursion des BotAK in den Klostergrund beim Kloster Michaelstein<\/a> vom 01.10.2022<\/li>\n<li><strong>R\u00fcckblick zum <\/strong><a href=\"https:\/\/www.nordharzev.de\/?page_id=1197\">Arbeitseinsatz in den Harslebener Bergen<\/a> vom 15.10.2022<\/li>\n<\/ul>\n<h2>Ergebnisse aktueller Kartierungen (bis 2021):<\/h2>\n<ul>\n<li>im Jahr 2021 fanden durch die Vereinsmitglieder des Botanischen Arbeitskreis drei Kartierungen statt. Nachfolgend stehen Ihnen die Ergebnis-Pflanzenartenlisten zum Download bereit:\n<ol>\n<li>Bodeaue (<a href=\"https:\/\/www.nordharzev.de\/wp-content\/uploads\/2015\/09\/Kartierung_Bodeaue_Adersleben_Bot-AK_2021-09-18.pdf\" target=\"_blank\" rel=\"noopener\">Kartierung_Bodeaue_Adersleben_Bot-AK_2021-09-18<\/a>),<\/li>\n<li>Leth (<a href=\"https:\/\/www.nordharzev.de\/wp-content\/uploads\/2015\/09\/Kartierung_Leth_SO_Gr\u00f6ningen_Bot-AK_2021-09-18.pdf\" target=\"_blank\" rel=\"noopener\">Kartierung_Leth_SO_Gr\u00f6ningen_Bot-AK_2021-09-18<\/a>) und<\/li>\n<li>Einebr\u00fccke (<a href=\"https:\/\/www.nordharzev.de\/wp-content\/uploads\/2015\/09\/Kartierung_Einebr\u00fccke_Bot-AK_2021-09-26.pdf\" target=\"_blank\" rel=\"noopener\">Kartierung_Einebr\u00fccke_Bot-AK_2021-09-26<\/a>)<\/li>\n<\/ol>\n<\/li>\n<li><a href=\"https:\/\/www.nordharzev.de\/?page_id=522\">Aufruf zur Rote Liste-Kartierung<\/a><\/li>\n<\/ul>\n\n","protected":false},"excerpt":{"rendered":"<p>Unter dem Punkt Aktuelles k\u00f6nnen Sie folgende Informationen erhalten: R\u00fcckblicke aus dem Jahr 2026 mit Bildern: R\u00fcckblick zur Auftaktexkursion in das Stadtgebiet Aschersleben vom 21.02.2026 R\u00fcckblick zum Arbeitseinsatz in den Harslebener Bergen vom 07.03.2026 R\u00fcckblicke aus dem Jahr 2025 mit &hellip; <a href=\"https:\/\/www.nordharzev.de\/?page_id=393\">Weiterlesen <span class=\"meta-nav\">&rarr;<\/span><\/a><\/p>\n","protected":false},"author":1,"featured_media":0,"parent":0,"menu_order":0,"comment_status":"closed","ping_status":"closed","template":"","meta":[],"_links":{"self":[{"href":"https:\/\/www.nordharzev.de\/index.php?rest_route=\/wp\/v2\/pages\/393"}],"collection":[{"href":"https:\/\/www.nordharzev.de\/index.php?rest_route=\/wp\/v2\/pages"}],"about":[{"href":"https:\/\/www.nordharzev.de\/index.php?rest_route=\/wp\/v2\/types\/page"}],"author":[{"embeddable":true,"href":"https:\/\/www.nordharzev.de\/index.php?rest_route=\/wp\/v2\/users\/1"}],"replies":[{"embeddable":true,"href":"https:\/\/www.nordharzev.de\/index.php?rest_route=%2Fwp%2Fv2%2Fcomments&post=393"}],"version-history":[{"count":105,"href":"https:\/\/www.nordharzev.de\/index.php?rest_route=\/wp\/v2\/pages\/393\/revisions"}],"predecessor-version":[{"id":1877,"href":"https:\/\/www.nordharzev.de\/index.php?rest_route=\/wp\/v2\/pages\/393\/revisions\/1877"}],"wp:attachment":[{"href":"https:\/\/www.nordharzev.de\/index.php?rest_route=%2Fwp%2Fv2%2Fmedia&parent=393"}],"curies":[{"name":"wp","href":"https:\/\/api.w.org\/{rel}","templated":true}]}}