{"id":42,"date":"2014-01-27T17:35:43","date_gmt":"2014-01-27T17:35:43","guid":{"rendered":"http:\/\/wp11703009.server-he.de\/?page_id=42"},"modified":"2025-11-29T13:10:44","modified_gmt":"2025-11-29T12:10:44","slug":"mitgliedschaft","status":"publish","type":"page","link":"https:\/\/www.nordharzev.de\/?page_id=42","title":{"rendered":"Mitgliedschaft"},"content":{"rendered":"<p style=\"text-align: justify;\">Die Mitgliedschaft im Botanischen Arbeitskreis Nordharz e.V. steht allen Interessierten offen, die einen <span style=\"text-decoration: underline;\">Antrag auf Mitgliedschaft<\/span> gestellt haben, den <span style=\"text-decoration: underline;\">Vereinszweck<\/span> mittragen sowie die <span style=\"text-decoration: underline;\">Satzung<\/span> akzeptieren.<\/p>\n<p><span style=\"text-decoration: underline;\">Der Mitgliedsbeitrag pro Jahr liegt:<\/span><\/p>\n<ul>\n<li>bei erwerbst\u00e4tigen Mitgliedern bei 20,00 \u20ac,<\/li>\n<\/ul>\n<ul>\n<li style=\"text-align: left;\">erm\u00e4\u00dfigt bei 10,00 \u20ac (Rentner, Empf\u00e4nger von Arbeitslosen- oder Alters\u00fcbergangs-geld, Auszubildenden wie Sch\u00fcler, Studenten, Lehrlinge sowie Personen bis 18 Jahre)<\/li>\n<\/ul>\n<p><strong>Spenden<\/strong> und <strong>Mitgliedsbeitr\u00e4ge<\/strong> sind steuerlich absetzbar.<\/p>\n<p><strong><span style=\"text-decoration: underline;\">Bankverbindung<\/span><\/strong><br \/>\nHarzer Volksbank e.G<br \/>\n<strong>IBAN:<\/strong> DE76 8006 3508 4155 5902 00<br \/>\n<strong>BIC:<\/strong> GENODEF1QLB<\/p>\n<p><a href=\"http:\/\/www.nordharzev.de\/wp-content\/uploads\/2024\/05\/Aufnahme-Antrag.pdf\">Aufnahme Antrag<\/a><\/p>\n<p><a href=\"http:\/\/www.nordharzev.de\/wp-content\/uploads\/2025\/11\/Neufassung_d_Satzung_2024.pdf\" target=\"_blank\" rel=\"noopener\">Satzung<\/a><\/p>\n","protected":false},"excerpt":{"rendered":"<p>Die Mitgliedschaft im Botanischen Arbeitskreis Nordharz e.V. steht allen Interessierten offen, die einen Antrag auf Mitgliedschaft gestellt haben, den Vereinszweck mittragen sowie die Satzung akzeptieren. Der Mitgliedsbeitrag pro Jahr liegt: bei erwerbst\u00e4tigen Mitgliedern bei 20,00 \u20ac, erm\u00e4\u00dfigt bei 10,00 \u20ac &hellip; <a href=\"https:\/\/www.nordharzev.de\/?page_id=42\">Weiterlesen <span class=\"meta-nav\">&rarr;<\/span><\/a><\/p>\n","protected":false},"author":1,"featured_media":0,"parent":0,"menu_order":0,"comment_status":"closed","ping_status":"closed","template":"","meta":[],"_links":{"self":[{"href":"https:\/\/www.nordharzev.de\/index.php?rest_route=\/wp\/v2\/pages\/42"}],"collection":[{"href":"https:\/\/www.nordharzev.de\/index.php?rest_route=\/wp\/v2\/pages"}],"about":[{"href":"https:\/\/www.nordharzev.de\/index.php?rest_route=\/wp\/v2\/types\/page"}],"author":[{"embeddable":true,"href":"https:\/\/www.nordharzev.de\/index.php?rest_route=\/wp\/v2\/users\/1"}],"replies":[{"embeddable":true,"href":"https:\/\/www.nordharzev.de\/index.php?rest_route=%2Fwp%2Fv2%2Fcomments&post=42"}],"version-history":[{"count":14,"href":"https:\/\/www.nordharzev.de\/index.php?rest_route=\/wp\/v2\/pages\/42\/revisions"}],"predecessor-version":[{"id":1804,"href":"https:\/\/www.nordharzev.de\/index.php?rest_route=\/wp\/v2\/pages\/42\/revisions\/1804"}],"wp:attachment":[{"href":"https:\/\/www.nordharzev.de\/index.php?rest_route=%2Fwp%2Fv2%2Fmedia&parent=42"}],"curies":[{"name":"wp","href":"https:\/\/api.w.org\/{rel}","templated":true}]}}