{"id":49,"date":"2014-01-27T17:39:14","date_gmt":"2014-01-27T17:39:14","guid":{"rendered":"http:\/\/wp11703009.server-he.de\/?page_id=49"},"modified":"2015-06-24T21:18:43","modified_gmt":"2015-06-24T20:18:43","slug":"exkursionen","status":"publish","type":"page","link":"https:\/\/www.nordharzev.de\/?page_id=49","title":{"rendered":"Kartierwochenende 2015"},"content":{"rendered":"<p>Liebe Mitstreiterinnen und Mitstreiter im Botanischen Arbeitskreis,<\/p>\n<p>am kommenden <span style=\"text-decoration: underline;\">Wochenende<\/span>\u00a0<strong>vom 27.-28. Juni 2015<\/strong> findet wie bereits vorangek\u00fcndigt die gemeinsame Exkursion mit dem Botanischen Verein Sachsen-Anhalt, dem Arbeitskreis Heimische Orchideen Sachsen-Anhalt, dem Landschaftspflegeverband Harz und dem Botanischen Arbeitskreis Nordharz statt.<\/p>\n<p><span style=\"text-decoration: underline;\">Alle Beteiligten treffen sich<\/span><br \/>\num <strong>10:00 Uhr in Drei-Annen-Hohne auf dem Parkplatz<\/strong>.<br \/>\nVon dort wird die gemeinsame Weiterfahrt erfolgen. Auch die \u00dcbernahme der Jugendherbergszimmer ist gemeinschaftlich f\u00fcr den Nachmittag geplant.<\/p>\n<p>Ziele der Exkursionen werden die h\u00f6heren Lagen des Harzes sein, wobei die Bergwiesen um Benneckenstein eine zentrale Bedeutung haben. Durch den Landschaftspflegeverband ist hier sehr viel im Rahmen der Landschaftspflege getan worden. Das gibt uns Anlass verschiedene Bergwiesentypen aufzusuchen und zu kartieren. Daneben sollen auch ausgew\u00e4hlte W\u00e4lder und Feuchtlebensr\u00e4ume angesteuert werden.<\/p>\n<p>Das Programm f\u00fcr den Sonntag wird vor Ort bekannt gegeben und sich zeitlich bis in die fr\u00fchen Nachmittagstunden erstrecken.<\/p>\n<p><em>Hier noch einmal der Kontakt zur Jugendherberge Schierke:<\/em><\/p>\n<p>schierke@jugendherberge.de oder<br \/>\ntelefonisch: 039455\/51066<br \/>\nmit dem Kennwort: \u201eBuchung Dr. Kison\u201c<\/p>\n<p>Mitglieder des Botanischen Arbeitskreises m\u00fcssen keine gesonderte Mitgliedschaft im Jugendherbergswerk erwerben, da der Arbeitskreis korporativ Mitglied ist.<\/p>\n<p>&nbsp;<\/p>\n","protected":false},"excerpt":{"rendered":"<p>Liebe Mitstreiterinnen und Mitstreiter im Botanischen Arbeitskreis, am kommenden Wochenende\u00a0vom 27.-28. Juni 2015 findet wie bereits vorangek\u00fcndigt die gemeinsame Exkursion mit dem Botanischen Verein Sachsen-Anhalt, dem Arbeitskreis Heimische Orchideen Sachsen-Anhalt, dem Landschaftspflegeverband Harz und dem Botanischen Arbeitskreis Nordharz statt. Alle &hellip; <a href=\"https:\/\/www.nordharzev.de\/?page_id=49\">Weiterlesen <span class=\"meta-nav\">&rarr;<\/span><\/a><\/p>\n","protected":false},"author":1,"featured_media":0,"parent":0,"menu_order":0,"comment_status":"closed","ping_status":"closed","template":"","meta":[],"_links":{"self":[{"href":"https:\/\/www.nordharzev.de\/index.php?rest_route=\/wp\/v2\/pages\/49"}],"collection":[{"href":"https:\/\/www.nordharzev.de\/index.php?rest_route=\/wp\/v2\/pages"}],"about":[{"href":"https:\/\/www.nordharzev.de\/index.php?rest_route=\/wp\/v2\/types\/page"}],"author":[{"embeddable":true,"href":"https:\/\/www.nordharzev.de\/index.php?rest_route=\/wp\/v2\/users\/1"}],"replies":[{"embeddable":true,"href":"https:\/\/www.nordharzev.de\/index.php?rest_route=%2Fwp%2Fv2%2Fcomments&post=49"}],"version-history":[{"count":30,"href":"https:\/\/www.nordharzev.de\/index.php?rest_route=\/wp\/v2\/pages\/49\/revisions"}],"predecessor-version":[{"id":180,"href":"https:\/\/www.nordharzev.de\/index.php?rest_route=\/wp\/v2\/pages\/49\/revisions\/180"}],"wp:attachment":[{"href":"https:\/\/www.nordharzev.de\/index.php?rest_route=%2Fwp%2Fv2%2Fmedia&parent=49"}],"curies":[{"name":"wp","href":"https:\/\/api.w.org\/{rel}","templated":true}]}}