{"id":53,"date":"2014-01-27T17:39:50","date_gmt":"2014-01-27T17:39:50","guid":{"rendered":"http:\/\/wp11703009.server-he.de\/?page_id=53"},"modified":"2022-03-05T16:16:01","modified_gmt":"2022-03-05T15:16:01","slug":"publikationen","status":"publish","type":"page","link":"https:\/\/www.nordharzev.de\/?page_id=53","title":{"rendered":"Publikationen"},"content":{"rendered":"<table border=\"0\">\n<tbody>\n<tr>\n<td valign=\"top\"><img loading=\"lazy\" class=\"alignleft\" src=\"https:\/\/www.nordharzev.de\/wp-content\/uploads\/2014\/01\/thalflora-226x300.jpg\" alt=\"\" width=\"212\" height=\"300\" \/><strong>Sylva Hercynia, Thal (1977)<\/strong><\/p>\n<p>Aus dem Vorwort:<\/p>\n<p style=\"text-align: justify;\"><em>&#8222;[&#8230;] Wenn man unter einer &#8222;Flora&#8220; die katalogm\u00e4\u00dfige, m\u00f6glichst vollst\u00e4ndige Aufz\u00e4hlung der wildwachsenden Pflanzen eines gr\u00f6\u00dferen oder kleineren Gebietes versteht, so ist die &#8222;Sylva Hercynia&#8220; die \u00e4lteste Flora Deutschlands, ja sie kann wohl sogar als die \u00e4lteste Flora \u00fcberhaupt angesehen werden. [&#8230;]&#8220;<\/em><\/p>\n<p style=\"text-align: justify;\">Der Band enth\u00e4lt au\u00dfer der fotomechanischen Wiedergabe des Thalschen Originals die deutsche \u00dcbersetzung des Textes, einen Kommentar sowie ein Register der modernen wissenschaftlichen Namen, die alle von Dr. Stephan Rauschert, Halle, besorgt wurden.<\/p>\n<p>Herausgeber: Zentralantiquariat der DDR, Leipzig 1977. ISBN: ohne<\/td>\n<\/tr>\n<\/tbody>\n<\/table>\n<table border=\"0\">\n<tbody>\n<tr>\n<td valign=\"top\"><img loading=\"lazy\" class=\"alignleft size-medium wp-image-102\" src=\"https:\/\/www.nordharzev.de\/wp-content\/uploads\/2014\/01\/neueflora-212x300.jpg\" alt=\"neueflora\" width=\"212\" height=\"300\" srcset=\"https:\/\/www.nordharzev.de\/wp-content\/uploads\/2014\/01\/neueflora-212x300.jpg 212w, https:\/\/www.nordharzev.de\/wp-content\/uploads\/2014\/01\/neueflora-726x1024.jpg 726w, https:\/\/www.nordharzev.de\/wp-content\/uploads\/2014\/01\/neueflora.jpg 1207w\" sizes=\"(max-width: 212px) 100vw, 212px\" \/><strong>Neue Flora von Halberstadt, Bot. AK Nordharz (1995)<\/strong><\/p>\n<p style=\"text-align: justify;\">Die Flora beinhaltet das Ergebnis einer \u00fcber drei\u00dfigj\u00e4hrigen T\u00e4tigkeit des Arbeitskreises und ist ein Gemeinschaftswerk im besten Sinne. Sie erfa\u00dft eine Fl\u00e4che von etwa 1% der Bundesrepublik, auf der mit \u00fcber 2000 weit mehr als zwei Drittel aller in Deutschland vorkommenden Arten nachgewiesen wurden. Nie zuvor in der langen Geschichte der Harz-Floristik konnten so viele Mosaiksteine zu einem Gesamtbild gef\u00fcgt werden. Erstmals wurde es m\u00f6glich, den Arten eine Verbreitungskarte beizu- geben, die Aussagen zu fr\u00fcheren und heutigen Vorkommen macht und damit die wichtigste Voraussetzung f\u00fcr alle sp\u00e4teren Vergleiche bildet.<\/p>\n<p>Herausgeber: Botanischer Arbeitskreis Nordharz e. V., Quedlinburg, 1995. ISBN: ohne<\/td>\n<\/tr>\n<\/tbody>\n<\/table>\n<table border=\"0\">\n<tbody>\n<tr>\n<td valign=\"top\"><img loading=\"lazy\" class=\"alignleft size-medium wp-image-91\" src=\"https:\/\/www.nordharzev.de\/wp-content\/uploads\/2014\/01\/Nachtrag-Flora-212x300.jpg\" alt=\"Nachtrag Flora\" width=\"212\" height=\"300\" srcset=\"https:\/\/www.nordharzev.de\/wp-content\/uploads\/2014\/01\/Nachtrag-Flora-212x300.jpg 212w, https:\/\/www.nordharzev.de\/wp-content\/uploads\/2014\/01\/Nachtrag-Flora-726x1024.jpg 726w, https:\/\/www.nordharzev.de\/wp-content\/uploads\/2014\/01\/Nachtrag-Flora.jpg 836w\" sizes=\"(max-width: 212px) 100vw, 212px\" \/><strong>Nachtrag 1 zur Neuen Flora von Halberstadt, Bot. AK Nordharz (1994)<\/strong><\/p>\n<p style=\"text-align: justify;\">Die Mitt. Bot. Arbeitskreis Nordharz e.V. 1\/1994 enthalten den ersten Nachtrag zur \u201eNeuen Flora von Halberstadt\u201c (H. Herdam, S. 1-49), eine Bibliografie der \u201eHorstwiese\u201c (Salzstelle) im Allertal (H. Nowak, S. 50-55) und ein Erg\u00e4nzungsblatt mit Nachtr\u00e4gen von H. Herdam und Th. Thienel (Gro\u00dfes Bruch).<\/p>\n<p>Herausgeber: Botanischer Arbeitskreis Nordharz e. V., Quedlinburg, 1994. 55 S. und Erg\u00e4nzungsblatt, ISBN: keine<\/td>\n<\/tr>\n<\/tbody>\n<\/table>\n<table border=\"0\">\n<tbody>\n<tr>\n<td valign=\"top\"><img loading=\"lazy\" class=\"alignleft size-medium wp-image-93\" src=\"https:\/\/www.nordharzev.de\/wp-content\/uploads\/2014\/01\/Nachtr\u00e4ge-Heineanum-201x300.jpg\" alt=\"Nachtr\u00e4ge Heineanum\" width=\"212\" height=\"300\" \/><strong>Die Nachtr\u00e4ge 2-6 zur \u201eNeuen Flora von Halberstadt\u201c sind enthalten in den Abh. Ber. Museum Heineanum<\/strong><\/p>\n<p>2. Nachtrag H. Herdam in Bd. 2 (1994): 1-71<br \/>\n3. Nachtrag H. Herdam in Bd. 3 (1996): 9-65<br \/>\n4. Nachtrag H. Herdam in Bd. 4 (1998): 21-69<br \/>\n5. Nachtrag H. Herdam in Bd. 5 (2001): 15-87<br \/>\n6. Nachtrag W. Ahrens in Bd. 6 (2004): 23-41<\/p>\n<p>Herausgeber: Heineanum, 1994. ISSN 0947-1057<\/td>\n<\/tr>\n<\/tbody>\n<\/table>\n<table border=\"0\">\n<tbody>\n<tr>\n<td valign=\"top\"><img loading=\"lazy\" class=\"alignleft size-medium wp-image-104\" src=\"https:\/\/www.nordharzev.de\/wp-content\/uploads\/2014\/01\/hampe-195x300.jpg\" alt=\"hampe\" width=\"212\" height=\"300\" \/><strong>Flora Hercynica, Hampe (1873)<\/strong><\/p>\n<p style=\"text-align: justify;\">1995, im Jahr des 200. Geburtstages von Ernst Hampe, veranstaltete der Verein eine wissenschaftliche Vortragstagung in Blankenburg und gab Hampes Hauptwerk, die &#8222;Flora Hercynica&#8220;, als Reprint mit ausf\u00fchrlicher Biographie und W\u00fcrdigung des wissenschaftlichen Gesamtwerkes heraus.<\/p>\n<p>ISBN: ohne<\/td>\n<\/tr>\n<\/tbody>\n<\/table>\n<table border=\"0\">\n<tbody>\n<tr>\n<td valign=\"top\"><img loading=\"lazy\" class=\"alignleft size-medium wp-image-103\" src=\"https:\/\/www.nordharzev.de\/wp-content\/uploads\/2014\/01\/royer_Heineanum-209x300.jpg\" alt=\"royer_Heineanum\" width=\"212\" height=\"300\" \/><strong>Johann Royer (1574-1655) und die Flora des Nordharzes<\/strong><\/p>\n<p>Aus dem Vorwort:<\/p>\n<p style=\"text-align: justify;\"><em>&#8222;[&#8230;]Im vorliegenden Heft, das in Vorbereitung zur ROYER-Gedenktagung entstanden ist, wird der Versuch gemacht, die im letzten Abschnitt seines Gartenbuches mitgeteilten botanischen Beobachtungen zur Wildflora einzelner Gebiete des n\u00f6rdlichen Harzes und seines Vorlands zu interpretieren und sie mit den heute von der botanischen Wissenschaft akzeptierten Arten zu identifizieren. Einleitend werden Leben und Werk JOHANN ROYERS gew\u00fcrdigt und in einem abschlie\u00dfenden Beitrag auf seine Bedeutung f\u00fcr die Erforschung der Harzflora eingegangen.<\/em><br \/>\n<em> In diesem Heft sind auch die Zusammenfassungen der auf der ROYER-Gedenk-Tagung gehaltenen Vortr\u00e4ge enthalten, deren ausf\u00fchrliche Fassung eine gesonderte Drucklegung erf\u00e4hrt (s. folgende Schrift).[&#8230;]&#8220;<\/em><\/p>\n<p>Herausgeber: Heineanum, 1998. ISSN: 0947-1057<\/td>\n<\/tr>\n<\/tbody>\n<\/table>\n<table border=\"0\">\n<tbody>\n<tr>\n<td style=\"text-align: justify;\" valign=\"top\"><img loading=\"lazy\" class=\"alignleft size-medium wp-image-178\" src=\"https:\/\/www.nordharzev.de\/wp-content\/uploads\/2014\/01\/lustgarten_royer1-215x300.jpg\" alt=\"lustgarten_royer\" width=\"215\" height=\"300\" srcset=\"https:\/\/www.nordharzev.de\/wp-content\/uploads\/2014\/01\/lustgarten_royer1-215x300.jpg 215w, https:\/\/www.nordharzev.de\/wp-content\/uploads\/2014\/01\/lustgarten_royer1-736x1024.jpg 736w, https:\/\/www.nordharzev.de\/wp-content\/uploads\/2014\/01\/lustgarten_royer1.jpg 863w\" sizes=\"(max-width: 215px) 100vw, 215px\" \/><strong>Der Lustgarten des Johann Royer, H\u00f6gel und (1999)<\/strong><\/p>\n<p>Beitr\u00e4ge einer Gedenktagung f\u00fcr den f\u00fcrstlich-braunschweigischen Hofg\u00e4rtner in Hessen.<br \/>\nHerausgeber: Botanischer Arbeitskreis Nordharz (Hanelt), 1999. 143 Seiten. ISBN: 3-933046-28-9<\/td>\n<\/tr>\n<\/tbody>\n<\/table>\n<table border=\"0\">\n<tbody>\n<tr>\n<td valign=\"top\"><img loading=\"lazy\" class=\"alignleft size-medium wp-image-105\" src=\"https:\/\/www.nordharzev.de\/wp-content\/uploads\/2014\/01\/schatzflora-223x300.jpg\" alt=\"schatzflora\" width=\"212\" height=\"300\" \/><strong>Flora von Halberstadt, Schatz (1854)<\/strong><\/p>\n<p style=\"text-align: justify;\">Der Botanische Arbeitskreis Nordharz e.V. regte anl\u00e4\u00dflich des 200. Todestages von Wilhelm Schatz die Heraugabe seiner &#8222;Flora von Halberstadt&#8220; als Reprint an. Die Naumburger Verlagsanstalt hat darauf hin dieses heute nur noch \u00e4usserst selten im Original verf\u00fcgbare Werk in ihr Programm von Reprint-Auflagen aufgenommen, sodass es dem heutigen Floristen wieder zug\u00e4nglich ist.<\/p>\n<p>Neuauflage durch: Naumburger Verlagsanstalt, 2002. ISBN: 3-86156-066-6<\/td>\n<\/tr>\n<\/tbody>\n<\/table>\n<table border=\"0\">\n<tbody>\n<tr>\n<td valign=\"top\"><img loading=\"lazy\" class=\"alignleft size-medium wp-image-96\" src=\"https:\/\/www.nordharzev.de\/wp-content\/uploads\/2014\/01\/Titel-Schatz-Leben-und-Werk-188x300.jpg\" alt=\"Titel Schatz Leben und Werk\" width=\"212\" height=\"300\" \/><strong>Wilhelm Schatz &#8211; Leben und Werk, Kison et al. (2003)<\/strong><\/p>\n<p style=\"text-align: justify;\">Der Band enth\u00e4lt die Vortr\u00e4ge der Festveranstaltung anl\u00e4sslich des 200. Geburtstages von Wilhelm Schatz (1802-1867) am 9. November 2002 in Halberstadt. Behandelt werden: Leben und Werk (H. &amp; K. Kunze und H.-U. Kison), Kulturpflanzen in Schatz\u2019 Flora von Halberstadt (P. Hanelt), Schatz und das Fallsteingebiet (W. Illig) sowei Naturhistorisches vom Huy (A. Bartsch). Enthalten ist eine Huy-Karte mit den historischen Fundorten von Schatz.<\/p>\n<p>Herausgeber: Botanischer Arbeitskreis Nordharz, Quedlinburg, 2003. 80 S. ISBN: keine<\/td>\n<\/tr>\n<\/tbody>\n<\/table>\n<table border=\"0\">\n<tbody>\n<tr>\n<td valign=\"top\"><img loading=\"lazy\" class=\"alignleft size-full wp-image-106\" src=\"https:\/\/www.nordharzev.de\/wp-content\/uploads\/2014\/01\/streifzuege.jpg\" alt=\"streifzuege\" width=\"212\" height=\"300\" \/><strong>Botanische Streifz\u00fcge durch den Nordharz und sein Vorland, Bot. Ak. Nordharz (2000)<\/strong><\/p>\n<p style=\"text-align: justify;\">Mit dem vorliegenden B\u00fcchlein soll eine L\u00fccke im touristischen Schrifttum des Harzes geschlossen werden. Sie dient dem botanisch interessierten Wanderer in den Regionen des Nordharzes als Orientierungshilfe. Die Beschreibungen in diesem Buch beschr\u00e4nken sich nicht auf die botanischen Fakten, sondern sie sind bereichert durch eine F\u00fclle von interessanten Informationen zu den Besonderheiten der Landschaft, zur Geschichte und Geologie zum Beispiel, zu faunistischen Zusammenh\u00e4ngen oder zur Entstehung und Bedeutung der botanischen Namen. So ist das Buch f\u00fcr den botanisch interessierten Laien oder Hobbybotaniker eine zugleich anregende und informative Lekt\u00fcre.<\/p>\n<p>Herausgeber: Botanischer Arbeitskreis Nordharz, 2000. ISBN: ohne<\/td>\n<\/tr>\n<\/tbody>\n<\/table>\n<table border=\"0\">\n<tbody>\n<tr>\n<td valign=\"top\"><img loading=\"lazy\" class=\"alignleft size-medium wp-image-108\" src=\"https:\/\/www.nordharzev.de\/wp-content\/uploads\/2014\/01\/sporlederflora-196x300.jpg\" alt=\"sporlederflora\" width=\"212\" height=\"300\" \/><strong>Friedrich Wilhelm Sporleder und die Flora des Harzes, Bot AK Nordharz (2005)<\/strong><\/p>\n<p style=\"text-align: justify;\">Dem Botanischen Arbeitskreis war es ein Anliegen, anl\u00e4sslich seines 45j\u00e4hrigen Bestehens und zum 130. Todestage von Friedrich Wilhelm Sporleder im Jahre 2005 dessen &#8222;Verzeichnis der in der Grafschaft Wernigerode und der n\u00e4chsten Umgebung wildwachsenden Phanerogamen und Gef\u00e4\u00df-Kryptogamen sowie der daselbst in gr\u00f6\u00dferer Menge gebauten Pflanzen&#8220; (2. Aufl. 1882) in einem Reprint herauszugeben. Der Band enth\u00e4lt auch eine von den Herausgebern der 2. Auflage zugef\u00fcgte Liste der Laubmoose sowie einige Aufs\u00e4tze, die das in Sporleders Flora behandelte Gebiet vertiefen und dem modernen Benutzer das Verst\u00e4ndnis der alten Nomenklatur erleichtern.<\/p>\n<p>Herausgeber: Botanischer Arbeitskreis Nordharz, 2005. ISBN: 3-00-016384-0<\/td>\n<\/tr>\n<\/tbody>\n<\/table>\n<table border=\"0\">\n<tbody>\n<tr>\n<td valign=\"top\"><img loading=\"lazy\" class=\"alignleft size-medium wp-image-97\" src=\"https:\/\/www.nordharzev.de\/wp-content\/uploads\/2014\/01\/Chronik-2010-215x300.jpg\" alt=\"Chronik 2010\" width=\"212\" height=\"300\" \/><strong>Mitteilungen des Botan. Arbeitskreises Nordharz e. V. (2010)<\/strong><\/p>\n<p style=\"text-align: justify;\">Anl\u00e4sslich seines f\u00fcnfzigj\u00e4hrigen Bestehens gab der Botanische Arbeitskreis eine Chronik seines Wirkens heraus. Enthalten sind Daten zur Geschichte des Vereins, die Programme aller Tagungen, die \u00dcbersicht zu den Exkursionen und zu besonderen Ereignissen sowie Bilder aus 50 Jahren Vereinsgeschichte.<\/p>\n<p>Herausgeber: Botanischer Arbeitskreis Nordharz, Quedlinburg, 2010. ISBN: keine<\/td>\n<\/tr>\n<\/tbody>\n<\/table>\n<table border=\"0\">\n<tbody>\n<tr>\n<td valign=\"top\"><img loading=\"lazy\" class=\"alignleft size-medium wp-image-98\" src=\"https:\/\/www.nordharzev.de\/wp-content\/uploads\/2014\/01\/Wanderf\u00fchrer-2-212x300.jpg\" alt=\"Wanderf\u00fchrer 2\" width=\"212\" height=\"300\" srcset=\"https:\/\/www.nordharzev.de\/wp-content\/uploads\/2014\/01\/Wanderf\u00fchrer-2-212x300.jpg 212w, https:\/\/www.nordharzev.de\/wp-content\/uploads\/2014\/01\/Wanderf\u00fchrer-2-725x1024.jpg 725w, https:\/\/www.nordharzev.de\/wp-content\/uploads\/2014\/01\/Wanderf\u00fchrer-2.jpg 1226w\" sizes=\"(max-width: 212px) 100vw, 212px\" \/><strong>Harzer Pflanzenwelt erleben<\/strong><\/p>\n<p style=\"text-align: justify;\">Die Autoren dieses botanischen Wanderf\u00fchrers sind ganz \u00fcberwiegend Mitglieder des Botanischen Arbeitskreises Nordharz e.V. Im engen Zusammenwirken mit dem Regionalverband Harz e.V. entstand der Wanderf\u00fchrer, um allen Interessierten den Natur- und Geopark im Harz und Umland mit seinen floristischen Besonderheiten nahe zu bringen. Besonderes Augenmerk liegt auf den Lebensraumtypen des europ\u00e4ischen Netzwerkes NATURA 2000.<\/p>\n<p>Quedlinburg, 1. Aufl. 2010. 2. \u00fcberarbeitete Aufl. 2013. 111 S. ISBN 978-3-00-032775-9. Bezug \u00fcber Regionalverband Harz e.V. (<a title=\"Harzregion\" href=\"http:\/\/www.harzregion.de\" target=\"_blank\">www.harzregion.de<\/a>)<\/td>\n<\/tr>\n<\/tbody>\n<\/table>\n<table border=\"0\">\n<tbody>\n<tr>\n<td valign=\"top\"><img loading=\"lazy\" class=\"alignleft wp-image-843\" src=\"https:\/\/www.nordharzev.de\/wp-content\/uploads\/2014\/01\/Titel-Chronik-2-e1646487632195.jpg\" alt=\"Titel Harzgerode\" width=\"212\" height=\"300\" \/><strong>Mitteilungen des Botanischen Arbeitskreises Nordharz e.V. (2020)<\/strong><\/p>\n<p style=\"text-align: justify;\">Zum 60j\u00e4hrigen Bestehen des Botanischen Arbeitskreises wurde nachfolgend zur \u201eChronik 1960-2010\u201c (Mitt. Bot. Arbeitskreis 2010)ein zweiter Teil f\u00fcr die Jahre 2011 bis 2020 herausgegeben, der die \u00dcbersicht zu Tagungen und Exkursionen in diesen Jahren enth\u00e4lt. Die Zusammenstellung erfolgte durch Armin Hoch. Das Heft ist nicht im freien Verkauf erh\u00e4ltlich, sondern nur vereinsintern erschienen.<\/p>\n<p>Herausgeber: Botanischer Arbeitskreis Nordharz, Quedlinburg, 2020. ISBN: keine<\/td>\n<\/tr>\n<\/tbody>\n<\/table>\n<table border=\"0\">\n<tbody>\n<tr>\n<td valign=\"top\"><img loading=\"lazy\" class=\"alignleft wp-image-843\" src=\"https:\/\/www.nordharzev.de\/wp-content\/uploads\/2014\/01\/Titel-Harzgerode-1-e1646486663919.jpg\" alt=\"Titel Harzgerode\" width=\"212\" height=\"300\" \/><strong>Botanische Streifz\u00fcge um Harzgerode<\/strong><\/p>\n<p style=\"text-align: justify;\">Im Zusammenwirken mit dem Regionalverband Harz e.V. in Quedlinburg wurde ein weiterer botanischer Wanderf\u00fchrer f\u00fcr das Gebiet um Harzgerode herausgegeben. Neben sechs beschriebenen Wandertouren enth\u00e4lt das reich bebilderte Heft Ausf\u00fchrungen zu den wichtigsten Lebensr\u00e4umen und ihrer floristischen Ausstattung, zum Botaniker Wilhelm Ebert (1857-1929), dessen Flora von Harzgerode (1891-1893) Veranlassung zu dieser Publikation gab, und zur Waldgeschichte des Gebietes.<\/p>\n<p>Quedlinburg , 1. Aufl. 2020, 99 S., ISBN: 978-3-00-065238-7. Bezug \u00fcber den Buchhandel oder Regionalverband Harz e.V. www.harzregion.de Schutzgeb\u00fchr: 6,00 \u20ac<\/td>\n<\/tr>\n<\/tbody>\n<\/table>\n","protected":false},"excerpt":{"rendered":"<p>Sylva Hercynia, Thal (1977) Aus dem Vorwort: &#8222;[&#8230;] Wenn man unter einer &#8222;Flora&#8220; die katalogm\u00e4\u00dfige, m\u00f6glichst vollst\u00e4ndige Aufz\u00e4hlung der wildwachsenden Pflanzen eines gr\u00f6\u00dferen oder kleineren Gebietes versteht, so ist die &#8222;Sylva Hercynia&#8220; die \u00e4lteste Flora Deutschlands, ja sie kann wohl &hellip; <a href=\"https:\/\/www.nordharzev.de\/?page_id=53\">Weiterlesen <span class=\"meta-nav\">&rarr;<\/span><\/a><\/p>\n","protected":false},"author":1,"featured_media":0,"parent":0,"menu_order":0,"comment_status":"closed","ping_status":"closed","template":"","meta":[],"_links":{"self":[{"href":"https:\/\/www.nordharzev.de\/index.php?rest_route=\/wp\/v2\/pages\/53"}],"collection":[{"href":"https:\/\/www.nordharzev.de\/index.php?rest_route=\/wp\/v2\/pages"}],"about":[{"href":"https:\/\/www.nordharzev.de\/index.php?rest_route=\/wp\/v2\/types\/page"}],"author":[{"embeddable":true,"href":"https:\/\/www.nordharzev.de\/index.php?rest_route=\/wp\/v2\/users\/1"}],"replies":[{"embeddable":true,"href":"https:\/\/www.nordharzev.de\/index.php?rest_route=%2Fwp%2Fv2%2Fcomments&post=53"}],"version-history":[{"count":73,"href":"https:\/\/www.nordharzev.de\/index.php?rest_route=\/wp\/v2\/pages\/53\/revisions"}],"predecessor-version":[{"id":1164,"href":"https:\/\/www.nordharzev.de\/index.php?rest_route=\/wp\/v2\/pages\/53\/revisions\/1164"}],"wp:attachment":[{"href":"https:\/\/www.nordharzev.de\/index.php?rest_route=%2Fwp%2Fv2%2Fmedia&parent=53"}],"curies":[{"name":"wp","href":"https:\/\/api.w.org\/{rel}","templated":true}]}}