{"id":57,"date":"2014-01-27T17:45:44","date_gmt":"2014-01-27T17:45:44","guid":{"rendered":"http:\/\/wp11703009.server-he.de\/?page_id=57"},"modified":"2022-04-10T17:19:47","modified_gmt":"2022-04-10T16:19:47","slug":"vereinsarbeit","status":"publish","type":"page","link":"https:\/\/www.nordharzev.de\/?page_id=57","title":{"rendered":"Vereinsarbeit"},"content":{"rendered":"<p style=\"text-align: justify;\">Die Vereinsarbeit des Botanischen Arbeitskreises Nordharz e.V. umfasst, wie bereits unter dem Punkt <a title=\"Aufgaben und Ziele des Vereins\" href=\"https:\/\/www.nordharzev.de\/?page_id=33\">Ziele und Aufgaben des Vereins<\/a> dargestellt, eine umfangreiche floristische und naturschutzfachliche Arbeit.<\/p>\n<p style=\"text-align: justify;\">Um die floristischen Highlights der Harzregion den Mitgliedern und Freunden der Botanik n\u00e4her zu bringen finden regelm\u00e4\u00dfige Exkursionen zu speziellen Themen statt. Hierzu finden Sie weitere Details unter dem Punkt <a href=\"https:\/\/www.nordharzev.de\/?page_id=313\">Exkursionsprogramm<\/a>.<\/p>\n<p style=\"text-align: justify;\">Die Ergebnisse der gemeinsamen Vereinsarbeit werden einmal j\u00e4hrlich auf der Jahresversammlung vorgestellt und zudem \u00fcber aktuelle Themen informiert.<\/p>\n<p>Hierzu m\u00f6chten wir Sie ganz herzlich einladen und freuen uns auf jede Teilnehmer.<\/p>\n","protected":false},"excerpt":{"rendered":"<p>Die Vereinsarbeit des Botanischen Arbeitskreises Nordharz e.V. umfasst, wie bereits unter dem Punkt Ziele und Aufgaben des Vereins dargestellt, eine umfangreiche floristische und naturschutzfachliche Arbeit. Um die floristischen Highlights der Harzregion den Mitgliedern und Freunden der Botanik n\u00e4her zu bringen &hellip; <a href=\"https:\/\/www.nordharzev.de\/?page_id=57\">Weiterlesen <span class=\"meta-nav\">&rarr;<\/span><\/a><\/p>\n","protected":false},"author":1,"featured_media":0,"parent":0,"menu_order":0,"comment_status":"closed","ping_status":"closed","template":"","meta":[],"_links":{"self":[{"href":"https:\/\/www.nordharzev.de\/index.php?rest_route=\/wp\/v2\/pages\/57"}],"collection":[{"href":"https:\/\/www.nordharzev.de\/index.php?rest_route=\/wp\/v2\/pages"}],"about":[{"href":"https:\/\/www.nordharzev.de\/index.php?rest_route=\/wp\/v2\/types\/page"}],"author":[{"embeddable":true,"href":"https:\/\/www.nordharzev.de\/index.php?rest_route=\/wp\/v2\/users\/1"}],"replies":[{"embeddable":true,"href":"https:\/\/www.nordharzev.de\/index.php?rest_route=%2Fwp%2Fv2%2Fcomments&post=57"}],"version-history":[{"count":9,"href":"https:\/\/www.nordharzev.de\/index.php?rest_route=\/wp\/v2\/pages\/57\/revisions"}],"predecessor-version":[{"id":1153,"href":"https:\/\/www.nordharzev.de\/index.php?rest_route=\/wp\/v2\/pages\/57\/revisions\/1153"}],"wp:attachment":[{"href":"https:\/\/www.nordharzev.de\/index.php?rest_route=%2Fwp%2Fv2%2Fmedia&parent=57"}],"curies":[{"name":"wp","href":"https:\/\/api.w.org\/{rel}","templated":true}]}}