{"id":65,"date":"2014-01-27T17:51:36","date_gmt":"2014-01-27T17:51:36","guid":{"rendered":"http:\/\/wp11703009.server-he.de\/?page_id=65"},"modified":"2026-02-01T13:20:15","modified_gmt":"2026-02-01T12:20:15","slug":"herbsttagung","status":"publish","type":"page","link":"https:\/\/www.nordharzev.de\/?page_id=65","title":{"rendered":"Jahrestagung 2026"},"content":{"rendered":"<h2><strong><span style=\"color: #000000;\">Programm der Jahrestagung und Mitglieder-versammlung des Botanischen Arbeitskreises 2026<\/span><\/strong><\/h2>\n<p><span style=\"color: #000000;\">Es sind alle Freunde der Botanik, ob Mitglieder unseres Vereins oder<\/span><br \/><span style=\"color: #000000;\">G\u00e4ste, herzlich eingeladen. <\/span><span style=\"color: #000000;\">Der Einlass beginnt ab 9.00 Uhr.<\/span><\/p>\n<p>am 28. Februar 2026 im Kloster Dr\u00fcbeck in Ilsenburg OT Dr\u00fcbeck, Klostergarten 6<\/p>\n<table>\n<tbody>\n<tr>\n<td width=\"75\">09.30 Uhr<\/td>\n<td>Begr\u00fc\u00dfung und Er\u00f6ffnung<br \/><em>Dorothee Wolf-Dolata, Wernigerode<\/em><\/td>\n<\/tr>\n<tr>\n<td>09.45 Uhr<\/td>\n<td>Pakistans Garten Eden \u2013 Bewertung und Erhaltung vernachl\u00e4ssigter Arten im Gilgit Baltistan<br \/><em>PD Dr. Martin Wiehle, Witzenhausen<\/em><\/td>\n<\/tr>\n<tr>\n<td>10.30 Uhr<\/td>\n<td>Kaffeepause<\/td>\n<\/tr>\n<tr>\n<td>11.15 Uhr<\/td>\n<td>Die botanische Sammlung im Naturkundemuseum Dessau<br \/><em>Dr. Timm Karisch, Dessau-Ro\u00dflau<\/em><\/td>\n<\/tr>\n<tr>\n<td>12.00 Uhr<\/td>\n<td>Mitgliederversammlung mit Wahl<\/td>\n<\/tr>\n<tr>\n<td>12.45 Uhr<\/td>\n<td>Mittagspause (ohne Mittagsangebot)<\/td>\n<\/tr>\n<tr>\n<td>13.45 Uhr<\/td>\n<td>Neu- und Wiederfunde von Farn- und Bl\u00fctenpflanzen im Arbeitsgebiet 2025<br \/><em>Armin Hoch, Hayn<\/em><\/td>\n<\/tr>\n<tr>\n<td>14.30 Uhr<\/td>\n<td>R\u00fcckblicke auf das Exkursionsgeschehen in 2025<em><br \/>Dorothee Wolf-Dolata, Wernigerode<br \/><\/em><\/td>\n<\/tr>\n<tr>\n<td>15.00 Uhr<\/td>\n<td>Die Schl\u00fcsselblume (<em>Primula veris<\/em>) ganz gro\u00df: eine Pflanze, zwei Gesichter und vielf\u00e4ltige Blickwinkel<br \/><em>Dr. Sabrina Tr\u00e4ger, Halle<\/em><\/td>\n<\/tr>\n<tr>\n<td>15.45 Uhr<\/td>\n<td>Schlusswort<\/td>\n<\/tr>\n<\/tbody>\n<\/table>\n<p><strong><em>Bitte beachten Sie:<\/em><\/strong><em><br \/><\/em><\/p>\n<p>Die Informationen k\u00f6nnen Sie zudem den folgenden PDF-Dokumenten entnehmen:<br \/><a href=\"http:\/\/www.nordharzev.de\/wp-content\/uploads\/2026\/02\/Einladung-Tagung-2026.pdf\" target=\"_blank\" rel=\"noopener\">Einladung Tagung 2026<\/a><br \/><a href=\"http:\/\/www.nordharzev.de\/wp-content\/uploads\/2026\/02\/Tagungsprogramm-2026rev.pdf\" target=\"_blank\" rel=\"noopener\">Tagungsprogramm 2026<\/a><\/p>\n\n\n<p><em>Bitte Ber\u00fccksichtigen Sie den ver\u00e4nderten Tagungsablauf.<\/em><\/p>\n\n\n\n<p><\/p>\n","protected":false},"excerpt":{"rendered":"<p>Programm der Jahrestagung und Mitglieder-versammlung des Botanischen Arbeitskreises 2026 Es sind alle Freunde der Botanik, ob Mitglieder unseres Vereins oderG\u00e4ste, herzlich eingeladen. Der Einlass beginnt ab 9.00 Uhr. am 28. Februar 2026 im Kloster Dr\u00fcbeck in Ilsenburg OT Dr\u00fcbeck, Klostergarten &hellip; <a href=\"https:\/\/www.nordharzev.de\/?page_id=65\">Weiterlesen <span class=\"meta-nav\">&rarr;<\/span><\/a><\/p>\n","protected":false},"author":1,"featured_media":0,"parent":0,"menu_order":0,"comment_status":"closed","ping_status":"closed","template":"","meta":[],"_links":{"self":[{"href":"https:\/\/www.nordharzev.de\/index.php?rest_route=\/wp\/v2\/pages\/65"}],"collection":[{"href":"https:\/\/www.nordharzev.de\/index.php?rest_route=\/wp\/v2\/pages"}],"about":[{"href":"https:\/\/www.nordharzev.de\/index.php?rest_route=\/wp\/v2\/types\/page"}],"author":[{"embeddable":true,"href":"https:\/\/www.nordharzev.de\/index.php?rest_route=\/wp\/v2\/users\/1"}],"replies":[{"embeddable":true,"href":"https:\/\/www.nordharzev.de\/index.php?rest_route=%2Fwp%2Fv2%2Fcomments&post=65"}],"version-history":[{"count":75,"href":"https:\/\/www.nordharzev.de\/index.php?rest_route=\/wp\/v2\/pages\/65\/revisions"}],"predecessor-version":[{"id":1837,"href":"https:\/\/www.nordharzev.de\/index.php?rest_route=\/wp\/v2\/pages\/65\/revisions\/1837"}],"wp:attachment":[{"href":"https:\/\/www.nordharzev.de\/index.php?rest_route=%2Fwp%2Fv2%2Fmedia&parent=65"}],"curies":[{"name":"wp","href":"https:\/\/api.w.org\/{rel}","templated":true}]}}