{"id":77,"date":"2014-01-27T17:56:32","date_gmt":"2014-01-27T17:56:32","guid":{"rendered":"http:\/\/wp11703009.server-he.de\/?page_id=77"},"modified":"2026-04-28T13:30:50","modified_gmt":"2026-04-28T12:30:50","slug":"links","status":"publish","type":"page","link":"https:\/\/www.nordharzev.de\/?page_id=77","title":{"rendered":"Links"},"content":{"rendered":"<p>Aufgrund gemeinsamer Interessensschwerpunkte sowie Kooperationen k\u00f6nnten auch die nachfolgenden Internetseiten f\u00fcr Sie interessant sein:<\/p>\n<p><a href=\"http:\/\/www.aho-sachsen-anhalt.de\/Arbeitskreis.html\" target=\"_blank\" rel=\"noopener\">Arbeitskreis Heimischer Orchideen Sachsen-Anhalt e.V.<\/a><\/p>\n<p><a href=\"https:\/\/www.biosphaerenreservat-karstlandschaft-suedharz.de\/\" target=\"_blank\" rel=\"noopener\">Biosph\u00e4renreservat Karstlandschaft S\u00fcdharz<\/a><\/p>\n<p><a href=\"https:\/\/botanischer-verein-sachsen-anhalt.de\/\" target=\"_blank\" rel=\"noopener\">Botanische Verein Sachsen-Anhalt e.V.<\/a><\/p>\n<p><a href=\"https:\/\/blam-bl.de\/\" target=\"_blank\" rel=\"noopener\">Bryologisch-lichenologische Arbeitsgemeinschaft f\u00fcr Mitteleuropa e.V.<\/a><\/p>\n<p><a href=\"https:\/\/www.tuexenia.de\/\" target=\"_blank\" rel=\"noopener\">Floristisch-soziologische Arbeitsgemeinschaft e.V. (FlorSoz)<\/a><\/p>\n<p><a href=\"https:\/\/www.heineanum.de\/\" target=\"_blank\" rel=\"noopener\">F\u00f6rderkreis Museum Heineanum e.V.\/ Naturkundemuseum Halberstadt<\/a><\/p>\n<p><a href=\"https:\/\/lhbsa.de\/\" target=\"_blank\" rel=\"noopener\">Landesheimatbund Sachsen-Anhalt e.V.<\/a><\/p>\n<p><a href=\"https:\/\/lau.sachsen-anhalt.de\/landesamt-fuer-umweltschutz-sachsen-anhalt-lau\" target=\"_blank\" rel=\"noopener\">Landesamt f\u00fcr Umweltschutz Sachsen-Anhalt<\/a><\/p>\n<p><a href=\"https:\/\/www.lpv-harz.de\/\" target=\"_blank\" rel=\"noopener\">Landschaftspflegeverband Harz e.V.<\/a><\/p>\n<p><a href=\"https:\/\/nabu-kvharz.jimdofree.com\/\" target=\"_blank\" rel=\"noopener\">NABU-Kreisverband Harz<\/a><\/p>\n<p><a href=\"https:\/\/www.nationalpark-harz.de\/\" target=\"_blank\" rel=\"noopener\">Nationalpark Harz<\/a><\/p>\n<p><a href=\"https:\/\/www.nwv-goslar.de\/\" target=\"_blank\" rel=\"noopener\">Naturwissenschaftlicher Verein Goslar e.V.<\/a><\/p>\n<p><a href=\"https:\/\/www.harzregion.de\/home.html\" target=\"_blank\" rel=\"noopener\">Regionalverband Harz e.V. Quedlinburg<\/a><\/p>\n<p><a href=\"https:\/\/thueringische-botanische-gesellschaft.de\/\" target=\"_blank\" rel=\"noopener\">Th\u00fcringische Botanische Gesellschaft e.V.<\/a><\/p>\n","protected":false},"excerpt":{"rendered":"<p>Aufgrund gemeinsamer Interessensschwerpunkte sowie Kooperationen k\u00f6nnten auch die nachfolgenden Internetseiten f\u00fcr Sie interessant sein: Arbeitskreis Heimischer Orchideen Sachsen-Anhalt e.V. Biosph\u00e4renreservat Karstlandschaft S\u00fcdharz Botanische Verein Sachsen-Anhalt e.V. Bryologisch-lichenologische Arbeitsgemeinschaft f\u00fcr Mitteleuropa e.V. Floristisch-soziologische Arbeitsgemeinschaft e.V. (FlorSoz) F\u00f6rderkreis Museum Heineanum e.V.\/ Naturkundemuseum &hellip; <a href=\"https:\/\/www.nordharzev.de\/?page_id=77\">Weiterlesen <span class=\"meta-nav\">&rarr;<\/span><\/a><\/p>\n","protected":false},"author":1,"featured_media":0,"parent":0,"menu_order":0,"comment_status":"closed","ping_status":"closed","template":"","meta":[],"_links":{"self":[{"href":"https:\/\/www.nordharzev.de\/index.php?rest_route=\/wp\/v2\/pages\/77"}],"collection":[{"href":"https:\/\/www.nordharzev.de\/index.php?rest_route=\/wp\/v2\/pages"}],"about":[{"href":"https:\/\/www.nordharzev.de\/index.php?rest_route=\/wp\/v2\/types\/page"}],"author":[{"embeddable":true,"href":"https:\/\/www.nordharzev.de\/index.php?rest_route=\/wp\/v2\/users\/1"}],"replies":[{"embeddable":true,"href":"https:\/\/www.nordharzev.de\/index.php?rest_route=%2Fwp%2Fv2%2Fcomments&post=77"}],"version-history":[{"count":48,"href":"https:\/\/www.nordharzev.de\/index.php?rest_route=\/wp\/v2\/pages\/77\/revisions"}],"predecessor-version":[{"id":1903,"href":"https:\/\/www.nordharzev.de\/index.php?rest_route=\/wp\/v2\/pages\/77\/revisions\/1903"}],"wp:attachment":[{"href":"https:\/\/www.nordharzev.de\/index.php?rest_route=%2Fwp%2Fv2%2Fmedia&parent=77"}],"curies":[{"name":"wp","href":"https:\/\/api.w.org\/{rel}","templated":true}]}}