{"id":917,"date":"2022-05-08T18:28:10","date_gmt":"2022-05-08T17:28:10","guid":{"rendered":"http:\/\/www.nordharzev.de\/?page_id=917"},"modified":"2022-06-07T19:02:33","modified_gmt":"2022-06-07T18:02:33","slug":"tag-der-vereine","status":"publish","type":"page","link":"https:\/\/www.nordharzev.de\/?page_id=917","title":{"rendered":"Tag der Vereine"},"content":{"rendered":"<p>Liebe Vereinsmitglieder und Freunde der Botanik,<\/p>\n<p>der &#8222;Tag der Vereine&#8220; fand am 15.05.2022 im B\u00fcrgerpark Wernigerode statt und der Botanische Arbeitskreis Nordharz e.V. hat sich und seine Vielfalt pr\u00e4sentiert.<\/p>\n<p><em>Rund 4.100 Besucher haben das Areal des B\u00fcrgerparks bev\u00f6lkert und sich an den 66 St\u00e4nden der verschiedenen Vereine umgeschaut und informiert. Auch wir (Gisela Schaaf, Sylvia Lehnert, Katja Osterloh und Dorothee Wolf-Dolata) konnten an unserem Stand interessierten G\u00e4sten vieles \u00fcber unseren Verein berichten.<br \/>\n<\/em><\/p>\n<p>Zu entdecken gab es:<\/p>\n<ul>\n<li>eine Zeitdokumentation des Vereins mit Bildern aus der Vereinschronik &#8211; ein Querschnitt durch \u00fcber 60 Jahre Vereintradition;<\/li>\n<li>ein Gru\u00df von der Bergwiese &#8211; ein liebevoll gesammelter Strau\u00df von Sylvia Lehnert;<\/li>\n<li>&#8218;Ohne Moos nix los&#8216; &#8211; unter dieser Devise konnte Gisela Schaaf so manchen aufmerksamen Zuh\u00f6rer fesseln und brachte dazu eine anschauliche Auswahl aus der Welt der Moose mit an den Stand<\/li>\n<li>au\u00dferdem gab es Einblicke in ein Herbarium sowie die M\u00f6glichkeit den Blick am Mikroskop zu sch\u00e4rfen (Querschnitte durch Koniferen- &amp; Laub-H\u00f6lzer)<\/li>\n<\/ul>\n<p><center><img src=\"wp-content\/uploads\/2022\/05\/IMG_20220515_130305807_HDR-1024x768.jpg\" alt=\"\" width=\"600\" border=\"1\" \/><\/center><br \/>\n<center><img src=\"wp-content\/uploads\/2022\/05\/IMG_20220515_130131324_HDR-1024x768.jpg\" alt=\"\" width=\"600\" border=\"1\" \/><\/center><br \/>\n<center><img src=\"wp-content\/uploads\/2022\/05\/IMG_20220515_152338820_HDR-1024x768.jpg\" alt=\"\" width=\"600\" border=\"1\" \/><\/center><\/p>\n<p>Einen herzlichen Dank geb\u00fchrt an dieser Stelle auch Kerstin Rieche und dem Landschaftspflegeverband Harz e.V., welche mit zus\u00e4tzlichem Anschauungsmaterial unseren Stand bereichert haben.<\/p>\n","protected":false},"excerpt":{"rendered":"<p>Liebe Vereinsmitglieder und Freunde der Botanik, der &#8222;Tag der Vereine&#8220; fand am 15.05.2022 im B\u00fcrgerpark Wernigerode statt und der Botanische Arbeitskreis Nordharz e.V. hat sich und seine Vielfalt pr\u00e4sentiert. Rund 4.100 Besucher haben das Areal des B\u00fcrgerparks bev\u00f6lkert und sich &hellip; <a href=\"https:\/\/www.nordharzev.de\/?page_id=917\">Weiterlesen <span class=\"meta-nav\">&rarr;<\/span><\/a><\/p>\n","protected":false},"author":1,"featured_media":0,"parent":0,"menu_order":0,"comment_status":"closed","ping_status":"closed","template":"","meta":[],"_links":{"self":[{"href":"https:\/\/www.nordharzev.de\/index.php?rest_route=\/wp\/v2\/pages\/917"}],"collection":[{"href":"https:\/\/www.nordharzev.de\/index.php?rest_route=\/wp\/v2\/pages"}],"about":[{"href":"https:\/\/www.nordharzev.de\/index.php?rest_route=\/wp\/v2\/types\/page"}],"author":[{"embeddable":true,"href":"https:\/\/www.nordharzev.de\/index.php?rest_route=\/wp\/v2\/users\/1"}],"replies":[{"embeddable":true,"href":"https:\/\/www.nordharzev.de\/index.php?rest_route=%2Fwp%2Fv2%2Fcomments&post=917"}],"version-history":[{"count":25,"href":"https:\/\/www.nordharzev.de\/index.php?rest_route=\/wp\/v2\/pages\/917\/revisions"}],"predecessor-version":[{"id":1158,"href":"https:\/\/www.nordharzev.de\/index.php?rest_route=\/wp\/v2\/pages\/917\/revisions\/1158"}],"wp:attachment":[{"href":"https:\/\/www.nordharzev.de\/index.php?rest_route=%2Fwp%2Fv2%2Fmedia&parent=917"}],"curies":[{"name":"wp","href":"https:\/\/api.w.org\/{rel}","templated":true}]}}